{"id":9861,"date":"2023-01-30T14:35:24","date_gmt":"2023-01-30T12:35:24","guid":{"rendered":"https:\/\/insermi.com\/?post_type=product&#038;p=9861"},"modified":"2023-06-20T13:43:20","modified_gmt":"2023-06-20T10:43:20","slug":"busy-lunnyj-kamen","status":"publish","type":"product","link":"https:\/\/insermi.com\/ro\/magazin\/busy-lunnyj-kamen\/","title":{"rendered":"M\u0103rgele din piatr\u0103 de lun\u0103"},"content":{"rendered":"","protected":false},"excerpt":{"rendered":"<p> M\u0103rgele cilindrice sintetice Moonstone<\/p>","protected":false},"featured_media":10468,"comment_status":"open","ping_status":"closed","template":"","meta":[],"product_brand":[],"product_cat":[7,8,19],"product_tag":[],"class_list":{"0":"post-9861","1":"product","2":"type-product","3":"status-publish","4":"has-post-thumbnail","6":"product_cat-vse-tovary","7":"product_cat-busy","8":"product_cat-lunnii-kameni-busy","10":"first","11":"instock","12":"shipping-taxable","13":"purchasable","14":"product-type-simple"},"_links":{"self":[{"href":"https:\/\/insermi.com\/ro\/wp-json\/wp\/v2\/product\/9861","targetHints":{"allow":["GET"]}}],"collection":[{"href":"https:\/\/insermi.com\/ro\/wp-json\/wp\/v2\/product"}],"about":[{"href":"https:\/\/insermi.com\/ro\/wp-json\/wp\/v2\/types\/product"}],"replies":[{"embeddable":true,"href":"https:\/\/insermi.com\/ro\/wp-json\/wp\/v2\/comments?post=9861"}],"wp:featuredmedia":[{"embeddable":true,"href":"https:\/\/insermi.com\/ro\/wp-json\/wp\/v2\/media\/10468"}],"wp:attachment":[{"href":"https:\/\/insermi.com\/ro\/wp-json\/wp\/v2\/media?parent=9861"}],"wp:term":[{"taxonomy":"product_brand","embeddable":true,"href":"https:\/\/insermi.com\/ro\/wp-json\/wp\/v2\/product_brand?post=9861"},{"taxonomy":"product_cat","embeddable":true,"href":"https:\/\/insermi.com\/ro\/wp-json\/wp\/v2\/product_cat?post=9861"},{"taxonomy":"product_tag","embeddable":true,"href":"https:\/\/insermi.com\/ro\/wp-json\/wp\/v2\/product_tag?post=9861"}],"curies":[{"name":"wp","href":"https:\/\/api.w.org\/{rel}","templated":true}]}}