{"id":9268,"date":"2022-07-15T08:14:03","date_gmt":"2022-07-15T05:14:03","guid":{"rendered":"https:\/\/insermi.com\/?post_type=product&#038;p=9268"},"modified":"2023-10-04T21:46:16","modified_gmt":"2023-10-04T18:46:16","slug":"perlamutr-3","status":"publish","type":"product","link":"https:\/\/insermi.com\/ro\/magazin\/perlamutr-3\/","title":{"rendered":"M\u0103rgele din nuc\u0103 de perle"},"content":{"rendered":"","protected":false},"excerpt":{"rendered":"<p>N\u0103sturel natural<br \/>\nLungime 100 cm<\/p>","protected":false},"featured_media":10638,"comment_status":"open","ping_status":"closed","template":"","meta":[],"product_brand":[],"product_cat":[7,8,23],"product_tag":[],"class_list":{"0":"post-9268","1":"product","2":"type-product","3":"status-publish","4":"has-post-thumbnail","6":"product_cat-vse-tovary","7":"product_cat-busy","8":"product_cat-perlamutr-busy","10":"first","11":"instock","12":"shipping-taxable","13":"purchasable","14":"product-type-simple"},"_links":{"self":[{"href":"https:\/\/insermi.com\/ro\/wp-json\/wp\/v2\/product\/9268","targetHints":{"allow":["GET"]}}],"collection":[{"href":"https:\/\/insermi.com\/ro\/wp-json\/wp\/v2\/product"}],"about":[{"href":"https:\/\/insermi.com\/ro\/wp-json\/wp\/v2\/types\/product"}],"replies":[{"embeddable":true,"href":"https:\/\/insermi.com\/ro\/wp-json\/wp\/v2\/comments?post=9268"}],"wp:featuredmedia":[{"embeddable":true,"href":"https:\/\/insermi.com\/ro\/wp-json\/wp\/v2\/media\/10638"}],"wp:attachment":[{"href":"https:\/\/insermi.com\/ro\/wp-json\/wp\/v2\/media?parent=9268"}],"wp:term":[{"taxonomy":"product_brand","embeddable":true,"href":"https:\/\/insermi.com\/ro\/wp-json\/wp\/v2\/product_brand?post=9268"},{"taxonomy":"product_cat","embeddable":true,"href":"https:\/\/insermi.com\/ro\/wp-json\/wp\/v2\/product_cat?post=9268"},{"taxonomy":"product_tag","embeddable":true,"href":"https:\/\/insermi.com\/ro\/wp-json\/wp\/v2\/product_tag?post=9268"}],"curies":[{"name":"wp","href":"https:\/\/api.w.org\/{rel}","templated":true}]}}