{"id":8360,"date":"2021-10-29T11:43:39","date_gmt":"2021-10-29T08:43:39","guid":{"rendered":"https:\/\/insermi.com\/?post_type=product&#038;p=8360"},"modified":"2024-02-26T11:40:43","modified_gmt":"2024-02-26T09:40:43","slug":"busy-yashma-7","status":"publish","type":"product","link":"https:\/\/insermi.com\/ro\/magazin\/busy-yashma-7\/","title":{"rendered":"M\u0103rgele Jasper"},"content":{"rendered":"","protected":false},"excerpt":{"rendered":"<p>Piatr\u0103 natural\u0103 de jasp ro\u0219u.<br \/>\nLungime 49cm.<\/p>","protected":false},"featured_media":10469,"comment_status":"open","ping_status":"closed","template":"","meta":[],"product_brand":[],"product_cat":[7,8,30],"product_tag":[],"class_list":{"0":"post-8360","1":"product","2":"type-product","3":"status-publish","4":"has-post-thumbnail","6":"product_cat-vse-tovary","7":"product_cat-busy","8":"product_cat-yashma-busy","10":"first","11":"instock","12":"shipping-taxable","13":"purchasable","14":"product-type-simple"},"_links":{"self":[{"href":"https:\/\/insermi.com\/ro\/wp-json\/wp\/v2\/product\/8360","targetHints":{"allow":["GET"]}}],"collection":[{"href":"https:\/\/insermi.com\/ro\/wp-json\/wp\/v2\/product"}],"about":[{"href":"https:\/\/insermi.com\/ro\/wp-json\/wp\/v2\/types\/product"}],"replies":[{"embeddable":true,"href":"https:\/\/insermi.com\/ro\/wp-json\/wp\/v2\/comments?post=8360"}],"wp:featuredmedia":[{"embeddable":true,"href":"https:\/\/insermi.com\/ro\/wp-json\/wp\/v2\/media\/10469"}],"wp:attachment":[{"href":"https:\/\/insermi.com\/ro\/wp-json\/wp\/v2\/media?parent=8360"}],"wp:term":[{"taxonomy":"product_brand","embeddable":true,"href":"https:\/\/insermi.com\/ro\/wp-json\/wp\/v2\/product_brand?post=8360"},{"taxonomy":"product_cat","embeddable":true,"href":"https:\/\/insermi.com\/ro\/wp-json\/wp\/v2\/product_cat?post=8360"},{"taxonomy":"product_tag","embeddable":true,"href":"https:\/\/insermi.com\/ro\/wp-json\/wp\/v2\/product_tag?post=8360"}],"curies":[{"name":"wp","href":"https:\/\/api.w.org\/{rel}","templated":true}]}}