{"id":14587,"date":"2025-10-23T17:16:44","date_gmt":"2025-10-23T14:16:44","guid":{"rendered":"https:\/\/insermi.com\/?post_type=product&#038;p=14587"},"modified":"2025-10-23T17:16:44","modified_gmt":"2025-10-23T14:16:44","slug":"braslet-gornyj-hrustal","status":"publish","type":"product","link":"https:\/\/insermi.com\/ro\/magazin\/braslet-gornyj-hrustal\/","title":{"rendered":"Br\u0103\u021bar\u0103 din cristal de st\u00e2nc\u0103"},"content":{"rendered":"<p>\u0411\u0440\u0430\u0441\u043b\u0435\u0442 \u0438\u0437 \u0433\u043e\u0440\u043d\u043e\u0433\u043e \u0445\u0440\u0443\u0441\u0442\u0430\u043b\u044f \u043e\u0431\u043b\u0430\u0434\u0430\u0435\u0442 \u043b\u0435\u0447\u0435\u0431\u043d\u044b\u043c\u0438 \u0438 \u043c\u0430\u0433\u0438\u0447\u0435\u0441\u043a\u0438\u043c\u0438 \u0441\u0432\u043e\u0439\u0441\u0442\u0432\u0430\u043c\u0438. \u041e\u043d \u0441\u0442\u0430\u0431\u0438\u043b\u0438\u0437\u0438\u0440\u0443\u0435\u0442 \u0444\u0438\u0437\u0438\u0447\u0435\u0441\u043a\u0438\u0435 \u0438 \u0434\u0443\u0445\u043e\u0432\u043d\u044b\u0435 \u0441\u0438\u043b\u044b, \u043f\u043e\u043c\u043e\u0433\u0430\u0435\u0442 \u043f\u0440\u0438 \u0441\u0442\u0440\u0435\u0441\u0441\u0430\u0445, \u0433\u043e\u043b\u043e\u0432\u043d\u044b\u0445 \u0431\u043e\u043b\u044f\u0445 \u0438 \u0431\u0435\u0441\u0441\u043e\u043d\u043d\u0438\u0446\u0435. \u0421 \u0442\u043e\u0447\u043a\u0438 \u0437\u0440\u0435\u043d\u0438\u044f \u043c\u0430\u0433\u0438\u0447\u0435\u0441\u043a\u0438\u0445 \u0441\u0432\u043e\u0439\u0441\u0442\u0432, \u043a\u0430\u043c\u0435\u043d\u044c \u0443\u043b\u0443\u0447\u0448\u0430\u0435\u0442 \u043a\u043e\u043d\u0446\u0435\u043d\u0442\u0440\u0430\u0446\u0438\u044e \u0438 \u043f\u0430\u043c\u044f\u0442\u044c, \u044f\u0432\u043b\u044f\u0435\u0442\u0441\u044f \u043c\u043e\u0449\u043d\u044b\u043c \u043e\u0431\u0435\u0440\u0435\u0433\u043e\u043c \u0438 \u0441\u043f\u043e\u0441\u043e\u0431\u0435\u043d \u0437\u0430\u0449\u0438\u0449\u0430\u0442\u044c \u043e\u0442 \u043d\u0435\u0433\u0430\u0442\u0438\u0432\u043d\u043e\u0439 \u044d\u043d\u0435\u0440\u0433\u0438\u0438.<br \/>\nPropriet\u0103\u021bi medicinale<br \/>\n\u0421\u0435\u0440\u0434\u0435\u0447\u043d\u043e-\u0441\u043e\u0441\u0443\u0434\u0438\u0441\u0442\u0430\u044f \u0441\u0438\u0441\u0442\u0435\u043c\u0430: \u041f\u043e\u043c\u043e\u0433\u0430\u0435\u0442 \u043f\u0440\u0438 \u0438\u0448\u0435\u043c\u0438\u0447\u0435\u0441\u043a\u043e\u0439 \u0431\u043e\u043b\u0435\u0437\u043d\u0438, \u0441\u0442\u0430\u0431\u0438\u043b\u0438\u0437\u0438\u0440\u0443\u0435\u0442 \u0434\u0430\u0432\u043b\u0435\u043d\u0438\u0435 \u0438 \u0441\u0442\u0438\u043c\u0443\u043b\u0438\u0440\u0443\u0435\u0442 \u0440\u0430\u0431\u043e\u0442\u0443 \u0441\u0435\u0440\u0434\u0435\u0447\u043d\u043e\u0439 \u043c\u044b\u0448\u0446\u044b.<br \/>\n\u041d\u0435\u0440\u0432\u043d\u0430\u044f \u0441\u0438\u0441\u0442\u0435\u043c\u0430: \u0421\u043d\u0438\u0436\u0430\u0435\u0442 \u0443\u0440\u043e\u0432\u0435\u043d\u044c \u0441\u0442\u0440\u0435\u0441\u0441\u0430, \u0441\u043d\u0438\u043c\u0430\u0435\u0442 \u0433\u043e\u043b\u043e\u0432\u043d\u044b\u0435 \u0431\u043e\u043b\u0438, \u0443\u043b\u0443\u0447\u0448\u0430\u0435\u0442 \u0440\u0430\u0431\u043e\u0442\u0443 \u043c\u043e\u0437\u0433\u0430 \u0438 \u043f\u043e\u043c\u043e\u0433\u0430\u0435\u0442 \u043f\u0440\u0438 \u0431\u0435\u0441\u0441\u043e\u043d\u043d\u0438\u0446\u0435.<br \/>\n\u041f\u0438\u0449\u0435\u0432\u0430\u0440\u0438\u0442\u0435\u043b\u044c\u043d\u0430\u044f \u0441\u0438\u0441\u0442\u0435\u043c\u0430: \u0423\u043b\u0443\u0447\u0448\u0430\u0435\u0442 \u0440\u0430\u0431\u043e\u0442\u0443 \u0436\u0435\u043b\u0447\u043d\u043e\u0433\u043e \u043f\u0443\u0437\u044b\u0440\u044f.<br \/>\n\u041e\u0431\u0449\u0435\u0435 \u043e\u0437\u0434\u043e\u0440\u043e\u0432\u043b\u0435\u043d\u0438\u0435: \u0421\u043f\u043e\u0441\u043e\u0431\u0441\u0442\u0432\u0443\u0435\u0442 \u043d\u043e\u0440\u043c\u0430\u043b\u0438\u0437\u0430\u0446\u0438\u0438 \u043e\u0431\u043c\u0435\u043d\u0430 \u0432\u0435\u0449\u0435\u0441\u0442\u0432, \u0430 \u0442\u0430\u043a\u0436\u0435 \u043c\u043e\u0436\u0435\u0442 \u0438\u0441\u043f\u043e\u043b\u044c\u0437\u043e\u0432\u0430\u0442\u044c\u0441\u044f \u0434\u043b\u044f \u043c\u0430\u0441\u0441\u0430\u0436\u0430 \u0431\u0438\u043e\u043b\u043e\u0433\u0438\u0447\u0435\u0441\u043a\u0438 \u0430\u043a\u0442\u0438\u0432\u043d\u044b\u0445 \u0442\u043e\u0447\u0435\u043a.<br \/>\n\u0417\u0430\u0449\u0438\u0442\u0430 \u043e\u0442 \u0438\u043d\u0444\u0435\u043a\u0446\u0438\u0439: \u0412 \u0434\u0440\u0435\u0432\u043d\u043e\u0441\u0442\u0438 \u0438\u0441\u043f\u043e\u043b\u044c\u0437\u043e\u0432\u0430\u043b\u0441\u044f \u0434\u043b\u044f \u043f\u0440\u0438\u0436\u0438\u0433\u0430\u043d\u0438\u044f \u0440\u0430\u043d, \u0442\u0430\u043a \u043a\u0430\u043a \u0443\u043b\u044c\u0442\u0440\u0430\u0444\u0438\u043e\u043b\u0435\u0442\u043e\u0432\u044b\u0435 \u043b\u0443\u0447\u0438, \u043f\u0440\u043e\u0445\u043e\u0434\u044f\u0449\u0438\u0435 \u0447\u0435\u0440\u0435\u0437 \u043a\u0430\u043c\u0435\u043d\u044c, \u043e\u0431\u043b\u0430\u0434\u0430\u044e\u0442 \u0431\u0430\u043a\u0442\u0435\u0440\u0438\u0446\u0438\u0434\u043d\u044b\u043c\u0438 \u0441\u0432\u043e\u0439\u0441\u0442\u0432\u0430\u043c\u0438.<br \/>\nPropriet\u0103\u021bi magice<br \/>\n\u0423\u043b\u0443\u0447\u0448\u0435\u043d\u0438\u0435 \u0443\u043c\u0441\u0442\u0432\u0435\u043d\u043d\u043e\u0439 \u0434\u0435\u044f\u0442\u0435\u043b\u044c\u043d\u043e\u0441\u0442\u0438: \u041f\u043e\u0432\u044b\u0448\u0430\u0435\u0442 \u043a\u043e\u043d\u0446\u0435\u043d\u0442\u0440\u0430\u0446\u0438\u044e, \u0443\u043a\u0440\u0435\u043f\u043b\u044f\u0435\u0442 \u043f\u0430\u043c\u044f\u0442\u044c, \u043f\u043e\u043c\u043e\u0433\u0430\u0435\u0442 \u043f\u0440\u0438 \u0432\u044b\u0441\u043e\u043a\u0438\u0445 \u0443\u043c\u0441\u0442\u0432\u0435\u043d\u043d\u044b\u0445 \u043d\u0430\u0433\u0440\u0443\u0437\u043a\u0430\u0445.<br \/>\n\u042d\u043c\u043e\u0446\u0438\u043e\u043d\u0430\u043b\u044c\u043d\u0430\u044f \u0441\u0442\u0430\u0431\u0438\u043b\u0438\u0437\u0430\u0446\u0438\u044f: \u041f\u0440\u0438\u0432\u043d\u043e\u0441\u0438\u0442 \u0432\u043d\u0443\u0442\u0440\u0435\u043d\u043d\u044e\u044e \u0433\u0430\u0440\u043c\u043e\u043d\u0438\u044e, \u0443\u0441\u043f\u043e\u043a\u0430\u0438\u0432\u0430\u0435\u0442, \u0438\u0437\u0431\u0430\u0432\u043b\u044f\u0435\u0442 \u043e\u0442 \u0442\u0440\u0435\u0432\u043e\u0436\u043d\u043e\u0441\u0442\u0438 \u0438 \u043d\u043e\u0447\u043d\u044b\u0445 \u043a\u043e\u0448\u043c\u0430\u0440\u043e\u0432.<br \/>\n\u0417\u0430\u0449\u0438\u0442\u0430: \u0421\u043b\u0443\u0436\u0438\u0442 \u043e\u0431\u0435\u0440\u0435\u0433\u043e\u043c, \u043a\u043e\u0442\u043e\u0440\u044b\u0439 \u043e\u0442\u0442\u0430\u043b\u043a\u0438\u0432\u0430\u0435\u0442 \u043d\u0435\u0433\u0430\u0442\u0438\u0432\u043d\u0443\u044e \u044d\u043d\u0435\u0440\u0433\u0438\u044e \u0438 \u0437\u0430\u0449\u0438\u0449\u0430\u0435\u0442 \u043e\u0442 \u044d\u043d\u0435\u0440\u0433\u0435\u0442\u0438\u0447\u0435\u0441\u043a\u0438\u0445 \u0432\u0430\u043c\u043f\u0438\u0440\u043e\u0432.<br \/>\n\u042d\u043d\u0435\u0440\u0433\u0435\u0442\u0438\u0447\u0435\u0441\u043a\u0430\u044f \u0447\u0438\u0441\u0442\u043a\u0430: \u0421\u0442\u0430\u0431\u0438\u043b\u0438\u0437\u0438\u0440\u0443\u0435\u0442 \u0430\u0443\u0440\u0443 \u0438 \u0443\u0440\u0430\u0432\u043d\u043e\u0432\u0435\u0448\u0438\u0432\u0430\u0435\u0442 \u044d\u043d\u0435\u0440\u0433\u0438\u0438. <\/p>","protected":false},"excerpt":{"rendered":"<p>\u0411\u0440\u0430\u0441\u043b\u0435\u0442 \u0438\u0437 \u0433\u043e\u0440\u043d\u043e\u0433\u043e \u0445\u0440\u0443\u0441\u0442\u0430\u043b\u044f \u043e\u0431\u043b\u0430\u0434\u0430\u0435\u0442 \u043b\u0435\u0447\u0435\u0431\u043d\u044b\u043c\u0438 \u0438 \u043c\u0430\u0433\u0438\u0447\u0435\u0441\u043a\u0438\u043c\u0438 \u0441\u0432\u043e\u0439\u0441\u0442\u0432\u0430\u043c\u0438. \u041e\u043d \u0441\u0442\u0430\u0431\u0438\u043b\u0438\u0437\u0438\u0440\u0443\u0435\u0442 \u0444\u0438\u0437\u0438\u0447\u0435\u0441\u043a\u0438\u0435 \u0438 \u0434\u0443\u0445\u043e\u0432\u043d\u044b\u0435 \u0441\u0438\u043b\u044b, \u043f\u043e\u043c\u043e\u0433\u0430\u0435\u0442 \u043f\u0440\u0438 \u0441\u0442\u0440\u0435\u0441\u0441\u0430\u0445, \u0433\u043e\u043b\u043e\u0432\u043d\u044b\u0445 \u0431\u043e\u043b\u044f\u0445 \u0438 \u0431\u0435\u0441\u0441\u043e\u043d\u043d\u0438\u0446\u0435. \u0421 \u0442\u043e\u0447\u043a\u0438 \u0437\u0440\u0435\u043d\u0438\u044f \u043c\u0430\u0433\u0438\u0447\u0435\u0441\u043a\u0438\u0445 \u0441\u0432\u043e\u0439\u0441\u0442\u0432, \u043a\u0430\u043c\u0435\u043d\u044c \u0443\u043b\u0443\u0447\u0448\u0430\u0435\u0442 \u043a\u043e\u043d\u0446\u0435\u043d\u0442\u0440\u0430\u0446\u0438\u044e \u0438 \u043f\u0430\u043c\u044f\u0442\u044c, \u044f\u0432\u043b\u044f\u0435\u0442\u0441\u044f \u043c\u043e\u0449\u043d\u044b\u043c \u043e\u0431\u0435\u0440\u0435\u0433\u043e\u043c \u0438 \u0441\u043f\u043e\u0441\u043e\u0431\u0435\u043d \u0437\u0430\u0449\u0438\u0449\u0430\u0442\u044c \u043e\u0442 \u043d\u0435\u0433\u0430\u0442\u0438\u0432\u043d\u043e\u0439 \u044d\u043d\u0435\u0440\u0433\u0438\u0438. \u041b\u0435\u0447\u0435\u0431\u043d\u044b\u0435 \u0441\u0432\u043e\u0439\u0441\u0442\u0432\u0430 \u0421\u0435\u0440\u0434\u0435\u0447\u043d\u043e-\u0441\u043e\u0441\u0443\u0434\u0438\u0441\u0442\u0430\u044f \u0441\u0438\u0441\u0442\u0435\u043c\u0430: \u041f\u043e\u043c\u043e\u0433\u0430\u0435\u0442 \u043f\u0440\u0438 \u0438\u0448\u0435\u043c\u0438\u0447\u0435\u0441\u043a\u043e\u0439 \u0431\u043e\u043b\u0435\u0437\u043d\u0438, \u0441\u0442\u0430\u0431\u0438\u043b\u0438\u0437\u0438\u0440\u0443\u0435\u0442 \u0434\u0430\u0432\u043b\u0435\u043d\u0438\u0435 \u0438 \u0441\u0442\u0438\u043c\u0443\u043b\u0438\u0440\u0443\u0435\u0442 \u0440\u0430\u0431\u043e\u0442\u0443 \u0441\u0435\u0440\u0434\u0435\u0447\u043d\u043e\u0439 [&hellip;]<\/p>\n","protected":false},"featured_media":14588,"comment_status":"open","ping_status":"closed","template":"","meta":[],"product_brand":[],"product_cat":[31,7,188],"product_tag":[],"class_list":{"0":"post-14587","1":"product","2":"type-product","3":"status-publish","4":"has-post-thumbnail","6":"product_cat-braslety","7":"product_cat-vse-tovary","8":"product_cat-gornyj-hrustal-braslety","10":"first","11":"instock","12":"shipping-taxable","13":"purchasable","14":"product-type-simple"},"_links":{"self":[{"href":"https:\/\/insermi.com\/ro\/wp-json\/wp\/v2\/product\/14587","targetHints":{"allow":["GET"]}}],"collection":[{"href":"https:\/\/insermi.com\/ro\/wp-json\/wp\/v2\/product"}],"about":[{"href":"https:\/\/insermi.com\/ro\/wp-json\/wp\/v2\/types\/product"}],"replies":[{"embeddable":true,"href":"https:\/\/insermi.com\/ro\/wp-json\/wp\/v2\/comments?post=14587"}],"wp:featuredmedia":[{"embeddable":true,"href":"https:\/\/insermi.com\/ro\/wp-json\/wp\/v2\/media\/14588"}],"wp:attachment":[{"href":"https:\/\/insermi.com\/ro\/wp-json\/wp\/v2\/media?parent=14587"}],"wp:term":[{"taxonomy":"product_brand","embeddable":true,"href":"https:\/\/insermi.com\/ro\/wp-json\/wp\/v2\/product_brand?post=14587"},{"taxonomy":"product_cat","embeddable":true,"href":"https:\/\/insermi.com\/ro\/wp-json\/wp\/v2\/product_cat?post=14587"},{"taxonomy":"product_tag","embeddable":true,"href":"https:\/\/insermi.com\/ro\/wp-json\/wp\/v2\/product_tag?post=14587"}],"curies":[{"name":"wp","href":"https:\/\/api.w.org\/{rel}","templated":true}]}}