{"id":12523,"date":"2025-01-10T17:01:25","date_gmt":"2025-01-10T15:01:25","guid":{"rendered":"https:\/\/insermi.com\/?post_type=product&#038;p=12523"},"modified":"2025-01-10T17:01:25","modified_gmt":"2025-01-10T15:01:25","slug":"serdolik-4","status":"publish","type":"product","link":"https:\/\/insermi.com\/ro\/magazin\/serdolik-4\/","title":{"rendered":"Cornalin"},"content":{"rendered":"<p>M\u0103rgele carnelian<br \/>\nfa\u021bet\u0103, p\u0103trat\u0103 8 mm<br \/>\nLungime 42 cm +5 cm extensie<\/p>","protected":false},"excerpt":{"rendered":"<p>M\u0103rgele carnelian<br \/>\nfa\u021bet\u0103, p\u0103trat\u0103 8 mm<br \/>\nLungime 42 cm +5 cm extensie<\/p>","protected":false},"featured_media":12507,"comment_status":"open","ping_status":"closed","template":"","meta":[],"product_brand":[],"product_cat":[8,7,25],"product_tag":[],"class_list":{"0":"post-12523","1":"product","2":"type-product","3":"status-publish","4":"has-post-thumbnail","6":"product_cat-busy","7":"product_cat-vse-tovary","8":"product_cat-serdolik-busy","10":"first","11":"instock","12":"shipping-taxable","13":"purchasable","14":"product-type-simple"},"_links":{"self":[{"href":"https:\/\/insermi.com\/ro\/wp-json\/wp\/v2\/product\/12523","targetHints":{"allow":["GET"]}}],"collection":[{"href":"https:\/\/insermi.com\/ro\/wp-json\/wp\/v2\/product"}],"about":[{"href":"https:\/\/insermi.com\/ro\/wp-json\/wp\/v2\/types\/product"}],"replies":[{"embeddable":true,"href":"https:\/\/insermi.com\/ro\/wp-json\/wp\/v2\/comments?post=12523"}],"wp:featuredmedia":[{"embeddable":true,"href":"https:\/\/insermi.com\/ro\/wp-json\/wp\/v2\/media\/12507"}],"wp:attachment":[{"href":"https:\/\/insermi.com\/ro\/wp-json\/wp\/v2\/media?parent=12523"}],"wp:term":[{"taxonomy":"product_brand","embeddable":true,"href":"https:\/\/insermi.com\/ro\/wp-json\/wp\/v2\/product_brand?post=12523"},{"taxonomy":"product_cat","embeddable":true,"href":"https:\/\/insermi.com\/ro\/wp-json\/wp\/v2\/product_cat?post=12523"},{"taxonomy":"product_tag","embeddable":true,"href":"https:\/\/insermi.com\/ro\/wp-json\/wp\/v2\/product_tag?post=12523"}],"curies":[{"name":"wp","href":"https:\/\/api.w.org\/{rel}","templated":true}]}}