{"id":12182,"date":"2024-08-23T18:35:23","date_gmt":"2024-08-23T15:35:23","guid":{"rendered":"https:\/\/insermi.com\/?post_type=product&#038;p=12182"},"modified":"2024-08-23T18:35:23","modified_gmt":"2024-08-23T15:35:23","slug":"busy-gornyj-hrustal","status":"publish","type":"product","link":"https:\/\/insermi.com\/ro\/magazin\/busy-gornyj-hrustal\/","title":{"rendered":"M\u0103rgele de cristal de st\u00e2nc\u0103"},"content":{"rendered":"<p>M\u0103rgele de cuar\u021b roz \u0219i cristal de st\u00e2nc\u0103<br \/>\nLungime 46cm<\/p>","protected":false},"excerpt":{"rendered":"<p>M\u0103rgele de cuar\u021b roz \u0219i cristal de st\u00e2nc\u0103<br \/>\nLungime 46cm<\/p>","protected":false},"featured_media":12183,"comment_status":"open","ping_status":"closed","template":"","meta":[],"product_brand":[],"product_cat":[8,7,106,134],"product_tag":[],"class_list":{"0":"post-12182","1":"product","2":"type-product","3":"status-publish","4":"has-post-thumbnail","6":"product_cat-busy","7":"product_cat-vse-tovary","8":"product_cat-gornyj-hrustal","9":"product_cat-rozovyj-kvarts-busy","11":"first","12":"instock","13":"shipping-taxable","14":"purchasable","15":"product-type-simple"},"_links":{"self":[{"href":"https:\/\/insermi.com\/ro\/wp-json\/wp\/v2\/product\/12182","targetHints":{"allow":["GET"]}}],"collection":[{"href":"https:\/\/insermi.com\/ro\/wp-json\/wp\/v2\/product"}],"about":[{"href":"https:\/\/insermi.com\/ro\/wp-json\/wp\/v2\/types\/product"}],"replies":[{"embeddable":true,"href":"https:\/\/insermi.com\/ro\/wp-json\/wp\/v2\/comments?post=12182"}],"wp:featuredmedia":[{"embeddable":true,"href":"https:\/\/insermi.com\/ro\/wp-json\/wp\/v2\/media\/12183"}],"wp:attachment":[{"href":"https:\/\/insermi.com\/ro\/wp-json\/wp\/v2\/media?parent=12182"}],"wp:term":[{"taxonomy":"product_brand","embeddable":true,"href":"https:\/\/insermi.com\/ro\/wp-json\/wp\/v2\/product_brand?post=12182"},{"taxonomy":"product_cat","embeddable":true,"href":"https:\/\/insermi.com\/ro\/wp-json\/wp\/v2\/product_cat?post=12182"},{"taxonomy":"product_tag","embeddable":true,"href":"https:\/\/insermi.com\/ro\/wp-json\/wp\/v2\/product_tag?post=12182"}],"curies":[{"name":"wp","href":"https:\/\/api.w.org\/{rel}","templated":true}]}}