{"id":11413,"date":"2024-01-17T20:21:52","date_gmt":"2024-01-17T18:21:52","guid":{"rendered":"https:\/\/insermi.com\/?post_type=product&#038;p=11413"},"modified":"2024-01-17T20:24:46","modified_gmt":"2024-01-17T18:24:46","slug":"busy-prenit-2","status":"publish","type":"product","link":"https:\/\/insermi.com\/ro\/magazin\/busy-prenit-2\/","title":{"rendered":"M\u0103rgele Prenite"},"content":{"rendered":"<p>M\u0103rgele Prehnite piatr\u0103 brut\u0103<br \/>\nLungime 58cm<\/p>","protected":false},"excerpt":{"rendered":"<p>M\u0103rgele Prehnite piatr\u0103 brut\u0103 Lungime 58 cm<\/p>","protected":false},"featured_media":11414,"comment_status":"open","ping_status":"closed","template":"","meta":[],"product_brand":[],"product_cat":[7,8,148],"product_tag":[],"class_list":{"0":"post-11413","1":"product","2":"type-product","3":"status-publish","4":"has-post-thumbnail","6":"product_cat-vse-tovary","7":"product_cat-busy","8":"product_cat-prenit","10":"first","11":"instock","12":"shipping-taxable","13":"purchasable","14":"product-type-simple"},"_links":{"self":[{"href":"https:\/\/insermi.com\/ro\/wp-json\/wp\/v2\/product\/11413","targetHints":{"allow":["GET"]}}],"collection":[{"href":"https:\/\/insermi.com\/ro\/wp-json\/wp\/v2\/product"}],"about":[{"href":"https:\/\/insermi.com\/ro\/wp-json\/wp\/v2\/types\/product"}],"replies":[{"embeddable":true,"href":"https:\/\/insermi.com\/ro\/wp-json\/wp\/v2\/comments?post=11413"}],"wp:featuredmedia":[{"embeddable":true,"href":"https:\/\/insermi.com\/ro\/wp-json\/wp\/v2\/media\/11414"}],"wp:attachment":[{"href":"https:\/\/insermi.com\/ro\/wp-json\/wp\/v2\/media?parent=11413"}],"wp:term":[{"taxonomy":"product_brand","embeddable":true,"href":"https:\/\/insermi.com\/ro\/wp-json\/wp\/v2\/product_brand?post=11413"},{"taxonomy":"product_cat","embeddable":true,"href":"https:\/\/insermi.com\/ro\/wp-json\/wp\/v2\/product_cat?post=11413"},{"taxonomy":"product_tag","embeddable":true,"href":"https:\/\/insermi.com\/ro\/wp-json\/wp\/v2\/product_tag?post=11413"}],"curies":[{"name":"wp","href":"https:\/\/api.w.org\/{rel}","templated":true}]}}