{"id":11099,"date":"2023-10-05T21:26:33","date_gmt":"2023-10-05T18:26:33","guid":{"rendered":"https:\/\/insermi.com\/?post_type=product&#038;p=11099"},"modified":"2023-10-05T21:26:33","modified_gmt":"2023-10-05T18:26:33","slug":"busy-lazurit","status":"publish","type":"product","link":"https:\/\/insermi.com\/ro\/magazin\/busy-lazurit\/","title":{"rendered":"M\u0103rgele Lapis Lazuli"},"content":{"rendered":"","protected":false},"excerpt":{"rendered":"<p>piatr\u0103 natural\u0103 lapis lazuli<br \/>\nlungime 49 cm<\/p>","protected":false},"featured_media":11100,"comment_status":"open","ping_status":"closed","template":"","meta":[],"product_brand":[],"product_cat":[8,7,100],"product_tag":[],"class_list":{"0":"post-11099","1":"product","2":"type-product","3":"status-publish","4":"has-post-thumbnail","6":"product_cat-busy","7":"product_cat-vse-tovary","8":"product_cat-lazurit","10":"first","11":"instock","12":"shipping-taxable","13":"purchasable","14":"product-type-simple"},"_links":{"self":[{"href":"https:\/\/insermi.com\/ro\/wp-json\/wp\/v2\/product\/11099","targetHints":{"allow":["GET"]}}],"collection":[{"href":"https:\/\/insermi.com\/ro\/wp-json\/wp\/v2\/product"}],"about":[{"href":"https:\/\/insermi.com\/ro\/wp-json\/wp\/v2\/types\/product"}],"replies":[{"embeddable":true,"href":"https:\/\/insermi.com\/ro\/wp-json\/wp\/v2\/comments?post=11099"}],"wp:featuredmedia":[{"embeddable":true,"href":"https:\/\/insermi.com\/ro\/wp-json\/wp\/v2\/media\/11100"}],"wp:attachment":[{"href":"https:\/\/insermi.com\/ro\/wp-json\/wp\/v2\/media?parent=11099"}],"wp:term":[{"taxonomy":"product_brand","embeddable":true,"href":"https:\/\/insermi.com\/ro\/wp-json\/wp\/v2\/product_brand?post=11099"},{"taxonomy":"product_cat","embeddable":true,"href":"https:\/\/insermi.com\/ro\/wp-json\/wp\/v2\/product_cat?post=11099"},{"taxonomy":"product_tag","embeddable":true,"href":"https:\/\/insermi.com\/ro\/wp-json\/wp\/v2\/product_tag?post=11099"}],"curies":[{"name":"wp","href":"https:\/\/api.w.org\/{rel}","templated":true}]}}