{"id":10539,"date":"2023-06-20T19:59:11","date_gmt":"2023-06-20T16:59:11","guid":{"rendered":"https:\/\/insermi.com\/?post_type=product&#038;p=10539"},"modified":"2023-06-20T19:59:12","modified_gmt":"2023-06-20T16:59:12","slug":"busy-ametrin-2","status":"publish","type":"product","link":"https:\/\/insermi.com\/ro\/magazin\/busy-ametrin-2\/","title":{"rendered":"M\u0103rgele Ametrine"},"content":{"rendered":"","protected":false},"excerpt":{"rendered":"<p>Piatr\u0103 natural\u0103 Ametrine<br \/>\nLungime 51cm<\/p>","protected":false},"featured_media":10541,"comment_status":"open","ping_status":"closed","template":"","meta":[],"product_brand":[],"product_cat":[7,48,8],"product_tag":[],"class_list":{"0":"post-10539","1":"product","2":"type-product","3":"status-publish","4":"has-post-thumbnail","6":"product_cat-vse-tovary","7":"product_cat-ametrin-busy","8":"product_cat-busy","10":"first","11":"instock","12":"shipping-taxable","13":"purchasable","14":"product-type-simple"},"_links":{"self":[{"href":"https:\/\/insermi.com\/ro\/wp-json\/wp\/v2\/product\/10539","targetHints":{"allow":["GET"]}}],"collection":[{"href":"https:\/\/insermi.com\/ro\/wp-json\/wp\/v2\/product"}],"about":[{"href":"https:\/\/insermi.com\/ro\/wp-json\/wp\/v2\/types\/product"}],"replies":[{"embeddable":true,"href":"https:\/\/insermi.com\/ro\/wp-json\/wp\/v2\/comments?post=10539"}],"wp:featuredmedia":[{"embeddable":true,"href":"https:\/\/insermi.com\/ro\/wp-json\/wp\/v2\/media\/10541"}],"wp:attachment":[{"href":"https:\/\/insermi.com\/ro\/wp-json\/wp\/v2\/media?parent=10539"}],"wp:term":[{"taxonomy":"product_brand","embeddable":true,"href":"https:\/\/insermi.com\/ro\/wp-json\/wp\/v2\/product_brand?post=10539"},{"taxonomy":"product_cat","embeddable":true,"href":"https:\/\/insermi.com\/ro\/wp-json\/wp\/v2\/product_cat?post=10539"},{"taxonomy":"product_tag","embeddable":true,"href":"https:\/\/insermi.com\/ro\/wp-json\/wp\/v2\/product_tag?post=10539"}],"curies":[{"name":"wp","href":"https:\/\/api.w.org\/{rel}","templated":true}]}}