{"id":10448,"date":"2023-06-20T13:01:53","date_gmt":"2023-06-20T10:01:53","guid":{"rendered":"https:\/\/insermi.com\/?post_type=product&#038;p=10448"},"modified":"2023-06-21T10:06:57","modified_gmt":"2023-06-21T07:06:57","slug":"busy-agat-3","status":"publish","type":"product","link":"https:\/\/insermi.com\/ro\/magazin\/busy-agat-3\/","title":{"rendered":"M\u0103rgele agat"},"content":{"rendered":"","protected":false},"excerpt":{"rendered":"<p>Piatr\u0103 natural\u0103<br \/>\nAgat<br \/>\nAmetist<br \/>\nPrehnit<br \/>\nLungime 56cm.<\/p>","protected":false},"featured_media":10446,"comment_status":"open","ping_status":"closed","template":"","meta":[],"product_brand":[],"product_cat":[7,8,10,11,24],"product_tag":[],"class_list":{"0":"post-10448","1":"product","2":"type-product","3":"status-publish","4":"has-post-thumbnail","6":"product_cat-vse-tovary","7":"product_cat-busy","8":"product_cat-agat-busy","9":"product_cat-ametist-busy","10":"product_cat-samotsvety-busy","12":"first","13":"instock","14":"shipping-taxable","15":"purchasable","16":"product-type-simple"},"_links":{"self":[{"href":"https:\/\/insermi.com\/ro\/wp-json\/wp\/v2\/product\/10448","targetHints":{"allow":["GET"]}}],"collection":[{"href":"https:\/\/insermi.com\/ro\/wp-json\/wp\/v2\/product"}],"about":[{"href":"https:\/\/insermi.com\/ro\/wp-json\/wp\/v2\/types\/product"}],"replies":[{"embeddable":true,"href":"https:\/\/insermi.com\/ro\/wp-json\/wp\/v2\/comments?post=10448"}],"wp:featuredmedia":[{"embeddable":true,"href":"https:\/\/insermi.com\/ro\/wp-json\/wp\/v2\/media\/10446"}],"wp:attachment":[{"href":"https:\/\/insermi.com\/ro\/wp-json\/wp\/v2\/media?parent=10448"}],"wp:term":[{"taxonomy":"product_brand","embeddable":true,"href":"https:\/\/insermi.com\/ro\/wp-json\/wp\/v2\/product_brand?post=10448"},{"taxonomy":"product_cat","embeddable":true,"href":"https:\/\/insermi.com\/ro\/wp-json\/wp\/v2\/product_cat?post=10448"},{"taxonomy":"product_tag","embeddable":true,"href":"https:\/\/insermi.com\/ro\/wp-json\/wp\/v2\/product_tag?post=10448"}],"curies":[{"name":"wp","href":"https:\/\/api.w.org\/{rel}","templated":true}]}}