{"id":99,"date":"2016-02-03T00:18:25","date_gmt":"2016-02-02T22:18:25","guid":{"rendered":"https:\/\/insermi.com\/?page_id=99"},"modified":"2016-02-03T00:18:25","modified_gmt":"2016-02-02T22:18:25","slug":"serdolik","status":"publish","type":"page","link":"https:\/\/insermi.com\/ro\/o-kamnyah\/serdolik\/","title":{"rendered":"Cornalin"},"content":{"rendered":"<p><a href=\"https:\/\/insermi.com\/wp-content\/uploads\/2015\/12\/Serdolik1.jpg\" rel=\"attachment wp-att-850\"><img fetchpriority=\"high\" decoding=\"async\" src=\"https:\/\/insermi.com\/wp-content\/uploads\/2015\/12\/Serdolik1-300x300.jpg\" alt=\"\u0421\u0435\u0440\u0434\u043e\u043b\u0438\u043a1\" width=\"300\" height=\"300\" class=\"alignnone size-medium wp-image-850\" title=\"\"><\/a>     <a href=\"https:\/\/insermi.com\/wp-content\/uploads\/2015\/12\/Serdolik2.jpeg\" rel=\"attachment wp-att-851\"><img decoding=\"async\" src=\"https:\/\/insermi.com\/wp-content\/uploads\/2015\/12\/Serdolik2-300x300.jpeg\" alt=\"\u0421\u0435\u0440\u0434\u043e\u043b\u0438\u043a2\" width=\"300\" height=\"300\" class=\"alignnone size-medium wp-image-851\" title=\"\"><\/a><\/p>\n<p>Cornalina este o piatr\u0103 opac\u0103 semipre\u021bioas\u0103 care face parte din grupul calcedoniilor. Datorit\u0103 prezen\u021bei impurit\u0103\u021bilor de fier \u0219i cupru \u00een mineral, carnelianul are o culoare foarte bogat\u0103, care poate varia de la galben deschis la maro \u0219i maro.<\/p>\n<p>Datorit\u0103 faptului c\u0103 cornelianul este u\u0219or radioactiv, piatra se tope\u0219te cel mai bine \u00een metale pre\u021bioase precum aurul sau argintul. Din acela\u0219i motiv, cornelianul este rar folosit pentru incrusta\u021bii \u0219i pentru a face suveniruri, dar \u00een bijuterii, mineralul este la mare c\u0103utare. \u0218i ast\u0103zi nu este o problem\u0103 s\u0103 cump\u0103ra\u021bi bijuterii din carnelian.<\/p>\n<p><strong>Cornalin: propriet\u0103\u021bi medicinale<\/strong><\/p>\n<p>Cornalina are propriet\u0103\u021bi universale de vindecare \u0219i ajut\u0103 s\u0103 fac\u0103 fa\u021b\u0103 diferitelor boli. Aceast\u0103 piatr\u0103 este deosebit de eficient\u0103 \u00een tulbur\u0103rile sistemului nervos, bolile renale, s\u00e2nger\u0103rile interne. Merit\u0103 s\u0103 cump\u0103ra\u021bi carnelian pentru persoanele care sufer\u0103 de migren\u0103, ulcer peptic sau au diverse tumori pe corp. \u00cen plus, dac\u0103 piatra este zdrobit\u0103 \u00een pulbere \u0219i diluat\u0103 cu vin ro\u0219u, o astfel de b\u0103utur\u0103 serve\u0219te ca un remediu excelent pentru aritmie \u0219i hipertensiune arterial\u0103, poate restabili auzul \u0219i vederea.<\/p>\n<p><strong>Cornalin: propriet\u0103\u021bi magice<\/strong><\/p>\n<p>\u00cen \u0219tiin\u021bele oculte, cornalina este adesea numit\u0103 piatra iubirii, deoarece are o atrac\u021bie magic\u0103 \u0219i \u00ee\u0219i poate transforma proprietarul \u00eentr-un adev\u0103rat sex simbol. \u00cen vechime, cornelianul era folosit pentru a confec\u021biona bijuterii de nunt\u0103 care \u00eei protejau pe tinerii c\u0103s\u0103tori\u021bi de invidia r\u0103uvoitorilor, de stric\u0103ciuni \u0219i de ochiul r\u0103u. \u00cen plus, se crede c\u0103 cornelianul permite unei persoane s\u0103 \u00ee\u0219i descopere multe talente, \u00een special \u00een domeniul artei.<\/p>\n<p><strong>Amulete \u0219i talismane din cornalin<\/strong><\/p>\n<p>Ca amulet\u0103, cornalina este recomandat\u0103 celor care doresc s\u0103 \u00ee\u0219i \u00eembun\u0103t\u0103\u021beasc\u0103 situa\u021bia financiar\u0103, deoarece aceast\u0103 piatr\u0103, printre altele, este un simbol al prosperit\u0103\u021bii. Amuletele de carnelian ajut\u0103 la unirea familiei, protejeaz\u0103 casa de for\u021bele \u00eentunecate \u0219i v\u0103 permit s\u0103 lua\u021bi deciziile corecte. De aceea, cornelianul este adesea numit piatra drept\u0103\u021bii \u0219i este recomandat s\u0103 \u00eel p\u0103stra\u021bi cu dumneavoastr\u0103 \u00een timpul rezolv\u0103rii disputelor sau a situa\u021biilor conflictuale. Posesorul de carnelian simte \u00een mod constant un val de for\u021b\u0103, deoarece aceast\u0103 piatr\u0103 \u00eel alimenteaz\u0103 cu energie cosmic\u0103. \u00cen plus, dac\u0103 purta\u021bi constant cornalin\u0103, v\u0103 ve\u021bi dezvolta calit\u0103\u021bi precum elocven\u021ba \u0219i capacitatea de a gestiona alte persoane.<\/p>\n<p>Fecioara \u0219i Gemenii, aleg\u00e2nd o piatr\u0103 dup\u0103 semnul zodiacal, ar trebui cu siguran\u021b\u0103 s\u0103 acorde aten\u021bie cornelianului, care \u00eei va ajuta s\u0103 dep\u0103\u0219easc\u0103 iritabilitatea \u0219i iritabilitatea, va aduce bucurie \u0219i pace. La r\u00e2ndul s\u0103u, aceast\u0103 piatr\u0103 este contraindicat\u0103 Pe\u0219tilor \u0219i Leilor, deoarece provoac\u0103 melancolie.<\/p>","protected":false},"excerpt":{"rendered":"<p>\u041f\u043e\u043b\u0443\u0434\u0440\u0430\u0433\u043e\u0446\u0435\u043d\u043d\u044b\u0439 \u043d\u0435\u043f\u0440\u043e\u0437\u0440\u0430\u0447\u043d\u044b\u0439 \u043a\u0430\u043c\u0435\u043d\u044c \u0441\u0435\u0440\u0434\u043e\u043b\u0438\u043a \u043f\u0440\u0438\u043d\u0430\u0434\u043b\u0435\u0436\u0438\u0442 \u043a \u0433\u0440\u0443\u043f\u043f\u0435 \u0445\u0430\u043b\u0446\u0435\u0434\u043e\u043d\u043e\u0432. \u0411\u043b\u0430\u0433\u043e\u0434\u0430\u0440\u044f \u043d\u0430\u043b\u0438\u0447\u0438\u044e \u0432 \u0441\u043e\u0441\u0442\u0430\u0432 \u043c\u0438\u043d\u0435\u0440\u0430\u043b\u0430 \u043f\u0440\u0438\u043c\u0435\u0441\u0435\u0439 \u0436\u0435\u043b\u0435\u0437\u0430 \u0438 \u043c\u0435\u0434\u0438 \u0441\u0435\u0440\u0434\u043e\u043b\u0438\u043a \u0438\u043c\u0435\u0435\u0442 \u043e\u0447\u0435\u043d\u044c \u043d\u0430\u0441\u044b\u0449\u0435\u043d\u043d\u0443\u044e \u043e\u043a\u0440\u0430\u0441\u043a\u0443, \u043a\u043e\u0442\u043e\u0440\u0430\u044f \u043c\u043e\u0436\u0435\u0442 \u0432\u0430\u0440\u044c\u0438\u0440\u043e\u0432\u0430\u0442\u044c\u0441\u044f \u043e\u0442 \u0441\u0432\u0435\u0442\u043b\u043e-\u0436\u0435\u043b\u0442\u043e\u0433\u043e \u0434\u043e \u043a\u043e\u0440\u0438\u0447\u043d\u0435\u0432\u043e\u0433\u043e \u0438 \u0431\u0443\u0440\u043e\u0433\u043e. \u0418\u0437-\u0437\u0430 \u0442\u043e\u0433\u043e, \u0447\u0442\u043e \u0441\u0435\u0440\u0434\u043e\u043b\u0438\u043a \u0438\u043c\u0435\u0435\u0442 \u043d\u0435\u0431\u043e\u043b\u044c\u0448\u043e\u0435 \u0440\u0430\u0434\u0438\u043e\u0430\u043a\u0442\u0438\u0432\u043d\u043e\u0435 \u0438\u0437\u043b\u0443\u0447\u0435\u043d\u0438\u0435, \u044d\u0442\u043e\u0442 \u043a\u0430\u043c\u0435\u043d\u044c \u043b\u0443\u0447\u0448\u0435 \u0432\u0441\u0435\u0433\u043e \u043e\u043f\u043b\u0430\u0432\u043b\u044f\u0442\u044c \u0432 \u0434\u0440\u0430\u0433\u043e\u0446\u0435\u043d\u043d\u044b\u0435 \u043c\u0435\u0442\u0430\u043b\u043b\u044b, \u0442\u0430\u043a\u0438\u0435, \u043a\u0430\u043a \u0437\u043e\u043b\u043e\u0442\u043e \u043b\u0438\u0431\u043e \u0441\u0435\u0440\u0435\u0431\u0440\u043e. \u041f\u043e \u044d\u0442\u043e\u0439 \u0436\u0435 [&hellip;]<\/p>\n","protected":false},"author":1,"featured_media":0,"parent":35,"menu_order":0,"comment_status":"closed","ping_status":"closed","template":"","meta":{"footnotes":""},"class_list":["post-99","page","type-page","status-publish","hentry"],"_links":{"self":[{"href":"https:\/\/insermi.com\/ro\/wp-json\/wp\/v2\/pages\/99","targetHints":{"allow":["GET"]}}],"collection":[{"href":"https:\/\/insermi.com\/ro\/wp-json\/wp\/v2\/pages"}],"about":[{"href":"https:\/\/insermi.com\/ro\/wp-json\/wp\/v2\/types\/page"}],"author":[{"embeddable":true,"href":"https:\/\/insermi.com\/ro\/wp-json\/wp\/v2\/users\/1"}],"replies":[{"embeddable":true,"href":"https:\/\/insermi.com\/ro\/wp-json\/wp\/v2\/comments?post=99"}],"version-history":[{"count":0,"href":"https:\/\/insermi.com\/ro\/wp-json\/wp\/v2\/pages\/99\/revisions"}],"up":[{"embeddable":true,"href":"https:\/\/insermi.com\/ro\/wp-json\/wp\/v2\/pages\/35"}],"wp:attachment":[{"href":"https:\/\/insermi.com\/ro\/wp-json\/wp\/v2\/media?parent=99"}],"curies":[{"name":"wp","href":"https:\/\/api.w.org\/{rel}","templated":true}]}}