{"id":984,"date":"2023-04-20T20:25:40","date_gmt":"2023-04-20T17:25:40","guid":{"rendered":"https:\/\/insermi.com\/?page_id=984"},"modified":"2025-01-17T23:37:52","modified_gmt":"2025-01-17T21:37:52","slug":"o-kamnyah-2","status":"publish","type":"page","link":"https:\/\/insermi.com\/ro\/o-kamnyah-2\/","title":{"rendered":"Despre pietre"},"content":{"rendered":"<h4 class=\"p1\"><span class=\"s1\" style=\"color: #000000;\">Bijuterii din pietre naturale: frumuse\u021bea \u0219i energia naturii<\/span><\/h4>\n<p class=\"p2\"><span class=\"s1\" style=\"color: #000000;\">\u00cen lumea modei, bijuteriile realizate din pietre naturale ocup\u0103 un loc special datorit\u0103 unicit\u0103\u021bii \u0219i grijii fa\u021b\u0103 de mediu. Pietrele naturale nu sunt doar frumoase, ci au \u0219i o energie special\u0103 care poate afecta starea de spirit \u0219i de bine a unei persoane. \u00cen acest paragraf v\u0103 vom vorbi despre avantajele acestor bijuterii, variet\u0103\u021bile lor \u0219i cum s\u0103 le alege\u021bi \u0219i s\u0103 le \u00eengriji\u021bi corect.<\/span><\/p>\n<p class=\"p3\"><span class=\"s1\" style=\"color: #000000;\"><b>Beneficiile bijuteriilor din pietre naturale<\/b><\/span><\/p>\n<ol class=\"ol1\">\n<li class=\"li4\"><span style=\"color: #000000;\"><b><\/b><span class=\"s3\"><b>Individualitate<\/b>. Fiecare pies\u0103 de bijuterie din piatr\u0103 natural\u0103 este unic\u0103. Culoarea, textura \u0219i forma pietrei fac ca piesa s\u0103 fie cu adev\u0103rat unic\u0103. Atunci c\u00e2nd alege\u021bi o bijuterie, pute\u021bi fi siguri c\u0103 aceasta nu se va reg\u0103si pe nimeni altcineva.<\/span><\/span><\/li>\n<li class=\"li4\"><span style=\"color: #000000;\"><b><\/b><span class=\"s3\"><b>Propriet\u0103\u021bi energetice<\/b>. Pietrele naturale au diverse propriet\u0103\u021bi care pot avea un efect pozitiv asupra unei persoane. De exemplu, ametistul faciliteaz\u0103 relaxarea \u0219i calmul, \u00een timp ce citrinul umple cu energie \u0219i ajut\u0103 la atingerea obiectivelor.gie \u0219i ajut\u0103 la atingerea obiectivelor.<\/span><\/span><\/li>\n<li class=\"li4\"><span style=\"color: #000000;\"><b><\/b><span class=\"s3\"><b>Prietenia fa\u021b\u0103 de mediu<\/b>. Spre deosebire de materialele sintetice, pietrele naturale sunt un produs ecologic, ceea ce le face o alegere ideal\u0103 pentru cei c\u0103rora le pas\u0103 de bun\u0103starea planetei.<\/span><\/span><\/li>\n<\/ol>\n<p class=\"p3\"><span class=\"s1\" style=\"color: #000000;\"><b>Tipuri populare de bijuterii din pietre naturale<\/b><\/span><\/p>\n<ul class=\"ul1\">\n<li class=\"li4\"><span style=\"color: #000000;\"><b><\/b><span class=\"s3\"><b>Br\u0103\u021b\u0103ri<\/b>. Br\u0103\u021b\u0103rile realizate din pietre naturale ofer\u0103 un aspect elegant \u0219i pot servi ca amulet\u0103. Ele sunt adesea purtate pentru a atrage norocul \u0219i pentru a proteja \u00eempotriva energiei negative.<\/span><\/span><\/li>\n<li class=\"li4\"><span style=\"color: #000000;\"><b><\/b><span class=\"s3\"><b>Inele<\/b>. Inelele cu pietre naturale nu sunt doar un accesoriu elegant, ci \u0219i un simbol al statutului. Pietrele pre\u021bioase \u0219i semipre\u021bioase sunt adesea folosite \u00een ele.<\/span><\/span><\/li>\n<li class=\"li4\"><span style=\"color: #000000;\"><b><\/b><span class=\"s3\"><b>Cercei<\/b>. Cerceii realiza\u021bi din pietre naturale adaug\u0103 feminitate \u0219i subliniaz\u0103 individualitatea. O varietate de forme \u0219i stiluri v\u0103 permite s\u0103 alege\u021bi op\u021biunea perfect\u0103 pentru orice ocazie.<\/span><\/span><\/li>\n<\/ul>\n<p class=\"p3\"><span class=\"s1\" style=\"color: #000000;\"><b>Cum s\u0103 alege\u021bi o bijuterie din piatr\u0103 natural\u0103<\/b><\/span><\/p>\n<p class=\"p2\"><span class=\"s1\" style=\"color: #000000;\">Acorda\u021bi aten\u021bie urm\u0103torilor factori atunci c\u00e2nd alege\u021bi o bijuterie:<\/span><\/p>\n<ul class=\"ul1\">\n<li class=\"li4\"><span style=\"color: #000000;\"><b><\/b><span class=\"s3\"><b>Tipul pietrei<\/b>. Exploreaz\u0103 propriet\u0103\u021bile diferitelor pietre \u0219i alege-o pe cea potrivit\u0103 pentru tine.<\/span><\/span><\/li>\n<li class=\"li4\"><span style=\"color: #000000;\"><b><\/b><span class=\"s3\"><b>Calitatea prelucr\u0103rii<\/b>. Asigura\u021bi-v\u0103 c\u0103 bijuteriile sunt bine finisate \u0219i lipsite de defecte, cum ar fi a\u0219chii sau neregularit\u0103\u021bi.<\/span><\/span><\/li>\n<li class=\"li4\"><span style=\"color: #000000;\"><b><\/b><span class=\"s3\"><b>Stil<\/b>. Alege o bijuterie care se potrive\u0219te cu garderoba \u0219i stilul t\u0103u.<\/span><\/span><\/li>\n<\/ul>\n<p class=\"p3\"><span class=\"s1\" style=\"color: #000000;\"><b>\u00cengrijirea bijuteriilor din pietre naturale<\/b><\/span><\/p>\n<p class=\"p2\"><span class=\"s1\" style=\"color: #000000;\">Pentru a v\u0103 asigura c\u0103 bijuteriile dvs. rezist\u0103 mult timp, urma\u021bi c\u00e2teva reguli simple de \u00eengrijire:<\/span><\/p>\n<ul class=\"ul1\">\n<li class=\"li4\"><span style=\"color: #000000;\"><b><\/b><span class=\"s3\"><b>P\u0103stra\u021bi-le separate<\/b>. Nu depozita\u021bi bijuteriile una l\u00e2ng\u0103 alta pentru a evita deteriorarea pietrelor.<\/span><\/span><\/li>\n<li class=\"li4\"><span style=\"color: #000000;\"><b><\/b><span class=\"s3\"><b>Evita\u021bi substan\u021bele chimice<\/b>. Nu l\u0103sa\u021bi bijuteriile s\u0103 intre \u00een contact cu produse chimice \u0219i cosmetice de uz casnic.<\/span><\/span><\/li>\n<li class=\"li4\"><span style=\"color: #000000;\"><b><\/b><span class=\"s3\"><b>Cur\u0103\u021ba\u021bi-le \u00een mod regulat.<\/b>Cur\u0103\u021ba\u021bi pietrele de murd\u0103rie cu o c\u00e2rp\u0103 moale sau cu ap\u0103.<\/span><\/span><\/li>\n<\/ul>\n<p class=\"p3\"><span class=\"s1\" style=\"color: #000000;\"><b>Concluzie<\/b><\/span><\/p>\n<p class=\"p2\"><span class=\"s1\" style=\"color: #000000;\">Bijuteriile din pietre naturale nu sunt doar un accesoriu; sunt o oportunitate de a v\u0103 sublinia individualitatea \u0219i de a v\u0103 conecta cu natura. Ele pot aduce nu doar frumuse\u021be, ci \u0219i energie pozitiv\u0103 \u00een via\u021ba dumneavoastr\u0103. Explora\u021bi varietatea de forme, culori \u0219i propriet\u0103\u021bi ale pietrelor \u0219i ve\u021bi g\u0103si bijuteria perfect\u0103, care va deveni o parte integrant\u0103 a look-ului dumneavoastr\u0103. Nu uita\u021bi c\u0103 fiecare detaliu conteaz\u0103, iar bijuteriile din pietre naturale pot deveni talismanul dumneavoastr\u0103 personal!\u00a0<\/span><\/p>\n<p>&nbsp;<\/p>\n<figure id=\"attachment_10283\" aria-describedby=\"caption-attachment-10283\" style=\"width: 300px\" class=\"wp-caption alignleft\"><a href=\"https:\/\/insermi.com\/ro\/kamni-po-znakam-zodiaka\/\"><img fetchpriority=\"high\" decoding=\"async\" class=\"wp-image-10283 size-medium\" src=\"https:\/\/insermi.com\/wp-content\/uploads\/2023\/05\/Kamni-zodiaka-300x200.jpg\" alt=\"\" width=\"300\" height=\"200\" title=\"\"><\/a><figcaption id=\"caption-attachment-10283\" class=\"wp-caption-text\"><strong>\u00a0 \u00a0 \u00a0 \u00a0 \u00a0 \u00a0 \u00a0 \u00a0 \u00a0 \u00a0 \u00a0 \u00a0 <span style=\"color: #0088cc;\">\u00a0<em><a style=\"color: #0088cc;\" title=\"Pietre zodiacale\" href=\"https:\/\/insermi.com\/ro\/kamni-po-znakam-zodiaka\/\">Pietre zodiacale<\/a><\/em><\/span><\/strong><\/figcaption><\/figure>\n<figure id=\"attachment_10284\" aria-describedby=\"caption-attachment-10284\" style=\"width: 300px\" class=\"wp-caption alignleft\"><a href=\"https:\/\/insermi.com\/ro\/o-kamnyah\/\"><img decoding=\"async\" class=\"wp-image-10284 size-medium\" src=\"https:\/\/insermi.com\/wp-content\/uploads\/2023\/05\/Kamni-i-ih-svojstva-1-300x200.jpg\" alt=\"\" width=\"300\" height=\"200\" title=\"\"><\/a><figcaption id=\"caption-attachment-10284\" class=\"wp-caption-text\"><em><strong>\u00a0 \u00a0 \u00a0 \u00a0 \u00a0 \u00a0 \u00a0 \u00a0 \u00a0 <span style=\"color: #3366ff;\">\u00a0<span style=\"color: #0088cc;\"><a style=\"color: #0088cc;\" href=\"https:\/\/insermi.com\/ro\/o-kamnyah\/\">Pietrele \u0219i propriet\u0103\u021bile lor<\/a><\/span><\/span><\/strong><\/em><\/figcaption><\/figure>","protected":false},"excerpt":{"rendered":"<p>\u0423\u043a\u0440\u0430\u0448\u0435\u043d\u0438\u044f \u0438\u0437 \u041d\u0430\u0442\u0443\u0440\u0430\u043b\u044c\u043d\u044b\u0445 \u041a\u0430\u043c\u043d\u0435\u0439: \u041a\u0440\u0430\u0441\u043e\u0442\u0430 \u0438 \u042d\u043d\u0435\u0440\u0433\u0438\u044f \u041f\u0440\u0438\u0440\u043e\u0434\u044b \u0412 \u043c\u0438\u0440\u0435 \u043c\u043e\u0434\u044b \u0443\u043a\u0440\u0430\u0448\u0435\u043d\u0438\u044f \u0438\u0437 \u043d\u0430\u0442\u0443\u0440\u0430\u043b\u044c\u043d\u044b\u0445 \u043a\u0430\u043c\u043d\u0435\u0439 \u0437\u0430\u043d\u0438\u043c\u0430\u044e\u0442 \u043e\u0441\u043e\u0431\u043e\u0435 \u043c\u0435\u0441\u0442\u043e \u0431\u043b\u0430\u0433\u043e\u0434\u0430\u0440\u044f \u0441\u0432\u043e\u0435\u0439 \u0443\u043d\u0438\u043a\u0430\u043b\u044c\u043d\u043e\u0441\u0442\u0438 \u0438 \u044d\u043a\u043e\u043b\u043e\u0433\u0438\u0447\u043d\u043e\u0441\u0442\u0438. \u041d\u0430\u0442\u0443\u0440\u0430\u043b\u044c\u043d\u044b\u0435 \u043a\u0430\u043c\u043d\u0438 \u043d\u0435 \u0442\u043e\u043b\u044c\u043a\u043e \u043f\u0440\u0435\u043a\u0440\u0430\u0441\u043d\u044b, \u043d\u043e \u0438 \u043e\u0431\u043b\u0430\u0434\u0430\u044e\u0442 \u043e\u0441\u043e\u0431\u043e\u0439 \u044d\u043d\u0435\u0440\u0433\u0435\u0442\u0438\u043a\u043e\u0439, \u043a\u043e\u0442\u043e\u0440\u0430\u044f \u043c\u043e\u0436\u0435\u0442 \u0432\u043b\u0438\u044f\u0442\u044c \u043d\u0430 \u043d\u0430\u0441\u0442\u0440\u043e\u0435\u043d\u0438\u0435 \u0438 \u0441\u0430\u043c\u043e\u0447\u0443\u0432\u0441\u0442\u0432\u0438\u0435 \u0447\u0435\u043b\u043e\u0432\u0435\u043a\u0430. \u0412 \u044d\u0442\u043e\u043c \u0442\u0435\u043a\u0441\u0442\u0435 \u043c\u044b \u0440\u0430\u0441\u0441\u043a\u0430\u0436\u0435\u043c \u043e \u043f\u0440\u0435\u0438\u043c\u0443\u0449\u0435\u0441\u0442\u0432\u0430\u0445 \u0442\u0430\u043a\u0438\u0445 \u0443\u043a\u0440\u0430\u0448\u0435\u043d\u0438\u0439, \u0438\u0445 \u0440\u0430\u0437\u043d\u043e\u0432\u0438\u0434\u043d\u043e\u0441\u0442\u044f\u0445 \u0438 \u043e \u0442\u043e\u043c, [&hellip;]<\/p>\n","protected":false},"author":1,"featured_media":0,"parent":0,"menu_order":0,"comment_status":"closed","ping_status":"closed","template":"","meta":{"footnotes":""},"class_list":["post-984","page","type-page","status-publish","hentry"],"_links":{"self":[{"href":"https:\/\/insermi.com\/ro\/wp-json\/wp\/v2\/pages\/984","targetHints":{"allow":["GET"]}}],"collection":[{"href":"https:\/\/insermi.com\/ro\/wp-json\/wp\/v2\/pages"}],"about":[{"href":"https:\/\/insermi.com\/ro\/wp-json\/wp\/v2\/types\/page"}],"author":[{"embeddable":true,"href":"https:\/\/insermi.com\/ro\/wp-json\/wp\/v2\/users\/1"}],"replies":[{"embeddable":true,"href":"https:\/\/insermi.com\/ro\/wp-json\/wp\/v2\/comments?post=984"}],"version-history":[{"count":0,"href":"https:\/\/insermi.com\/ro\/wp-json\/wp\/v2\/pages\/984\/revisions"}],"wp:attachment":[{"href":"https:\/\/insermi.com\/ro\/wp-json\/wp\/v2\/media?parent=984"}],"curies":[{"name":"wp","href":"https:\/\/api.w.org\/{rel}","templated":true}]}}