{"id":97,"date":"2016-02-03T00:18:00","date_gmt":"2016-02-02T22:18:00","guid":{"rendered":"https:\/\/insermi.com\/?page_id=97"},"modified":"2016-04-03T17:16:52","modified_gmt":"2016-04-03T15:16:52","slug":"rozovyj-kvarts","status":"publish","type":"page","link":"https:\/\/insermi.com\/ro\/o-kamnyah\/rozovyj-kvarts\/","title":{"rendered":"Cuar\u021b roz"},"content":{"rendered":"<p><a href=\"https:\/\/insermi.com\/wp-content\/uploads\/2015\/12\/Rozovyj-kvarts1.jpg\" rel=\"attachment wp-att-843\"><img fetchpriority=\"high\" decoding=\"async\" src=\"https:\/\/insermi.com\/wp-content\/uploads\/2015\/12\/Rozovyj-kvarts1-300x225.jpg\" alt=\"\u0420\u043e\u0437\u043e\u0432\u044b\u0439 \u043a\u0432\u0430\u0440\u04461\" width=\"300\" height=\"225\" class=\"alignnone size-medium wp-image-843\" title=\"\"><\/a>     <a href=\"https:\/\/insermi.com\/wp-content\/uploads\/2015\/12\/Rozovyj-kvarts2.jpg\" rel=\"attachment wp-att-844\"><img decoding=\"async\" src=\"https:\/\/insermi.com\/wp-content\/uploads\/2015\/12\/Rozovyj-kvarts2-300x225.jpg\" alt=\"\u0420\u043e\u0437\u043e\u0432\u044b\u0439 \u043a\u0432\u0430\u0440\u04462\" width=\"300\" height=\"225\" class=\"alignnone size-medium wp-image-844\" title=\"\"><\/a><\/p>\n<p>Aceast\u0103 piatr\u0103 opac\u0103 foarte frumoas\u0103, care are o culoare roz delicat\u0103, este adesea denumit\u0103 cristal de st\u00e2nc\u0103 alpin, deoarece aici a fost descoperit pentru prima dat\u0103 cuar\u021bul roz, pe care oamenii de \u0219tiin\u021b\u0103 l-au confundat ini\u021bial cu pic\u0103turi de ap\u0103 \u00eenghe\u021bate.<\/p>\n<p>Ast\u0103zi, cuar\u021bul roz este una dintre cele mai c\u0103utate pietre pre\u021bioase utilizate \u00een produc\u021bia de bijuterii. Cu toate acestea, pentru a cump\u0103ra bijuterii din cuar\u021b roz este un mare noroc, deoarece exist\u0103 doar c\u00e2teva depozite ale acestei pietre \u00een \u00eentreaga lume, dintre care cel mai mare este situat \u00een Brazilia.<\/p>\n<p><strong> Cuar\u021b roz: propriet\u0103\u021bi medicinale <\/strong><\/p>\n<p>Cuar\u021bul roz este un remediu excelent pentru tratamentul multor boli. \u00cen special, cu ajutorul s\u0103u pute\u021bi sc\u0103pa de bolile sistemului cardiovascular, tulbur\u0103ri nervoase \u0219i hipertensiune arterial\u0103, normaliza metabolismul \u0219i \u00eembun\u0103t\u0103\u021bi compozi\u021bia s\u00e2ngelui \u00een diabet. Cump\u0103ra\u021bi cuar\u021b roz merit\u0103, de asemenea, persoanele care sufer\u0103 de diverse boli ale articula\u021biilor \u0219i m\u0103duvei osoase. Mai mult dec\u00e2t at\u00e2t, nu conteaz\u0103 ce form\u0103 va avea aceast\u0103 piatr\u0103, deoarece pentru a combate boala cu acela\u0219i succes potrivite ca pl\u0103ci \u0219i bile, \u0219i diverse bijuterii - margele de cuar\u021b roz, pandantive de cuar\u021b roz, br\u0103\u021b\u0103ri, inele \u0219i cercei.<\/p>\n<p><strong> Cuar\u021b roz: propriet\u0103\u021bi magice <\/strong><\/p>\n<p>De asemenea, cuar\u021bul roz are propriet\u0103\u021bi magice unice. Se crede c\u0103 cu ajutorul s\u0103u pute\u021bi sc\u0103pa de traume \u0219i experien\u021be mentale profunde, aceast\u0103 piatr\u0103 este capabil\u0103 s\u0103 redea oric\u0103rei persoane bucuria, optimismul \u0219i gustul pierdut pentru via\u021b\u0103. De asemenea, cuar\u021bul roz \u00eel ajut\u0103 pe proprietarul s\u0103u s\u0103 se \u00een\u021beleag\u0103 mai bine, s\u0103 \u00eenve\u021be s\u0103-i ierte pe al\u021bii, precum \u0219i mai loial fa\u021b\u0103 de diverse manifest\u0103ri ale sl\u0103biciunilor \u0219i defectelor umane. \u00cen plus, cuar\u021bul roz ajut\u0103 s\u0103 scape de iritabilitate \u0219i iritabilitate, face oamenii mai calmi \u0219i rezonabili.<\/p>\n<p><strong> Amulete \u0219i talismane din cuar\u021b roz <\/strong><\/p>\n<p>Ca talisman, cuar\u021bul roz este recomandat s\u0103 fie purtat constant de femeile nec\u0103s\u0103torite, deoarece se crede c\u0103 aceast\u0103 piatr\u0103 le va ajuta s\u0103 g\u0103seasc\u0103 fericirea conjugal\u0103. Pentru cei care sunt deja c\u0103s\u0103tori\u021bi, cuar\u021bul roz ofer\u0103 posibilitatea de a p\u0103stra pacea \u0219i dragostea \u00een familie. De asemenea, aceast\u0103 piatr\u0103 este excelent\u0103 pentru persoanele cu procesiuni creative, ajut\u00e2ndu-le s\u0103 \u00ee\u0219i descopere propriul talent \u0219i s\u0103 ob\u021bin\u0103 recunoa\u0219terea universal\u0103.  Cu toate acestea, oamenii vis\u0103tori de cuar\u021b roz ar trebui s\u0103 refuze, deoarece are capacitatea de a scufunda o persoan\u0103 \u00een lumea iluziilor, \u00een\u0219el\u0103toare \u0219i insidioase.<\/p>\n<p>Balan\u021ba \u0219i Taurul, aleg\u00e2nd o piatr\u0103 \u00een func\u021bie de semnul zodiacal, pot cump\u0103ra \u00een siguran\u021b\u0103 cuar\u021b roz, deoarece aceast\u0103 piatr\u0103 \u00eei va ajuta s\u0103 scape de nemul\u021bumirea constant\u0103 \u0219i s\u0103 devin\u0103 romantici la suflet. Dar V\u0103rs\u0103torilor, Fecioarei \u0219i Capricornilor nu li se recomand\u0103 s\u0103 poarte tot timpul bijuterii din cuar\u021b roz.<\/p>","protected":false},"excerpt":{"rendered":"<p>\u042d\u0442\u043e\u0442 \u043e\u0447\u0435\u043d\u044c \u043a\u0440\u0430\u0441\u0438\u0432\u044b\u0439 \u043d\u0435\u043f\u0440\u043e\u0437\u0440\u0430\u0447\u043d\u044b\u0439 \u043a\u0430\u043c\u0435\u043d\u044c, \u0438\u043c\u0435\u044e\u0449\u0438\u0439 \u043d\u0435\u0436\u043d\u044b\u0439 \u0440\u043e\u0437\u043e\u0432\u0430\u0442\u044b\u0439 \u043e\u0442\u0442\u0435\u043d\u043e\u043a, \u0447\u0430\u0441\u0442\u043e \u0438\u043c\u0435\u043d\u0443\u044e \u0430\u043b\u044c\u043f\u0438\u0439\u0441\u043a\u0438\u043c \u0433\u043e\u0440\u043d\u044b\u043c \u0445\u0440\u0443\u0441\u0442\u0430\u043b\u0435\u043c, \u0442\u0430\u043a \u043a\u0430\u043a \u0438\u043c\u0435\u043d\u043d\u043e \u0437\u0434\u0435\u0441\u044c \u0432\u043f\u0435\u0440\u0432\u044b\u0435 \u0431\u044b\u043b \u043e\u0431\u043d\u0430\u0440\u0443\u0436\u0435\u043d \u0440\u043e\u0437\u043e\u0432\u044b\u0439 \u043a\u0432\u0430\u0440\u0446, \u043a\u043e\u0442\u043e\u0440\u044b\u0439 \u0443\u0447\u0435\u043d\u044b\u0435 \u043f\u043e\u043d\u0430\u0447\u0430\u043b\u0443 \u043f\u0440\u0438\u043d\u044f\u043b\u0438 \u0437\u0430 \u0437\u0430\u0441\u0442\u044b\u0432\u0448\u0438\u0435 \u043a\u0430\u043f\u043b\u0438 \u0432\u043e\u0434\u044b. \u0421\u0435\u0433\u043e\u0434\u043d\u044f \u0440\u043e\u0437\u043e\u0432\u044b\u0439 \u043a\u0432\u0430\u0440\u0446 \u044f\u0432\u043b\u044f\u0435\u0442\u0441\u044f \u043e\u0434\u043d\u0438\u043c \u0438\u0437 \u0441\u0430\u043c\u044b\u0445 \u0432\u043e\u0441\u0442\u0440\u0435\u0431\u043e\u0432\u0430\u043d\u043d\u044b\u0445 \u0434\u0440\u0430\u0433\u043e\u0446\u0435\u043d\u043d\u044b\u0445 \u043a\u0430\u043c\u043d\u0435\u0439, \u043a\u043e\u0442\u043e\u0440\u044b\u0435 \u0438\u0441\u043f\u043e\u043b\u044c\u0437\u0443\u044e\u0442\u0441\u044f \u043f\u0440\u0438 \u043f\u0440\u043e\u0438\u0437\u0432\u043e\u0434\u0441\u0442\u0432\u0435 \u044e\u0432\u0435\u043b\u0438\u0440\u043d\u044b\u0445 \u0438\u0437\u0434\u0435\u043b\u0438\u0439. \u041e\u0434\u043d\u0430\u043a\u043e \u043a\u0443\u043f\u0438\u0442\u044c \u0443\u043a\u0440\u0430\u0448\u0435\u043d\u0438\u044f \u0438\u0437 \u0440\u043e\u0437\u043e\u0432\u043e\u0433\u043e \u043a\u0432\u0430\u0440\u0446\u0430 \u2013 \u0431\u043e\u043b\u044c\u0448\u0430\u044f [&hellip;]<\/p>\n","protected":false},"author":1,"featured_media":0,"parent":35,"menu_order":0,"comment_status":"closed","ping_status":"closed","template":"","meta":{"footnotes":""},"class_list":["post-97","page","type-page","status-publish","hentry"],"_links":{"self":[{"href":"https:\/\/insermi.com\/ro\/wp-json\/wp\/v2\/pages\/97","targetHints":{"allow":["GET"]}}],"collection":[{"href":"https:\/\/insermi.com\/ro\/wp-json\/wp\/v2\/pages"}],"about":[{"href":"https:\/\/insermi.com\/ro\/wp-json\/wp\/v2\/types\/page"}],"author":[{"embeddable":true,"href":"https:\/\/insermi.com\/ro\/wp-json\/wp\/v2\/users\/1"}],"replies":[{"embeddable":true,"href":"https:\/\/insermi.com\/ro\/wp-json\/wp\/v2\/comments?post=97"}],"version-history":[{"count":0,"href":"https:\/\/insermi.com\/ro\/wp-json\/wp\/v2\/pages\/97\/revisions"}],"up":[{"embeddable":true,"href":"https:\/\/insermi.com\/ro\/wp-json\/wp\/v2\/pages\/35"}],"wp:attachment":[{"href":"https:\/\/insermi.com\/ro\/wp-json\/wp\/v2\/media?parent=97"}],"curies":[{"name":"wp","href":"https:\/\/api.w.org\/{rel}","templated":true}]}}