{"id":95,"date":"2016-02-03T00:17:27","date_gmt":"2016-02-02T22:17:27","guid":{"rendered":"https:\/\/insermi.com\/?page_id=95"},"modified":"2016-04-03T17:17:55","modified_gmt":"2016-04-03T15:17:55","slug":"rodonit","status":"publish","type":"page","link":"https:\/\/insermi.com\/ro\/o-kamnyah\/rodonit\/","title":{"rendered":"Rodonit"},"content":{"rendered":"<p><a href=\"https:\/\/insermi.com\/wp-content\/uploads\/2015\/12\/Rodonit1.jpg\" rel=\"attachment wp-att-838\"><img fetchpriority=\"high\" decoding=\"async\" src=\"https:\/\/insermi.com\/wp-content\/uploads\/2015\/12\/Rodonit1.jpg\" alt=\"\u0420\u043e\u0434\u043e\u043d\u0438\u04421\" width=\"300\" height=\"225\" class=\"alignnone size-medium wp-image-838\" title=\"\"><\/a>     <a href=\"https:\/\/insermi.com\/wp-content\/uploads\/2015\/12\/Rodonit2.jpg\" rel=\"attachment wp-att-839\"><img decoding=\"async\" src=\"https:\/\/insermi.com\/wp-content\/uploads\/2015\/12\/Rodonit2.jpg\" alt=\"\u0420\u043e\u0434\u043e\u043d\u0438\u04422\" width=\"300\" height=\"225\" class=\"alignnone size-medium wp-image-839\" title=\"\"><\/a><\/p>\n<p>O piatr\u0103 pre\u021bioas\u0103 roz, opac\u0103, adesea cu vene \u00eentunecate originale, rododonitul este numit dup\u0103 trandafir. Acesta apar\u021bine grupului de silica\u021bi \u0219i poate avea o culoare roz moale, violet, purpuriu sau ro\u0219u-maroniu, care se datoreaz\u0103 prezen\u021bei unei cantit\u0103\u021bi uria\u0219e de mangan \u00een mineral. De regul\u0103, rodonitul este folosit pentru a crea tot felul de obiecte de artizanat, dar arat\u0103 de asemenea foarte bine \u00een diverse bijuterii - pandantive, cercei, m\u0103rgele \u0219i inele.<\/p>\n<p>Nu exist\u0103 multe z\u0103c\u0103minte de rodonit\u0103, iar cel mai mare dintre ele, cunoscut \u00eenc\u0103 din secolul al XIII-lea, este situat \u00een Urali. De asemenea, este exploatat\u0103 \u00een Australia, SUA, Marea Britanie, Japonia, Mexic \u0219i Madagascar.<\/p>\n<p><strong> Rodonit: propriet\u0103\u021bi medicinale <\/strong><\/p>\n<p>Propriet\u0103\u021bile vindec\u0103toare ale rododonitului sunt atribuite efectului s\u0103u favorabil asupra chakrei inimii. Vindec\u0103torii populari folosesc, de asemenea, aceast\u0103 piatr\u0103 pentru a restabili vederea. \u00cen plus, rhodonitul buy este recomandat persoanelor care sufer\u0103 de diverse boli nervoase, insomnie \u0219i co\u0219maruri. Studiile recente au ar\u0103tat c\u0103 rodonitul poate lupta eficient \u00eempotriva diferitelor boli canceroase. De asemenea, merit\u0103 s\u0103 cump\u0103ra\u021bi bijuterii cu rodonit pentru cei care doresc s\u0103 cure\u021be ficatul \u0219i s\u0103 scape de colit\u0103.<\/p>\n<p><strong> Rodonit: propriet\u0103\u021bi magice <\/strong><\/p>\n<p>Propriet\u0103\u021bile magice ale rododonitului sunt asociate cu capacitatea sa de a dezv\u0103lui diverse talente \u00een oameni. Acesta este motivul pentru care aceast\u0103 piatr\u0103 este ideal\u0103 pentru persoanele creative. De asemenea, se crede c\u0103 rodonitul poate \u00eembun\u0103t\u0103\u021bi starea de spirit a unei persoane, distrag\u00e2ndu-i aten\u021bia de la g\u00e2ndurile triste. Aceast\u0103 piatr\u0103 este recomandat\u0103 a fi purtat\u0103 constant de persoanele care doresc s\u0103 ob\u021bin\u0103 recunoa\u0219terea universal\u0103, deoarece energia pozitiv\u0103 a rododonitului formeaz\u0103 o aur\u0103 atractiv\u0103 \u00een jurul proprietarului s\u0103u.<\/p>\n<p><strong> Amulete \u0219i talismane din rodonit <\/strong><\/p>\n<p>Ca un talisman, rodonitul este rareori folosit pentru protec\u021bia \u00eempotriva for\u021belor \u00eentunecate. De obicei, aceast\u0103 piatr\u0103 este folosit\u0103 pentru a activa abilit\u0103\u021bile mentale - \u00een acest caz, ar trebui s\u0103 purta\u021bi o br\u0103\u021bar\u0103 de rodonit pe m\u00e2na st\u00e2ng\u0103. \u00cen plus, rododonitul ajut\u0103 la sc\u0103derea lenei, dac\u0103 ave\u021bi \u00een mod constant un breloc sau un pandantiv de rododonit. Rodonitul poate fi o amulet\u0103 excelent\u0103 pentru persoanele creative care se tem c\u0103 \u00ee\u0219i pot pierde talentul.<\/p>\n<p>Dac\u0103 v\u0103 decide\u021bi s\u0103 alege\u021bi o piatr\u0103 \u00een func\u021bie de semnul dvs. zodiacal, merit\u0103 s\u0103 lua\u021bi \u00een considerare faptul c\u0103 rodonita este condescendent\u0103 pentru Balan\u021b\u0103 \u0219i Gemeni, ajut\u00e2ndu-i s\u0103 \u00eenve\u021be \u0219i oferindu-le optimism. Dar S\u0103get\u0103torii, Pe\u0219tii \u0219i Fecioarele ar trebui s\u0103 refuze de la rododonit\u0103, deoarece amuletele cu aceast\u0103 piatr\u0103 \u00eei vor provoca \u00een mod constant s\u0103 fac\u0103 ac\u021biuni pripite.<br \/>\nCu toate acestea, ast\u0103zi rododonitul se bucur\u0103 de o mare popularitate, fiind considerat una dintre cele mai sigure pietre.<\/p>","protected":false},"excerpt":{"rendered":"<p>\u0420\u043e\u0437\u043e\u0432\u044b\u0439, \u043d\u0435\u043f\u0440\u043e\u0437\u0440\u0430\u0447\u043d\u044b\u0439, \u0447\u0430\u0441\u0442\u043e \u0438\u043c\u0435\u044e\u0449\u0438\u0439 \u043e\u0440\u0438\u0433\u0438\u043d\u0430\u043b\u044c\u043d\u044b\u0435 \u0442\u0435\u043c\u043d\u044b\u0435 \u043f\u0440\u043e\u0436\u0438\u043b\u043a\u0438, \u0434\u0440\u0430\u0433\u043e\u0446\u0435\u043d\u043d\u044b\u0439 \u043a\u0430\u043c\u0435\u043d\u044c \u0440\u043e\u0434\u043e\u043d\u0438\u0442 \u043f\u043e\u043b\u0443\u0447\u0438\u043b \u0441\u0432\u043e\u0435 \u043d\u0430\u0437\u0432\u0430\u043d\u0438\u0435 \u0432 \u0447\u0435\u0441\u0442\u044c \u0440\u043e\u0437\u044b. \u041e\u043d \u043e\u0442\u043d\u043e\u0441\u0438\u0442\u0441\u044f \u043a \u0433\u0440\u0443\u043f\u043f\u0435 \u0441\u0438\u043b\u0438\u043a\u0430\u0442\u043e\u0432 \u0438 \u043c\u043e\u0436\u0435\u0442 \u0438\u043c\u0435\u0442\u044c \u043d\u0435\u0436\u043d\u043e-\u0440\u043e\u0437\u043e\u0432\u044b\u0439, \u043f\u0443\u0440\u043f\u0443\u0440\u043d\u044b\u0439, \u043c\u0430\u043b\u0438\u043d\u043e\u0432\u044b\u0439 \u043b\u0438\u0431\u043e \u043a\u0440\u0430\u0441\u043d\u043e-\u0431\u0443\u0440\u044b\u0439 \u043e\u0442\u0442\u0435\u043d\u043e\u043a, \u0447\u0442\u043e \u0441\u0432\u044f\u0437\u0430\u043d\u043e \u0441 \u043d\u0430\u043b\u0438\u0447\u0438\u0435\u043c \u0432 \u043c\u0438\u043d\u0435\u0440\u0430\u043b\u0435 \u043e\u0433\u0440\u043e\u043c\u043d\u043e\u0433\u043e \u043a\u043e\u043b\u0438\u0447\u0435\u0441\u0442\u0432\u0430 \u043c\u0430\u0440\u0433\u0430\u043d\u0446\u0430. \u041a\u0430\u043a \u043f\u0440\u0430\u0432\u0438\u043b\u043e, \u0440\u043e\u0434\u043e\u043d\u0438\u0442 \u0438\u0441\u043f\u043e\u043b\u044c\u0437\u0443\u0435\u0442\u0441\u044f \u0434\u043b\u044f \u0441\u043e\u0437\u0434\u0430\u043d\u0438\u044f \u0432\u0441\u0435\u0432\u043e\u0437\u043c\u043e\u0436\u043d\u044b\u0445 \u043f\u043e\u0434\u0435\u043b\u043e\u043a, \u043e\u0434\u043d\u0430\u043a\u043e \u0442\u0430\u043a\u0436\u0435 \u0432\u0435\u043b\u0438\u043a\u043e\u043b\u0435\u043f\u043d\u043e \u0441\u043c\u043e\u0442\u0440\u0438\u0442\u0441\u044f \u0432 \u0440\u0430\u0437\u043b\u0438\u0447\u043d\u044b\u0445 \u0443\u043a\u0440\u0430\u0448\u0435\u043d\u0438\u044f\u0445 \u2013 [&hellip;]<\/p>\n","protected":false},"author":1,"featured_media":0,"parent":35,"menu_order":0,"comment_status":"closed","ping_status":"closed","template":"","meta":{"footnotes":""},"class_list":["post-95","page","type-page","status-publish","hentry"],"_links":{"self":[{"href":"https:\/\/insermi.com\/ro\/wp-json\/wp\/v2\/pages\/95","targetHints":{"allow":["GET"]}}],"collection":[{"href":"https:\/\/insermi.com\/ro\/wp-json\/wp\/v2\/pages"}],"about":[{"href":"https:\/\/insermi.com\/ro\/wp-json\/wp\/v2\/types\/page"}],"author":[{"embeddable":true,"href":"https:\/\/insermi.com\/ro\/wp-json\/wp\/v2\/users\/1"}],"replies":[{"embeddable":true,"href":"https:\/\/insermi.com\/ro\/wp-json\/wp\/v2\/comments?post=95"}],"version-history":[{"count":0,"href":"https:\/\/insermi.com\/ro\/wp-json\/wp\/v2\/pages\/95\/revisions"}],"up":[{"embeddable":true,"href":"https:\/\/insermi.com\/ro\/wp-json\/wp\/v2\/pages\/35"}],"wp:attachment":[{"href":"https:\/\/insermi.com\/ro\/wp-json\/wp\/v2\/media?parent=95"}],"curies":[{"name":"wp","href":"https:\/\/api.w.org\/{rel}","templated":true}]}}