{"id":91,"date":"2016-02-03T00:16:42","date_gmt":"2016-02-02T22:16:42","guid":{"rendered":"https:\/\/insermi.com\/?page_id=91"},"modified":"2016-02-03T00:16:42","modified_gmt":"2016-02-02T22:16:42","slug":"oniks","status":"publish","type":"page","link":"https:\/\/insermi.com\/ro\/o-kamnyah\/oniks\/","title":{"rendered":"Onix"},"content":{"rendered":"<p><a href=\"https:\/\/insermi.com\/wp-content\/uploads\/2015\/12\/Oniks2.jpg\" rel=\"attachment wp-att-828\"><img fetchpriority=\"high\" decoding=\"async\" src=\"https:\/\/insermi.com\/wp-content\/uploads\/2015\/12\/Oniks2.jpg\" alt=\"\u041e\u043d\u0438\u043a\u04412\" width=\"250\" height=\"200\" class=\"alignnone size-medium wp-image-828\" title=\"\"><\/a>     <a href=\"https:\/\/insermi.com\/wp-content\/uploads\/2015\/12\/Oniks1.jpg\" rel=\"attachment wp-att-829\"><img decoding=\"async\" src=\"https:\/\/insermi.com\/wp-content\/uploads\/2015\/12\/Oniks1.jpg\" alt=\"\u041e\u043d\u0438\u043a\u04411\" width=\"250\" height=\"200\" class=\"alignnone size-medium wp-image-829\" title=\"\"><\/a><\/p>\n<p>Onixul este un tip de cuar\u021b. Mineralul este colorat de diferite impurit\u0103\u021bi, care sunt dispuse \u00een straturi paralele, oferind o colorare interesant\u0103, spectaculoas\u0103. Numele mineralului provine din cuv\u00e2ntul grecesc antic \"opuch\", care \u00eenseamn\u0103 \"cui\".  Este cunoscut \u0219i sub numele de nogate, sardonyx, carneol onyx \u0219i calcedonie onyx. Culoarea onixului variaz\u0103 de la verde deschis la verde \u00eenchis. Dungile negre, ro\u0219ii, maro \u0219i albe sunt considerate a fi o caracteristic\u0103 distinctiv\u0103 a onixului. \u00cen acela\u0219i timp, cu c\u00e2t aceste dungi sunt mai sub\u021biri, cu at\u00e2t mineralul este mai scump.  Principalele z\u0103c\u0103minte de onix sunt situate \u00een Pakistan, SUA, Egipt, Brazilia, Afganistan, Mexic \u0219i India.<\/p>\n<p><strong>Onix: propriet\u0103\u021bi medicinale<\/strong><\/p>\n<p>Acest mineral uimitor are un efect pozitiv asupra \u00eentregului organism. Prin urmare, se crede c\u0103 purtarea bijuteriilor din onix pe corp va ajuta organismul \u00een ansamblu, deoarece onixul poate \u00eembun\u0103t\u0103\u021bi func\u021bionarea tuturor organelor interne.  Onixul este, de asemenea, considerat un bun remediu pentru tratarea r\u0103nilor psihice.  Alung\u0103 co\u0219marurile \u0219i ajut\u0103 \u00een combaterea insomniei. Persoanele care sufer\u0103 de obezitate, ar trebui s\u0103 bea ap\u0103 care a fost turnat\u0103 \u00eentr-un pahar de onix \u0219i a stat \u00een el timp de cel pu\u021bin o zi. O astfel de ap\u0103 de onix ajut\u0103 la accelerarea proceselor metabolice \u0219i la \u00eencetinirea proceselor digestive, reduc\u00e2nd apetitul.<\/p>\n<p><strong>Onix: propriet\u0103\u021bi magice<\/strong><\/p>\n<p>Onixul este cel mai controversat dintre toate mineralele \u00een ceea ce prive\u0219te modul \u00een care a fost tratat \u00een diferite perioade \u0219i \u00een diferite \u021b\u0103ri. De exemplu, arabii \u00eel considerau o piatr\u0103 ghinionist\u0103, motiv pentru care era poreclit \"al jazo\", care \u00eenseamn\u0103 \"trist\".  \u00cen unele triburi care tr\u0103iau \u00een Peninsula Arabic\u0103, onixul era identificat cu ochii unei femei moarte, astfel \u00eenc\u00e2t o astfel de piatr\u0103 \u00een cas\u0103 sau \u00een buzunar era considerat\u0103 ghinionist\u0103 \u0219i se \u00eencerca v\u00e2nzarea sau schimbul ei c\u00e2t mai cur\u00e2nd posibil. Chinezii, \u0219tiind unde se extrage onixul, evitau minele, crez\u00e2nd c\u0103 p\u00e2n\u0103 \u0219i contemplarea onixului net\u0103iat ar putea aduce ghinion.  Spre deosebire de aceste \u021b\u0103ri, Fran\u021ba credea c\u0103 o persoan\u0103 care g\u0103sea onix pe cont propriu nu putea fi rea, deoarece aceast\u0103 piatr\u0103 nu era dat\u0103 p\u0103c\u0103to\u0219ilor.<\/p>\n<p>Romanii antici credeau c\u0103 onixul are o energie puternic\u0103, dar \u00eei ajut\u0103 doar pe acei oameni care \u00eei folosesc puterea \u00een scopuri bune.  Dac\u0103 vorbim despre v\u00e2rsta proprietarului bijuteriei, acesta ar trebui s\u0103 fie mai degrab\u0103 o persoan\u0103 matur\u0103. Pentru persoanele din aceast\u0103 categorie de v\u00e2rst\u0103 onixul ajut\u0103 la dep\u0103\u0219irea tuturor dificult\u0103\u021bilor \u0219i greut\u0103\u021bilor \u0219i, de asemenea, \u00eenva\u021b\u0103 s\u0103 priveasc\u0103 spre viitor cu optimism.<\/p>\n<p><strong>Amulete \u0219i talismane din onix<\/strong><\/p>\n<p>Bijuteriile din onix sunt potrivite pentru to\u021bi oamenii, dar mineralul este cel mai benefic pentru cei n\u0103scu\u021bi sub semnul Fecioarei.  Ca amulet\u0103, onixul este ideal pentru lideri, descoperitori \u0219i conduc\u0103tori militari. Le va aduce noroc tuturor acestora, le va indica o cale de ie\u0219ire dintr-o situa\u021bie dificil\u0103 \u0219i \u00eei va ajuta s\u0103 aleag\u0103 calea cea bun\u0103.<\/p>\n<p>Cu toate acestea, merit\u0103 s\u0103 lu\u0103m \u00een considerare faptul c\u0103, la fel ca agatul, onixul poate fi numit condi\u021bionat o piatr\u0103 de c\u00e2ine.  Acest lucru \u00eenseamn\u0103 c\u0103 va servi cu credin\u021b\u0103 un singur st\u0103p\u00e2n - proprietarul bijuteriilor din onix. \u00cen acela\u0219i timp, pentru a-\u0219i dezv\u0103lui pe deplin poten\u021bialul, mineralul trebuie s\u0103 \"priveasc\u0103 atent\", iar atunci c\u00e2nd \"\u00een\u021belege\" c\u0103 st\u0103p\u00e2nul s\u0103u este o persoan\u0103 bun\u0103, atunci amulet\u0103 \u0219i talisman mai puternice \u0219i mai fiabile nu ve\u021bi g\u0103si.   Protejeaz\u0103 de moartea subit\u0103, ajut\u0103 la luarea deciziilor, \u00eendeamn\u0103 cum s\u0103 finaliza\u021bi cu succes \u0219i profitabil afacerile, cum s\u0103 conduce\u021bi negocierile de afaceri \u0219i multe altele.  Dup\u0103 ce a fost deschis, onixul \u00eencepe s\u0103-l \u00eenve\u021be pe proprietarul s\u0103u cum s\u0103 ating\u0103 obiectivul c\u00e2t mai repede \u0219i mai competent posibil.<\/p>","protected":false},"excerpt":{"rendered":"<p>\u041e\u043d\u0438\u043a\u0441\u043e\u043c \u043d\u0430\u0437\u044b\u0432\u0430\u044e\u0442 \u0440\u0430\u0437\u043d\u043e\u0432\u0438\u0434\u043d\u043e\u0441\u0442\u044c \u043a\u0432\u0430\u0440\u0446\u0430. \u041e\u043a\u0440\u0430\u0441\u043a\u0443 \u043c\u0438\u043d\u0435\u0440\u0430\u043b\u0443 \u043f\u0440\u0438\u0434\u0430\u044e\u0442 \u0440\u0430\u0437\u043b\u0438\u0447\u043d\u044b\u0435 \u043f\u0440\u0438\u043c\u0435\u0441\u0438, \u043a\u043e\u0442\u043e\u0440\u044b\u0435 \u0440\u0430\u0441\u043f\u043e\u043b\u0430\u0433\u0430\u044e\u0442\u0441\u044f \u0432 \u043f\u0430\u0440\u0430\u043b\u043b\u0435\u043b\u044c\u043d\u044b\u0445 \u0441\u043b\u043e\u044f\u0445, \u043e\u0431\u0435\u0441\u043f\u0435\u0447\u0438\u0432\u0430\u044f \u0438\u043d\u0442\u0435\u0440\u0435\u0441\u043d\u0443\u044e, \u044d\u0444\u0444\u0435\u043a\u0442\u043d\u0443\u044e \u0440\u0430\u0441\u0446\u0432\u0435\u0442\u043a\u0443. \u041d\u0430\u0437\u0432\u0430\u043d\u0438\u0435 \u043c\u0438\u043d\u0435\u0440\u0430\u043b\u0430 \u043f\u043e\u0445\u043e\u0434\u0438\u0442 \u043e\u0442 \u0434\u0440\u0435\u0432\u043d\u0435\u0433\u0440\u0435\u0447\u0435\u0441\u043a\u043e\u0433\u043e \u0441\u043b\u043e\u0432\u0430 \u00ab\u043e\u043f\u0443\u0445\u00bb, \u0447\u0442\u043e \u0432 \u043f\u0435\u0440\u0435\u0432\u043e\u0434\u0435 \u043e\u0437\u043d\u0430\u0447\u0430\u0435\u0442 \u00ab\u043d\u043e\u0433\u043e\u0442\u044c\u00bb. \u041a\u0440\u043e\u043c\u0435 \u044d\u0442\u043e\u0433\u043e \u043e\u043d \u0438\u0437\u0432\u0435\u0441\u0442\u0435\u043d \u0435\u0449\u0435 \u043f\u043e\u0434 \u0438\u043c\u0435\u043d\u0430\u043c\u0438 \u043d\u043e\u0433\u0430\u0442, \u0441\u0430\u0440\u0434\u043e\u043d\u0438\u043a\u0441, \u043a\u0430\u0440\u043d\u0435\u043e\u043b-\u043e\u043d\u0438\u043a\u0441 \u0438 \u0445\u0430\u043b\u0446\u0435\u0434\u043e\u043d-\u043e\u043d\u0438\u043a\u0441. \u0426\u0432\u0435\u0442 \u043e\u043d\u0438\u043a\u0441\u0430 \u0432\u0430\u0440\u044c\u0438\u0440\u0443\u0435\u0442\u0441\u044f \u043e\u0442 \u0441\u0432\u0435\u0442\u043b\u043e-\u0437\u0435\u043b\u0435\u043d\u043e\u0433\u043e, \u0434\u043e \u0442\u0435\u043c\u043d\u043e-\u0437\u0435\u043b\u0435\u043d\u043e\u0433\u043e. \u041e\u0442\u043b\u0438\u0447\u0438\u0442\u0435\u043b\u044c\u043d\u043e\u0439 \u0447\u0435\u0440\u0442\u043e\u0439 \u043e\u043d\u0438\u043a\u0441\u0430 \u0441\u0447\u0438\u0442\u0430\u044e\u0442\u0441\u044f \u043f\u043e\u043b\u043e\u0441\u043a\u0438 \u0447\u0435\u0440\u043d\u043e\u0433\u043e, [&hellip;]<\/p>\n","protected":false},"author":1,"featured_media":0,"parent":35,"menu_order":0,"comment_status":"closed","ping_status":"closed","template":"","meta":{"footnotes":""},"class_list":["post-91","page","type-page","status-publish","hentry"],"_links":{"self":[{"href":"https:\/\/insermi.com\/ro\/wp-json\/wp\/v2\/pages\/91","targetHints":{"allow":["GET"]}}],"collection":[{"href":"https:\/\/insermi.com\/ro\/wp-json\/wp\/v2\/pages"}],"about":[{"href":"https:\/\/insermi.com\/ro\/wp-json\/wp\/v2\/types\/page"}],"author":[{"embeddable":true,"href":"https:\/\/insermi.com\/ro\/wp-json\/wp\/v2\/users\/1"}],"replies":[{"embeddable":true,"href":"https:\/\/insermi.com\/ro\/wp-json\/wp\/v2\/comments?post=91"}],"version-history":[{"count":0,"href":"https:\/\/insermi.com\/ro\/wp-json\/wp\/v2\/pages\/91\/revisions"}],"up":[{"embeddable":true,"href":"https:\/\/insermi.com\/ro\/wp-json\/wp\/v2\/pages\/35"}],"wp:attachment":[{"href":"https:\/\/insermi.com\/ro\/wp-json\/wp\/v2\/media?parent=91"}],"curies":[{"name":"wp","href":"https:\/\/api.w.org\/{rel}","templated":true}]}}