{"id":89,"date":"2016-02-03T00:16:16","date_gmt":"2016-02-02T22:16:16","guid":{"rendered":"https:\/\/insermi.com\/?page_id=89"},"modified":"2016-02-03T00:16:16","modified_gmt":"2016-02-02T22:16:16","slug":"obsidian","status":"publish","type":"page","link":"https:\/\/insermi.com\/ro\/o-kamnyah\/obsidian\/","title":{"rendered":"Obsidian"},"content":{"rendered":"<p><a href=\"https:\/\/insermi.com\/wp-content\/uploads\/2015\/12\/Obsidian2.jpg\" rel=\"attachment wp-att-823\"><img fetchpriority=\"high\" decoding=\"async\" src=\"https:\/\/insermi.com\/wp-content\/uploads\/2015\/12\/Obsidian2.jpg\" alt=\"\u041e\u0431\u0441\u0438\u0434\u0438\u0430\u043d2\" width=\"300\" height=\"225\" class=\"alignnone size-medium wp-image-823\" title=\"\"><\/a>     <a href=\"https:\/\/insermi.com\/wp-content\/uploads\/2015\/12\/Obsidian1.jpg\" rel=\"attachment wp-att-822\"><img decoding=\"async\" src=\"https:\/\/insermi.com\/wp-content\/uploads\/2015\/12\/Obsidian1.jpg\" alt=\"\u041e\u0431\u0441\u0438\u0434\u0438\u0430\u043d1\" width=\"300\" height=\"225\" class=\"alignnone size-medium wp-image-822\" title=\"\"><\/a><\/p>\n<p>Obsidianul este o sticl\u0103 vulcanic\u0103 care a fost supus\u0103 r\u0103cirii rapide a rocilor \u00eenc\u0103lzite. Numele s\u0103u provine de la numele r\u0103zboinicului roman antic Obsidius. Conform legendei, el a fost primul care a adus obsidianul la Roma. Istoricii sus\u021bin c\u0103 pot indica chiar \u0219i locul de unde a fost livrat primul obsidian. Aceasta are \u0219i alte denumiri. \u00cen diferite epoci, obsidianul a fost numit piatr\u0103 de smoal\u0103, piatr\u0103 de sticl\u0103, lemn de munte, persan, wasserchrysolite, agat islandez sau obsidian de z\u0103pad\u0103. Culoarea sa variaz\u0103, ceea ce se datoreaz\u0103 compozi\u021biei sale. Obsidianul poate fi alb-cenu\u0219iu, ro\u0219u, gri, galben, maro sau negru. Obsidianul negru cu frumoase incluziuni ro\u0219u-maronii se g\u0103se\u0219te \u0219i \u00een natur\u0103.<\/p>\n<p><strong>Obsidian: propriet\u0103\u021bi medicinale<\/strong><\/p>\n<p>Se credea c\u0103 a cump\u0103ra obsidian \u00eenseamn\u0103 a fi vindecat de r\u0103celi pentru o lung\u0103 perioad\u0103 de timp. Este capabil s\u0103 \u00eent\u0103reasc\u0103 organismul \u0219i s\u0103-l protejeze de diverse boli, principala cauz\u0103 fiind hipotermia. \u00cen plus, obsidianul protejeaz\u0103 de probleme ale tractului gastro-intestinal. Se crede c\u0103 m\u0103rgelele de obsidian, colierele sau m\u0103rgelele rozariului scad tensiunea arterial\u0103. Bolile virale sunt, de asemenea, \u00een siguran\u021b\u0103 dac\u0103 purta\u021bi un colier sau alte bijuterii din obsidian.<\/p>\n<p><strong>Obsidian: propriet\u0103\u021bi magice<\/strong><\/p>\n<p>Obsidianul \u0219i ritualurile magice au mers \u00eentotdeauna m\u00e2n\u0103 \u00een m\u00e2n\u0103. Preo\u021bii maya\u0219i foloseau obsidianul pentru a confec\u021biona cu\u021bite de sacrificiu, iar vechii sumerieni f\u0103ceau oglinzi care erau folosite \u00een ritualuri magice.  Obsidianul este folosit \u0219i ast\u0103zi pentru a arunca o privire \u00een viitor \u0219i a dezv\u0103lui secretele trecutului: din acest mineral se fac bilele magice, care sunt folosite de majoritatea magicienilor \u0219i ghicitorilor.<\/p>\n<p><strong>Amulete \u0219i talismane din obsidian<\/strong><\/p>\n<p>Obsidianul este cel mai adesea ales ca amulet\u0103 de c\u0103tre magicienii practican\u021bi, oamenii de \u0219tiin\u021b\u0103 \u0219i naturali\u0219tii. \u00cen general, este considerat\u0103 a fi o amulet\u0103 pentru to\u021bi cei care se tem sau care sunt ataca\u021bi: nu conteaz\u0103 dac\u0103 aceste for\u021be sunt reale sau mistice. Bijuteriile din obsidian, pe l\u00e2ng\u0103 faptul c\u0103 arat\u0103 foarte bine pe corp, protejeaz\u0103 \u00een mod fiabil \u0219i de privirile rele, de iubirea rea, impur\u0103, invidie \u0219i magie.<\/p>\n<p>Cui i se recomand\u0103 s\u0103 poarte bijuterii din obsidian? Persoanele n\u0103scute sub semnul Leului, S\u0103get\u0103torului \u0219i Capricornului ar trebui s\u0103 cumpere obsidian. Oamenii puternici obsidianul \u00eei ajut\u0103 s\u0103 dep\u0103\u0219easc\u0103 \u00eendoielile \u0219i s\u0103 decid\u0103 asupra unui pas important. Obsidianul este considerat a fi o piatr\u0103 unic\u0103. Se crede c\u0103 obsidianul este o piatr\u0103 unic\u0103, deoarece ofer\u0103 ceva diferit fiec\u0103rei persoane, exact ceea ce \u00eei lipse\u0219te \u00een acel moment.<\/p>","protected":false},"excerpt":{"rendered":"<p>\u041e\u0431\u0441\u0438\u0434\u0438\u0430\u043d\u043e\u043c \u043d\u0430\u0437\u044b\u0432\u0430\u044e\u0442 \u0432\u0443\u043b\u043a\u0430\u043d\u0438\u0447\u0435\u0441\u043a\u043e\u0435 \u0441\u0442\u0435\u043a\u043b\u043e, \u043a\u043e\u0442\u043e\u0440\u043e\u0435 \u043f\u043e\u0434\u0432\u0435\u0440\u0433\u043b\u043e\u0441\u044c \u0431\u044b\u0441\u0442\u0440\u043e\u043c\u0443 \u043e\u0445\u043b\u0430\u0436\u0434\u0435\u043d\u0438\u044e \u0440\u0430\u0437\u043e\u0433\u0440\u0435\u0442\u044b\u0445 \u0433\u043e\u0440\u043d\u044b\u0445 \u043f\u043e\u0440\u043e\u0434. \u0421\u0432\u043e\u0435 \u043d\u0430\u0437\u0432\u0430\u043d\u0438\u0435 \u043e\u043d \u043f\u043e\u043b\u0443\u0447\u0438\u043b \u043e\u0442 \u0438\u043c\u0435\u043d\u0438 \u0434\u0440\u0435\u0432\u043d\u0435\u0440\u0438\u043c\u0441\u043a\u043e\u0433\u043e \u0432\u043e\u0438\u043d\u0430 \u041e\u0431\u0441\u0438\u0434\u0438\u044f. \u0418\u043c\u0435\u043d\u043d\u043e \u043e\u043d, \u0441\u043e\u0433\u043b\u0430\u0441\u043d\u043e \u043b\u0435\u0433\u0435\u043d\u0434\u0435, \u0432\u043f\u0435\u0440\u0432\u044b\u0435 \u043f\u0440\u0438\u043d\u0435\u0441 \u043e\u0431\u0441\u0438\u0434\u0438\u0430\u043d \u0432 \u0420\u0438\u043c. \u0418\u0441\u0442\u043e\u0440\u0438\u043a\u0438 \u0443\u0442\u0432\u0435\u0440\u0436\u0434\u0430\u044e\u0442, \u0447\u0442\u043e \u043c\u043e\u0433\u0443\u0442 \u0434\u0430\u0436\u0435 \u0443\u043a\u0430\u0437\u0430\u0442\u044c \u043c\u0435\u0441\u0442\u043e, \u043e\u0442\u043a\u0443\u0434\u0430 \u0431\u044b\u043b \u0434\u043e\u0441\u0442\u0430\u0432\u043b\u0435\u043d \u0438\u043c\u0435\u043d\u043d\u043e \u0442\u043e\u0442, \u043f\u0435\u0440\u0432\u044b\u0439 \u043e\u0431\u0441\u0438\u0434\u0438\u0430\u043d. \u0415\u0441\u0442\u044c \u0443 \u043d\u0435\u0433\u043e \u0438 \u0434\u0440\u0443\u0433\u0438\u0435 \u0438\u043c\u0435\u043d\u0430. \u041e\u0431\u0441\u0438\u0434\u0438\u0430\u043d \u0432 \u0440\u0430\u0437\u043d\u044b\u0435 \u0432\u0440\u0435\u043c\u0435\u043d\u0430 \u043d\u0430\u0437\u044b\u0432\u0430\u043b\u0438 \u0441\u043c\u043e\u043b\u044f\u043d\u044b\u043c [&hellip;]<\/p>\n","protected":false},"author":1,"featured_media":0,"parent":35,"menu_order":0,"comment_status":"closed","ping_status":"closed","template":"","meta":{"footnotes":""},"class_list":["post-89","page","type-page","status-publish","hentry"],"_links":{"self":[{"href":"https:\/\/insermi.com\/ro\/wp-json\/wp\/v2\/pages\/89","targetHints":{"allow":["GET"]}}],"collection":[{"href":"https:\/\/insermi.com\/ro\/wp-json\/wp\/v2\/pages"}],"about":[{"href":"https:\/\/insermi.com\/ro\/wp-json\/wp\/v2\/types\/page"}],"author":[{"embeddable":true,"href":"https:\/\/insermi.com\/ro\/wp-json\/wp\/v2\/users\/1"}],"replies":[{"embeddable":true,"href":"https:\/\/insermi.com\/ro\/wp-json\/wp\/v2\/comments?post=89"}],"version-history":[{"count":0,"href":"https:\/\/insermi.com\/ro\/wp-json\/wp\/v2\/pages\/89\/revisions"}],"up":[{"embeddable":true,"href":"https:\/\/insermi.com\/ro\/wp-json\/wp\/v2\/pages\/35"}],"wp:attachment":[{"href":"https:\/\/insermi.com\/ro\/wp-json\/wp\/v2\/media?parent=89"}],"curies":[{"name":"wp","href":"https:\/\/api.w.org\/{rel}","templated":true}]}}