{"id":85,"date":"2016-02-03T00:15:30","date_gmt":"2016-02-02T22:15:30","guid":{"rendered":"https:\/\/insermi.com\/?page_id=85"},"modified":"2016-02-03T00:15:30","modified_gmt":"2016-02-02T22:15:30","slug":"malahit","status":"publish","type":"page","link":"https:\/\/insermi.com\/ro\/o-kamnyah\/malahit\/","title":{"rendered":"Malachit"},"content":{"rendered":"<p><a href=\"https:\/\/insermi.com\/wp-content\/uploads\/2015\/12\/Malahit2.jpg\" rel=\"attachment wp-att-812\"><img fetchpriority=\"high\" decoding=\"async\" src=\"https:\/\/insermi.com\/wp-content\/uploads\/2015\/12\/Malahit2-300x188.jpg\" alt=\"\u041c\u0430\u043b\u0430\u0445\u0438\u04422\" width=\"300\" height=\"188\" class=\"alignnone size-medium wp-image-812\" title=\"\"><\/a>     <a href=\"https:\/\/insermi.com\/wp-content\/uploads\/2015\/12\/Malahit1.jpg\" rel=\"attachment wp-att-813\"><img decoding=\"async\" src=\"https:\/\/insermi.com\/wp-content\/uploads\/2015\/12\/Malahit1-300x188.jpg\" alt=\"\u041c\u0430\u043b\u0430\u0445\u0438\u04421\" width=\"300\" height=\"188\" class=\"alignnone size-medium wp-image-813\" title=\"\"><\/a><\/p>\n<p>Malachitul este un mineral din clasa carbona\u021bilor, mai precis a carbonatului de cupru apos, colorat \u00een verde \u0219i nuan\u021bele sale, p\u00e2n\u0103 la un num\u0103r par. Malachita \u0219i-a primit numele de la cuv\u00e2ntul grecesc antic \"malakos\", care se traduce prin \"moale\". Exist\u0103 \u0219i alte denumiri: minereu de satin, verde de cupru, malachit plisovy, piatra p\u0103unului. Z\u0103c\u0103minte de malachit se afl\u0103 \u00een Rusia, l\u00e2ng\u0103 Ekaterinburg, precum \u0219i \u00een Rom\u00e2nia, SUA, Zimbabwe, Australia \u0219i Chile.<\/p>\n<p><strong>Malachit: propriet\u0103\u021bi medicinale<\/strong><\/p>\n<p>Se crede c\u0103 malachitul vindec\u0103 multe afec\u021biuni, dar are un efect deosebit de puternic asupra vederii, aten\u021biei, organelor respiratorii, precum \u0219i asupra organelor digestive \u0219i echilibrului mental.  Este adesea folosit\u0103 pentru a trata durerile de cap de orice origine. Vindec\u0103torii cred, de asemenea, c\u0103 malachitul este un remediu excelent pentru tot felul de boli de piele. Dac\u0103 purta\u021bi m\u0103rgele de malachit, p\u0103rul v\u0103 va cre\u0219te mai repede. De asemenea, va ajuta \u00een cazul reumatismului.<\/p>\n<p><strong>Malachit: propriet\u0103\u021bi magice<\/strong><\/p>\n<p>Malachitul a fost folosit \u00een multe moduri diferite de-a lungul timpului. Femeile egiptene foloseau verdele de malachit pentru a face s\u0103ge\u021bi pe ochi, lungindu-i vizual, \u0219i, de asemenea, aplicau pudra pe pleoapa superioar\u0103 ca umbr\u0103. Medicii vr\u0103jitori din Urali se tratau cu praf de malachit \u0219i, de asemenea, credeau \u00een capacitatea malachitului de a salva de cium\u0103, holer\u0103, precum \u0219i de a face ca orice vis s\u0103 devin\u0103 realitate.  Magicienii moderni sus\u021bin c\u0103 malachitul este una dintre cele mai puternice pietre magice. Mai ales cu mare aten\u021bie ar trebui s\u0103 trateze puterea femeilor de malachit. Mineralul atrage aten\u021bia sexului opus asupra proprietarei bijuteriilor at\u00e2t de puternic \u00eenc\u00e2t ea poate fi chiar supus\u0103 violen\u021bei.  Pentru ca acest lucru s\u0103 nu se \u00eent\u00e2mple, bijuteriile cu malachit sunt cel mai bine setate \u00een argint, care are capacitatea de a neutraliza puterea masculin\u0103.  Magia malachitei este cea mai puternic\u0103 \u00een luna mai, a\u0219a c\u0103 \u00een aceast\u0103 lun\u0103 ar trebui s\u0103 fie folosit\u0103 c\u00e2t mai des posibil.<\/p>\n<p><strong>Amulete \u0219i talismane din malachit<\/strong><\/p>\n<p>Malachitul este considerat cea mai puternic\u0103 amulet\u0103 pentru copii. \u00cei protejeaz\u0103 de atacuri nu doar astrale, ci \u0219i destul de reale.  Le favorizeaz\u0103 cre\u0219terea rapid\u0103, \u00eei protejeaz\u0103 de boli \u0219i le atrage prieteni buni.<\/p>\n<p>Cu toate acestea, trebuie avut \u00een vedere faptul c\u0103 malachitul are o dubl\u0103 influen\u021b\u0103 asupra adul\u021bilor. Astfel, poate atrage at\u00e2t oameni buni, c\u00e2t \u0219i r\u0103i, oferindu-i posesorului de bijuterii din malachit s\u0103 aleag\u0103 cine este mai pe placul s\u0103u. Dac\u0103 vorbim despre semnele zodiacale, malachitul este recomandat s\u0103 poarte persoanele n\u0103scute sub semnul Taurului \u0219i al Balan\u021bei. \u00cei va ajuta s\u0103 devin\u0103 mai atr\u0103g\u0103tori \u0219i \u00eei va \u00eenv\u0103\u021ba elocven\u021ba. Malahitul favorizeaz\u0103 Leii, dar nu este potrivit pentru Rac, Fecioar\u0103 \u0219i Scorpion.<\/p>\n<p>Ca talisman, bijuteriile din malachit sunt recomandate celor care caut\u0103 patronajul Muzelor \u0219i se potrivesc cel mai bine \u00een metale albe: aluminiu, platin\u0103 sau argint.<\/p>","protected":false},"excerpt":{"rendered":"<p>\u041c\u0430\u043b\u0430\u0445\u0438\u0442\u043e\u043c \u043d\u0430\u0437\u044b\u0432\u0430\u044e\u0442 \u043c\u0438\u043d\u0435\u0440\u0430\u043b \u043a\u043b\u0430\u0441\u0441\u0430 \u043a\u0430\u0440\u0431\u043e\u043d\u0430\u0442\u043e\u0432, \u0430 \u0442\u043e\u0447\u043d\u0435\u0435 \u0432\u043e\u0434\u043d\u044b\u0439 \u043a\u0430\u0440\u0431\u043e\u043d\u0430\u0442 \u043c\u0435\u0434\u0438, \u0440\u0430\u0441\u043a\u0440\u0430\u0448\u0435\u043d\u043d\u044b\u0439 \u0432 \u0437\u0435\u043b\u0435\u043d\u044b\u0439 \u0438 \u0435\u0433\u043e \u043e\u0442\u0442\u0435\u043d\u043a\u0438, \u0432\u043f\u043b\u043e\u0442\u044c \u0434\u043e \u0447\u0435\u0442\u043d\u043e\u0433\u043e. \u0421\u0432\u043e\u0435 \u0438\u043c\u044f \u043c\u0430\u043b\u0430\u0445\u0438\u0442 \u043f\u043e\u043b\u0443\u0447\u0438\u043b \u043e\u0442 \u0434\u0440\u0435\u0432\u043d\u0435\u0433\u0440\u0435\u0447\u0435\u0441\u043a\u043e\u0433\u043e \u0441\u043b\u043e\u0432\u0430 \u00abmalakos\u00bb, \u0447\u0442\u043e \u043f\u0435\u0440\u0435\u0432\u043e\u0434\u0438\u0442\u0441\u044f \u043a\u0430\u043a \u00ab\u043c\u044f\u0433\u043a\u0438\u0439\u00bb. \u0415\u0441\u0442\u044c \u0438 \u0434\u0440\u0443\u0433\u0438\u0435 \u043d\u0430\u0437\u0432\u0430\u043d\u0438\u044f: \u0430\u0442\u043b\u0430\u0441\u043d\u0430\u044f \u0440\u0443\u0434\u0430, \u043c\u0435\u0434\u043d\u0430\u044f \u0437\u0435\u043b\u0435\u043d\u044c, \u043f\u043b\u0438\u0441\u043e\u0432\u044b\u0439 \u043c\u0430\u043b\u0430\u0445\u0438\u0442, \u043f\u0430\u0432\u043b\u0438\u043d\u0438\u0439 \u043a\u0430\u043c\u0435\u043d\u044c. \u041c\u0435\u0441\u0442\u043e\u0440\u043e\u0436\u0434\u0435\u043d\u0438\u044f \u043c\u0430\u043b\u0430\u0445\u0438\u0442\u0430 \u043d\u0430\u0445\u043e\u0434\u044f\u0442\u0441\u044f \u043d\u0430 \u0442\u0435\u0440\u0440\u0438\u0442\u043e\u0440\u0438\u0438 \u0420\u043e\u0441\u0441\u0438\u0438, \u0432 \u0440\u0430\u0439\u043e\u043d\u0435 \u0415\u043a\u0430\u0442\u0435\u0440\u0438\u043d\u0431\u0443\u0440\u0433\u0430, \u0430 \u0442\u0430\u043a\u0436\u0435 \u0432 [&hellip;]<\/p>\n","protected":false},"author":1,"featured_media":0,"parent":35,"menu_order":0,"comment_status":"closed","ping_status":"closed","template":"","meta":{"footnotes":""},"class_list":["post-85","page","type-page","status-publish","hentry"],"_links":{"self":[{"href":"https:\/\/insermi.com\/ro\/wp-json\/wp\/v2\/pages\/85","targetHints":{"allow":["GET"]}}],"collection":[{"href":"https:\/\/insermi.com\/ro\/wp-json\/wp\/v2\/pages"}],"about":[{"href":"https:\/\/insermi.com\/ro\/wp-json\/wp\/v2\/types\/page"}],"author":[{"embeddable":true,"href":"https:\/\/insermi.com\/ro\/wp-json\/wp\/v2\/users\/1"}],"replies":[{"embeddable":true,"href":"https:\/\/insermi.com\/ro\/wp-json\/wp\/v2\/comments?post=85"}],"version-history":[{"count":0,"href":"https:\/\/insermi.com\/ro\/wp-json\/wp\/v2\/pages\/85\/revisions"}],"up":[{"embeddable":true,"href":"https:\/\/insermi.com\/ro\/wp-json\/wp\/v2\/pages\/35"}],"wp:attachment":[{"href":"https:\/\/insermi.com\/ro\/wp-json\/wp\/v2\/media?parent=85"}],"curies":[{"name":"wp","href":"https:\/\/api.w.org\/{rel}","templated":true}]}}