{"id":79,"date":"2016-02-03T00:14:17","date_gmt":"2016-02-02T22:14:17","guid":{"rendered":"https:\/\/insermi.com\/?page_id=79"},"modified":"2016-02-03T00:14:17","modified_gmt":"2016-02-02T22:14:17","slug":"labrador","status":"publish","type":"page","link":"https:\/\/insermi.com\/ro\/o-kamnyah\/labrador\/","title":{"rendered":"Labradorit"},"content":{"rendered":"<p><a href=\"https:\/\/insermi.com\/wp-content\/uploads\/2015\/12\/Labrador1.jpg\" rel=\"attachment wp-att-795\"><img fetchpriority=\"high\" decoding=\"async\" src=\"https:\/\/insermi.com\/wp-content\/uploads\/2015\/12\/Labrador1.jpg\" alt=\"\u041b\u0430\u0431\u0440\u0430\u0434\u043e\u04401\" width=\"300\" height=\"225\" class=\"alignnone size-medium wp-image-795\" title=\"\"><\/a>     <a href=\"https:\/\/insermi.com\/wp-content\/uploads\/2015\/12\/Labrador2.jpg\" rel=\"attachment wp-att-796\"><img decoding=\"async\" src=\"https:\/\/insermi.com\/wp-content\/uploads\/2015\/12\/Labrador2.jpg\" alt=\"\u041b\u0430\u0431\u0440\u0430\u0434\u043e\u04402\" width=\"300\" height=\"225\" class=\"alignnone size-medium wp-image-796\" title=\"\"><\/a><\/p>\n<p>Labradoritul este un mineral, una dintre variet\u0103\u021bile de feldspat de tul. A fost descoperit pentru prima dat\u0103 pe insula Labrador (de unde \u0219i-a primit numele) la sf\u00e2r\u0219itul secolului al XVIII-lea. Mai are \u0219i alte denumiri: cariatit\u0103, spectroit\u0103, piatr\u0103 de lun\u0103 neagr\u0103 \u0219i ochi de taur. Culoarea mineralului poate varia de la gri-verzui, la gri \u00eenchis \u0219i chiar negru cu reflexii multicolore, care sunt clar vizibile atunci c\u00e2nd labradorul este u\u0219or \u00eentors.  Mineralul are o str\u0103lucire sticloas\u0103, mat\u0103.   Este frumos labradorul? Cunosc\u0103torii asigur\u0103 c\u0103 aceasta este o piatr\u0103 pentru cei ale\u0219i, care sunt capabili s\u0103 aprecieze atractivitatea \u0219i complexitatea mineralului. Cele mai mari z\u0103c\u0103minte de labrador sunt situate \u00een Australia, India, Ucraina \u0219i Germania.<\/p>\n<p><strong>Labradorit: propriet\u0103\u021bi medicinale<\/strong><\/p>\n<p>Labradoritul este adesea folosit \u00een medicin\u0103 ca restaurator \u0219i tonic pentru \u00eentregul organism. \u00cen plus, a fost remarcat pentru capacitatea sa de a trata coloana vertebral\u0103, impoten\u021ba, infertilitatea, prostata \u0219i sistemul genito-urinar.  Inelele \u0219i pandantivele realizate din labradorit pot ridica starea de spirit, precum \u0219i atenua efectele stresului.  De asemenea, ajut\u0103 persoanele care sunt supuse influen\u021bei nefaste a \"obiceiurilor proaste\" - fumatul, dependen\u021ba de droguri \u0219i alcoolismul. Este suficient s\u0103 purta\u021bi un inel de labrador pe degetul mijlociu, iar mineralul va avea constant un efect terapeutic.<\/p>\n<p><strong>Labradorit: propriet\u0103\u021bi magice<\/strong><\/p>\n<p>Se crede c\u0103 labradorul are puteri magice puternice care nu au fost \u00eenc\u0103 explorate pe deplin. Dar ast\u0103zi este deja clar c\u0103, ca niciun alt mineral, este capabil s\u0103 sporeasc\u0103 de multe ori darul previziunii, abilit\u0103\u021bile psihice \u0219i a fost mult timp considerat o amulet\u0103 pentru magicieni \u0219i vindec\u0103tori. Dac\u0103 dori\u021bi s\u0103 v\u0103 dezv\u0103lui\u021bi talentul, s\u0103 da\u021bi dovad\u0103 de imagina\u021bie \u0219i s\u0103 \"\u00eembr\u0103\u021bi\u0219a\u021bi imensitatea\", atunci ar trebui cu siguran\u021b\u0103 s\u0103 cump\u0103ra\u021bi o bijuterie din labradorit.  Cu toate acestea, exper\u021bii avertizeaz\u0103 c\u0103 ar trebui s\u0103 fie purtat\u0103 de persoane mature, \u00eencep\u00e2nd de la treizeci de ani. Tinerii nu \u0219tiu s\u0103 \u00ee\u0219i evalueze corect capacit\u0103\u021bile, iar labradoritul poate ceda \u00een astfel de aventuri, din care nu exist\u0103 cale de ie\u0219ire.<\/p>\n<p>Bijuteriile Labrador vor fi o amulet\u0103 excelent\u0103 pentru persoanele cu profesii creative, cum ar fi muzicienii, arti\u0219tii, poe\u021bii \u0219i scriitorii. Bijuteriile din labradorit nu ar trebui s\u0103 fie date niciodat\u0103. Ea \u00ee\u0219i \"iube\u0219te\" proprietarul \u0219i \u00eel ajut\u0103 \u00een toate.<\/p>\n<p>Dac\u0103 este nevoie de o amulet\u0103 \u0219i nu purta\u021bi bijuterii, atunci \u00een acest scop sunt potrivite statuetele sau Labradoritul solid. \u00cen acest caz, cel mai bine este s\u0103 pune\u021bi amuleta \u00een locul cel mai proeminent, astfel \u00eenc\u00e2t el s\u0103 poat\u0103 vedea totul \u0219i s\u0103 proceseze energia negativ\u0103 \u00een pozitiv\u0103. Pentru ca acesta s\u0103 poat\u0103 func\u021biona \u00een mod constant, labradoritul ar trebui s\u0103 fie re\u00eenc\u0103rcat. Este necesar s\u0103 o face\u021bi \u00een luna nou\u0103, a\u0219ez\u00e2nd o bijuterie din labrador pe pervazul ferestrei noaptea, c\u00e2nd Luna este clar vizibil\u0103.<\/p>\n<p>Labradoritul este, de asemenea, probabil singurul mineral pe care exper\u021bii \u00eel \u00eempart \u00een func\u021bie de sex. Astfel, labradoritul mai deschis cu str\u0103lucire aurie \u0219i albastr\u0103 este masculin, iar cel cu dungi verzi-maronii este feminin. \u00cen acela\u0219i timp, este mai bine s\u0103 cump\u0103ra\u021bi bijuterii din labradorit cu o familie. Deci \u0219i prosperitatea \u00een cas\u0103 va fi, \u0219i tu \u00een via\u021b\u0103 va z\u00e2mbi noroc. Cea mai important\u0103 regul\u0103 - \u00een nici un caz nu poate da s\u0103 ating\u0103 bijuteriile din labradorit pentru str\u0103ini. Deoarece poate distruge bun\u0103voin\u021ba mineralului.<\/p>\n<p><strong>Amulete \u0219i talismane realizate din labradorit<\/strong><\/p>\n<p>Bijuteriile Labrador sunt recomandate persoanelor n\u0103scute sub semnul Leului, Fecioarei, Berbecului \u0219i Scorpionului.  \u0218i, de asemenea, magicienilor practican\u021bi care caut\u0103 s\u0103 \u00ee\u0219i extind\u0103 abilit\u0103\u021bile.  Exist\u0103 un singur avertisment: magicianul trebuie s\u0103 fie un sus\u021bin\u0103tor al magiei albe. Pentru magicianul negru labradorul nu va \u00eempiedica, dar va crea \u00een cele din urm\u0103 astfel de condi\u021bii, din cauza c\u0103rora va avea probleme.  Bijuteriile cu labrador sunt perfecte \u0219i ca amulete pentru persoanele care sunt implicate \u00een finan\u021be \u0219i anali\u0219ti.<\/p>","protected":false},"excerpt":{"rendered":"<p>\u041b\u0430\u0431\u0440\u0430\u0434\u043e\u0440\u043e\u043c \u043d\u0430\u0437\u044b\u0432\u0430\u044e\u0442 \u043c\u0438\u043d\u0435\u0440\u0430\u043b, \u043e\u0434\u043d\u0443 \u0438\u0437 \u0440\u0430\u0437\u043d\u043e\u0432\u0438\u0434\u043d\u043e\u0441\u0442\u0435\u0439 \u0442\u044e\u043b\u0435\u0432\u043e\u0433\u043e \u0448\u043f\u0430\u0442\u0430. \u0412\u043f\u0435\u0440\u0432\u044b\u0435 \u043e\u043d \u0431\u044b\u043b \u043e\u0431\u043d\u0430\u0440\u0443\u0436\u0435\u043d \u043d\u0430 \u043e\u0441\u0442\u0440\u043e\u0432\u0435 \u041b\u0430\u0431\u0440\u0430\u0434\u043e\u0440 (\u043e\u0442\u043a\u0443\u0434\u0430 \u0438 \u043f\u043e\u043b\u0443\u0447\u0438\u043b \u0441\u0432\u043e\u0435\u043c \u0438\u043c\u044f) \u0432 \u043a\u043e\u043d\u0446\u0435 XVIII\u0432\u0435\u043a\u0430. \u0415\u0441\u0442\u044c \u0443 \u043d\u0435\u0433\u043e \u0438 \u0434\u0440\u0443\u0433\u0438\u0435 \u0438\u043c\u0435\u043d\u0430: \u043a\u0430\u0440\u0438\u0430\u0442\u0438\u0442, \u0441\u043f\u0435\u043a\u0442\u0440\u043e\u043b\u0438\u0442, \u0447\u0435\u0440\u043d\u044b\u0439 \u043b\u0443\u043d\u043d\u044b\u0439 \u043a\u0430\u043c\u0435\u043d\u044c, \u0430 \u0442\u0430\u043a\u0436\u0435 \u0431\u044b\u0447\u0438\u0439 \u0433\u043b\u0430\u0437. \u041e\u043a\u0440\u0430\u0441\u043a\u0430 \u043c\u0438\u043d\u0435\u0440\u0430\u043b\u0430 \u043c\u043e\u0436\u0435\u0442 \u043e\u0442 \u0437\u0435\u043b\u0435\u043d\u043e\u0432\u0430\u0442\u043e-\u0441\u0435\u0440\u043e\u0439, \u0434\u043e \u0442\u0435\u043c\u043d\u043e-\u0441\u0435\u0440\u043e\u0439 \u0438 \u0434\u0430\u0436\u0435 \u0447\u0435\u0440\u043d\u043e\u0439 \u0441 \u0440\u0430\u0437\u043d\u043e\u0446\u0432\u0435\u0442\u043d\u044b\u043c\u0438 \u0431\u043b\u0438\u043a\u0430\u043c\u0438, \u043a\u043e\u0442\u043e\u0440\u044b\u0435 \u043e\u0442\u0447\u0435\u0442\u043b\u0438\u0432\u043e \u0432\u0438\u0434\u044b, \u043a\u043e\u0433\u0434\u0430 [&hellip;]<\/p>\n","protected":false},"author":1,"featured_media":0,"parent":35,"menu_order":0,"comment_status":"closed","ping_status":"closed","template":"","meta":{"footnotes":""},"class_list":["post-79","page","type-page","status-publish","hentry"],"_links":{"self":[{"href":"https:\/\/insermi.com\/ro\/wp-json\/wp\/v2\/pages\/79","targetHints":{"allow":["GET"]}}],"collection":[{"href":"https:\/\/insermi.com\/ro\/wp-json\/wp\/v2\/pages"}],"about":[{"href":"https:\/\/insermi.com\/ro\/wp-json\/wp\/v2\/types\/page"}],"author":[{"embeddable":true,"href":"https:\/\/insermi.com\/ro\/wp-json\/wp\/v2\/users\/1"}],"replies":[{"embeddable":true,"href":"https:\/\/insermi.com\/ro\/wp-json\/wp\/v2\/comments?post=79"}],"version-history":[{"count":0,"href":"https:\/\/insermi.com\/ro\/wp-json\/wp\/v2\/pages\/79\/revisions"}],"up":[{"embeddable":true,"href":"https:\/\/insermi.com\/ro\/wp-json\/wp\/v2\/pages\/35"}],"wp:attachment":[{"href":"https:\/\/insermi.com\/ro\/wp-json\/wp\/v2\/media?parent=79"}],"curies":[{"name":"wp","href":"https:\/\/api.w.org\/{rel}","templated":true}]}}