{"id":75,"date":"2016-02-03T00:13:35","date_gmt":"2016-02-02T22:13:35","guid":{"rendered":"https:\/\/insermi.com\/?page_id=75"},"modified":"2016-02-03T00:13:35","modified_gmt":"2016-02-02T22:13:35","slug":"kaholong","status":"publish","type":"page","link":"https:\/\/insermi.com\/ro\/o-kamnyah\/kaholong\/","title":{"rendered":"Kaholong"},"content":{"rendered":"<p><a href=\"https:\/\/insermi.com\/wp-content\/uploads\/2015\/12\/Kaholong1.jpg\" rel=\"attachment wp-att-775\"><img fetchpriority=\"high\" decoding=\"async\" src=\"https:\/\/insermi.com\/wp-content\/uploads\/2015\/12\/Kaholong1-300x225.jpg\" alt=\"\u041a\u0430\u0445\u043e\u043b\u043e\u043d\u04331\" width=\"300\" height=\"225\" class=\"alignnone size-medium wp-image-775\" title=\"\"><\/a>     <a href=\"https:\/\/insermi.com\/wp-content\/uploads\/2015\/12\/Kaholong2.jpg\" rel=\"attachment wp-att-776\"><img decoding=\"async\" src=\"https:\/\/insermi.com\/wp-content\/uploads\/2015\/12\/Kaholong2-300x225.jpg\" alt=\"\u041a\u0430\u0445\u043e\u043b\u043e\u043d\u04332\" width=\"300\" height=\"225\" class=\"alignnone size-medium wp-image-776\" title=\"\"><\/a><\/p>\n<p>Kaholong este o agat\u0103 opac\u0103 cu colorit brun-verzui, albastru-verzui sau verde. Kaholongul mai este numit \u0219i agat Kalmyk (tradus din Kalmyk \"kahe\" \u0219i \"halong\" - \"piatra din r\u00e2u\"), precum \u0219i agat perlat \u0219i lapte sacru de vac\u0103. \u00cen natur\u0103, cacholongii se g\u0103sesc cel mai adesea \u00eentr-o culoare alb\u0103 l\u0103ptoas\u0103, cu pete de diferite culori care formeaz\u0103 un model haotic. Str\u0103lucirea este mai adesea sticloas\u0103, mai rar perlat\u0103. Depozite de Kaholongse g\u0103sesc \u00een Islanda, Rusia \u0219i Armenia.<\/p>\n<p><strong>Kaholong: propriet\u0103\u021bi medicinale<\/strong><\/p>\n<p>Kaholongul este considerat un mineral care protejeaz\u0103 sarcina \u0219i o piatr\u0103 \"a femeii\". Se crede c\u0103 o bijuterie de cacholong purtat\u0103 \u00een jurul g\u00e2tului de lungime suficient\u0103 va ajuta la na\u0219tere. \u00cen plus, bijuteriile cacholong sunt recomandate a fi purtate de persoanele care sufer\u0103 de boli gastrointestinale. Vindec\u0103torii cred c\u0103 acest mineral poate ajuta la eliminarea toxinelor. Culoarea alb\u0103 l\u0103ptoas\u0103 a cacholongului vindec\u0103 sistemul nervos central, u\u0219ur\u00e2nd suprasolicitarea.  \u00cen Asia Central\u0103, \u00eenc\u0103 se crede c\u0103 privirea unui model de cacholong reduce presiunea ochilor.<\/p>\n<p><strong>Kaholong: propriet\u0103\u021bi magice<\/strong><\/p>\n<p>\u00cen Egiptul antic, Kaholong era onorat de servitorii lui Apis (taurul sacru). Egiptenii credeau c\u0103 aduce abunden\u021b\u0103 \u0219i prosperitate. P\u00e2n\u0103 \u00een prezent, se crede c\u0103 cacholongul are magia de a vindeca oamenii, a\u0219a c\u0103 se recomand\u0103 s\u0103 fie purtat nu numai femeilor \u00eens\u0103rcinate, ci \u0219i persoanelor care \u0219i-au legat destinul de vindecare \u0219i \u00eenv\u0103\u021b\u0103tur\u0103. \u00cen acela\u0219i timp, bijuteriile cacholong sunt capabile s\u0103 influen\u021beze doar proprietarul bijuteriilor, pun\u00e2ndu-l \u00eentr-o dispozi\u021bie binevoitoare.<\/p>\n<p><strong>Amulete \u0219i talismane din Kaholong<\/strong><\/p>\n<p>Kaholongul este un mineral uimitor care \u00ee\u0219i simte sensibil proprietarul, starea sa emo\u021bional\u0103 \u0219i este trist, fericit, furios cu el \u00eempreun\u0103. Din acest motiv, bijuteriile din caholongane se recomand\u0103 a fi purtate de Berbecii prea ostentativi \u0219i de Scorpionii sumbri prin natura lor. Aceasta nu va face dec\u00e2t s\u0103 intensifice negativitatea. Pentru persoanele n\u0103scute sub alte semne ale zodiacului caholanul este sigur \u0219i chiar viceversa. Deci, Balan\u021b\u0103, va ajuta la \u00eent\u0103rirea bun\u0103st\u0103rii \u0219i \u00eembun\u0103t\u0103\u021birea situa\u021biei financiare, va atrage noroc \u0219i succes \u00een cas\u0103. Pentru cei n\u0103scu\u021bi sub semnul Pe\u0219tilor (\u00een special femeile), bijuteriile Kaholong pot da capacitatea de a vindeca \u0219i trata bolnavii.<\/p>","protected":false},"excerpt":{"rendered":"<p>\u041a\u0430\u0445\u043e\u043b\u043e\u043d\u0433\u043e\u043c \u043d\u0430\u0437\u044b\u0432\u0430\u044e\u0442 \u043d\u0435\u043f\u0440\u043e\u0437\u0440\u0430\u0447\u043d\u044b\u0439 \u0430\u0433\u0430\u0442, \u0438\u043c\u0435\u044e\u0449\u0438\u0439 \u0437\u0435\u043b\u0435\u043d\u043e\u0432\u043e\u0442\u043e-\u0431\u0443\u0440\u0443\u044e, \u0437\u0435\u043b\u0435\u043d\u043e\u0432\u0430\u0442\u043e-\u0433\u043e\u043b\u0443\u0431\u0443\u044e \u0438\u043b\u0438 \u0437\u0435\u043b\u0435\u043d\u0443\u044e \u043e\u043a\u0440\u0430\u0441\u043a\u0443. \u0415\u0449\u0435 \u043a\u0430\u0445\u043e\u043b\u043e\u043d\u0433 \u043d\u0430\u0437\u044b\u0432\u0430\u044e\u0442 \u043a\u0430\u043b\u043c\u044b\u0446\u043a\u0438\u043c \u0430\u0433\u0430\u0442\u043e\u043c (\u0432 \u043f\u0435\u0440\u0435\u0432\u043e\u0434\u0435 \u0441 \u043a\u0430\u043b\u043c\u044b\u0446\u043a\u043e\u0433\u043e \u00abkahe\u00bb \u0438 \u00abhalong\u00bb &#8212; \u00ab\u043a\u0430\u043c\u0435\u043d\u044c \u0432 \u0440\u0435\u043a\u0435\u00bb), \u0430 \u0442\u0430\u043a\u0436\u0435 \u0436\u0435\u043c\u0447\u0443\u0436\u043d\u044b\u043c \u0430\u0433\u0430\u0442\u043e\u043c \u0438 \u043c\u043e\u043b\u043e\u043a\u043e\u043c \u0441\u0432\u044f\u0449\u0435\u043d\u043d\u043e\u0439 \u043a\u043e\u0440\u043e\u0432\u044b. \u0412 \u043f\u0440\u0438\u0440\u043e\u0434\u0435 \u0447\u0430\u0449\u0435 \u0432\u0441\u0435\u0433\u043e \u043f\u043e\u043f\u0430\u0434\u0430\u044e\u0442\u0441\u044f \u043a\u0430\u0445\u043e\u043b\u043e\u043d\u0433\u0438 \u043c\u043e\u043b\u043e\u0447\u043d\u043e-\u0431\u0435\u043b\u043e\u0433\u043e \u0446\u0432\u0435\u0442\u0430 \u0441 \u0432\u043a\u0440\u0430\u043f\u043b\u0435\u043d\u0438\u044f\u043c\u0438 \u0440\u0430\u0437\u043d\u043e\u0433\u043e \u0446\u0432\u0435\u0442\u0430, \u043a\u043e\u0442\u043e\u0440\u044b\u0435 \u0441\u043a\u043b\u0430\u0434\u044b\u0432\u0430\u044e\u0442\u0441\u044f \u0432 \u0445\u0430\u043e\u0442\u0438\u0447\u043d\u044b\u0439 \u0440\u0438\u0441\u0443\u043d\u043e\u043a. \u0411\u043b\u0435\u0441\u043a \u0447\u0430\u0449\u0435 \u0441\u0442\u0435\u043a\u043b\u044f\u043d\u043d\u044b\u0439, \u0440\u0435\u0436\u0435 [&hellip;]<\/p>\n","protected":false},"author":1,"featured_media":0,"parent":35,"menu_order":0,"comment_status":"closed","ping_status":"closed","template":"","meta":{"footnotes":""},"class_list":["post-75","page","type-page","status-publish","hentry"],"_links":{"self":[{"href":"https:\/\/insermi.com\/ro\/wp-json\/wp\/v2\/pages\/75","targetHints":{"allow":["GET"]}}],"collection":[{"href":"https:\/\/insermi.com\/ro\/wp-json\/wp\/v2\/pages"}],"about":[{"href":"https:\/\/insermi.com\/ro\/wp-json\/wp\/v2\/types\/page"}],"author":[{"embeddable":true,"href":"https:\/\/insermi.com\/ro\/wp-json\/wp\/v2\/users\/1"}],"replies":[{"embeddable":true,"href":"https:\/\/insermi.com\/ro\/wp-json\/wp\/v2\/comments?post=75"}],"version-history":[{"count":0,"href":"https:\/\/insermi.com\/ro\/wp-json\/wp\/v2\/pages\/75\/revisions"}],"up":[{"embeddable":true,"href":"https:\/\/insermi.com\/ro\/wp-json\/wp\/v2\/pages\/35"}],"wp:attachment":[{"href":"https:\/\/insermi.com\/ro\/wp-json\/wp\/v2\/media?parent=75"}],"curies":[{"name":"wp","href":"https:\/\/api.w.org\/{rel}","templated":true}]}}