{"id":743,"date":"2016-04-03T20:48:05","date_gmt":"2016-04-03T18:48:05","guid":{"rendered":"https:\/\/insermi.com\/?page_id=743"},"modified":"2025-10-07T09:48:28","modified_gmt":"2025-10-07T06:48:28","slug":"kamni-po-goroskopu-skorpion","status":"publish","type":"page","link":"https:\/\/insermi.com\/ro\/kamni-po-znakam-zodiaka\/kamni-po-goroskopu-skorpion\/","title":{"rendered":"Pietre de na\u0219tere Scorpion"},"content":{"rendered":"<h1 style=\"text-align: center;\"><span style=\"color: #000000;\"><strong>Scorpion<\/strong><\/span><\/h1>\n<p>Scorpionul este considerat a fi cel mai complex \u0219i puternic din punct de vedere energetic semn al zodiacului. Reprezentan\u021bii acestui semn sunt \u00eenc\u0103p\u0103\u021b\u00e2na\u021bi, secreto\u0219i, autoritari, egoi\u0219ti, nemilo\u0219i \u0219i agresivi. Ei sunt caracteriza\u021bi de calit\u0103\u021bi precum suspiciunea, r\u0103zbunarea \u0219i nemul\u021bumirea fa\u021b\u0103 de tot ceea ce le st\u0103 \u00een cale.<\/p>\n<p>Cu toate acestea, un Scorpion dezvoltat, capabil s\u0103 se analizeze, este capabil s\u0103 dep\u0103\u0219easc\u0103 aceste neajunsuri, el va avea suficient\u0103 for\u021b\u0103 pentru a minimiza toate aspectele negative. Un astfel de reprezentant al semnului devine o persoan\u0103 \u00een\u021beleapt\u0103, nobil\u0103 \u0219i puternic\u0103, care va fi capabil\u0103 s\u0103-i protejeze pe cei dragi \u0219i s\u0103 aib\u0103 succes \u00een via\u021b\u0103.<\/p>\n<p><span style=\"color: #000000;\"><strong> Alegerea unei pietre \u00een func\u021bie de data na\u0219terii (deceniul) <\/strong><\/span><\/p>\n<p>Ametistul este o piatr\u0103 foarte potrivit\u0103 pentru semnul zodiacal Scorpion. Scorpionii din prima decad\u0103 (de la 24 octombrie la 2 noiembrie) - cei mai vii reprezentan\u021bi ai semnului lor. Ace\u0219ti oameni sunt sub protec\u021bia \u0219i patronajul lui Marte. Scorpionii din prima decad\u0103 sunt \u00eencrez\u0103tori \u00een sine \u0219i uneori egoi\u0219ti, iar odat\u0103 cu v\u00e2rsta aceste calit\u0103\u021bi nu fac dec\u00e2t s\u0103 c\u00e2\u0219tige putere. Pietrele pentru persoanele care reprezint\u0103 acest semn ar trebui s\u0103 fie solide \u0219i transparente. Exemple de astfel de pietre sunt: malachit, serpentin\u0103, ametist, cristal de st\u00e2nc\u0103, jasp ro\u0219u s\u00e2nge \u0219i hematit, ochi de tigru.<\/p>\n<p>Persoanele n\u0103scute \u00eentre 3 \u0219i 13 noiembrie apar\u021bin Scorpionilor din a doua decad\u0103. Ace\u0219ti temerari rafio\u0219i, buni, nobili \u0219i puternici sunt sub influen\u021ba Soarelui. Pietrele norocoase - coral, ametist, turcoaz \u0219i sardonyx - \u00eei vor ajuta pe Scorpionii din a doua decad\u0103 s\u0103 \u00ee\u0219i arate cele mai bune tr\u0103s\u0103turi de personalitate.<\/p>\n<p>Scorpionii apar\u021bin\u00e2nd decadei a treia s-au n\u0103scut \u00eentre 14 \u0219i 22 noiembrie. Sunt persoane pasionale, cu un caracter dificil, \u00eendr\u0103gostite \u0219i generoase privind manifestarea emo\u021biilor. Personalit\u0103\u021bile talentate \u0219i artistice din r\u00e2ndul lor nu sunt neobi\u0219nuite. Pietre potrivite pentru Scorpionii din a treia decad\u0103: granat, acvamarin, heliodor, smarald, beril, alexandrit \u0219i topaz.<\/p>\n<p><span style=\"color: #000000;\"><strong> Pietre talisman pentru Scorpioni <\/strong><\/span><\/p>\n<p>Hematita este o amulet\u0103 excelent\u0103 pentru reprezentan\u021bii pasiona\u021bi ai semnului Scorpionului. Coral va ajuta Scorpionul s\u0103 scape din captivitatea st\u0103rilor proaste, s\u0103 fac\u0103 fa\u021b\u0103 emo\u021biilor negative \u0219i pur \u0219i simplu s\u0103 se bucure de via\u021b\u0103. Acest mineral este un talisman excelent pentru s\u0103n\u0103tate: va restabili puterea \u0219i energia, va ameliora stresul. Coralul va r\u0103ci ardoarea reprezentan\u021bilor semnului Scorpionului \u0219i nu va l\u0103sa s\u0103 se ajung\u0103 \u00eentr-o situa\u021bie jenant\u0103 din cauza pasiunilor umflate. Coralul ro\u0219u va promova g\u00e2ndirea logic\u0103 constructiv\u0103 \u0219i ra\u021bional\u0103 \u0219i va clarifica ac\u021biunile care trebuie f\u0103cute.<\/p>\n<p>B\u0103rba\u021bii \u0219i femeile Scorpion c\u0103s\u0103tori\u021bi vor aprecia \u00eentotdeauna opalul, deoarece protejeaz\u0103 armonia cuplului, p\u0103streaz\u0103 iubirea, vegheaz\u0103 asupra fidelit\u0103\u021bii. Opalul va \u00eenv\u0103\u021ba o femeie geloas\u0103 s\u0103 alunge g\u00e2ndurile rele \u0219i s\u0103 aib\u0103 \u00eencredere \u00een iubitul ei. Bijuteriile cu aceast\u0103 piatr\u0103 \u00eel fac pe purt\u0103tor mai prudent \u0219i mai \u00een\u021belept.<\/p>\n<p>Cornalina \u00eei va \u00eenv\u0103\u021ba pe Scorpionii tempera\u021bi s\u0103 \u00ee\u0219i controleze mai atent emo\u021biile. Aceast\u0103 piatr\u0103 va ajuta, de asemenea, la atragerea iubirii \u00een inima posesorului.<\/p>\n<p>Ochiul de pisic\u0103 este o amulet\u0103 pentru personalit\u0103\u021bi puternice. Mineralul va fi util doar reprezentan\u021bilor \u00eencrez\u0103tori, fermi \u0219i hot\u0103r\u00e2\u021bi ai semnului Scorpionului. Deoarece majoritatea Scorpionilor sunt proprietari gelo\u0219i, protej\u00e2ndu-\u0219i cu aten\u021bie proprietatea, ochiul de pisic\u0103 le va fi util ca o protec\u021bie \u00eempotriva jafului, \u00een\u0219el\u0103ciunii, furtului \u0219i tr\u0103d\u0103rii.<\/p>\n<p>Hematita este o amulet\u0103 excelent\u0103 pentru reprezentan\u021bii pasiona\u021bi ai semnului Scorpionului. Un talisman realizat din hematit\u0103 va ajuta la sortarea emo\u021biilor \u0219i sentimentelor, va \u00eent\u0103ri energia sexual\u0103. Hematita va concentra for\u021bele Scorpionului \u00een direc\u021bia corect\u0103 \u0219i va ajuta la mi\u0219carea inten\u021bionat\u0103 \u00eenainte. Piatra v\u0103 poate spune cum s\u0103 comunica\u021bi cu so\u021bul \u0219i copiii dumneavoastr\u0103, \u0219i va \u00eent\u0103ri capacitatea de a-i \u00een\u021belege pe cei dragi, va ajuta la dezvoltarea flexibilit\u0103\u021bii g\u00e2ndirii.<\/p>\n<p><span style=\"color: #000000;\"><strong> Pietrele pentru femeile Scorpion sunt topaz, safir, ametist, granat <\/strong><\/span><\/p>\n<p>Bijuteriile cu granat vor fi cel mai bun cadou pentru o femeie Scorpion. Topazul, montat \u00een metal alb, va ajuta s\u0103 fac\u0103 fa\u021b\u0103 scepticismului natural al Scorpionului, va \u00eenv\u0103\u021ba s\u0103 vad\u0103 indiciile destinului \u0219i s\u0103-\u0219i dezvolte intui\u021bia. Gema nu o va l\u0103sa pe femeia Scorpion s\u0103 umble cu manipulatori. Topazul va ajuta sexul frumos s\u0103 \u00ee\u0219i p\u0103streze tinere\u021bea.<\/p>\n<p>Safirul va ajuta o femeie Scorpion s\u0103 scape de povara trecutului, deoarece reprezentan\u021bii acestui semn pentru o perioad\u0103 destul de lung\u0103 de timp nu pot s\u0103 renun\u021be la evenimentele care li s-au \u00eent\u00e2mplat, dac\u0103 au avut o \u00eenc\u0103rc\u0103tur\u0103 emo\u021bional\u0103 puternic\u0103. Gema va ajuta la renun\u021barea la g\u00e2ndurile anxioase \u0219i inutile care otr\u0103vesc via\u021ba proprietarului pietrei. Safirul va face amanta mai ascult\u0103toare, va netezi caracterul rigid, va ajuta la stabilirea contactului cu ceilal\u021bi, va stinge izbucnirile de emo\u021bii negative \u0219i furie.<\/p>\n<p>Ametistul va ajuta o femeie Scorpion s\u0103 \u00ee\u0219i controleze emo\u021biile. Talismanul de ametist \u00eei poate da posesoarei \u00een\u021belepciune \u0219i \u00eei poate \u00eembun\u0103t\u0103\u021bi memoria. Trebuie amintit faptul c\u0103 ametistul poate fi montat doar \u00een argint.<\/p>\n<p>Granatul este o piatr\u0103 pre\u021bioas\u0103 care are o nuan\u021b\u0103 ro\u0219u purpuriu sau c\u0103r\u0103mizie. De asemenea, poate fi maro, galben sau verde. Aceast\u0103 piatr\u0103 este cel mai bun cadou pentru cealalt\u0103 jum\u0103tate, deoarece este considerat\u0103 piatra iubirii. Granatul va cre\u0219te aten\u021bia unei femei Scorpion, g\u00e2ndurile \u0219i inten\u021biile se vor face clare \u0219i pure. Piatra va salva de migrene, dureri \u00een g\u00e2t \u0219i sl\u0103biciune. Bolile de piele vor fi vindecate de granatul maro sau galben.<\/p>\n<p><span style=\"color: #000000;\"><strong> Pietre pentru b\u0103rbatul scorpion - topaz, beril, rubin, turmalin\u0103 <\/strong><\/span><\/p>\n<p>Topazul va fi una dintre cele mai bune pietre pentru semnul zodiacal Scorpion ca \u0219i cadou. Topazul va fi util ca talisman pentru tinerii Scorpioni care nu au dob\u00e2ndit \u00eenc\u0103 judecat\u0103 \u0219i \u00een\u021belepciune. Mineralul va ajuta Scorpionul s\u0103 restabileasc\u0103 echilibrul emo\u021bional, va sl\u0103bi contradic\u021bia, \u00eenc\u0103p\u0103\u021b\u00e2narea, periculoas\u0103 \u00een comunicarea cu oamenii \u00eencrederea \u00een sine a proprietarului s\u0103u, precum \u0219i va \u00eent\u0103ri perspicacitatea. Topaz va fi capabil s\u0103 \u00eenve\u021be Scorpionul s\u0103 se \u00eembun\u0103t\u0103\u021beasc\u0103 \u0219i s\u0103 \u00eenve\u021be despre ei \u00een\u0219i\u0219i, va direc\u021biona energia proprietarului \u00een direc\u021bia dezvolt\u0103rii, va \u00eendep\u0103rta de c\u0103derile nervoase \u0219i de stres.<\/p>\n<p>Beryl va elibera Scorpionul de emo\u021biile negative acumulate, va ajuta la controlul izbucnirilor de furie. Un talisman sub form\u0103 de beril \u00eei va reaminti proprietarului capacitatea sa inerent\u0103 de a \u00een\u021belege \u0219i de a avea grij\u0103 de ceilal\u021bi, nu va l\u0103sa s\u0103 fac\u0103 r\u0103u cuiva, \u00een timp ce Scorpionul \u00eenc\u0103 o dat\u0103 de dragul de a-\u0219i atinge obiectivele va inten\u021biona s\u0103 treac\u0103 peste capul altora. Dac\u0103 reprezentantul acestui semn are nevoie de \u00eencurajare, for\u021b\u0103 sau un sentiment de putere, beryl va g\u0103si resurse ascunse care vor ajuta la \u00eent\u0103rirea Scorpionului, la restabilirea for\u021bei sale, la trezirea determin\u0103rii \u0219i voin\u021bei.<\/p>\n<p>Rubinul este un talisman potrivit pentru un b\u0103rbat Scorpion. Gema va elimina efectele stresului, va cre\u0219te at\u00e2t for\u021ba spiritual\u0103, c\u00e2t \u0219i cea fizic\u0103. Rubinul nu \u00eei va permite b\u0103rbatului Scorpion s\u0103 alunece \u00een depresie sau s\u0103 cad\u0103 \u00een dezn\u0103dejde. Dac\u0103 un b\u0103rbat Scorpion este predispus la autoeduca\u021bie, el trebuie pur \u0219i simplu s\u0103 poarte un inel cu un rubin. Talismanul \u00eel va ajuta s\u0103 fie sigur de sine \u0219i de deciziile sale. Rubinul va aduce noroc celor care au aspira\u021bii de a cuceri v\u00e2rfurile politicii sau ale afacerilor.<\/p>\n<p>Adesea, agresivitatea \u00een Scorpion \u00ee\u0219i g\u0103se\u0219te o ie\u0219ire \u00een locul nepotrivit, la momentul nepotrivit \u0219i \u00een situa\u021bia nepotrivit\u0103. Turmalina este capabil\u0103 s\u0103 calmeze st\u0103p\u00e2nul, va elibera tensiunea, direc\u021bion\u00e2ndu-i negativitatea \u00een direc\u021bia corect\u0103. B\u0103rbatul Scorpion merge cu perseveren\u021b\u0103 spre obiectivul s\u0103u, neacord\u00e2ndu-\u0219i indulgen\u021be. Un talisman f\u0103cut din turmalin\u0103 \u00eel va \u00eenv\u0103\u021ba pe proprietar s\u0103 se bucure de beneficiile deja ob\u021binute \u0219i \u00eel va ajuta s\u0103 se relaxeze. Mineralul negru sau ro\u0219u \u00eenchis va ajuta la ob\u021binerea cererii \u0219i recunoa\u0219terii pentru persoanele creative. Rela\u021biile fericite din familie vor ajuta la restaurarea turmalinei.<\/p>\n<p><span style=\"color: #000000;\"><strong> Pietre care sunt contraindicate pentru scorpion <\/strong><\/span><\/p>\n<p>Chihlimbarul nu se potrive\u0219te persoanelor din zodia Scorpion. Reprezentan\u021bilor acestui semn le sunt complet nepotrivite pietre precum diamantul, agatul, chihlimbarul, onixul \u0219i smaraldul.<\/p>\n<p>Perlele sunt strict contraindicate pentru Scorpion! Faptul c\u0103 aceast\u0103 zodie are nevoie vital\u0103 de energia care clocote\u0219te \u00een jurul s\u0103u, \u00eei place s\u0103 fie \u00een epicentrul pasiunilor, iar perlele \u00eei transform\u0103 via\u021ba \u00eentr-o mla\u0219tin\u0103 calm\u0103 \u0219i stagnant\u0103, \u00een care nu exist\u0103 loc pentru agita\u021bie \u0219i aventur\u0103.<\/p>\n<p>Scorpionul, care de\u021bine chihlimbar, \u00ee\u0219i va pierde scopul, voin\u021ba de a c\u00e2\u0219tiga \u0219i perseveren\u021ba. Chihlimbarul \u0219i agatul se vor hr\u0103ni cu energia reprezentantului acestui semn, f\u0103r\u0103 a da nimic \u00een schimb.<\/p>","protected":false},"excerpt":{"rendered":"<p>\u0421\u043a\u043e\u0440\u043f\u0438\u043e\u043d \u0421\u0430\u043c\u044b\u043c \u0441\u043b\u043e\u0436\u043d\u044b\u043c \u0438 \u044d\u043d\u0435\u0440\u0433\u0435\u0442\u0438\u0447\u0435\u0441\u043a\u0438 \u0441\u0438\u043b\u044c\u043d\u044b\u043c \u0437\u043d\u0430\u043a\u043e\u043c \u0417\u043e\u0434\u0438\u0430\u043a\u0430 \u0441\u0447\u0438\u0442\u0430\u0435\u0442\u0441\u044f \u0421\u043a\u043e\u0440\u043f\u0438\u043e\u043d. \u041f\u0440\u0435\u0434\u0441\u0442\u0430\u0432\u0438\u0442\u0435\u043b\u0438 \u044d\u0442\u043e\u0433\u043e \u0437\u043d\u0430\u043a\u0430 \u0443\u043f\u0440\u044f\u043c\u044b\u0435, \u0441\u043a\u0440\u044b\u0442\u043d\u044b\u0435, \u0432\u043b\u0430\u0441\u0442\u043d\u044b\u0435, \u044d\u0433\u043e\u0438\u0441\u0442\u0438\u0447\u043d\u044b\u0435, \u0431\u0435\u0437\u0436\u0430\u043b\u043e\u0441\u0442\u043d\u044b\u0435 \u0438 \u0430\u0433\u0440\u0435\u0441\u0441\u0438\u0432\u043d\u044b\u0435. \u0418\u043c \u0441\u0432\u043e\u0439\u0441\u0442\u0432\u0435\u043d\u043d\u044b \u0442\u0430\u043a\u0438\u0435 \u043a\u0430\u0447\u0435\u0441\u0442\u0432\u0430, \u043a\u0430\u043a \u043f\u043e\u0434\u043e\u0437\u0440\u0438\u0442\u0435\u043b\u044c\u043d\u043e\u0441\u0442\u044c, \u043c\u0441\u0442\u0438\u0442\u0435\u043b\u044c\u043d\u043e\u0441\u0442\u044c, \u0438 \u043d\u0435\u0434\u043e\u0432\u043e\u043b\u044c\u0441\u0442\u0432\u043e \u0432\u0441\u0435\u043c, \u0447\u0442\u043e \u043f\u043e\u043f\u0430\u0434\u0430\u0435\u0442\u0441\u044f \u043d\u0430 \u043f\u0443\u0442\u0438. \u041e\u0434\u043d\u0430\u043a\u043e \u0440\u0430\u0437\u0432\u0438\u0442\u044b\u0439 \u0421\u043a\u043e\u0440\u043f\u0438\u043e\u043d, \u0443\u043c\u0435\u044e\u0449\u0438\u0439 \u0441\u0435\u0431\u044f \u0430\u043d\u0430\u043b\u0438\u0437\u0438\u0440\u043e\u0432\u0430\u0442\u044c, \u0441\u043f\u043e\u0441\u043e\u0431\u0435\u043d \u043f\u0440\u0435\u043e\u0434\u043e\u043b\u0435\u0442\u044c \u044d\u0442\u0438 \u043d\u0435\u0434\u043e\u0441\u0442\u0430\u0442\u043a\u0438, \u0443 \u043d\u0435\u0433\u043e \u0431\u0443\u0434\u0435\u0442 \u0434\u043e\u0441\u0442\u0430\u0442\u043e\u0447\u043d\u043e \u0441\u0438\u043b, \u0447\u0442\u043e\u0431\u044b \u0441\u0432\u0435\u0441\u0442\u0438 \u043a \u043c\u0438\u043d\u0438\u043c\u0443\u043c\u0443 \u0432\u0441\u0435 \u043e\u0442\u0440\u0438\u0446\u0430\u0442\u0435\u043b\u044c\u043d\u044b\u0435 [&hellip;]<\/p>\n","protected":false},"author":1,"featured_media":0,"parent":687,"menu_order":0,"comment_status":"closed","ping_status":"closed","template":"","meta":{"footnotes":""},"class_list":["post-743","page","type-page","status-publish","hentry"],"_links":{"self":[{"href":"https:\/\/insermi.com\/ro\/wp-json\/wp\/v2\/pages\/743","targetHints":{"allow":["GET"]}}],"collection":[{"href":"https:\/\/insermi.com\/ro\/wp-json\/wp\/v2\/pages"}],"about":[{"href":"https:\/\/insermi.com\/ro\/wp-json\/wp\/v2\/types\/page"}],"author":[{"embeddable":true,"href":"https:\/\/insermi.com\/ro\/wp-json\/wp\/v2\/users\/1"}],"replies":[{"embeddable":true,"href":"https:\/\/insermi.com\/ro\/wp-json\/wp\/v2\/comments?post=743"}],"version-history":[{"count":0,"href":"https:\/\/insermi.com\/ro\/wp-json\/wp\/v2\/pages\/743\/revisions"}],"up":[{"embeddable":true,"href":"https:\/\/insermi.com\/ro\/wp-json\/wp\/v2\/pages\/687"}],"wp:attachment":[{"href":"https:\/\/insermi.com\/ro\/wp-json\/wp\/v2\/media?parent=743"}],"curies":[{"name":"wp","href":"https:\/\/api.w.org\/{rel}","templated":true}]}}