{"id":738,"date":"2016-04-03T20:41:40","date_gmt":"2016-04-03T18:41:40","guid":{"rendered":"https:\/\/insermi.com\/?page_id=738"},"modified":"2025-10-07T09:48:23","modified_gmt":"2025-10-07T06:48:23","slug":"kamni-dlya-raka","status":"publish","type":"page","link":"https:\/\/insermi.com\/ro\/kamni-po-znakam-zodiaka\/kamni-dlya-raka\/","title":{"rendered":"Pietre pentru cancer"},"content":{"rendered":"<h1 style=\"text-align: center;\"><span style=\"color: #000000;\"><strong>Cancerul<\/strong><\/span><\/h1>\n<p>Pentru a \u00een\u021belege ce pietre sunt potrivite pentru Rac, este necesar s\u0103 le \u00een\u021belegem mai \u00eent\u00e2i tr\u0103s\u0103turile de personalitate, obiectivele \u0219i orient\u0103rile de via\u021b\u0103. Racii \u00een\u0219i\u0219i sunt persoane sensibile, calme \u0219i casnice. Elementul Racului este apa, acest semn este guvernat de Lun\u0103 \u0219i Soare. Reprezentan\u021bii acestui semn nu uit\u0103 trecutul, ci, dimpotriv\u0103, \u00ee\u0219i g\u0103sesc refugiul \u00een el.<\/p>\n<p>Racul este un semn extrem de emo\u021bional, de\u0219i este pu\u021bin probabil s\u0103 arate cel pu\u021bin jum\u0103tate din experien\u021bele lor. Reprezentan\u021bii acestui semn sunt predispu\u0219i la melancolie \u0219i la schimb\u0103ri frecvente de dispozi\u021bie. Tr\u0103s\u0103turi distinctive ale Racului: receptivitate, capacitate de empatie \u0219i simpatie. Racul nu v\u0103 va l\u0103sa niciodat\u0103 \u00een necaz.<\/p>\n<p>Racii sunt persoane cu un instinct parental extrem de dezvoltat. Afectuo\u0219i \u0219i bl\u00e2nzi, reprezentan\u021bii acestei zodii v\u0103d o familie puternic\u0103 drept principalul obiectiv al vie\u021bii lor. Racii onoreaz\u0103 tradi\u021biile \u0219i obiceiurile, astfel c\u0103 printre ei exist\u0103 pu\u021bine persoane c\u0103rora le plac schimb\u0103rile. Reprezentan\u021bii acestui semn sunt extrem de aten\u021bi cu banii: \u0219tiu s\u0103 c\u00e2\u0219tige \u0219i s\u0103 economiseasc\u0103, dar acest din urm\u0103 lucru se \u00eent\u00e2mpl\u0103 din cauza pesimismului lor \u0219i a a\u0219tept\u0103rii problemelor.<\/p>\n<p>Principalele avantaje ale Racului pot fi numite perseveren\u021b\u0103, bun\u0103tate, compasiune \u0219i intui\u021bie, dezavantajele - iritabilitate, auto-indulgen\u021b\u0103, adesea stim\u0103 de sine sc\u0103zut\u0103, secretomanie, ne\u00eencredere \u00een propria putere, susceptibilitate la influen\u021ba altor persoane.<\/p>\n<p><span style=\"color: #000000;\"><strong> Alegerea unei pietre \u00een func\u021bie de data na\u0219terii (deceniul) <\/strong><\/span><\/p>\n<p>Racii n\u0103scu\u021bi \u00een prima decad\u0103 (21 iunie - 1 iulie) sunt patrona\u021bi de lun\u0103 \u00een toate. Bun\u0103tatea, afec\u021biunea, receptivitatea \u0219i sensibilitatea \u00eei ajut\u0103 pe ace\u0219ti oameni s\u0103 r\u0103m\u00e2n\u0103 favori\u021bi cu to\u021bi cei din jur. Pietrele clare, cristaline, naturale, precum hematita \u0219i cristalul de st\u00e2nc\u0103, cornalina, anumite tipuri de jasp, piatra lunii \u0219i ametistul sunt potrivite pentru ei.<\/p>\n<p>Cancero\u0219ii din a doua decad\u0103, care dureaz\u0103 de la 2 la 11 iulie, sunt pu\u021bin cinici - acest lucru \u00eei ajut\u0103 \u00een afacerile lor comerciale. Pentru ace\u0219ti cancero\u0219i, lumea pare a fi un mister imens, pe care \u00eencearc\u0103 s\u0103-l rezolve. Crisoprasa, turcoazul, heliotropul, perlele, calcedonia \u0219i sardonyxul sunt farmecele celei de-a doua decade.<\/p>\n<p>Racii n\u0103scu\u021bi \u00een decada a treia (12 - 22 iulie) sunt patrona\u021bi de Lun\u0103 \u0219i Neptun. Calea acestor persoane este creativitatea, magia \u0219i \u0219tiin\u021ba. Rubinul, acvamarina, beriliul, smaraldul, turmalina \u0219i smaraldul sunt potrivite pentru romanticii iremediabili, sublimul \u0219i sensibilul acestei decade.<\/p>\n<p><span style=\"color: #000000;\"><strong> Pietre talisman pentru Raci <\/strong><\/span><\/p>\n<p>Rubinul se potrive\u0219te semnului zodiacal al Racului. Rubinul va \u00eent\u0103ri inima purt\u0103torului, va da for\u021b\u0103 mental\u0103 \u0219i curaj. Rubinul va ajuta la alungarea g\u00e2ndurilor depresive. Se crede c\u0103 aceast\u0103 piatr\u0103 special\u0103 ajut\u0103 la concentrarea energiei sexuale. Rubinul poate inspira posesorul - Rac la mari realiz\u0103ri \u0219i fapte bune.<\/p>\n<p>Marea majoritate a bijuteriilor cu ochi de pisic\u0103 sunt considerate a fi amulete. \u00cen special, se credea c\u0103 ochiul de pisic\u0103 protejeaz\u0103 de \u00een\u0219el\u0103ciune \u0219i este capabil s\u0103 p\u0103streze dragostea. Cu ajutorul acestei pietre, Racul va fi capabil s\u0103 atrag\u0103 aten\u021bia asupra sa, s\u0103 stabileasc\u0103 rela\u021bii cu al\u021bii, precum \u0219i s\u0103 \u00eembun\u0103t\u0103\u021beasc\u0103 \u00een\u021belegerea reciproc\u0103.<\/p>\n<p>Piatra Lunii este puternic asociat\u0103 cu Luna, protectoarea Racului. Piatra este capabil\u0103 s\u0103 absoarb\u0103 energia lunar\u0103 \u0219i s\u0103-i elibereze pe cancero\u0219i de schimb\u0103rile de dispozi\u021bie asociate cu ciclul lunar. Piatra Lunii este purtat\u0103 pentru a atrage sentimente \u00een via\u021ba ta - aceast\u0103 piatr\u0103 atrage dragostea. De asemenea, este capabil\u0103 s\u0103 \u00eembl\u00e2nzeasc\u0103 furia purt\u0103torului s\u0103u, pentru a-l elibera de tensiunea emo\u021bional\u0103.<\/p>\n<p>Smaraldul este o piatr\u0103 a echanimit\u0103\u021bii, \u00een\u021belepciunii \u0219i speran\u021bei. Bijuteriile cu smarald pot alunga grijile de\u0219arte \u0219i v\u0103 pot elibera de con\u0219tiin\u021ba de sine. Aceste pietre atrag bog\u0103\u021bia. Smaraldul va alunga visele ur\u00e2te \u0219i melancolia Racului.<\/p>\n<p>Perlele sunt considerate un talisman al oamenilor de familie. Aceast\u0103 piatr\u0103 este capabil\u0103 s\u0103 resping\u0103 energia negativ\u0103, s\u0103 protejeze de fantomele trecutului, de certuri, s\u0103 resping\u0103 energia negativ\u0103 \u0219i s\u0103 protejeze de persoanele invidioase. Este interesant faptul c\u0103 aceast\u0103 piatr\u0103 este un fel de \"barometru\" al st\u0103rii de spirit a proprietarului s\u0103u - atunci c\u00e2nd aceasta se \u00eenr\u0103ut\u0103\u021be\u0219te, piatra se \u00eentunec\u0103.<\/p>\n<p>Heliotropul va ajuta la stabilirea contactului cu oamenii din jurul t\u0103u. Aceast\u0103 piatr\u0103 va feri Cancerul de boli, va \u00eemp\u0103rt\u0103\u0219i putere \u0219i energie. Heliotrope este capabil s\u0103 protejeze proprietarul de influen\u021bele negative externe.<\/p>\n<p><span style=\"color: #000000;\"><strong> Pietre pentru femeile Rac <\/strong><\/span><\/p>\n<p>O femeie Rac este potrivit\u0103 pentru perle \u00een func\u021bie de horoscopul ei. O femeie Rac care poart\u0103 calcedonie pe degetul mic va fi ferit\u0103 de accese de melancolie \u0219i furie. \u00cen vechime, exista credin\u021ba c\u0103 aceast\u0103 piatr\u0103 poate atrage inima unui t\u00e2n\u0103r c\u0103tre o fat\u0103. Calcedonia este cea mai puternic\u0103 amulet\u0103 pentru femeile din aceast\u0103 zodie, dar s\u0103 o por\u021bi constant nu este recomandat.<\/p>\n<p>Contemplarea perlelor aduce pace \u0219i calmeaz\u0103 psihicul. Aceast\u0103 piatr\u0103, montat\u0103 \u00een argint, va servi ca o minunat\u0103 bijuterie \u0219i amulet\u0103 pentru o femeie din zodia rac. Este aceast\u0103 piatr\u0103 poate da echilibru mental sexului frumos. Este de re\u021binut c\u0103 aceast\u0103 piatr\u0103 este o amulet\u0103 doar pentru femeile c\u0103s\u0103torite, nu este recomandat\u0103 femeilor nec\u0103s\u0103torite.<\/p>\n<p>Ametistul este considerat a fi o piatr\u0103 a purit\u0103\u021bii \u0219i a purit\u0103\u021bii. Acesta poate fi prezentat unei femei creative \u0219i de succes din Rac \u00eentr-un inel. Un pandantiv cu turcoaz va ajuta la realizarea unei cariere pentru reprezentanta sexului frumos din acest semn al zodiacului.<\/p>\n<p>Agatul va da curaj \u0219i \u00eencredere \u00een sine unei femei Rac. O pute\u021bi purta ca m\u0103rgea sau ca amulet\u0103.<\/p>\n<p>Pentru a u\u0219ura tensiunea interioar\u0103 a unei fete sensibile - Cancerul va ajuta piatra de lun\u0103.<\/p>\n<p>Aventurina va ajuta o femeie Rac s\u0103 men\u021bin\u0103 o dispozi\u021bie vesel\u0103, iar acvamarinul va contribui la echilibrul mental.<\/p>\n<p>Hematitul va ajuta o femeie Rac s\u0103 devin\u0103 \u00een\u021beleapt\u0103 \u0219i curajoas\u0103.<\/p>\n<p>Heliotropul ajut\u0103 Racul s\u0103 comunice mai u\u0219or cu ceilal\u021bi \u0219i ofer\u0103 energie, protej\u00e2nd \u00een acela\u0219i timp de influen\u021bele externe negative.<\/p>\n<p><span style=\"color: #000000;\"><strong> Pietre pentru un b\u0103rbat Rac <\/strong><\/span><\/p>\n<p>Smaraldul este potrivit pentru un b\u0103rbat din zodia rac. Onixul este piatra persoanelor puternice, asertive, \u00eencrez\u0103toare \u00een sine, a liderilor. Este cea mai puternic\u0103, curajoas\u0103 \u0219i decisiv\u0103 piatr\u0103 a acestui semn zodiacal. \u00cel va ajuta pe b\u0103rbatul Rac s\u0103 ias\u0103 din captivitatea influen\u021bei oamenilor din jur \u0219i a pesimismului etern. Onixul \u00eel va face pe t\u00e2n\u0103rul - Rac s\u0103 aib\u0103 succes social, s\u0103 fie curajos, puternic \u0219i rezilient.<\/p>\n<p>Agatul este una dintre variet\u0103\u021bile de calcedonie. Aceast\u0103 piatr\u0103 \u00eei va ajuta pe Rac s\u0103 se \u00eenveseleasc\u0103 \u0219i s\u0103 cread\u0103 \u00een ei \u00een\u0219i\u0219i. Agatul va sl\u0103bi aspectele negative ale acestui semn, cum ar fi negativismul, pesimismul, stima de sine sc\u0103zut\u0103, vulnerabilitatea \u0219i nesiguran\u021ba. Aceast\u0103 piatr\u0103 va ajuta Racul s\u0103 fie mai \u00eendr\u0103zne\u021b \u00een via\u021b\u0103, s\u0103 devin\u0103 mai fericit, s\u0103 \u00eenve\u021be s\u0103 se realizeze \u0219i s\u0103-\u0219i aminteasc\u0103 mai rar negativitatea.<\/p>\n<p>Smaraldul \u00eel va ajuta pe Rac s\u0103 \u00ee\u0219i dep\u0103\u0219easc\u0103 rigiditatea \u0219i reticen\u021ba excesiv\u0103, \u00eel va face mai interesant. Aceast\u0103 piatr\u0103 este capabil\u0103 s\u0103 ajute t\u00e2n\u0103rul - Rac \u00een a-\u0219i controla emo\u021biile. Smaraldul va calma \u00een momentul de tensiune, va sc\u0103pa de melancolie, va aduce bucurie \u00een via\u021ba acestui semn zodiacal.<\/p>\n<p>Carneol va ajuta la dezvoltarea talentelor unui b\u0103rbat cancerian. Aceast\u0103 piatr\u0103 va atrage dreptatea \u0219i norocul, va proteja de negativitate \u0219i \u00eei va oferi proprietarului s\u0103u perspicacitate. Carneol nu este un ajutor \u00een lupta \u00eempotriva depresiei, dar \u00ee\u0219i poate \u00eencuraja proprietarul s\u0103 fie mai activ \u0219i mai \u00eencrez\u0103tor, s\u0103 acorde aten\u021bie modului \u00een care poate tr\u0103i mai fericit \u0219i mai de succes.<\/p>\n<p><span style=\"color: #000000;\"><strong> Pietre care sunt contraindicate pentru raci <\/strong><\/span><\/p>\n<p>Deoarece Racul este un reprezentant al elementului ap\u0103, este potrivit pentru el pietre transparente str\u0103lucitoare. Racului nu \u00eei sunt foarte potrivite pietrele de culoare ro\u0219u aprins \u0219i monoton \u00eentunecate, deoarece acestea au un efect negativ asupra reprezentan\u021bilor acestui semn \u0219i pot face mult r\u0103u. Pietrele cu energie extern\u0103 puternic\u0103, cum ar fi topazul, granatul \u0219i diamantul, sunt contraindicate pentru Racul sensibil.<\/p>","protected":false},"excerpt":{"rendered":"<p>\u0420\u0430\u043a \u0427\u0442\u043e\u0431\u044b \u043f\u043e\u043d\u044f\u0442\u044c, \u043a\u0430\u043a\u0438\u0435 \u043a\u0430\u043c\u043d\u0438 \u043f\u043e\u0434\u0445\u043e\u0434\u044f\u0442 \u0420\u0430\u043a\u0430\u043c, \u043d\u0435\u043e\u0431\u0445\u043e\u0434\u0438\u043c\u043e \u0441\u043d\u0430\u0447\u0430\u043b\u0430 \u043f\u043e\u043d\u044f\u0442\u044c \u0438\u0445 \u043b\u0438\u0447\u043d\u043e\u0441\u0442\u043d\u044b\u0435 \u0447\u0435\u0440\u0442\u044b, \u0446\u0435\u043b\u0438 \u0438 \u0436\u0438\u0437\u043d\u0435\u043d\u043d\u044b\u0435 \u043e\u0440\u0438\u0435\u043d\u0442\u0438\u0440\u044b. \u0421\u0430\u043c\u0438 \u043f\u043e \u0441\u0435\u0431\u0435 \u0420\u0430\u043a\u0438 \u2013 \u0447\u0443\u0432\u0441\u0442\u0432\u0438\u0442\u0435\u043b\u044c\u043d\u044b\u0435, \u0441\u043f\u043e\u043a\u043e\u0439\u043d\u044b\u0435 \u0438 \u0434\u043e\u043c\u0430\u0448\u043d\u0438\u0435 \u043b\u044e\u0434\u0438. \u0421\u0442\u0438\u0445\u0438\u044f \u0420\u0430\u043a\u0430 \u2013 \u0432\u043e\u0434\u0430, \u044d\u0442\u043e\u0442 \u0437\u043d\u0430\u043a \u0443\u043f\u0440\u0430\u0432\u043b\u044f\u0435\u0442 \u041b\u0443\u043d\u043e\u0439 \u0438 \u0421\u043e\u043b\u043d\u0446\u0435\u043c. \u041f\u0440\u0435\u0434\u0441\u0442\u0430\u0432\u0438\u0442\u0435\u043b\u0438 \u044d\u0442\u043e\u0433\u043e \u0437\u043d\u0430\u043a\u0430 \u043d\u0435 \u0437\u0430\u0431\u044b\u0432\u0430\u044e\u0442 \u043f\u0440\u043e\u0448\u043b\u043e\u0433\u043e, \u0430, \u043d\u0430\u043e\u0431\u043e\u0440\u043e\u0442, \u043d\u0430\u0445\u043e\u0434\u044f\u0442 \u0432 \u043d\u0435\u043c \u0441\u0432\u043e\u0435 \u043f\u0440\u0438\u0441\u0442\u0430\u043d\u0438\u0449\u0435. \u0420\u0430\u043a \u2013 \u043a\u0440\u0430\u0439\u043d\u0435 \u044d\u043c\u043e\u0446\u0438\u043e\u043d\u0430\u043b\u044c\u043d\u044b\u0439 \u0437\u043d\u0430\u043a, [&hellip;]<\/p>\n","protected":false},"author":1,"featured_media":0,"parent":687,"menu_order":0,"comment_status":"closed","ping_status":"closed","template":"","meta":{"footnotes":""},"class_list":["post-738","page","type-page","status-publish","hentry"],"_links":{"self":[{"href":"https:\/\/insermi.com\/ro\/wp-json\/wp\/v2\/pages\/738","targetHints":{"allow":["GET"]}}],"collection":[{"href":"https:\/\/insermi.com\/ro\/wp-json\/wp\/v2\/pages"}],"about":[{"href":"https:\/\/insermi.com\/ro\/wp-json\/wp\/v2\/types\/page"}],"author":[{"embeddable":true,"href":"https:\/\/insermi.com\/ro\/wp-json\/wp\/v2\/users\/1"}],"replies":[{"embeddable":true,"href":"https:\/\/insermi.com\/ro\/wp-json\/wp\/v2\/comments?post=738"}],"version-history":[{"count":0,"href":"https:\/\/insermi.com\/ro\/wp-json\/wp\/v2\/pages\/738\/revisions"}],"up":[{"embeddable":true,"href":"https:\/\/insermi.com\/ro\/wp-json\/wp\/v2\/pages\/687"}],"wp:attachment":[{"href":"https:\/\/insermi.com\/ro\/wp-json\/wp\/v2\/media?parent=738"}],"curies":[{"name":"wp","href":"https:\/\/api.w.org\/{rel}","templated":true}]}}