{"id":735,"date":"2016-04-03T20:36:18","date_gmt":"2016-04-03T18:36:18","guid":{"rendered":"https:\/\/insermi.com\/?page_id=735"},"modified":"2025-10-07T09:48:18","modified_gmt":"2025-10-07T06:48:18","slug":"kamni-dlya-vodoleya","status":"publish","type":"page","link":"https:\/\/insermi.com\/ro\/kamni-po-znakam-zodiaka\/kamni-dlya-vodoleya\/","title":{"rendered":"Pietre pentru V\u0103rs\u0103tor"},"content":{"rendered":"<h1 style=\"text-align: center;\"><strong><span style=\"color: #000000;\">V\u0103rs\u0103tor<\/span><\/strong><\/h1>\n<p>Reprezentan\u021bii V\u0103rs\u0103torului sunt ideali\u0219ti creativi. Via\u021ba lor este de neconceput f\u0103r\u0103 optimism \u0219i ajutorarea altor oameni. V\u0103rs\u0103torul este un semn destul de calm, care nu are dorin\u021ba de a lupta, dar exist\u0103 o dorin\u021b\u0103 de a-\u0219i face propriile lucruri.<\/p>\n<p><span style=\"color: #000000;\"><strong> Alegerea unei pietre \u00een func\u021bie de data na\u0219terii (deceniul) <\/strong><\/span><\/p>\n<p>Pietre - talismane potrivite pentru V\u0103rs\u0103torii din prima decad\u0103: jad, ametist, obsidian, jasp, serpentin\u0103, aventurin\u0103 \u0219i perle. V\u0103rs\u0103torii din prima decad\u0103 (21 ianuarie - 1 februarie) sunt romantici calmi \u0219i lini\u0219ti\u021bi. Aceste persoane sunt adesea predispuse la proast\u0103 dispozi\u021bie \u0219i melancolie. V\u0103rs\u0103torii din prima decad\u0103 sunt atra\u0219i \u00een dragoste de Venus, planeta protectoare. Reprezentan\u021bii V\u0103rs\u0103torilor din aceast\u0103 decad\u0103 au nevoie de pietre care s\u0103 le dea curaj \u0219i energie. Pietre - talismane potrivite pentru V\u0103rs\u0103torii din prima decad\u0103: jad, ametist, obsidian, jasp, serpentin\u0103, aventurin\u0103 \u0219i perle.<\/p>\n<p>Pupila lui Mercur, V\u0103rs\u0103torul din a doua decad\u0103, \u00ee\u0219i s\u0103rb\u0103tore\u0219te ziua de na\u0219tere \u00eentre 2 \u0219i 11 februarie. Datorit\u0103 \u00een\u021belepciunii lor lume\u0219ti, sim\u021bului umorului \u0219i min\u021bii ascu\u021bite, aceste persoane vor ob\u021bine \u00eentotdeauna respect \u0219i recunoa\u0219tere. V\u0103rs\u0103torilor din a doua decad\u0103 li se vor potrivi pietre precum onix, lapis lazuli, chihlimbar, turcoaz, ametist, sardonyx \u0219i crisopras\u0103.<\/p>\n<p>V\u0103rs\u0103torii lunari n\u0103scu\u021bi \u00een decada a treia - de la 12 la 20 februarie - apreciaz\u0103 adev\u0103rul \u0219i scap\u0103 u\u0219or de cei care i-au \u00een\u0219elat. Pe ace\u0219ti oameni, re\u021binerea \u0219i sensibilitatea \u00eei pot \u00eempiedica s\u0103 ating\u0103 v\u00e2rfuri \u00eenalte. Talismane care \u00eei pot sus\u021bine pe V\u0103rs\u0103torii din a treia decad\u0103: crisopras, turmalin\u0103, safir, granat, zircon, acvamarin \u0219i alexandrit.<\/p>\n<p><span style=\"color: #000000;\"><strong> Piatra talisman a zodiei V\u0103rs\u0103tor <\/strong><\/span><\/p>\n<p>O amulet\u0103 de dragoste puternic\u0103 pentru V\u0103rs\u0103tor va fi cuar\u021bul roz. Cuar\u021bul de culoare deschis\u0103 este unul dintre cele mai bune talismane pentru V\u0103rs\u0103tor. O amulet\u0103 puternic\u0103 de iubire pentru reprezentan\u021bii acestui semn va fi cuar\u021bul roz. V\u0103rs\u0103torii sunt adesea predispu\u0219i la depresie \u0219i cedeaz\u0103 u\u0219or dezn\u0103dejdii. Cuar\u021bul va ajuta la adunarea for\u021bei, va sus\u021bine \u00eencrederea \u00een sine \u0219i va dep\u0103\u0219i toate problemele. Pentru V\u0103rs\u0103torii creativi, aceast\u0103 piatr\u0103 le va spori abilit\u0103\u021bile creative, \u00eei va men\u021bine inspira\u021bi \u0219i \u00eei va ajuta s\u0103 se deschid\u0103 p\u00e2n\u0103 la cap\u0103t. Aceast\u0103 piatr\u0103 ca amulet\u0103 va proteja de r\u0103ni \u0219i accidente.<\/p>\n<p>Dezvoltarea spiritual\u0103 armonioas\u0103 a V\u0103rs\u0103torului va fi ajutat\u0103 de safir. Aceast\u0103 gem\u0103 va trezi interesul pentru cunoa\u0219tere, va aduce \u00een minte g\u00e2nduri despre etern, v\u0103 va face s\u0103 v\u0103 g\u00e2ndi\u021bi mai mult la via\u021b\u0103. V\u0103rs\u0103torul nu \u00ee\u0219i imagineaz\u0103 via\u021ba f\u0103r\u0103 o component\u0103 spiritual\u0103, f\u0103r\u0103 ea se simte complet fericit. Cu toate acestea, acest semn este adesea subdezvoltat spiritual. Aici V\u0103rs\u0103torul va veni \u00een ajutorul safirului. Acest mineral va fi o surs\u0103 de \u00eencredere \u00een sine, curaj, for\u021b\u0103 spiritual\u0103. \u00cen momentele dificile ale vie\u021bii safirul se va gr\u0103bi s\u0103 caute, iar \u00een viitor s\u0103 ating\u0103 scopul vie\u021bii, s\u0103 protejeze de minciun\u0103 \u0219i falsitate.<\/p>\n<p>Una dintre pietrele pre\u021bioase cu cele mai puternice propriet\u0103\u021bi magice este sticla vulcanic\u0103 sau obsidianul. Acest mineral este asociat cu Soarele, Uranus \u0219i Saturn. Obsidianul va \u00eendep\u0103rta V\u0103rs\u0103torul de oamenii r\u0103i, va sc\u0103pa de dependen\u021be, va ajuta la adunarea pentru studiu sau munc\u0103 \u0219i va concentra aten\u021bia reprezentantului acestui semn pentru a atinge scopul dorit. Acest mineral este, de asemenea, capabil s\u0103 protejeze de un act necinstit, dar nu este recomandat s\u0103 \u00eel purta\u021bi tot timpul - poate face V\u0103rs\u0103torul prea timid.<\/p>\n<p>Ametistul va ajuta V\u0103rs\u0103torul \u00een momentele de pierdere a puterii, de speran\u021b\u0103 pierdut\u0103 \u0219i de dor. Ametistul va veni \u00een ajutorul V\u0103rs\u0103torului \u00een caz de pierdere a for\u021bei, de speran\u021b\u0103 pierdut\u0103 \u0219i \u00een timpul perioadei de dor. Aceast\u0103 bijuterie va contribui la rena\u0219terea optimismului \u00een sufletul reprezentan\u021bilor acestei zodii, va da \u00eencredere \u00een ei \u00een\u0219i\u0219i \u0219i va oferi posibilitatea de a c\u00e2\u0219tiga. Ca amulet\u0103, acest mineral va proteja V\u0103rs\u0103torul de concuren\u021bii r\u0103i, de oamenii invidio\u0219i simpli, precum \u0219i de propria \u00eenc\u0103p\u0103\u021b\u00e2nare. Ametistul d\u0103 perspicacitate \u0219i va \u00eent\u0103ri intui\u021bia.<\/p>\n<p>V\u0103rs\u0103torul poate folosi agatul pentru a sugera solu\u021bia potrivit\u0103 \u00een situa\u021bii extreme. De asemenea, va proteja de blesteme \u0219i de ochiul r\u0103u. Aceast\u0103 piatr\u0103 va ajuta \u00een cazul r\u0103celilor \u0219i al afec\u021biunilor stomacale.<\/p>\n<p>Giacintul va ajuta V\u0103rs\u0103torii s\u0103 se preg\u0103teasc\u0103 pentru lupt\u0103 \u0219i s\u0103 accepte inevitabilul. Aceast\u0103 piatr\u0103 este indispensabil\u0103 atunci c\u00e2nd circumstan\u021bele cer un control total \u0219i schimb\u0103ri radicale de planuri. Reprezentan\u021bilor acestui semn, ale c\u0103ror vie\u021bi sunt pline de schimb\u0103ri, un inel cu giacint pe degetul mijlociu \u00eei va \u00eempiedica s\u0103 cad\u0103 \u00een dezn\u0103dejde \u0219i \u00eei va proteja de melancolie.<\/p>\n<p>Acvamarinul va fi piatra c\u0103l\u0103uzitoare pentru V\u0103rs\u0103tor. Este piatra justi\u021biei \u0219i a prieteniei, piatra celor care iubesc s\u0103 c\u0103l\u0103toreasc\u0103.<\/p>\n<p><span style=\"color: #000000;\"><strong> Pietre pentru femeile V\u0103rs\u0103tor <\/strong><\/span><\/p>\n<p>V\u0103rs\u0103torul va \u00eendep\u0103rta ochelarii roz de la femeia V\u0103rs\u0103tor \u0219i o va ajuta s\u0103 fac\u0103 alegerea corect\u0103 \u00een via\u021ba ei personal\u0103. V\u0103rs\u0103torul va \u00eendep\u0103rta ochelarii roz \u0219i o va ajuta s\u0103 fac\u0103 alegerea corect\u0103 \u00een via\u021ba personal\u0103. Ametistul, ca amulet\u0103, o va ajuta s\u0103 \u00een\u021beleag\u0103 oamenii din jurul ei, s\u0103 men\u021bin\u0103 un climat pozitiv \u00een familie \u0219i s\u0103 se al\u0103ture cu u\u0219urin\u021b\u0103 oric\u0103rei echipe. Gema va ajuta la dezvoltarea calit\u0103\u021bilor de voin\u021b\u0103 puternic\u0103, va da putere. Ametistul este util pentru femeile care viseaz\u0103 s\u0103 aib\u0103 copii.<\/p>\n<p>O femeie V\u0103rs\u0103tor c\u0103s\u0103torit\u0103 ar trebui s\u0103 aib\u0103 cel pu\u021bin o bijuterie cu o perl\u0103. Metalul \u00een care este montat\u0103 perla nu este at\u00e2t de important, principalul lucru este originea natural\u0103 a pietrei. Perlele vor ajuta la evitarea conflictelor, la \u00eent\u0103rirea rela\u021biilor \u00een cuplu, direct la p\u0103strarea valorilor familiei. Purt\u00e2nd perle Femeia V\u0103rs\u0103tor va deveni mai reveren\u021bioas\u0103 \u0219i mai tandr\u0103. Aceast\u0103 piatr\u0103 o va ajuta s\u0103 \u00ee\u0219i tempereze m\u00e2ndria.<\/p>\n<p>Femeile V\u0103rs\u0103tor iubesc singur\u0103tatea \u0219i viseaz\u0103 constant. Reprezentantele acestei zodii \u00ee\u0219i idealizeaz\u0103 alesul \u0219i, odat\u0103 ce \u00eei cunosc neajunsurile, se despart u\u0219or de el. V\u0103rs\u0103torul va \u00eendep\u0103rta ochelarii roz de pe femeia V\u0103rs\u0103tor \u0219i o va ajuta s\u0103 fac\u0103 alegerea corect\u0103 \u00een via\u021ba personal\u0103. Gema are proprietatea de a proteja de gre\u0219eli. Talismanul ametist le va ajuta pe femeile V\u0103rs\u0103tor s\u0103 \u00ee\u0219i arate emo\u021biile \u0219i s\u0103 se dezv\u0103luie celor dragi.<\/p>\n<p>Chihlimbarul va ajuta femeia V\u0103rs\u0103tor s\u0103-\u0219i \u00eent\u0103reasc\u0103 \u00eencrederea \u00een sine, s\u0103-i ofere optimism, energie \u0219i putere, precum \u0219i s\u0103-i sporeasc\u0103 intui\u021bia. Aceast\u0103 piatr\u0103 va contribui la men\u021binerea tinere\u021bii \u0219i frumuse\u021bii. Chihlimbarul va inspira \u0219i va trezi \u00eenclina\u021biile altruiste.<\/p>\n<p><span style=\"color: #000000;\"><strong> Pietre pentru b\u0103rba\u021bii V\u0103rs\u0103tor <\/strong><\/span><\/p>\n<p>Cel mai bun talisman de dragoste pentru b\u0103rbatul V\u0103rs\u0103tor va fi agatul negru. B\u0103rba\u021bii V\u0103rs\u0103tor au nevoie de aten\u021bia femeilor. Agatul \u00eei va ajuta pe reprezentan\u021bii acestei zodii s\u0103 \u00ee\u0219i ating\u0103 obiectivele. Cel mai bun talisman de dragoste pentru ei va fi agatul negru. Aceast\u0103 bijuterie \u00eel va transforma pe b\u0103rbatul uscat din V\u0103rs\u0103tor \u00eentr-un adev\u0103rat dam\u0103 de companie. Agatele galbene \u0219i albe vor ajuta la \u00eenmuierea caracterului rigid - Omul V\u0103rs\u0103tor va deveni mai u\u0219or de comunicat \u0219i mai amabil. Gemele gri vor ajuta la rezolvarea conflictelor, evitarea certurilor \u0219i c\u00e2\u0219tigarea prieteniei. Talismanele cu agate vor dezv\u0103lui secrete, vor pune \u00een lumin\u0103 \u00een\u0219el\u0103ciunea, vor contribui la dezv\u0103luirea intrigilor.<\/p>\n<p>B\u0103rba\u021bii V\u0103rs\u0103tor sunt adesea incapabili s\u0103 influen\u021beze laturile negative ale caracterului \u0219i s\u0103 se schimbe. Un talisman realizat din jad - ustensil\u0103 de scris sau figurin\u0103 de mas\u0103 - va ajuta \u00een acest sens. Amuleta de jad va ridica b\u0103rbatul V\u0103rs\u0103tor la un nou nivel spiritual. Reprezentan\u021bii acestei zodii \u00eencep s\u0103 lucreze mai mult asupra lor \u00een\u0219i\u0219i. Jadul va da V\u0103rs\u0103torului \u00eencredere \u00een abilit\u0103\u021bile lor, va convinge de succes, va contribui la stabilitatea financiar\u0103.<\/p>\n<p>To\u021bi b\u0103rba\u021bii V\u0103rs\u0103tor sunt inovatori, revolu\u021bionari \u0219i inventatori. Ace\u0219ti oameni trebuie \u00een mod constant s\u0103 sparg\u0103, s\u0103 schimbe, s\u0103 \u00eembun\u0103t\u0103\u021beasc\u0103 \u0219i s\u0103 construiasc\u0103 ceva nou. Safirul va fi un talisman excelent pentru b\u0103rba\u021bii n\u0103scu\u021bi sub constela\u021bia V\u0103rs\u0103torului. Gema este potrivit\u0103 pentru optimi\u0219tii care caut\u0103 noi experien\u021be \u0219i cuno\u0219tin\u021be. Un talisman cu safir \u00eel va ajuta pe b\u0103rbatul V\u0103rs\u0103tor s\u0103 duc\u0103 lucrurile la o concluzie logic\u0103. Reprezentantul acestui semn, purt\u00e2nd o amulet\u0103 de safir, are suficient\u0103 for\u021b\u0103 pentru a \u00eenvinge orice adversar.<\/p>\n<p>Pietre contraindicate pentru V\u0103rs\u0103tor<\/p>\n<p>Piatra onix este contraindicat\u0103 pentru V\u0103rs\u0103tor. V\u0103rs\u0103torul este contraindicat cu urm\u0103toarele pietre Leu: onix, cristal de st\u00e2nc\u0103, cornelian, topaz, crisolit, zircon, sardonyx, opal \u0219i cuar\u021b auriu.<\/p>\n<p>O femeie V\u0103rs\u0103tor care este c\u0103s\u0103torit\u0103 este un turcoaz nedorit.<\/p>\n<p>Diamantul \u00eei va face pe V\u0103rs\u0103tori \u0219i mai \u00eenc\u0103p\u0103\u021b\u00e2na\u021bi \u0219i fanatici.<\/p>\n<p>Citrinul va spori at\u00e2t tr\u0103s\u0103turile de caracter pozitive, c\u00e2t \u0219i cele negative ale V\u0103rs\u0103torilor.<\/p>","protected":false},"excerpt":{"rendered":"<p>\u0412\u043e\u0434\u043e\u043b\u0435\u0439 \u041f\u0440\u0435\u0434\u0441\u0442\u0430\u0432\u0438\u0442\u0435\u043b\u0438 \u0437\u043d\u0430\u043a\u0430 \u0412\u043e\u0434\u043e\u043b\u0435\u0439 \u2013 \u0442\u0432\u043e\u0440\u0447\u0435\u0441\u043a\u0438\u0435 \u0438\u0434\u0435\u0430\u043b\u0438\u0441\u0442\u044b. \u0418\u0445 \u0436\u0438\u0437\u043d\u044c \u043d\u0435\u043c\u044b\u0441\u043b\u0438\u043c\u0430 \u0431\u0435\u0437 \u043e\u043f\u0442\u0438\u043c\u0438\u0441\u0442\u0438\u0447\u043d\u043e\u0441\u0442\u0438 \u0438 \u043f\u043e\u043c\u043e\u0449\u0438 \u0434\u0440\u0443\u0433\u0438\u043c \u043b\u044e\u0434\u044f\u043c. \u0412\u043e\u0434\u043e\u043b\u0435\u0439 \u2014 \u044d\u0442\u043e \u0434\u043e\u0441\u0442\u0430\u0442\u043e\u0447\u043d\u043e \u0441\u043f\u043e\u043a\u043e\u0439\u043d\u044b\u0439 \u0437\u043d\u0430\u043a, \u0443 \u043a\u043e\u0442\u043e\u0440\u043e\u0433\u043e \u043d\u0435\u0442 \u0436\u0435\u043b\u0430\u043d\u0438\u044f \u0432\u043e\u0435\u0432\u0430\u0442\u044c, \u043d\u043e \u0435\u0441\u0442\u044c \u0436\u0435\u043b\u0430\u043d\u0438\u0435 \u0437\u0430\u043d\u0438\u043c\u0430\u0442\u044c\u0441\u044f \u0441\u0432\u043e\u0438\u043c \u0434\u0435\u043b\u043e\u043c. \u0412\u044b\u0431\u043e\u0440 \u043a\u0430\u043c\u043d\u044f \u043f\u043e \u0434\u0430\u0442\u0435 \u0440\u043e\u0436\u0434\u0435\u043d\u0438\u044f (\u043f\u043e \u0434\u0435\u043a\u0430\u0434\u0430\u043c) \u041a\u0430\u043c\u043d\u0438 \u2013 \u0442\u0430\u043b\u0438\u0441\u043c\u0430\u043d\u044b, \u043f\u043e\u0434\u0445\u043e\u0434\u044f\u0449\u0438\u0435 \u0412\u043e\u0434\u043e\u043b\u0435\u044f\u043c \u043f\u0435\u0440\u0432\u043e\u0439 \u0434\u0435\u043a\u0430\u0434\u044b: \u043d\u0435\u0444\u0440\u0438\u0442, \u0430\u043c\u0435\u0442\u0438\u0441\u0442, \u043e\u0431\u0441\u0438\u0434\u0438\u0430\u043d, \u044f\u0448\u043c\u0430, \u0437\u043c\u0435\u0435\u0432\u0438\u043a, \u0430\u0432\u0430\u043d\u0442\u044e\u0440\u0438\u043d \u0438 \u0436\u0435\u043c\u0447\u0443\u0433. [&hellip;]<\/p>\n","protected":false},"author":1,"featured_media":0,"parent":687,"menu_order":0,"comment_status":"closed","ping_status":"closed","template":"","meta":{"footnotes":""},"class_list":["post-735","page","type-page","status-publish","hentry"],"_links":{"self":[{"href":"https:\/\/insermi.com\/ro\/wp-json\/wp\/v2\/pages\/735","targetHints":{"allow":["GET"]}}],"collection":[{"href":"https:\/\/insermi.com\/ro\/wp-json\/wp\/v2\/pages"}],"about":[{"href":"https:\/\/insermi.com\/ro\/wp-json\/wp\/v2\/types\/page"}],"author":[{"embeddable":true,"href":"https:\/\/insermi.com\/ro\/wp-json\/wp\/v2\/users\/1"}],"replies":[{"embeddable":true,"href":"https:\/\/insermi.com\/ro\/wp-json\/wp\/v2\/comments?post=735"}],"version-history":[{"count":0,"href":"https:\/\/insermi.com\/ro\/wp-json\/wp\/v2\/pages\/735\/revisions"}],"up":[{"embeddable":true,"href":"https:\/\/insermi.com\/ro\/wp-json\/wp\/v2\/pages\/687"}],"wp:attachment":[{"href":"https:\/\/insermi.com\/ro\/wp-json\/wp\/v2\/media?parent=735"}],"curies":[{"name":"wp","href":"https:\/\/api.w.org\/{rel}","templated":true}]}}