{"id":729,"date":"2016-04-03T20:18:28","date_gmt":"2016-04-03T18:18:28","guid":{"rendered":"https:\/\/insermi.com\/?page_id=729"},"modified":"2025-10-07T09:48:03","modified_gmt":"2025-10-07T06:48:03","slug":"kamni-dlya-bliznetsov","status":"publish","type":"page","link":"https:\/\/insermi.com\/ro\/kamni-po-znakam-zodiaka\/kamni-dlya-bliznetsov\/","title":{"rendered":"Pietre pentru Gemeni"},"content":{"rendered":"<h1 style=\"text-align: center;\"><span style=\"color: #000000;\"><strong>Gemeni<\/strong><\/span><\/h1>\n<p>Gemenii - persoane foarte versatile, capricioase \u0219i active, care sunt capabile s\u0103 fac\u0103 nu numai lucruri diferite, ci \u0219i s\u0103 le fac\u0103 \u00een acela\u0219i timp. Acest semn este guvernat de Mercur. Gemenii caut\u0103 s\u0103 \u00ee\u0219i reconstruiasc\u0103 \u00een mod constant via\u021ba, s\u0103 extrag\u0103 din ea tot ce este \u00eenvechit, monoton \u0219i obi\u0219nuit, s\u0103 completeze cu ceva interesant, nou \u0219i diferit.<\/p>\n<p>A\u0219teptarea \u00eendelungat\u0103 a succesului nu este ceea ce \u00ee\u0219i doresc Gemenii. Reprezentan\u021bii acestui semn nu \u00eencap \u00een capul lor, \u0219i nu se pot concetra pe aceea\u0219i activitate pentru o lung\u0103 perioad\u0103 de timp. Din aceasta se vede clar c\u0103 Gemenii nu se disting prin r\u0103bdare \u0219i perseveren\u021b\u0103, a\u0219a c\u0103 adesea arunc\u0103 lucrurile neterminate. Ace\u0219ti oameni sunt destul de dificili pentru a ob\u021bine succes \u00een via\u021b\u0103 - \u00eempiedica\u021bi astfel de calit\u0103\u021bi ca nestatornicia, ner\u0103bdarea \u0219i grijile frecvente \u00eentr-un loc gol - este mai u\u0219or pentru ei s\u0103 ia ceea ce cade \u00een m\u00e2inile lor sau se afl\u0103 la suprafa\u021b\u0103. Cu toate acestea, \u00eenfr\u00e2ngerile \u0219i e\u0219ecurile nu sunt capabile s\u0103 strice starea de spirit a reprezentan\u021bilor acestui semn sau s\u0103 le reduc\u0103 activitatea: Gemenii vor \u00eencerca \u00eentotdeauna s\u0103 se ridice deasupra a\u0219tept\u0103rilor.<\/p>\n<p>Ner\u0103bdarea, nervozitatea, impracticabilitatea, instabilitatea \u0219i lipsa de angajament sunt principalele tr\u0103s\u0103turi de caracter negative ale Gemenilor. Cele pozitive includ sociabilitatea, lipsa prejudec\u0103\u021bilor, adaptarea rapid\u0103 la condi\u021bii noi sau schimbate, obiectivitatea, intui\u021bia, versatilitatea, tactul \u0219i ingeniozitatea.<\/p>\n<p><span style=\"color: #000000;\"><strong> Alegerea unei pietre \u00een func\u021bie de data na\u0219terii (deceniul) <\/strong><\/span><\/p>\n<p>Malachitul este cea mai potrivit\u0103 piatr\u0103 de horoscop pentru Gemeni. Gemenii din prima decad\u0103 (n\u0103scu\u021bi \u00eentre 21 \u0219i 31 mai) sunt proteja\u021bi de Jupiter. Aceste persoane au dezvoltat perfect at\u00e2t g\u00e2ndirea intuitiv\u0103, c\u00e2t \u0219i cea logic\u0103. Astfel de pietre precum malachitul, cristalul de st\u00e2nc\u0103, obsidianul, agatul, piatra lunii, jadul \u0219i amazonitul vor fi utile pentru Gemenii din prima decad\u0103.<\/p>\n<p>A doua decad\u0103 a Gemenilor \u00eencepe pe 1 \u0219i se \u00eencheie pe 10 iunie. Persoanele n\u0103scute \u00een aceast\u0103 perioad\u0103 sunt patronate de Marte. \u00cen consecin\u021b\u0103, a doua decad\u0103 a Gemenilor este caracterizat\u0103 de egoism, agresivitate \u0219i asertivitate. Pietrele pre\u021bioase ale acestor persoane sunt ochiul pisicii, chihlimbarul, opalul, calcedonia, citrinul, onixul, crisoprana, jadul \u0219i perlele.<\/p>\n<p>Soarele este patronul Gemenilor din decada a treia (n\u0103scu\u021bi \u00eentre 11 \u0219i 21 iunie). Ace\u0219ti oameni vor fi capabili s\u0103-\u0219i \u00eenc\u0103lzeasc\u0103 c\u0103ldura fa\u021b\u0103 de to\u021bi cei din jurul lor. Gemenii decadei a treia refuz\u0103 categoric s\u0103 se supun\u0103 cuiva, au izbucniri puternice de furie, care nu pot fi controlate. Safirul, turmalina, topazul \u0219i alexandritul sunt pietre pre\u021bioase utile pentru ei.<\/p>\n<p><span style=\"color: #000000;\"><strong> Piatra talisman a Gemenilor (\u00een general) <\/strong><\/span><\/p>\n<p>Jadul va avea o influen\u021b\u0103 \u0219i un efect pozitiv asupra Gemenilor. Acest mineral va \u00eembun\u0103t\u0103\u021bi somnul, va ajuta cu diverse boli. Se crede c\u0103 aceast\u0103 piatr\u0103 pre\u021bioas\u0103 este capabil\u0103 s\u0103 influen\u021beze speran\u021ba de via\u021b\u0103 a proprietarului. Cu toate acestea, nu este recomandat s\u0103 purta\u021bi jad pentru o perioad\u0103 lung\u0103 de timp, deoarece atrage singur\u0103tatea, care nu este tolerat\u0103 de Gemeni.<\/p>\n<p>Turcoazul va fi o amulet\u0103 excelent\u0103 pentru iubitorii agita\u021bi de c\u0103l\u0103torii. Acest mineral \u00eei va \u021bine pe Gemeni \u00eentr-o c\u0103l\u0103torie lung\u0103, le va da energie \u0219i for\u021b\u0103. Turcoazul va fi capabil s\u0103 previn\u0103 certurile \u0219i s\u0103 sting\u0103 conflictele. Cadrul pentru aceast\u0103 piatr\u0103 pre\u021bioas\u0103 ar trebui ales \u00een func\u021bie de originea sa: aurul este potrivit pentru turcoazul Ural, \u00een timp ce turcoazul irlandez ar trebui s\u0103 fie montat \u00een argint.<\/p>\n<p>Ochiul de tigru \u00ee\u0219i va proteja proprietarul de calomnii, b\u00e2rfe \u0219i de chinul geloziei. Gemenii pot folosi acest mineral \u00eentr-un inel ca amulet\u0103: piatra \u00ee\u0219i aminte\u0219te de sine \u00eentr-o premoni\u021bie a problemelor - \u00eencepe s\u0103 \u00eencurce, s\u0103 devin\u0103 grea, s\u0103 se aga\u021be de haine.<\/p>\n<p>Gemenilor, care fac c\u0103l\u0103torii frecvente, fac comer\u021b \u0219i celor care comunic\u0103 des cu oamenii, citrinul le va fi de un ajutor nepre\u021buit: femeilor le va ascu\u021bi intui\u021bia, iar b\u0103rba\u021bii vor fi mai noroco\u0219i \u00een chestiuni financiare. Cel mai bine este purtat ca pandantiv.<\/p>\n<p>Obsidianul va proteja de abateri \u0219i infrac\u021biuni grave: \u00eei va face pe Gemeni s\u0103 devin\u0103 mai pruden\u021bi \u00een cuvinte \u0219i fapte. Un inel cu aceast\u0103 piatr\u0103 pre\u021bioas\u0103 \u00eel va ajuta pe proprietar s\u0103 c\u00e2\u0219tige controlul asupra agresivit\u0103\u021bii, \u00eei va ar\u0103ta proprietarului neajunsurile sale.<\/p>\n<p>Gemenii vor fi proteja\u021bi de situa\u021biile absurde \u0219i nepl\u0103cute de cristalul de st\u00e2nc\u0103. Acesta este capabil s\u0103 \u00eembun\u0103t\u0103\u021beasc\u0103 memoria \u0219i s\u0103 ajute \u00een orice munc\u0103. Cristalul de st\u00e2nc\u0103 v\u0103 permite s\u0103 privi\u021bi circumstan\u021bele din exterior \u0219i s\u0103 evalua\u021bi cu sobrietate situa\u021bia. Piatra ascute procesul de g\u00e2ndire.<\/p>\n<p>Ametistul \u00eei va ajuta pe Gemeni s\u0103 \u00ee\u0219i fac\u0103 prieteni de rang \u00eenalt \u0219i s\u0103 stabileasc\u0103 contactele necesare. Va ajuta la descoperirea planurilor secrete ale celorlal\u021bi. Proprietarul acestui mineral va fi \u00eentotdeauna plin de for\u021b\u0103 \u0219i vigoare \u0219i ferit de g\u00e2nduri preten\u021bioase \u0219i inutile. Ametistul montat \u00een argint va fi un talisman de \u00eencredere pentru Gemeni.<\/p>\n<p>Gemenii bolnavi \u0219i slabi pot fi \u00eent\u0103ri\u021bi de agat. Aceast\u0103 piatr\u0103 pre\u021bioas\u0103 va ajuta naturile creative apar\u021bin\u00e2nd acestui semn s\u0103 \u00ee\u0219i realizeze planurile \u0219i proiectele. Agatul este capabil s\u0103 dezvolte judecata, responsabilitatea \u0219i aten\u021bia, de care Gemenii sunt extrem de lipsi\u021bi. Produsele cu agat sunt mai eficiente de purtat \u00eentr-o br\u0103\u021bar\u0103 sau inel pe m\u00e2na st\u00e2ng\u0103.<\/p>\n<p><span style=\"color: #000000;\"><strong> Pietre pentru femeile Gemeni <\/strong><\/span><\/p>\n<p>Cea mai necesar\u0103 piatr\u0103 pre\u021bioas\u0103 pentru femeile Gemeni este smaraldul. Cea mai necesar\u0103 piatr\u0103 pre\u021bioas\u0103 pentru femeile Gemeni este smaraldul. Aceast\u0103 piatr\u0103 pre\u021bioas\u0103 este capabil\u0103 s\u0103 pacifice \u0219i s\u0103 calmeze fetele care sufer\u0103 de suferin\u021be psihice. Atunci c\u00e2nd sexului frumos sociabil \u00eei lipse\u0219te comunicarea, smaraldul este cel care va ajuta. \u0218i \u00een momentul de nevoie piatra Gemeni va da echanimitate.<\/p>\n<p>Piatra lunii poate elibera tensiunile inutile. Ea va atenua schimb\u0103rile de dispozi\u021bie ale unei femei Gemeni, \u00eei va atrage succesul \u0219i \u00eei va deschide c\u0103i pentru atingerea obiectivului.<\/p>\n<p>Perla va proteja doamnele Gemeni de invidie \u0219i de r\u0103uvoitori. Activitatea natural\u0103 a doamnelor Gemeni, se va \u00eendrepta \u00een direc\u021bia potrivit\u0103, le va atrage succesul \u00een rela\u021biile amoroase \u0219i o mare de noroc. Perlele, purtate \u00eentr-o br\u0103\u021bar\u0103, este capabil\u0103 s\u0103 scape de stres.<\/p>\n<p>Iaspiul le ajut\u0103 pe femeile Gemeni dezam\u0103gite \u00een dragoste s\u0103-\u0219i recapete speran\u021ba \u0219i credin\u021ba \u00een sentimente reciproce.<\/p>\n<p><span style=\"color: #000000;\"><strong> Pietre pentru b\u0103rba\u021bii Gemeni <\/strong><\/span><\/p>\n<p>Berilul \u00eei ajut\u0103 pe b\u0103rba\u021bii Gemeni s\u0103-\u0219i ating\u0103 obiectivele. Alexandrita \u00eei va \u00eenv\u0103\u021ba pe b\u0103rba\u021bii Gemeni s\u0103 aib\u0103 grij\u0103 de nervi, s\u0103 nu cedeze \u00een fa\u021ba grijilor de\u0219arte \u0219i s\u0103 nu \u00ee\u0219i fac\u0103 griji pentru orice lucru m\u0103runt. Gema va aduce mai aproape de armonia mental\u0103 \u0219i va calma reprezentantul nelini\u0219tit al acestui semn. Alexandrita se poart\u0103 cel mai bine \u00eentr-un inel pe degetul mijlociu, noaptea se recomand\u0103 scoaterea acestuia.<\/p>\n<p>Agatul le va oferi Gemenilor stabilitate \u0219i pruden\u021b\u0103, vor fi capabili s\u0103 se calmeze. Piatra va reduce neajunsurile reprezentan\u021bilor acestui semn. Gemenii asocia\u021bi cu creativitatea, agatul \u00eei va ajuta pe Gemeni s\u0103 \u00ee\u0219i g\u0103seasc\u0103 stilul \u0219i s\u0103 ob\u021bin\u0103 un succes real. Mineralul nu v\u0103 va permite s\u0103 arunca\u021bi totul la primele e\u0219ecuri.<\/p>\n<p>Beriliul \u00eei va ajuta pe Gemeni s\u0103 ob\u021bin\u0103 ceea ce \u00ee\u0219i doresc. Mineralul \u00eei va face pe reprezentan\u021bii nestatornici ai acestui semn s\u0103 duc\u0103 fiecare caz p\u00e2n\u0103 la cap\u0103t, va \u00eenv\u0103\u021ba mai profitabil \u0219i mai u\u0219or s\u0103 rezolve problemele. Beryl este un talisman al Gemenilor, care se str\u0103duiesc s\u0103 fac\u0103 o carier\u0103.<\/p>\n<p><span style=\"color: #000000;\"><strong> Pietrele care sunt contraindicate pentru Gemeni <\/strong><\/span><\/p>\n<p>Gemenii trebuie s\u0103 evite pietrele grele \u0219i scumpe, deoarece acestea le pot bloca energia pozitiv\u0103 \u0219i le pot r\u0103pi lejeritatea specific\u0103.<\/p>\n<p>Diamantul \u0219i rubinul sunt contraindicate pentru Gemeni: aceste pietre pre\u021bioase pot d\u0103una s\u0103n\u0103t\u0103\u021bii \u0219i pot aduce probleme.<\/p>\n<p>De asemenea, acvamarinul nu este recomandat pentru acest semn de aer.<\/p>","protected":false},"excerpt":{"rendered":"<p>\u0411\u043b\u0438\u0437\u043d\u0435\u0446\u044b \u0411\u043b\u0438\u0437\u043d\u0435\u0446\u044b \u2013 \u0432\u0435\u0441\u044c\u043c\u0430 \u0440\u0430\u0437\u043d\u043e\u0441\u0442\u043e\u0440\u043e\u043d\u043d\u0438\u0435, \u043f\u0435\u0440\u0435\u043c\u0435\u043d\u0447\u0438\u0432\u044b\u0435 \u0438 \u0430\u043a\u0442\u0438\u0432\u043d\u044b\u0435 \u043b\u044e\u0434\u0438, \u043a\u043e\u0442\u043e\u0440\u044b\u0435 \u0441\u043f\u043e\u0441\u043e\u0431\u043d\u044b \u0437\u0430\u043d\u0438\u043c\u0430\u0442\u044c\u0441\u044f, \u043c\u0430\u043b\u043e \u0442\u043e\u0433\u043e, \u0447\u0442\u043e \u0440\u0430\u0437\u043b\u0438\u0447\u043d\u044b\u043c\u0438 \u0434\u0435\u043b\u0430\u043c\u0438, \u0442\u0430\u043a \u0435\u0449\u0435 \u0438 \u0434\u0435\u043b\u0430\u0442\u044c \u0438\u0445 \u043e\u0434\u043d\u043e\u0432\u0440\u0435\u043c\u0435\u043d\u043d\u043e. \u042d\u0442\u043e\u0442 \u0437\u043d\u0430\u043a \u0432\u0435\u0434\u043e\u043c \u041c\u0435\u0440\u043a\u0443\u0440\u0438\u0435\u043c. \u0411\u043b\u0438\u0437\u043d\u0435\u0446\u044b \u0441\u0442\u0440\u0435\u043c\u044f\u0442\u0441\u044f \u043f\u043e\u0441\u0442\u043e\u044f\u043d\u043d\u043e \u0440\u0435\u043a\u043e\u043d\u0441\u0442\u0440\u0443\u0438\u0440\u043e\u0432\u0430\u0442\u044c \u0441\u0432\u043e\u044e \u0436\u0438\u0437\u043d\u044c, \u0438\u0437\u0432\u043b\u0435\u043a\u0430\u0442\u044c \u0438\u0437 \u043d\u0435\u0435 \u0432\u0441\u0435 \u0443\u0441\u0442\u0430\u0440\u0435\u0432\u0448\u0435\u0435, \u043e\u0434\u043d\u043e\u043e\u0431\u0440\u0430\u0437\u043d\u043e\u0435 \u0438 \u043e\u0431\u044b\u0434\u0435\u043d\u043d\u043e\u0435, \u0432\u043e\u0441\u043f\u043e\u043b\u043d\u044f\u0442\u044c \u0447\u0435\u043c-\u0442\u043e \u0438\u043d\u0442\u0435\u0440\u0435\u0441\u043d\u044b\u043c, \u043d\u043e\u0432\u044b\u043c \u0438 \u0440\u0430\u0437\u043d\u044b\u043c. \u0414\u043e\u043b\u0433\u043e \u0436\u0434\u0430\u0442\u044c \u0443\u0441\u043f\u0435\u0445\u0430 \u2013 \u043d\u0435 \u0442\u043e, \u0447\u0442\u043e \u0436\u0435\u043b\u0430\u044e\u0442 [&hellip;]<\/p>\n","protected":false},"author":1,"featured_media":0,"parent":687,"menu_order":0,"comment_status":"closed","ping_status":"closed","template":"","meta":{"footnotes":""},"class_list":["post-729","page","type-page","status-publish","hentry"],"_links":{"self":[{"href":"https:\/\/insermi.com\/ro\/wp-json\/wp\/v2\/pages\/729","targetHints":{"allow":["GET"]}}],"collection":[{"href":"https:\/\/insermi.com\/ro\/wp-json\/wp\/v2\/pages"}],"about":[{"href":"https:\/\/insermi.com\/ro\/wp-json\/wp\/v2\/types\/page"}],"author":[{"embeddable":true,"href":"https:\/\/insermi.com\/ro\/wp-json\/wp\/v2\/users\/1"}],"replies":[{"embeddable":true,"href":"https:\/\/insermi.com\/ro\/wp-json\/wp\/v2\/comments?post=729"}],"version-history":[{"count":0,"href":"https:\/\/insermi.com\/ro\/wp-json\/wp\/v2\/pages\/729\/revisions"}],"up":[{"embeddable":true,"href":"https:\/\/insermi.com\/ro\/wp-json\/wp\/v2\/pages\/687"}],"wp:attachment":[{"href":"https:\/\/insermi.com\/ro\/wp-json\/wp\/v2\/media?parent=729"}],"curies":[{"name":"wp","href":"https:\/\/api.w.org\/{rel}","templated":true}]}}