{"id":725,"date":"2016-04-03T20:09:45","date_gmt":"2016-04-03T18:09:45","guid":{"rendered":"https:\/\/insermi.com\/?page_id=725"},"modified":"2025-10-07T09:47:56","modified_gmt":"2025-10-07T06:47:56","slug":"kamen-teltsa","status":"publish","type":"page","link":"https:\/\/insermi.com\/ro\/kamni-po-znakam-zodiaka\/kamen-teltsa\/","title":{"rendered":"Piatra Taurului"},"content":{"rendered":"<h1 style=\"text-align: center;\"><strong>Taur<\/strong><\/h1>\n<p>Un Taur solid \u0219i de \u00eencredere, arat\u0103 ca o st\u00e2nc\u0103 de nezdruncinat pe fundalul celorlalte semne din horoscop. Nu degeaba Taurul a fost ini\u021bial descris ca fiind pe jum\u0103tate \u00eengropat \u00een p\u0103m\u00e2nt. Acest lucru determin\u0103 \u00een mare m\u0103sur\u0103 esen\u021ba unei persoane n\u0103scute sub acest semn - fermitatea \u0219i aversiunea fa\u021b\u0103 de schimb\u0103rile frecvente de peisaj. Cu toate acestea, Taurul va fi considerat lent sau lene\u0219  doar de cei care sunt complet lipsi\u021bi de capacitatea de a \u00een\u021belege oamenii. Calm \u0219i pa\u0219nic, Taurul nu tolereaz\u0103 presiunea \u0219i constr\u00e2ngerea. \u00cenzestrat cu o \u00eenc\u0103p\u0103\u021b\u00e2nare de neclintit, el \u00ee\u0219i ap\u0103r\u0103 pozi\u021bia p\u00e2n\u0103 la cap\u0103t. Capacitatea de a-\u0219i \"lovi cu cornul \u00een p\u0103m\u00e2nt\" este inerent\u0103 tuturor posesorilor acestui semn.<\/p>\n<p>Fermec\u0103torul \u0219i robustul Taur este considerat cel mai pragmatic dintre semnele zodiacului. El \u0219tie mai bine dec\u00e2t oricine cum s\u0103 ob\u021bin\u0103 beneficii din orice ac\u021biune. Expresia \u201eTaurul de aur\u201d descrie perfect principala tr\u0103s\u0103tur\u0103 a acestui semn \u2013 capacitatea de a c\u00e2\u0219tiga bani. Dar pentru a fi fericit, Taurul trebuie s\u0103-\u0219i satisfac\u0103 periodic numeroasele dorin\u021be \u2013 iubirea pentru frumos \u0219i rafinament. Orice lucru \u00eendr\u0103git de acest gurmand trebuie s\u0103 fie frumos \u0219i practic.<\/p>\n<p>Chiar \u0219i \u00een tr\u0103s\u0103turile sale negative, precum zg\u00e2rcenia sau egoismul, Taurul este unic. Nu este zg\u00e2rcit la bani, ci mai degrab\u0103 un colec\u021bionar de obiecte de calitate \u0219i valoare. Poate \u00eemprumuta sume mari unui prieten f\u0103r\u0103 ezitare, dar nu se va desp\u0103r\u021bi niciodat\u0103 de cutiu\u021ba lui veche preferat\u0103, iar cu c\u00e2t este rugat mai insistent, cu at\u00e2t refuz\u0103 mai hot\u0103r\u00e2t. Nimeni nu va reu\u0219i s\u0103 p\u0103trund\u0103 \u00een \u201eregatul\u201d acestui colec\u021bionar \u0219i s\u0103-i ia ceva prin complimente \u2013 Taurul vegheaz\u0103 atent asupra bunurilor sale \u0219i nu le d\u0103 de bun\u0103voie.<\/p>\n<p><span style=\"color: #000000;\"><strong> Pietrele Taurului \u00een func\u021bie de data na\u0219terii (deceniul) <\/strong><\/span><\/p>\n<p>Pentru Tauri, un inel cu smarald este alegerea ideal\u0103.\nTaurii n\u0103scu\u021bi \u00eentre 21.04 \u0219i 01.05, afla\u021bi sub influen\u021ba lui Mercur, zeul banilor \u0219i al prosperit\u0103\u021bii, vor avea noroc cu pietre precum: agat, aventurin, amazonit, ametist, ochi de tigru \u0219i cornalin (sardonix ro\u0219u). Obiectele realizate din aceste pietre devin amulete eficiente.<\/p>\n<p>Taurii n\u0103scu\u021bi \u00eentre 02.05 \u0219i 11.05, proteja\u021bi de Lun\u0103, ar trebui s\u0103 poarte turcoaz, cristal de st\u00e2nc\u0103, opal, crisopraz, calcedonie \u0219i coral. O piramid\u0103 din aceste minerale amplific\u0103 efectul calmant al Lunii, iar un inel le aduce armonie familial\u0103.<\/p>\n<p>Pietrele scumpe \u0219i pre\u021bioase \u00eei vor decora \u0219i proteja pe cei n\u0103scu\u021bi sub patronajul lui Saturn, \u00een perioada 12.05-20.05. Bijuteriile recomandate Taurilor de acest temperamental zeu al distrugerii \u00eei vor alina \u00een momentele de depresie \u0219i \u00eei vor proteja de nenorociri. Lista este impresionant\u0103: diamante \u0219i smaralde, granate, safire, acvamarin! Chiar \u0219i simpla contemplare a frumoaselor pietre pre\u021bioase va alunga mofturile unui pesimist.<\/p>\n<p>Cu toate acestea, Taurul poate \"\u00eemprumuta\" \u00een siguran\u021b\u0103 amulete pre\u021bioase de la cei cu care s-au n\u0103scut sub acela\u0219i semn. Desigur, nu este vorba despre pietrele \u00een sine, ci doar despre recomand\u0103ri.<\/p>\n<p><span style=\"color: #000000;\"><strong> Pietre talisman personalizate pentru Taur <\/strong><\/span><\/p>\n<p>Cea mai bun\u0103 amulet\u0103 pentru taur este smaraldul. P\u0103streaz\u0103 fidelitatea conjugal\u0103 \u00een cas\u0103, favorizeaz\u0103 fertilitatea, d\u0103 calm, optimism \u0219i speran\u021b\u0103. Dac\u0103 o persoan\u0103 poart\u0103 un inel cu smarald, el nu poate fi \u00eencercat de spiritele rele. Purtat noaptea, va p\u0103stra visele bune.<\/p>\n<p>Safirul are un efect benefic asupra sufletului. Aceast\u0103 piatr\u0103 albastr\u0103 cereasc\u0103 nu va ajuta proprietarul r\u0103u \u0219i necinstit, dar nu \u00eei va face r\u0103u, r\u0103m\u00e2n\u00e2nd o bijuterie pasiv\u0103. Proprietarul demn ajut\u0103 la luarea deciziilor corecte \u0219i protejeaz\u0103 de calomnie.<\/p>\n<p>Jasper neutralizeaz\u0103 o parte din energia negativ\u0103. O gem\u0103 necesar\u0103 persoanelor care iau la inim\u0103 nenorocirile altora \u0219i sunt gata s\u0103 asculte nemul\u021bumirile altora f\u0103r\u0103 s\u0103 se pl\u00e2ng\u0103. Respinge vampirii energetici, protej\u00e2nd s\u0103n\u0103tatea posesorului.<\/p>\n<p>Agatul este protectorul de zi cu zi. Montat \u00een cupru (metalul Taurului), ofer\u0103 calm \u0219i \u00eencredere. Purtat constant, dezvolt\u0103 intui\u021bia, ajut\u00e2nd la recunoa\u0219terea falsit\u0103\u021bii \u0219i spore\u0219te puterea de convingere.<\/p>\n<p>Aventurinul aduce noroc oamenilor de afaceri. Stimuleaz\u0103 ideile \u0219i planurile. Mul\u021bi Tauri au atins succesul datorit\u0103 influen\u021bei acestei pietre.<\/p>\n<p><span style=\"color: #000000;\"><strong> Pietre pentru femeia Taur <\/strong><\/span><\/p>\n<p>O br\u0103\u021bar\u0103 cu turcoaz este un talisman excelent. Turcoazul, considerat din vechime \u201epiatra fetelor\u201d, este iubit de multe femei. Femeile nec\u0103s\u0103torite pot atrage iubirea cu ajutorul turcoazului albastru deschis \u2013 purtat ascuns \u00een haine, protejeaz\u0103 de gre\u0219eli \u0219i minciuni.<\/p>\n<p>Turcoazul verde ajut\u0103 femeile m\u0103ritate s\u0103 men\u021bin\u0103 pacea \u0219i prosperitatea \u00een cas\u0103. Este un simbol al s\u0103n\u0103t\u0103\u021bii \u0219i fertilit\u0103\u021bii, ideal pentru familiile care \u00ee\u0219i doresc copii.<\/p>\n<p>Caholongul (\u201eLaptele vacii sfinte\u201d), o varietate perlat\u0103 de agat, este recomandat femeilor \u00eens\u0103rcinate \u2013 favorizeaz\u0103 o sarcin\u0103 u\u0219oar\u0103, o na\u0219tere f\u0103r\u0103 complica\u021bii \u0219i s\u0103n\u0103tatea mamei \u0219i a copilului. \u00cen spiritul zicalei \u201eDumnezeu \u021bi-a dat copilul, \u00ee\u021bi va da \u0219i pentru copil\u201d, atrage prosperitate \u00een familiile tinere.<\/p>\n<p><span style=\"color: #000000;\"><strong> Pietre pentru b\u0103rbatul Taur <\/strong><\/span><\/p>\n<p>Talismanul ideal este sardonixul \u2013 o varietate de onix portocaliu sau brun. Ajut\u0103 la concentrare, descoper\u0103 poten\u021bialul ascuns \u0219i ofer\u0103 noroc \u00een afaceri.<\/p>\n<p>Amazonitul aduce prosperitate material\u0103, \u00eencredere \u00een decizii \u0219i curaj.<\/p>\n<p>Sardonixul dezvolt\u0103 darul persuasiunii \u0219i ajut\u0103 \u00een rela\u021biile cu femeile. Pentru Tauri singuri, aceast\u0103 piatr\u0103 aduce noroc \u00een dragoste.<\/p>\n<p>Zirconul, de\u0219i popular printre femei, este considerat o piatr\u0103 \u201eb\u0103rb\u0103teasc\u0103\u201d. Confer\u0103 hot\u0103r\u00e2re, protejeaz\u0103 de minciuni \u0219i calomnii, \u0219i \u00eempiedic\u0103 oamenii vicleni s\u0103 se afunde \u00een propriile intrigi.<\/p>\n<p>Pietre care sunt contraindicate pentru Taur<\/p>\n<p>Taurul nu are voie absolut deloc s\u0103 poarte chihlimbar. Singura piatr\u0103 pe care Taurul ar trebui s\u0103 o evite \u0219i s\u0103 nu o aib\u0103 cu el sub nicio form\u0103 - chihlimbarul. Consecin\u021bele achizi\u021biei \u0219i, cu at\u00e2t mai mult, ale darului acestei buc\u0103\u021bi \u00eenghe\u021bate de r\u0103\u0219in\u0103 - proprietarul va \u00eencepe s\u0103 le observe foarte cur\u00e2nd. Nu se \u0219tie de ce chihlimbarul nu-i place Taurului, dar necazurile \u0219i nenorocirile cad asupra proprietarului pietrei galbene, din toate p\u0103r\u021bile. Iar puterea negativ\u0103 a chihlimbarului nu sl\u0103be\u0219te, iar piatra \u00eei preg\u0103te\u0219te r\u0103ut\u0103\u021bi m\u0103runte proprietarului neiubit cu un zel necru\u021b\u0103tor.<\/p>\n<p>Dac\u0103 vrei s\u0103 scapi de chihlimbar, nu-l arunca la co\u0219ul de gunoi. Dac\u0103 vre\u021bi s\u0103 sc\u0103pa\u021bi de chihlimbar, nu-l arunca\u021bi niciodat\u0103 la co\u0219ul de gunoi. De exemplu, rom\u00e2nii las\u0103 amuleta \u00eentr-un loc vizibil cu cuvintele: \"Noi doi nu am putut fi prieteni. \u00cemi doresc cu noul proprietar suflet cu suflet s\u0103 tr\u0103im\". Pute\u021bi efectua acest simplu ritual de eliberare sau o pute\u021bi d\u0103rui cuiva c\u0103ruia \u00eei place piatra.<\/p>\n<p>Exist\u0103 alte c\u00e2teva pietre care nu sunt de dorit pentru Taur s\u0103 le poarte. Acestea includ topazul, ametistul, pirita, heliotropul \u0219i rubinul.<\/p>\n<p>Atunci c\u00e2nd alege\u021bi o bijuterie cu o piatr\u0103, asculta\u021bi-v\u0103 vocea interioar\u0103. Dac\u0103 un sentiment de c\u0103ldur\u0103 apare \u00een sufletul t\u0103u atunci c\u00e2nd prive\u0219ti o piatr\u0103 pre\u021bioas\u0103, atunci ai g\u0103sit piatra ta!<\/p>","protected":false},"excerpt":{"rendered":"<p>\u0422\u0435\u043b\u0435\u0446 \u041e\u0441\u043d\u043e\u0432\u0430\u0442\u0435\u043b\u044c\u043d\u044b\u0439 \u0438 \u043d\u0430\u0434\u0435\u0436\u043d\u044b\u0439 \u0422\u0435\u043b\u0435\u0446 \u043d\u0430 \u0444\u043e\u043d\u0435 \u043e\u0441\u0442\u0430\u043b\u044c\u043d\u044b\u0445 \u0437\u043d\u0430\u043a\u043e\u0432 \u0433\u043e\u0440\u043e\u0441\u043a\u043e\u043f\u0430 \u0432\u044b\u0433\u043b\u044f\u0434\u0438\u0442 \u043d\u0435\u0437\u044b\u0431\u043b\u0435\u043c\u043e\u0439 \u0441\u043a\u0430\u043b\u043e\u0439. \u041d\u0435\u0434\u0430\u0440\u043e\u043c \u0438\u0437\u043d\u0430\u0447\u0430\u043b\u044c\u043d\u043e \u0422\u0435\u043b\u0435\u0446 \u0438\u0437\u043e\u0431\u0440\u0430\u0436\u0430\u043b\u0441\u044f \u043d\u0430\u043f\u043e\u043b\u043e\u0432\u0438\u043d\u0443 \u0432\u0440\u043e\u0441\u0448\u0438\u043c \u0432 \u0437\u0435\u043c\u043b\u044e. \u042d\u0442\u043e \u0432\u043e \u043c\u043d\u043e\u0433\u043e\u043c \u043e\u043f\u0440\u0435\u0434\u0435\u043b\u044f\u0435\u0442 \u0441\u0443\u0442\u044c \u0447\u0435\u043b\u043e\u0432\u0435\u043a\u0430, \u0440\u043e\u0434\u0438\u0432\u0448\u0435\u0433\u043e\u0441\u044f \u043f\u043e\u0434 \u044d\u0442\u0438\u043c \u0437\u043d\u0430\u043a\u043e\u043c \u2013 \u043d\u0435\u043f\u043e\u043a\u043e\u043b\u0435\u0431\u0438\u043c\u043e\u0441\u0442\u044c \u0438 \u043d\u0435\u043b\u044e\u0431\u043e\u0432\u044c \u043a \u0447\u0430\u0441\u0442\u044b\u043c \u0441\u043c\u0435\u043d\u0430\u043c \u0434\u0435\u043a\u043e\u0440\u0430\u0446\u0438\u0439. \u041e\u0434\u043d\u0430\u043a\u043e \u043c\u0430\u043b\u043e\u043f\u043e\u0434\u0432\u0438\u0436\u043d\u044b\u043c \u0438\u043b\u0438 \u043d\u0435\u0440\u0430\u0441\u0442\u043e\u0440\u043e\u043f\u043d\u044b\u043c \u0443\u0432\u0430\u043b\u044c\u043d\u0435\u043c \u0422\u0435\u043b\u044c\u0446\u0430 \u0431\u0443\u0434\u0443\u0442 \u0441\u0447\u0438\u0442\u0430\u0442\u044c \u043b\u0438\u0448\u044c \u0442\u0435, \u043a\u0442\u043e \u043d\u0430\u0447\u0438\u0441\u0442\u043e \u043b\u0438\u0448\u0435\u043d \u0443\u043c\u0435\u043d\u0438\u044f \u0440\u0430\u0437\u0431\u0438\u0440\u0430\u0442\u044c\u0441\u044f \u0432 [&hellip;]<\/p>\n","protected":false},"author":1,"featured_media":0,"parent":687,"menu_order":0,"comment_status":"closed","ping_status":"closed","template":"","meta":{"footnotes":""},"class_list":["post-725","page","type-page","status-publish","hentry"],"_links":{"self":[{"href":"https:\/\/insermi.com\/ro\/wp-json\/wp\/v2\/pages\/725","targetHints":{"allow":["GET"]}}],"collection":[{"href":"https:\/\/insermi.com\/ro\/wp-json\/wp\/v2\/pages"}],"about":[{"href":"https:\/\/insermi.com\/ro\/wp-json\/wp\/v2\/types\/page"}],"author":[{"embeddable":true,"href":"https:\/\/insermi.com\/ro\/wp-json\/wp\/v2\/users\/1"}],"replies":[{"embeddable":true,"href":"https:\/\/insermi.com\/ro\/wp-json\/wp\/v2\/comments?post=725"}],"version-history":[{"count":0,"href":"https:\/\/insermi.com\/ro\/wp-json\/wp\/v2\/pages\/725\/revisions"}],"up":[{"embeddable":true,"href":"https:\/\/insermi.com\/ro\/wp-json\/wp\/v2\/pages\/687"}],"wp:attachment":[{"href":"https:\/\/insermi.com\/ro\/wp-json\/wp\/v2\/media?parent=725"}],"curies":[{"name":"wp","href":"https:\/\/api.w.org\/{rel}","templated":true}]}}