{"id":721,"date":"2016-04-03T19:59:54","date_gmt":"2016-04-03T17:59:54","guid":{"rendered":"https:\/\/insermi.com\/?page_id=721"},"modified":"2025-10-07T09:47:50","modified_gmt":"2025-10-07T06:47:50","slug":"kakoj-kamen-podhodit-streltsam","status":"publish","type":"page","link":"https:\/\/insermi.com\/ro\/kamni-po-znakam-zodiaka\/kakoj-kamen-podhodit-streltsam\/","title":{"rendered":"Ce piatr\u0103 se potrive\u0219te S\u0103get\u0103torului"},"content":{"rendered":"<h1 style=\"text-align: center;\"><span style=\"color: #000000;\"><strong>S\u0103get\u0103tor<\/strong><\/span><\/h1>\n<p>Reprezentan\u021bii acestui semn iubesc comunicarea \u0219i aten\u021bia universal\u0103 fa\u021b\u0103 de persoana lor. S\u0103get\u0103torii sunt extrem de sinceri, iar directe\u021bea lor le face adesea du\u0219mani. Acest semn nu tolereaz\u0103 controlul: ace\u0219ti oameni trebuie s\u0103 fie neap\u0103rat independen\u021bi.<\/p>\n<p>Majoritatea S\u0103get\u0103torilor sunt conservatorii c\u0103rora nu le place s\u0103 schimbe ordinea stabilit\u0103 a lucrurilor, este mai u\u0219or pentru ei s\u0103 se adapteze la ea. S\u0103get\u0103torii sunt genero\u0219i \u0219i m\u0103rinimo\u0219i, \u00eei vor ajuta de bun\u0103voie pe cei care au nevoie de ajutorul lor.<\/p>\n<p>S\u0103get\u0103torii sunt adesea ideali\u0219ti: ei nu tolereaz\u0103 violen\u021ba \u0219i minciunile, cea mai mare valoare pentru ei este libertatea, sinceritatea \u0219i dreptatea.<\/p>\n<p>Printre tr\u0103s\u0103turile de caracter pozitive ale S\u0103get\u0103torului se num\u0103r\u0103 sinceritatea \u0219i onestitatea, independen\u021ba, optimismul, energia, pasiunea \u0219i sim\u021bul drept\u0103\u021bii. Dezavantajele S\u0103get\u0103torului sunt frica de responsabilitate, care le limiteaz\u0103 propria libertate, nep\u0103sarea, incapacitatea de a face planuri, edificarea excesiv\u0103, uneori zg\u00e2rcenia.<\/p>\n<p><span style=\"color: #000000;\"><strong> Alegerea unei pietre \u00een func\u021bie de data na\u0219terii (deceniul) <\/strong><\/span><\/p>\n<p>Piatra turcoaz se potrive\u0219te perfect S\u0103get\u0103torilor, conform horoscopului. S\u0103get\u0103torii, n\u0103scu\u021bi \u00eentre 23 noiembrie \u0219i 2 decembrie, apar\u021bin primei decade aflate sub influen\u021ba planetei Mercur. Aceste persoane sunt v\u00e2n\u0103tori ne\u00eenfrica\u021bi \u0219i lupt\u0103tori curajo\u0219i pentru dreptate, care se pot implica cu u\u0219urin\u021b\u0103 \u00een aventuri sau pot g\u0103si aventura. S\u0103get\u0103torilor din prima decad\u0103 li se potrivesc pietre pre\u021bioase precum ochiul de tigru, lapis lazuli, jasp de s\u00e2nge, ametist, agat \u0219i cuar\u021b.<\/p>\n<p>S\u0103get\u0103torii apar\u021bin\u00e2nd celei de-a doua decade (de la 3 la 12 decembrie) sunt supu\u0219i unor schimb\u0103ri frecvente de dispozi\u021bie. Reprezentan\u021bii acestei decade sunt persoane creative, care vor fi capabile s\u0103 dea dovad\u0103 de imagina\u021bie chiar \u0219i \u00eentr-un caz neinteresant \u0219i plictisitor. Pietre pre\u021bioase potrivite pentru S\u0103get\u0103torii din a doua decad\u0103: crisopras\u0103, p\u0103iu\u0219 (a doua denumire - cuar\u021b rutil), onix, opal, turcoaz \u0219i calcedonie.<\/p>\n<p>S\u0103get\u0103torii, n\u0103scu\u021bi \u00een a treia decad\u0103 (de la 13 la 21 decembrie), sunt capabili s\u0103 \u00ee\u0219i urm\u0103reasc\u0103 cu perseveren\u021b\u0103 \u0219i f\u0103r\u0103 \u00eencetare obiectivele \u0219i ador\u0103 s\u0103 tr\u0103iasc\u0103 frumos. Reprezentan\u021bii acestei zodii se \u00eenconjoar\u0103 constant de persoane preferate \u0219i de lucruri luxoase. S\u0103get\u0103torilor din a treia decad\u0103 le vor pl\u0103cea hiacintul, rubinul, crisolitul, safirul, granatul, zirconiul, smaraldul \u0219i topazul.<\/p>\n<p><span style=\"color: #000000;\"><strong> Piatra talisman a S\u0103get\u0103torului <\/strong><\/span><\/p>\n<p>Granatul este considerat a fi principalul talisman \u0219i amulet\u0103 a S\u0103get\u0103torului. Piatra pre\u021bioas\u0103 \u00eei va ajuta pe reprezentan\u021bii acestui semn s\u0103 ajung\u0103 \u00een v\u00e2rful sc\u0103rii carierei \u00eentr-un timp scurt, s\u0103 ob\u021bin\u0103 faim\u0103 \u0219i putere. Rodia va \u021bine departe de dezastrele naturale, va \u021bine \u00eentr-o c\u0103l\u0103torie lung\u0103, va proteja de magie \u0219i de ochiul r\u0103u.<\/p>\n<p>\"Piatra psihologilor\", capabil\u0103 s\u0103 dezvolte intui\u021bia, este topazul. Aceast\u0103 piatr\u0103, purtat\u0103 \u00eentr-o bro\u0219\u0103 sau \u00eentr-un pandantiv, va aduce fericire, precum \u0219i constan\u021b\u0103 \u00een via\u021ba de familie \u0219i \u00een rela\u021biile amoroase. Aceast\u0103 gem\u0103 este esen\u021bial\u0103 pentru cei care \u00ee\u0219i urm\u0103resc atractivitatea exterioar\u0103. Optimizarea metabolismului, reglarea apetitului, p\u0103strarea tinere\u021bii sunt sarcinile pe care le va \u00eendeplini topazul. Aceast\u0103 gem\u0103 \u00eei va oferi proprietarului s\u0103u o atitudine pozitiv\u0103 fa\u021b\u0103 de via\u021b\u0103 \u0219i o mare de bun\u0103 dispozi\u021bie.<\/p>\n<p>Crisolitul va echilibra \u0219i va calma natura pasional\u0103 a S\u0103get\u0103torului. Acest semn are de obicei un num\u0103r mare de invidio\u0219i \u0219i r\u0103uvoitori \u00een cercul s\u0103u, deoarece sunt extrem de direc\u021bi \u0219i one\u0219ti. Chrysolite va fi de un ajutor nepre\u021buit pentru S\u0103get\u0103tor \u00een atragerea sus\u021bin\u0103torilor \u0219i, de asemenea, va ajuta la evitarea multor conflicte. Talismanul de crisolit va fi capabil s\u0103 insufle \u00eencredere \u00een viitor, s\u0103 normalizeze sistemul nervos \u0219i s\u0103 afecteze \u00een mod favorabil starea intern\u0103 a posesorului, precum \u0219i s\u0103 alunge visele ur\u00e2te \u0219i g\u00e2ndurile nepl\u0103cute.<\/p>\n<p>Ochiul de tigru va spori aspectele pozitive ale caracterului S\u0103get\u0103torului \u0219i va ajuta la minimizarea celor negative. Un talisman cu aceast\u0103 piatr\u0103 este cel mai bun ajutor \u00een lupta \u00eempotriva apatiei \u0219i a lenei, este ca un magnet care atrage norocul, prosperitatea \u0219i succesul c\u0103tre posesor.<\/p>\n<p>Un talisman turcoaz \u00eel poate ajuta pe S\u0103get\u0103tor s\u0103 construiasc\u0103 rela\u021bii puternice, \u00eel ajut\u0103 \u00een studii \u0219i \u00een toate eforturile sale. Turcoazul \u00ee\u0219i va salva proprietarul de toate necazurile, triste\u021bile \u0219i nenorocirile. Talismanul din aceast\u0103 piatr\u0103 este capabil s\u0103 ajute S\u0103get\u0103torul s\u0103 construiasc\u0103 rela\u021bii puternice cu oameni noi, precum \u0219i s\u0103 men\u021bin\u0103 contactele existente. Reprezentan\u021bii semnului S\u0103get\u0103torului sunt \u00een mare parte optimi\u0219ti care au nevoie de rezerve suplimentare pentru a ob\u021bine ceea ce \u00ee\u0219i doresc. Turcoazul va fi capabil s\u0103 le ofere \u00eencrederea necesar\u0103 \u00een propriile abilit\u0103\u021bi, \u00eendep\u0103rt\u00e2nd \u00een acela\u0219i timp nep\u0103sarea excesiv\u0103.<\/p>\n<p>\u00cen procesul de \u00eenv\u0103\u021bare, S\u0103get\u0103torului \u00eei va fi de ajutor safirul. De asemenea, acesta \u00eei va conferi o putere informal\u0103 \u0219i subtil\u0103 asupra oamenilor. Safirul poate aprinde \u00een proprietarii s\u0103i flac\u0103ra creativit\u0103\u021bii, \u00eei poate \u00eenv\u0103\u021ba o viziune neobi\u0219nuit\u0103 \u0219i o percep\u021bie special\u0103 asupra vie\u021bii. Pentru reprezentan\u021bii acestui semn, safirul \u00eei va proteja de lene \u0219i team\u0103, \u00eei va spori virtutea \u0219i le va da putere pentru perfec\u021bionarea spiritual\u0103.<\/p>\n<p>Rubinul va cre\u0219te atractivitatea S\u0103get\u0103torului \u00een ochii celorlal\u021bi \u0219i \u00eei va spori abilit\u0103\u021bile \u00een conducere. Un talisman cu aceast\u0103 piatr\u0103 \u00eel va ajuta, de asemenea, s\u0103 scape de teama de responsabilitate \u0219i de \u00eendoieli.<\/p>\n<p><span style=\"color: #000000;\"><strong> Pietre pentru femeile S\u0103get\u0103tor <\/strong><\/span><\/p>\n<p>Femeia S\u0103get\u0103tor s\u0103 poarte un inel cu sardonyx este perfect. Dac\u0103 vrei s\u0103 \u00eembun\u0103t\u0103\u021be\u0219ti situa\u021bia financiar\u0103 a prietenei tale din S\u0103get\u0103tor, atunci d\u0103-i o br\u0103\u021bar\u0103 cu ochi de tigru.<br \/>\nUn pandantiv cu safir o va ajuta pe doamna S\u0103get\u0103tor s\u0103 aib\u0103 mai pu\u021bine conflicte cu ceilal\u021bi. Un inel cu sardonyx va fi pe placul unei femei care iube\u0219te c\u0103l\u0103toriile.<\/p>\n<p><span style=\"color: #000000;\"><strong> Pietre pentru b\u0103rba\u021bii S\u0103get\u0103tor <\/strong><\/span><\/p>\n<p>Un inel cu ametist este potrivit pentru un b\u0103rbat S\u0103get\u0103tor. B\u0103rba\u021bii S\u0103get\u0103tor din copil\u0103rie au o dorin\u021b\u0103 de a dob\u00e2ndi noi cuno\u0219tin\u021be \u0219i de a-\u0219i dezvolta abilit\u0103\u021bile. De obicei, el absoarbe informa\u021biile destul de repede, dar foarte rar g\u0103se\u0219te aplicarea lor practic\u0103. Ametistul \u00eei va ajuta pe to\u021bi cei a c\u0103ror activitate este legat\u0103 de munca intelectual\u0103. Pentru un b\u0103rbat S\u0103get\u0103tor piatra va ajuta la \u00eent\u0103rirea poten\u021bialului mental \u0219i va avea un efect favorabil asupra capacit\u0103\u021bii de concentrare. Aceast\u0103 piatr\u0103 va fi capabil\u0103 s\u0103 taie din jum\u0103tatea puternic\u0103 a reprezentan\u021bilor semnului pe to\u021bi \u0219mecherii, \u00een\u0219el\u0103torii \u0219i intrigan\u021bii care vor s\u0103 foloseasc\u0103 credulitatea \u0219i onestitatea b\u0103rba\u021bilor S\u0103get\u0103tor \u00een scopuri proprii.<\/p>\n<p>Obsidianul va avea un efect favorabil asupra tuturor sistemelor de organe interne, \u00een special asupra sistemului reproduc\u0103tor. Acest talisman este potrivit pentru un b\u0103rbat S\u0103get\u0103tor, deoarece este o piatr\u0103 a energiei \u0219i a for\u021bei. Obsidianul este capabil s\u0103 domoleasc\u0103 agresivitatea \u0219i flac\u0103ra din inima S\u0103get\u0103torului. Produsele realizate din sticl\u0103 vulcanic\u0103 sunt capabile s\u0103 \u00ee\u0219i protejeze proprietarii de conspira\u021bii, ochiul r\u0103u \u0219i stric\u0103ciune.<\/p>\n<p>Zirconul le va reda S\u0103get\u0103torilor dispera\u021bi for\u021ba interioar\u0103 \u0219i \u00eencrederea \u00een sine \u0219i le va revigora optimismul. Aceast\u0103 piatr\u0103, precum \u0219i omul S\u0103get\u0103tor \u00eensu\u0219i, se afl\u0103 \u00een paza drept\u0103\u021bii, se opune \u00een\u0219el\u0103ciunii \u0219i oric\u0103rei manifest\u0103ri a minciunii. Zirconul va \u00eent\u0103ri calit\u0103\u021bile deja excelente de lider ale S\u0103get\u0103torului, \u00eei va \u00eembun\u0103t\u0103\u021bi capacitatea de comunicare \u0219i \u00eei va ascu\u021bi mintea.<br \/>\nCuprins.<\/p>\n<p><span style=\"color: #000000;\"><strong> Pietre contraindicate pentru S\u0103get\u0103tor <\/strong><\/span><\/p>\n<p>Opalul negru este bine s\u0103 nu fie purtat de S\u0103get\u0103tor, nu este piatra lui. S\u0103get\u0103torilor nu li se recomand\u0103 s\u0103 poarte pietrele semnului opus, Gemenii. Dualitatea pietrelor de aer va fi de un beneficiu \u00eendoielnic pentru S\u0103get\u0103tor, amenin\u021b\u00e2nd s\u0103 alimenteze fl\u0103c\u0103rile sale \u00eentr-un foc care va distruge totul \u00een jurul s\u0103u. Exemple de astfel de pietre sunt alexandritul \u0219i perlele.<\/p>\n<p>Opalul negru le poate insufla S\u0103get\u0103torilor nesiguran\u021b\u0103 \u0219i temeri nerezonabile f\u0103r\u0103 sf\u00e2r\u0219it. Aceast\u0103 piatr\u0103 \u00eei va atrage \u00eentr-o lume a fanteziilor nerealiste \u0219i \u00eei va distrage de la proiectele reale care a\u0219teapt\u0103 s\u0103 fie realizate.<\/p>\n<p>S\u0103get\u0103torul, un iubitor al schimb\u0103rii, nu ar trebui s\u0103 aib\u0103 \u00een jurul s\u0103u bibelouri \u0219i bijuterii din jad. Exist\u0103 posibilitatea ca aceast\u0103 piatr\u0103 s\u0103 \u00eel \u00eemping\u0103 pe S\u0103get\u0103tor la ac\u021biuni pripite \u0219i s\u0103 creasc\u0103 pofta de schimb\u0103ri bru\u0219te \u00een via\u021b\u0103. De asemenea, jadul poate aduce singur\u0103tate S\u0103get\u0103torului, c\u0103ruia deja \u00eei este destul de greu s\u0103-\u0219i g\u0103seasc\u0103 un partener.<\/p>","protected":false},"excerpt":{"rendered":"<p>\u0421\u0442\u0440\u0435\u043b\u0435\u0446 \u041f\u0440\u0435\u0434\u0441\u0442\u0430\u0432\u0438\u0442\u0435\u043b\u0438 \u044d\u0442\u043e\u0433\u043e \u0437\u043d\u0430\u043a\u0430 \u043b\u044e\u0431\u044f\u0442 \u043e\u0431\u0449\u0435\u043d\u0438\u0435 \u0438 \u0432\u0441\u0435\u043e\u0431\u0449\u0435\u0435 \u0432\u043d\u0438\u043c\u0430\u043d\u0438\u0435 \u043a \u0438\u0445 \u043f\u0435\u0440\u0441\u043e\u043d\u0435. \u0421\u0442\u0440\u0435\u043b\u044c\u0446\u044b \u043a\u0440\u0430\u0439\u043d\u0435 \u0438\u0441\u043a\u0440\u0435\u043d\u043d\u0438 \u0438 \u043f\u0440\u0430\u0432\u0434\u0438\u0432\u044b, \u0430 \u0441\u0432\u043e\u0435\u0439 \u043f\u0440\u044f\u043c\u043e\u043b\u0438\u043d\u0435\u0439\u043d\u043e\u0441\u0442\u044c\u044e \u043e\u043d\u0438 \u043d\u0435\u0440\u0435\u0434\u043a\u043e \u043d\u0430\u0436\u0438\u0432\u0430\u044e\u0442 \u0432\u0440\u0430\u0433\u043e\u0432. \u042d\u0442\u043e\u0442 \u0437\u043d\u0430\u043a \u043d\u0435 \u0442\u0435\u0440\u043f\u0438\u0442 \u043d\u0430\u0434 \u0441\u043e\u0431\u043e\u0439 \u043a\u043e\u043d\u0442\u0440\u043e\u043b\u044f: \u044d\u0442\u0438 \u043b\u044e\u0434\u0438 \u043e\u0431\u044f\u0437\u0430\u0442\u0435\u043b\u044c\u043d\u043e \u0434\u043e\u043b\u0436\u043d\u044b \u0431\u044b\u0442\u044c \u043d\u0435\u0437\u0430\u0432\u0438\u0441\u0438\u043c\u044b\u043c\u0438. \u041e\u0441\u043d\u043e\u0432\u043d\u0430\u044f \u043c\u0430\u0441\u0441\u0430 \u0421\u0442\u0440\u0435\u043b\u044c\u0446\u043e\u0432 \u2013 \u043a\u043e\u043d\u0441\u0435\u0440\u0432\u0430\u0442\u043e\u0440\u044b, \u043a\u043e\u0442\u043e\u0440\u044b\u0435 \u043a\u0440\u0430\u0439\u043d\u0435 \u043d\u0435 \u043b\u044e\u0431\u044f\u0442 \u043c\u0435\u043d\u044f\u0442\u044c \u0441\u043b\u043e\u0436\u0438\u0432\u0448\u0438\u0439\u0441\u044f \u043f\u043e\u0440\u044f\u0434\u043e\u043a \u0432\u0435\u0449\u0435\u0439, \u0438\u043c \u043b\u0435\u0433\u0447\u0435 \u043f\u043e\u0434\u0441\u0442\u0440\u043e\u0438\u0442\u044c\u0441\u044f \u043f\u043e\u0434 \u043d\u0435\u0433\u043e. [&hellip;]<\/p>\n","protected":false},"author":1,"featured_media":0,"parent":687,"menu_order":0,"comment_status":"closed","ping_status":"closed","template":"","meta":{"footnotes":""},"class_list":["post-721","page","type-page","status-publish","hentry"],"_links":{"self":[{"href":"https:\/\/insermi.com\/ro\/wp-json\/wp\/v2\/pages\/721","targetHints":{"allow":["GET"]}}],"collection":[{"href":"https:\/\/insermi.com\/ro\/wp-json\/wp\/v2\/pages"}],"about":[{"href":"https:\/\/insermi.com\/ro\/wp-json\/wp\/v2\/types\/page"}],"author":[{"embeddable":true,"href":"https:\/\/insermi.com\/ro\/wp-json\/wp\/v2\/users\/1"}],"replies":[{"embeddable":true,"href":"https:\/\/insermi.com\/ro\/wp-json\/wp\/v2\/comments?post=721"}],"version-history":[{"count":0,"href":"https:\/\/insermi.com\/ro\/wp-json\/wp\/v2\/pages\/721\/revisions"}],"up":[{"embeddable":true,"href":"https:\/\/insermi.com\/ro\/wp-json\/wp\/v2\/pages\/687"}],"wp:attachment":[{"href":"https:\/\/insermi.com\/ro\/wp-json\/wp\/v2\/media?parent=721"}],"curies":[{"name":"wp","href":"https:\/\/api.w.org\/{rel}","templated":true}]}}