{"id":71,"date":"2016-02-03T00:12:47","date_gmt":"2016-02-02T22:12:47","guid":{"rendered":"https:\/\/insermi.com\/?page_id=71"},"modified":"2016-02-03T00:12:47","modified_gmt":"2016-02-02T22:12:47","slug":"zhemchug","status":"publish","type":"page","link":"https:\/\/insermi.com\/ro\/o-kamnyah\/zhemchug\/","title":{"rendered":"Perl\u0103"},"content":{"rendered":"<p><a href=\"https:\/\/insermi.com\/wp-content\/uploads\/2015\/12\/ZHemchug1.jpg\" rel=\"attachment wp-att-710\"><img fetchpriority=\"high\" decoding=\"async\" src=\"https:\/\/insermi.com\/wp-content\/uploads\/2015\/12\/ZHemchug1-300x300.jpg\" alt=\"\u0416\u0435\u043c\u0447\u0443\u04331\" width=\"300\" height=\"300\" class=\"alignnone size-medium wp-image-710\" title=\"\"><\/a>    <a href=\"https:\/\/insermi.com\/wp-content\/uploads\/2015\/12\/ZHemchug2.jpg\" rel=\"attachment wp-att-711\"><img decoding=\"async\" src=\"https:\/\/insermi.com\/wp-content\/uploads\/2015\/12\/ZHemchug2-300x112.jpg\" alt=\"\u0416\u0435\u043c\u0447\u0443\u04332\" width=\"500\" height=\"312\" class=\"alignnone size-medium wp-image-711\" title=\"\"><\/a><\/p>\n<p>Perlele sunt un mineral care face parte din clasa pietrelor pre\u021bioase. Se extrage din cochiliile molu\u0219telor capturate \u00een apele calde ale M\u0103rii Ro\u0219ii, ale Golfului Persic \u0219i \u00een largul coastelor Japoniei \u0219i Sri Lank\u0103i. Perlele cultivate artificial sunt crescute \u00een ferme speciale. Perlele sunt utilizate cel mai adesea pentru a crea bijuterii din perle, precum \u0219i \u00een medicin\u0103, pentru producerea de preparate medicinale.<\/p>\n<p>Numele perlelor provine din cuv\u00e2ntul arab \"zenchug\" (conform unei alte versiuni, din cuv\u00e2ntul chinezesc \"zhenzhu\"). \u00cen Europa, perlele sunt mai bine cunoscute sub denumirea de perl\u0103. Exist\u0103 o distinc\u021bie \u00eentre perlele de r\u00e2u \u0219i perlele de mare. Acestea din urm\u0103 (perlele de mare) sunt mai scumpe datorit\u0103 calit\u0103\u021bii lor superioare.  Pute\u021bi citi mai multe despre perle \u0219i clasificarea lor \u00een func\u021bie de principalele criterii \u00eentr-un articol special.<\/p>\n<p><strong>Perle: propriet\u0103\u021bi medicinale<\/strong><\/p>\n<p>Ast\u0103zi, bijuteriile cu perle sunt la mare c\u0103utare, la fel ca acum c\u00e2teva secole. Motivul const\u0103 nu numai \u00een calit\u0103\u021bile estetice magnifice ale pietrei, ci \u0219i \u00een propriet\u0103\u021bile sale unice de vindecare. Merit\u0103 s\u0103 cump\u0103ra\u021bi perle pentru cei care sufer\u0103 de hipertensiune \u0219i tulbur\u0103ri metabolice, probleme renale \u0219i vasculare. \u00cen plus, \u00eenc\u0103 de pe vremea lui Avicenna, lumea a cunoscut a\u0219a-numita ap\u0103 de perle, care este folosit\u0103 cu succes pentru a trata tulbur\u0103rile nervoase, a \u00eent\u0103ri memoria \u0219i a normaliza ciclul menstrual. Pentru a o prepara, este suficient s\u0103 pune\u021bi c\u00e2teva perle mari \u00eentr-un pahar de ap\u0103 obi\u0219nuit\u0103 peste noapte, iar apoi s\u0103 be\u021bi remediul rezultat pe stomacul gol. Dac\u0103 perla este \u021binut\u0103 \u00een gur\u0103 timp de c\u00e2teva minute, aceasta v\u0103 permite s\u0103 restabili\u021bi echilibrul mental, s\u0103 sc\u0103pa\u021bi de fric\u0103, agresivitate, furie sau depresie. Aceea\u0219i metod\u0103 este utilizat\u0103 dac\u0103 este necesar s\u0103 se normalizeze tensiunea arterial\u0103 \u0219i s\u0103 se scape de o durere de cap sever\u0103.<\/p>\n<p>De asemenea, este de remarcat faptul c\u0103 perlele sunt una dintre pu\u021binele pietre care sunt clasificate ca un fel de indicator al st\u0103rii de s\u0103n\u0103tate a proprietarului s\u0103u. Cei care doresc s\u0103 cumpere bijuterii cu perle trebuie s\u0103 \u00ee\u0219i aminteasc\u0103 faptul c\u0103 piatra \u00ee\u0219i poate schimba aspectul \u00een timp dac\u0103 proprietarul unui colier, br\u0103\u021bar\u0103, cercei sau inel are probleme de s\u0103n\u0103tate. \u00cen acest caz, perlele se estompeaz\u0103 rapid \u0219i par a fi acoperite cu patin\u0103. Dar merit\u0103 s\u0103 cump\u0103ra\u021bi astfel de bijuterii cu perle pentru o alt\u0103 persoan\u0103, deoarece dup\u0103 ceva timp pietrele \u00ee\u0219i dob\u00e2ndesc str\u0103lucirea original\u0103. Perlele sunt, de asemenea, foarte sensibile la schimb\u0103rile legate de v\u00e2rst\u0103 ale proprietarului lor. Pe m\u0103sur\u0103 ce \u00eemb\u0103tr\u00e2ne\u0219te, piatra devine \u0219i ea mai tern\u0103 \u0219i lipsit\u0103 de via\u021b\u0103, dar \u00ee\u0219i recap\u0103t\u0103 cu u\u0219urin\u021b\u0103 propriet\u0103\u021bile imediat ce ajunge la noul proprietar.<\/p>\n<p><strong>Perle: propriet\u0103\u021bi magice<\/strong><\/p>\n<p>Diferite na\u021biuni acord\u0103 perlelor tot felul de propriet\u0103\u021bi magice. De exemplu, \u00een India \u0219i Egipt aceast\u0103 piatr\u0103 este considerat\u0103 un simbol al s\u0103n\u0103t\u0103\u021bii, longevit\u0103\u021bii, tinere\u021bii \u0219i frumuse\u021bii. Prin urmare, nu este surprinz\u0103tor faptul c\u0103 celebra \u00eemp\u0103r\u0103teas\u0103 Cleopatra prefera bijuteriile cu perle. \u00cen China, perlele, care personific\u0103 femininul, apar\u021bin elementului de ap\u0103. Se crede c\u0103 o astfel de piatr\u0103 \u00ee\u0219i protejeaz\u0103 proprietarul de incendii, iar dac\u0103 este necesar, o perl\u0103 poate stinge cu u\u0219urin\u021b\u0103 focul, dac\u0103 o arunca\u021bi \u00een fl\u0103c\u0103ri. \u00cen acela\u0219i timp, chinezii nu dau bijuterii de perle care simbolizeaz\u0103 lacrimi, acestea ar trebui s\u0103 fie alese independent.<\/p>\n<p>\u00cen plus, perlele sunt \u00eenzestrate cu astfel de propriet\u0103\u021bi magice, cum ar fi capacitatea de a proteja de viclenia du\u0219manilor, \u00een\u0219el\u0103ciune \u0219i ochiul r\u0103u. \u0218i \u00een religia cre\u0219tin\u0103 aceast\u0103 piatr\u0103 este un simbol al purit\u0103\u021bii mentale \u0219i fizice, ajut\u00e2nd la p\u0103strarea ei pentru mul\u021bi ani.<\/p>\n<p><strong>Amulete \u0219i talismane din perle<\/strong><\/p>\n<p>\u00cen plus, bijuteriile cu perle sunt o amulet\u0103 excelent\u0103. Se crede c\u0103, \u00een acest caz, pietrele ar trebui alese \u00een func\u021bie de tonul pielii purt\u0103torului. Astfel, perlele albe v\u0103 permit s\u0103 ob\u021bine\u021bi libertate \u0219i independen\u021b\u0103, perlele crem dau \u00een\u021belepciune \u0219i putere, perlele galbene contribuie la acumularea de bog\u0103\u021bie, iar perlele verzi pot aduce fericire proprietarului lor. Cea mai puternic\u0103 amulet\u0103 din punctul de vedere al \u0219tiin\u021belor oculte este perla neagr\u0103, care protejeaz\u0103 perfect de ochiul r\u0103u, ajut\u0103 la refacerea for\u021bei \u0219i vindec\u0103 diverse afec\u021biuni. Perla roz este un farmec indispensabil, \u00eenzestr\u00e2nd posesorii s\u0103i cu o sexualitate uimitoare.<\/p>\n<p>Cei care vor s\u0103 aleag\u0103 o piatr\u0103 \u00een func\u021bie de semnul lor zodiacal trebuie s\u0103 \u00ee\u0219i aminteasc\u0103 faptul c\u0103 perlele sunt talismanul Pe\u0219tilor. Pe\u0219tii sunt cei care pot dob\u00e2ndi putere deplin\u0103 asupra acestei pietre \u0219i pot \u00eenv\u0103\u021ba s\u0103 \u00eei controleze propriet\u0103\u021bile magice, precum \u0219i s\u0103 foloseasc\u0103 perlele pentru a trata diverse boli. \u00cen plus, perlele sunt patronate de Lun\u0103, astfel c\u0103 astfel de bijuterii pot fi purtate de persoanele \u00een horoscopul c\u0103rora aceast\u0103 planet\u0103 joac\u0103 un rol major.<\/p>","protected":false},"excerpt":{"rendered":"<p>\u0416\u0435\u043c\u0447\u0443\u0433\u043e\u043c \u043d\u0430\u0437\u044b\u0432\u0430\u044e\u0442 \u043c\u0438\u043d\u0435\u0440\u0430\u043b, \u043e\u0442\u043d\u043e\u0441\u044f\u0449\u0438\u0439\u0441\u044f \u043a \u043a\u043b\u0430\u0441\u0441\u0443 \u0434\u0440\u0430\u0433\u043e\u0446\u0435\u043d\u043d\u044b\u0445 \u043a\u0430\u043c\u043d\u0435\u0439. \u0414\u043e\u0431\u044b\u0447\u0430 \u0435\u0433\u043e \u043e\u0441\u0443\u0449\u0435\u0441\u0442\u0432\u043b\u044f\u0435\u0442\u0441\u044f \u0438\u0437 \u0440\u0430\u043a\u043e\u0432\u0438\u043d \u043c\u043e\u043b\u043b\u044e\u0441\u043a\u043e\u0432, \u043a\u043e\u0442\u043e\u0440\u044b\u0445 \u0432\u044b\u043b\u0430\u0432\u043b\u0438\u0432\u0430\u044e\u0442 \u0432 \u0442\u0435\u043f\u043b\u044b\u0445 \u0432\u043e\u0434\u0430\u0445 \u041a\u0440\u0430\u0441\u043d\u043e\u0433\u043e \u043c\u043e\u0440\u044f, \u0432\u043e\u0434\u0430\u0445 \u041f\u0435\u0440\u0441\u0438\u0434\u0441\u043a\u043e\u0433\u043e \u0437\u0430\u043b\u0438\u0432\u0430, \u0430 \u0442\u0430\u043a\u0436\u0435 \u0443 \u0431\u0435\u0440\u0435\u0433\u043e\u0432 \u042f\u043f\u043e\u043d\u0438\u0438 \u0438 \u0428\u0440\u0438-\u041b\u0430\u043d\u043a\u0438. \u0418\u0441\u043a\u0443\u0441\u0441\u0442\u0432\u0435\u043d\u043d\u043e \u043a\u0443\u043b\u044c\u0442\u0438\u0432\u0438\u0440\u0443\u0435\u043c\u044b\u0439 \u0436\u0435\u043c\u0447\u0443\u0433 \u0432\u044b\u0440\u0430\u0449\u0438\u0432\u0430\u044e\u0442 \u043d\u0430 \u0441\u043f\u0435\u0446\u0438\u0430\u043b\u044c\u043d\u044b\u0445 \u0444\u0435\u0440\u043c\u0430\u0445. \u0416\u0435\u043c\u0447\u0443\u0436\u0438\u043d\u044b \u0438\u0441\u043f\u043e\u043b\u044c\u0437\u0443\u044e\u0442 \u0447\u0430\u0449\u0435 \u0432\u0441\u0435\u0433\u043e \u0434\u043b\u044f \u0441\u043e\u0437\u0434\u0430\u043d\u0438\u044f \u0443\u043a\u0440\u0430\u0448\u0435\u043d\u0438\u0439 \u0438\u0437 \u0436\u0435\u043c\u0447\u0443\u0433\u0430, \u0430 \u0442\u0430\u043a\u0436\u0435 \u0432 \u043c\u0435\u0434\u0438\u0446\u0438\u043d\u0435, \u0434\u043b\u044f \u043f\u0440\u043e\u0438\u0437\u0432\u043e\u0434\u0441\u0442\u0432\u0430 \u043b\u0435\u0447\u0435\u0431\u043d\u044b\u0445 \u043f\u0440\u0435\u043f\u0430\u0440\u0430\u0442\u043e\u0432. [&hellip;]<\/p>\n","protected":false},"author":1,"featured_media":0,"parent":35,"menu_order":0,"comment_status":"closed","ping_status":"closed","template":"","meta":{"footnotes":""},"class_list":["post-71","page","type-page","status-publish","hentry"],"_links":{"self":[{"href":"https:\/\/insermi.com\/ro\/wp-json\/wp\/v2\/pages\/71","targetHints":{"allow":["GET"]}}],"collection":[{"href":"https:\/\/insermi.com\/ro\/wp-json\/wp\/v2\/pages"}],"about":[{"href":"https:\/\/insermi.com\/ro\/wp-json\/wp\/v2\/types\/page"}],"author":[{"embeddable":true,"href":"https:\/\/insermi.com\/ro\/wp-json\/wp\/v2\/users\/1"}],"replies":[{"embeddable":true,"href":"https:\/\/insermi.com\/ro\/wp-json\/wp\/v2\/comments?post=71"}],"version-history":[{"count":0,"href":"https:\/\/insermi.com\/ro\/wp-json\/wp\/v2\/pages\/71\/revisions"}],"up":[{"embeddable":true,"href":"https:\/\/insermi.com\/ro\/wp-json\/wp\/v2\/pages\/35"}],"wp:attachment":[{"href":"https:\/\/insermi.com\/ro\/wp-json\/wp\/v2\/media?parent=71"}],"curies":[{"name":"wp","href":"https:\/\/api.w.org\/{rel}","templated":true}]}}