{"id":706,"date":"2016-04-03T19:43:43","date_gmt":"2016-04-03T17:43:43","guid":{"rendered":"https:\/\/insermi.com\/?page_id=706"},"modified":"2025-10-07T09:47:43","modified_gmt":"2025-10-07T06:47:43","slug":"kakoj-kamen-podhodit-rybam","status":"publish","type":"page","link":"https:\/\/insermi.com\/ro\/kamni-po-znakam-zodiaka\/kakoj-kamen-podhodit-rybam\/","title":{"rendered":"Ce piatr\u0103 se potrive\u0219te Pe\u0219tilor"},"content":{"rendered":"<h1 style=\"text-align: center;\"><span style=\"color: #000000;\"><strong>Pe\u0219ti<\/strong><\/span><\/h1>\n<p>Reprezentan\u021bii semnului Pe\u0219tilor sunt adesea un puzzle, at\u00e2t pentru al\u021bii, c\u00e2t \u0219i pentru ei \u00een\u0219i\u0219i. Aceste persoane sociabile, sensibile, prietenoase \u0219i prietenoase \u00eei plac pe to\u021bi cei din jurul lor. Pe\u0219tii sunt capabili de o \u00een\u021belegere profund\u0103 a celorlal\u021bi, dar s\u0103 se \u00een\u021beleag\u0103 pe ei \u00een\u0219i\u0219i reu\u0219esc rareori. Reprezentan\u021bii acestui semn \"merg cu fluxul\".<\/p>\n<p>Pe\u0219tii sunt un semn contradictoriu. Sunt persoane capabile, creative, care nu au o anumit\u0103 direc\u021bie de via\u021b\u0103 \u00een care ar dori s\u0103 se dezvolte \u0219i s\u0103 creasc\u0103. Reprezentan\u021bii acestui semn nu sunt \u00eempotriva banilor \u0219i faimei, dar nu le caut\u0103. Pe\u0219tii sunt capabili de autodep\u0103\u0219ire \u0219i dezvoltare, dar acestea sunt disponibile doar celor mai perseveren\u021bi \u0219i hot\u0103r\u00e2\u021bi reprezentan\u021bi ai semnului.<\/p>\n<p>Pe\u0219tii nu pot fi \u00eentr-o singur\u0103 dispozi\u021bie pentru prea mult timp: optimismul \u0219i inspira\u021bia sunt \u00eenlocuite de depresie \u0219i apatie, iar apoi credin\u021ba \u00een via\u021b\u0103 revine. Aceste persoane sunt altruiste prin natura lor \u0219i au o dorin\u021b\u0103 puternic\u0103 de a-i ajuta pe al\u021bii, uit\u00e2nd adesea de propriile dorin\u021be \u0219i nevoi.<\/p>\n<p>Printre calit\u0103\u021bile pozitive ale Pe\u0219tilor se num\u0103r\u0103: bl\u00e2nde\u021bea, dorin\u021ba de a-i ajuta pe ceilal\u021bi, non-conflictul, creativitatea, ospitalitatea, compasiunea \u0219i sociabilitatea. Tr\u0103s\u0103turi de caracter negative ale Pe\u0219tilor: dependen\u021ba, indecizia, depresia, credulitatea excesiv\u0103, nesiguran\u021ba \u00een propriile nevoi \u0219i dorin\u021be.<\/p>\n<p><strong><span style=\"color: #000000;\"> Alegerea unei pietre \u00een func\u021bie de data na\u0219terii (deceniul)<\/span> <\/strong><\/p>\n<p>Pe\u0219tii din prima decad\u0103 au nevoie de pietre pre\u021bioase puternice precum aventurina, piatra lunii, jaspul s\u00e2ngelui, ametistul sau ochiul tigrului.Pe\u0219tii din prima decad\u0103 (21 februarie - 1 martie) sunt vis\u0103tori \u0219i romantici care au nevoie de schimbare. Saturn, patronul lor, face ca Pe\u0219tii din prima decad\u0103 s\u0103 fie oarecum deta\u0219a\u021bi de via\u021b\u0103 \u0219i de problemele ei. Persoanele n\u0103scute la aceste date au nevoie de pietre puternice precum aventurina, piatra lunii, jaspul s\u00e2ngelui, ametistul sau ochiul tigrului.<\/p>\n<p>A doua decad\u0103 (de la 2 la 11 martie) este caracterizat\u0103 de Pe\u0219ti one\u0219ti \u0219i deschi\u0219i la minte. Patronajul lui Jupiter \u00eei face pe Pe\u0219tii din a doua decad\u0103 sensibili la recunoa\u0219terea meritelor \u0219i faimei lor. Urm\u0103toarele minerale \u00eei vor ajuta pe reprezentan\u021bii acestui semn s\u0103 ob\u021bin\u0103 aceste beneficii: p\u0103rul, perlele, heliotropul, coralul \u0219i opalul.<\/p>\n<p>Pe\u0219tii, n\u0103scu\u021bi \u00een decada a treia (12 - 20 martie), se afl\u0103 sub influen\u021ba lui Marte. Sunt persoane sociabile, vesele \u0219i u\u0219or capricioase. Ei pretind multe beneficii ale vie\u021bii \u0219i \u00eencearc\u0103 s\u0103 le ob\u021bin\u0103 pe cont propriu. Talismanele Pe\u0219tilor din a treia decad\u0103 sunt: diamantul, turmalina, alexandritul, acvamarina, safirul, crizoli\u021ba \u0219i smaraldul.<\/p>\n<p><span style=\"color: #000000;\"><strong> Amulete \u0219i talismane pentru Pe\u0219ti <\/strong><\/span><\/p>\n<p>Pietrele talisman ar trebui s\u0103 dea Pe\u0219tilor energie \u0219i putere. Una dintre astfel de pietre este opalul. Reprezentan\u021bii acestui semn, care doresc s\u0103 fie ferici\u021bi \u00een dragoste \u0219i \u00een rela\u021biile de familie, este necesar s\u0103 poarte aceast\u0103 piatr\u0103 pre\u021bioas\u0103. Ideali\u0219tii \u0219i vis\u0103torii, care sunt Pe\u0219ti, trebuie s\u0103 aib\u0103 o piatr\u0103-opal, care \u00eei va proteja de r\u0103uvoitori \u0219i oameni invidio\u0219i. Mineralul d\u0103 vitalitate, va cre\u0219te rezisten\u021ba psihologic\u0103 \u0219i fizic\u0103. Poten\u021bialul mental \u0219i creativ al Pe\u0219tilor va cre\u0219te, de asemenea, opalul.<\/p>\n<p>Protej\u00e2ndu-i pe al\u021bii, partea Pe\u0219tilor r\u0103m\u00e2ne f\u0103r\u0103 ap\u0103rare ei \u00een\u0219i\u0219i. Gagat ca o amulet\u0103 va ajuta reprezentan\u021bii acestui semn. Piatra \u00eel va proteja pe proprietar de invidie, de ochiul r\u0103u \u0219i de r\u0103uvoitori. Gagat va cre\u0219te rezisten\u021ba Pe\u0219tilor, \u00eei va ajuta \u00een lupta \u00eempotriva dificult\u0103\u021bilor. Talismanul cu gagat \u00eel va face pe proprietar mai prudent \u0219i mai \u00een\u021belept.<\/p>\n<p>Heliodor va fi o surs\u0103 de optimism, bucurie \u0219i speran\u021b\u0103 pentru Pe\u0219ti. Gema va ridica starea de spirit \u0219i va ajuta proprietarul s\u0103 uite de depresie \u0219i melancolie. Heliodor va dezv\u0103lui talentele Pe\u0219tilor pentru societate \u0219i pentru ei \u00een\u0219i\u0219i. Piatra va cre\u0219te stima de sine \u0219i statutul social.<\/p>\n<p>Piatra lunii va aduce Pe\u0219tilor lini\u0219te \u0219i bun\u0103 dispozi\u021bie. Pe\u0219tii au obiceiul de a se nelini\u0219ti din nimic \u0219i de a intra \u00een panic\u0103. Piatra lunii \u00eei va ajuta s\u0103 se calmeze. Talismanul va consola, va aduce bun\u0103 dispozi\u021bie, va reduce stresul \u0219i va oferi vise pl\u0103cute.<\/p>\n<p>Un talisman cu acvamarin va sl\u0103bi neajunsurile Pe\u0219tilor \u0219i \u00eei va \u00eenv\u0103\u021ba s\u0103 aib\u0103 grij\u0103 de ei \u00een\u0219i\u0219i. Piatra va restabili dreptatea, va da demnitate \u0219i curaj. Acvamarinul va proteja Pe\u0219tii de risipa excesiv\u0103 de energie pentru a-i ajuta pe al\u021bii, \u00een special, pe cei care nu o merit\u0103 \u00een niciun fel.<\/p>\n<p>Jaspul va aduce Pe\u0219tii \u201ecu picioarele pe p\u0103m\u00e2nt\u201d \u0219i va favoriza dob\u00e2ndirea cuno\u0219tin\u021belor.<\/p>\n<p>Talismanul cu crisolit va da reprezentan\u021bilor semnului descris \u00een\u021belegerea atractivit\u0103\u021bii lor, va da \u00eencredere \u0219i curaj.<\/p>\n<p>Pe\u0219tii sunt un semn ezitant \u0219i suspicios. Deciziile responsabile sunt dificile pentru ei. Coralul le poate da Pe\u0219tilor \u00eencredere \u00een propriile abilit\u0103\u021bi. Piatra va ajuta la colectarea, \u00eembun\u0103t\u0103\u021birea g\u00e2ndirii logice \u0219i a intui\u021biei. Coral va ajuta la egalizarea st\u0103rii mentale. Ca o amulet\u0103, piatra va proteja de stric\u0103ciune, va atrage dragoste \u0219i bani. Persoanele care poart\u0103 coral, \u00een via\u021b\u0103 exist\u0103 multe evenimente interesante.<\/p>\n<p>Hematita va fi util\u0103 pentru acei Pe\u0219ti care vor \u00eenota \u00eempotriva fluxului obi\u0219nuit al vie\u021bii. Piatra va da energie \u0219i \u00eel va face pe proprietar s\u0103 fac\u0103 doar promisiuni fezabile. Hematita va \u00eendemna la decizia corect\u0103 \u0219i la direc\u021bia potrivit\u0103.<\/p>\n<p><span style=\"color: #000000;\"><strong> Pietre pentru femeile Pe\u0219ti <\/strong><\/span><\/p>\n<p>Piatra rar\u0103 kaholong este un talisman minunat pentru femeia n\u0103scut\u0103 sub semnul Pe\u0219tilor. Agatul perlat poate atrage fericirea \u0219i iubirea. Acest talisman este potrivit pentru toate femeile, indiferent de starea civil\u0103 sau v\u00e2rst\u0103. Kaholongul va conferi femeii \u00eencredere \u00een sine \u0219i o va \u00eenv\u0103\u021ba s\u0103 aib\u0103 \u00eencredere.<\/p>\n<p>Acvamarinul \u00eei va oferi reprezentantei feminine a semnului Pe\u0219tilor lejeritate, curaj \u0219i \u00eencredere \u00een sine. Gema va ajuta la men\u021binerea armoniei mentale \u0219i a calmului, d\u0103 putere pentru a-\u0219i atinge obiectivele.<\/p>\n<p>Talismanul din piatr\u0103 de lun\u0103 va ajuta o femeie n\u0103scut\u0103 sub semnul Pe\u0219tilor s\u0103 \u00ee\u0219i aminteasc\u0103 c\u0103 este femeie. Talismanul va aduce \u00eenapoi atractivitatea, feminitatea \u0219i moliciunea. Piatra de lun\u0103, care a fost d\u0103ruit\u0103 de o persoan\u0103 iubit\u0103, va servi ca un protector al acestei rela\u021bii.<br \/>\nCuprins.<\/p>\n<p>Pietre pentru b\u0103rba\u021bii Pe\u0219ti<\/p>\n<p>Ametistul \u00eei va da \u00eencredere b\u0103rbatului Pe\u0219ti. B\u0103rba\u021bii Pe\u0219ti au adesea o lume interioar\u0103 limitat\u0103, ceea ce le face dificil s\u0103 g\u0103seasc\u0103 un limbaj comun cu ceilal\u021bi. Talismanul cu acvamarin \u00eei va ajuta pe reprezentan\u021bii semnului Pe\u0219tilor s\u0103 \u00eenceap\u0103 s\u0103 se dezvolte spiritual. Talismanul va \u00eent\u0103ri intui\u021bia \u0219i va deschide mintea c\u0103tre noi cuno\u0219tin\u021be. Acvamarinul \u00eei va ajuta pe Pe\u0219ti s\u0103 lupte cu intrigile \u0219i nu v\u0103 permite s\u0103 ob\u021bine\u021bi suflet st\u0103tut.<\/p>\n<p>Ametistul \u00eel va ajuta pe b\u0103rbatul Pe\u0219ti s\u0103 cread\u0103 \u00een el \u00eensu\u0219i. Talismanul va cre\u0219te nivelul de energie \u0219i va reface organismul. Ametistul \u00eel va \u00eenv\u0103\u021ba pe b\u0103rbatul Pe\u0219ti s\u0103 \u00ee\u0219i foloseasc\u0103 puterea \u0219i \u00eei va permite s\u0103 devin\u0103 o persoan\u0103 armonioas\u0103. Aceast\u0103 gem\u0103 \u00eei va permite proprietarului s\u0103 \u00een\u021beleag\u0103 lumea \u0219i pe sine \u00eensu\u0219i.<\/p>\n<p>Bijuteriile cu perle vor aduce noroc \u00een afaceri unui b\u0103rbat n\u0103scut sub semnul Pe\u0219tilor, \u00eei vor inspira \u00eencredere \u00een for\u021bele sale \u0219i \u00eei vor atrage prosperitatea financiar\u0103. Piatra \u00eel va \u00eenv\u0103\u021ba pe reprezentantul acestui semn s\u0103 aib\u0103 grij\u0103 nu doar de ceilal\u021bi, ci \u0219i de el \u00eensu\u0219i.<\/p>\n<p><span style=\"color: #000000;\"><strong> Pietre care sunt contraindicate pentru Pe\u0219ti <\/strong><\/span><\/p>\n<p>Olivina este contraindicat\u0103 pentru semnul zodiacal Pe\u0219ti. Pietrele Fecioarei sunt capabile s\u0103 d\u0103uneze Pe\u0219tilor. Acestea includ: sardonyx, obsidian, jasp, onix, lapis lazuli, topaz galben \u0219i olivin\u0103. Purtarea pietrelor de culoare \u00eenchis\u0103 sau ro\u0219ie poate duce la depresie la reprezentan\u021bii slabi ai zodiei.<\/p>\n<p>Pe\u0219tii, ca semn slab, le este contraindicat s\u0103 poarte jad. Aceast\u0103 piatr\u0103 \u00eei poate transforma pe reprezentan\u021bii semnului \u00een workaholici fanatici. Jadul va atrage pentru Pe\u0219ti singur\u0103tatea \u0219i va face dificil\u0103 comunicarea cu ceilal\u021bi. Din posesorul talismanului de jad va face un martir \u0219i un suferind, v\u0103 va face s\u0103 pune\u021bi m\u00e2na jos chiar \u0219i la cel mai mic e\u0219ec.<\/p>","protected":false},"excerpt":{"rendered":"<p>\u0420\u044b\u0431\u044b \u041f\u0440\u0435\u0434\u0441\u0442\u0430\u0432\u0438\u0442\u0435\u043b\u0438 \u0437\u043d\u0430\u043a\u0430 \u0420\u044b\u0431 \u0447\u0430\u0441\u0442\u043e \u044f\u0432\u043b\u044f\u044e\u0442\u0441\u044f \u0433\u043e\u043b\u043e\u0432\u043e\u043b\u043e\u043c\u043a\u043e\u0439, \u043a\u0430\u043a \u0434\u043b\u044f \u043e\u043a\u0440\u0443\u0436\u0430\u044e\u0449\u0438\u0445, \u0442\u0430\u043a \u0438 \u0434\u043b\u044f \u0441\u0430\u043c\u0438\u0445 \u0441\u0435\u0431\u044f. \u042d\u0442\u0438 \u043e\u0431\u0449\u0438\u0442\u0435\u043b\u044c\u043d\u044b\u0435, \u0447\u0443\u0432\u0441\u0442\u0432\u0438\u0442\u0435\u043b\u044c\u043d\u044b\u0435, \u043f\u0440\u0438\u0432\u0435\u0442\u043b\u0438\u0432\u044b\u0435 \u0438 \u0434\u0440\u0443\u0436\u0435\u043b\u044e\u0431\u043d\u044b\u0435 \u043b\u044e\u0434\u0438 \u043d\u0440\u0430\u0432\u044f\u0442\u0441\u044f \u0432\u0441\u0435\u043c \u043e\u043a\u0440\u0443\u0436\u0430\u044e\u0449\u0438\u043c. \u0420\u044b\u0431\u044b \u0441\u043f\u043e\u0441\u043e\u0431\u043d\u044b \u043d\u0430 \u0433\u043b\u0443\u0431\u043e\u043a\u043e\u0435 \u043f\u043e\u043d\u0438\u043c\u0430\u043d\u0438\u0435 \u043e\u043a\u0440\u0443\u0436\u0430\u044e\u0449\u0438\u0445, \u043d\u043e \u043f\u043e\u043d\u044f\u0442\u044c \u0441\u0435\u0431\u044f \u0438\u043c \u0440\u0435\u0434\u043a\u043e \u0443\u0434\u0430\u0435\u0442\u0441\u044f. \u041f\u0440\u0435\u0434\u0441\u0442\u0430\u0432\u0438\u0442\u0435\u043b\u0438 \u044d\u0442\u043e\u0433\u043e \u0437\u043d\u0430\u043a\u0430 \u00ab\u043f\u043b\u044b\u0432\u0443\u0442 \u043f\u043e \u0442\u0435\u0447\u0435\u043d\u0438\u044e\u00bb. \u0420\u044b\u0431\u044b \u2013 \u043f\u0440\u043e\u0442\u0438\u0432\u043e\u0440\u0435\u0447\u0438\u0432\u044b\u0439 \u0437\u043d\u0430\u043a. \u042d\u0442\u043e \u0441\u043f\u043e\u0441\u043e\u0431\u043d\u044b\u0435, \u0442\u0432\u043e\u0440\u0447\u0435\u0441\u043a\u0438\u0435 \u043b\u044e\u0434\u0438, \u043a\u043e\u0442\u043e\u0440\u044b\u0435 \u043d\u0435 \u0438\u043c\u0435\u044e\u0442 \u043a\u043e\u043d\u043a\u0440\u0435\u0442\u043d\u043e\u0433\u043e [&hellip;]<\/p>\n","protected":false},"author":1,"featured_media":0,"parent":687,"menu_order":0,"comment_status":"closed","ping_status":"closed","template":"","meta":{"footnotes":""},"class_list":["post-706","page","type-page","status-publish","hentry"],"_links":{"self":[{"href":"https:\/\/insermi.com\/ro\/wp-json\/wp\/v2\/pages\/706","targetHints":{"allow":["GET"]}}],"collection":[{"href":"https:\/\/insermi.com\/ro\/wp-json\/wp\/v2\/pages"}],"about":[{"href":"https:\/\/insermi.com\/ro\/wp-json\/wp\/v2\/types\/page"}],"author":[{"embeddable":true,"href":"https:\/\/insermi.com\/ro\/wp-json\/wp\/v2\/users\/1"}],"replies":[{"embeddable":true,"href":"https:\/\/insermi.com\/ro\/wp-json\/wp\/v2\/comments?post=706"}],"version-history":[{"count":0,"href":"https:\/\/insermi.com\/ro\/wp-json\/wp\/v2\/pages\/706\/revisions"}],"up":[{"embeddable":true,"href":"https:\/\/insermi.com\/ro\/wp-json\/wp\/v2\/pages\/687"}],"wp:attachment":[{"href":"https:\/\/insermi.com\/ro\/wp-json\/wp\/v2\/media?parent=706"}],"curies":[{"name":"wp","href":"https:\/\/api.w.org\/{rel}","templated":true}]}}