{"id":703,"date":"2016-04-03T19:21:54","date_gmt":"2016-04-03T17:21:54","guid":{"rendered":"https:\/\/insermi.com\/?page_id=703"},"modified":"2025-10-07T09:47:37","modified_gmt":"2025-10-07T06:47:37","slug":"kakoj-kamen-podhodit-lvam","status":"publish","type":"page","link":"https:\/\/insermi.com\/ro\/kamni-po-znakam-zodiaka\/kakoj-kamen-podhodit-lvam\/","title":{"rendered":"Ce piatr\u0103 se potrive\u0219te leilor"},"content":{"rendered":"<h1 style=\"text-align: center;\"><span style=\"color: #000000;\"><strong>Leu<\/strong><\/span><\/h1>\n<p>Leii fierbin\u021bi \u0219i \u00eenfl\u0103c\u0103ra\u021bi se supun Soarelui. Ace\u0219ti reprezentan\u021bi ai semnului de foc nu cunosc \u00eendoielile, sunt \u00eenc\u0103p\u0103\u021b\u00e2na\u021bi \u0219i hot\u0103r\u00e2\u021bi. \u00cemprejurimile sunt atrase de reprezentan\u021bii calzi ai acestui semn, dar Leii se pot descurca \u0219i f\u0103r\u0103 societate. Prin natura lor, Leii sunt optimi\u0219ti, naturi vesele \u0219i sociabile.<\/p>\n<p>Reprezentan\u021bii semnului solar sunt materiali\u0219ti, iar bog\u0103\u021bia este extrem de important\u0103 pentru ei. Cu toate acestea, ei sunt genero\u0219i \u0219i capabili de gesturi ample. Leului \u00eei place s\u0103 se relaxeze cu brio, dar nu este harnic.<\/p>\n<p>Leul este, de asemenea, cel mai mare v\u00e2n\u0103tor de complimente \u0219i lingu\u0219iri. Acest semn este \u00eentotdeauna important cum arat\u0103, pentru c\u0103 se afl\u0103 \u00een centrul aten\u021biei. Pe reprezentan\u021bii din jur ai acestui semn \u00eei privesc de sus, iar criticile, de\u0219i constructive, Leii le percep extrem de dureros.<\/p>\n<p>Leii se entuziasmeaz\u0103 u\u0219or \u2014 fie de persoane, fie de idei noi.<\/p>\n<p><span style=\"color: #000000;\"><strong> Alegerea unei pietre \u00een func\u021bie de data na\u0219terii (deceniul) <\/strong><\/span><\/p>\n<p>Leii din prima decad\u0103 sunt patrona\u021bi de Saturn. Persoanele n\u0103scute \u00eentre 23 \u0219i 3 august au nevoie de pietre energetice puternice care s\u0103 se potriveasc\u0103 cu caracterul puternic \u0219i indisciplinat al acestor persoane. Astfel de pietre sunt ochiul tigrului, piatra lunii, jadul, cristalul de st\u00e2nc\u0103, cornalina \u0219i jaspul de s\u00e2nge.<\/p>\n<p>Leii condu\u0219i de Jupiter (n\u0103scu\u021bi \u00eentre 4 \u0219i 12 august) au nevoie ca totul s\u0103 se supun\u0103 regulilor, \u00een mod ideal regulilor pe care ei \u00een\u0219i\u0219i le-au inventat. Ace\u0219ti oameni care pot insista asupra propriei lor, pietre potrivite pline de lumin\u0103 interioar\u0103. De exemplu, citrin, opal, onix, jadeite, ochi de pisic\u0103 \u0219i chihlimbar.<\/p>\n<p>Cei n\u0103scu\u021bi \u00eentre 13 \u0219i 23 august sunt sub puterea lui Marte. Leii din a treia decad\u0103 sunt cei mai inteligen\u021bi, puternici, puternici \u0219i rezisten\u021bi reprezentan\u021bi ai semnului lor. Sunt potrivite pietrele care sunt amulete ale r\u0103zboinicilor \u0219i comandan\u021bilor \u0219efi. Exemple de astfel de pietre sunt rubinul, zirconul, topazul, smaraldul, safirul, granatul, rubinul, turmalina, alexandritul \u0219i, desigur, diamantul.<\/p>\n<p><span style=\"color: #000000;\"><strong> Pietre ale leului, precum \u0219i talismane \u0219i amulete <\/strong><\/span><\/p>\n<p>Ambra este talismanul Leului conform horoscopului. Ambra \u00eei va ajuta pe reprezentan\u021bii semnului solar s\u0103 devin\u0103 genero\u0219i, veseli \u0219i genero\u0219i, va da pace \u0219i bucurie. Aceast\u0103 piatr\u0103 este capabil\u0103 s\u0103 dea Leilor for\u021be creative. Ambra d\u0103 credin\u021b\u0103 \u0219i optimism.<\/p>\n<p>Topazul le va da Leilor optimism, alung\u0103 ura \u0219i furia. Piatra ofer\u0103 frumuse\u021be \u0219i atrac\u021bie Leoaicelor, iar \u00een\u021belepciune \u0219i putere Leilor. Topazul este, de asemenea, capabil s\u0103 alunge anxiet\u0103\u021bile \u0219i temerile nefondate. Aceast\u0103 piatr\u0103 va atrage inspira\u021bia \u0219i prosperitatea.<\/p>\n<p>Maiestatea \u0219i statutul \u00eenalt al Leului vor fi eviden\u021biate de un diamant. Piatra \u00eei va ajuta pe reprezentan\u021bii acestui semn s\u0103 stabileasc\u0103 contacte cu ceilal\u021bi \u0219i s\u0103 scape de accesele de furie. Este mai bine dac\u0103 diamantul va fi \u00eentr-o montur\u0103 u\u0219oar\u0103, care va permite contactul cu pielea.<\/p>\n<p>Heliodorus va reface rezervele de energie intern\u0103 ale Leilor. Acesta va dezv\u0103lui rezervele ascunse ale corpului, va da putere pentru a merge mai departe. Heliodor va ajuta, de asemenea, la activarea g\u00e2ndirii logice. Reprezentan\u021bii nec\u0103s\u0103tori\u021bi ai semnului solar aceast\u0103 piatr\u0103 poate ajuta la g\u0103sirea fericirii conjugale.<\/p>\n<p>Turmalina va elimina anxietatea \u0219i temerile, aceast\u0103 piatr\u0103 este bun\u0103 pentru minte \u0219i corp. Dac\u0103 Leii doresc s\u0103 \u00ee\u0219i dezvolte abilit\u0103\u021bile creative, nu vor g\u0103si un ajutor mai bun. Turmalina poate crea un sentiment de securitate \u0219i pace \u0219i v\u0103 ajut\u0103 s\u0103 dormi\u021bi.<\/p>\n<p>Rubinul va \u00eent\u0103ri inima, va limpezi mintea \u0219i va da putere mental\u0103 reprezentan\u021bilor semnului solar al zodiacului. Aceast\u0103 piatr\u0103 este capabil\u0103 s\u0103 inspire Leii la fapte m\u0103re\u021be.<\/p>\n<p>Sardonyx va da noroc \u0219i dragoste \u00een toate afacerile Leilor. Aceast\u0103 piatr\u0103 va proteja de ochiul r\u0103u \u0219i invidie, va \u021bine pe drum. O bil\u0103 de sardonyx p\u0103strat\u0103 \u00een casa Leului va proteja c\u0103minul familiei \u0219i \u00eei va ajuta pe reprezentan\u021bii acestui semn s\u0103 st\u0103p\u00e2neasc\u0103 pasiunea.<\/p>\n<p><span style=\"color: #000000;\"><strong> Pietre pentru b\u0103rbatul Leu <\/strong><\/span><\/p>\n<p>Un inel cu jasp este o amulet\u0103 pentru o Leoaic\u0103 Helodorus, cremene, zircon, safire roz \u0219i galbene, cuar\u021b auriu, chihlimbar, crisolit \u0219i jasp sunt pietrele pre\u021bioase cele mai potrivite pentru Leoaice. Sardonyxul, granatul, topazul \u0219i rubinul sunt, de asemenea, potrivite pentru femeile harnice, autoritare \u0219i autoritare ale acestui semn zodiacal.<\/p>\n<p>Una dintre amuletele puternice ale Leoaicei este un inel cu chihlimbar sau jasp, neap\u0103rat pe degetul ar\u0103t\u0103tor. Piatra trebuie s\u0103 fie \u00eencrustat\u0103 \u00een aur sau bronz, deoarece bijuteriile din argint nu \u00eei vor aduce beneficii Leoaicei. Inelul poate fi gravat \u00een form\u0103 de vultur, leu, leb\u0103d\u0103 sau p\u0103un. To\u021bi Leii prefer\u0103 bijuteriile rotunde, cele care seam\u0103n\u0103 \u00een form\u0103 cu soarele. Br\u0103\u021b\u0103rile, cerceii, inelele, colierele \u0219i ceasurile \u00eencrustate cu pietre pre\u021bioase \u0219i br\u0103\u021b\u0103rile de form\u0103 rotund\u0103 sunt cele mai potrivite pentru reprezentan\u021bii acestui semn.<\/p>\n<p>O bijuterie cu carnelian va ajuta o t\u00e2n\u0103r\u0103 leoaic\u0103 s\u0103 \u00ee\u0219i descopere talentele.<\/p>\n<p>Un colier realizat din chihlimbar va ajuta Leul s\u0103 treac\u0103 peste durere \u0219i s\u0103 \u00eenceap\u0103 o nou\u0103 via\u021b\u0103. M\u0103rgelele realizate din aceast\u0103 piatr\u0103 \u00eei vor determina pe reprezentan\u021bii acestui semn s\u0103 ia deciziile corecte, \u00eei vor ajuta s\u0103 fac\u0103 concluzii exacte, \u00eei vor proteja de boli \u0219i de ochiul r\u0103u.<\/p>\n<p>Rodia va reface for\u021ba celor prea activi \u0219i sociabili, d\u00e2nd o mare parte din energia lor femeii - Leu.<\/p>\n<p>Dac\u0103 o Leoaic\u0103 t\u00e2n\u0103r\u0103 nu are pretenden\u021bi, ea ar trebui s\u0103 poarte un heliodor. Leoaicele mai \u00een v\u00e2rst\u0103 vor iubi rubinul care \u00eent\u0103re\u0219te inima.<\/p>\n<p><span style=\"color: #000000;\"><strong> Pietre pentru omul leu <\/strong><\/span><\/p>\n<p>Pentru b\u0103rbatul Leu, sardonixul este un talisman al norocului, curajului \u0219i hot\u0103r\u00e2rii. Sardonyxul este o amulet\u0103 care va atrage norocul asupra reprezentan\u021bilor semnului Leului, \u00eei va da curaj, \u00eendr\u0103zneal\u0103 \u0219i determinare. Toate acestea pentru ca Leul s\u0103-\u0219i poat\u0103 realiza ideile \u0219i planurile de anvergur\u0103, precum \u0219i pentru a avansa rapid \u00een carier\u0103. Sardonyxul va ajuta la eliminarea pesimismului, a toanelor, a temerilor de\u0219arte \u0219i a indeciziei, pe care reprezentan\u021bii acestui semn le ascund cu grij\u0103.<\/p>\n<p>Alexandritul \u00eel ajut\u0103 s\u0103 devin\u0103 lider, s\u0103 dob\u00e2ndeasc\u0103 \u00eencredere \u0219i s\u0103-\u0219i valorifice abilit\u0103\u021bile de conducere.<\/p>\n<p>Carneolul (cornalina) protejeaz\u0103 de e\u0219ecuri, treze\u0219te poten\u021bialul ascuns \u0219i aduce succes \u2014 mai ales tinerilor Lei, c\u0103rora le ofer\u0103 \u00eencredere \u0219i motiva\u021bie.<\/p>\n<p>Peridotul (crisolitul) \u00eembun\u0103t\u0103\u021be\u0219te rela\u021biile cu ceilal\u021bi \u0219i scoate la iveal\u0103 talentele naturale.  Impactul acestei pietre \u00eel va ajuta pe Leu s\u0103 atrag\u0103 \u0219i s\u0103 c\u00e2\u0219tige inimile celorlal\u021bi.<\/p>\n<p><span style=\"color: #000000;\"><strong> Pietre care sunt contraindicate pentru lei <\/strong><\/span><\/p>\n<p>Turcoazul nu trebuie purtat de Lei. Turcoazul este strict contraindicat pentru reprezentan\u021bii acestui semn! Sc\u0103parea complet\u0103 de temeri \u0219i relaxarea sistemului nervos nu vor merge \u00een favoarea Leilor. Reprezentan\u021bii curajo\u0219i ai acestui semn pot \u00eenclina spre ac\u021biuni pripite \u0219i, drept consecin\u021b\u0103, pierderi financiare. Mai mult, turcoazul va \u00eenr\u0103ut\u0103\u021bi rela\u021biile cu ceilal\u021bi \u0219i va reduce eficien\u021ba. Aceast\u0103 piatr\u0103 va afecta negativ func\u021bia de reproducere \u0219i toat\u0103 s\u0103n\u0103tatea \u00een general.<\/p>\n<p>Nu este de dorit ca Leii s\u0103 poarte pietre de culoare albastr\u0103. Aventurinul va fi implicat \u00een apari\u021bia complexelor, timidit\u0103\u021bii, indeciziei \u0219i nesiguran\u021bei. Acelea\u0219i probleme vor fi \u0219i cu crisoprazul, perlele, ametistul \u0219i obsidianul.. Aceste pietre poart\u0103 tr\u0103s\u0103turi care nu sunt caracteristice naturii Leului, astfel c\u0103 acesta din urm\u0103 va suferi din cauza conflictelor interne.<\/p>","protected":false},"excerpt":{"rendered":"<p>\u041b\u0415\u0412 \u0413\u043e\u0440\u044f\u0447\u0438\u0435 \u0438 \u0432\u0441\u043f\u044b\u043b\u044c\u0447\u0438\u0432\u044b\u0435 \u041b\u044c\u0432\u044b \u043f\u043e\u0434\u0447\u0438\u043d\u044f\u044e\u0442\u0441\u044f \u0421\u043e\u043b\u043d\u0446\u0443. \u042d\u0442\u0438 \u043f\u0440\u0435\u0434\u0441\u0442\u0430\u0432\u0438\u0442\u0435\u043b\u0438 \u043e\u0433\u043d\u0435\u043d\u043d\u043e\u0433\u043e \u0437\u043d\u0430\u043a\u0430 \u043d\u0435 \u0437\u043d\u0430\u044e\u0442 \u0441\u043e\u043c\u043d\u0435\u043d\u0438\u0439, \u0443\u043f\u043e\u0440\u043d\u044b\u0435 \u0438 \u0446\u0435\u043b\u0435\u0443\u0441\u0442\u0440\u0435\u043c\u043b\u0435\u043d\u043d\u044b\u0435. \u041e\u043a\u0440\u0443\u0436\u0430\u044e\u0449\u0438\u0435 \u0442\u044f\u043d\u0443\u0442\u0441\u044f \u043a \u0442\u0435\u043f\u043b\u044b\u043c \u043f\u0440\u0435\u0434\u0441\u0442\u0430\u0432\u0438\u0442\u0435\u043b\u044f\u043c \u044d\u0442\u043e\u0433\u043e \u0437\u043d\u0430\u043a\u0430, \u043e\u0434\u043d\u0430\u043a\u043e \u041b\u044c\u0432\u044b \u0432\u043f\u043e\u043b\u043d\u0435 \u043c\u043e\u0433\u0443\u0442 \u043e\u0431\u043e\u0439\u0442\u0438\u0441\u044c \u0438 \u0431\u0435\u0437 \u043e\u0431\u0449\u0435\u0441\u0442\u0432\u0430. \u041f\u043e \u0445\u0430\u0440\u0430\u043a\u0442\u0435\u0440\u0443 \u041b\u044c\u0432\u044b \u2013 \u043e\u043f\u0442\u0438\u043c\u0438\u0441\u0442\u044b, \u0432\u0435\u0441\u0435\u043b\u044b\u0435 \u0438 \u043e\u0431\u0449\u0438\u0442\u0435\u043b\u044c\u043d\u044b\u0435 \u043d\u0430\u0442\u0443\u0440\u044b. \u041f\u0440\u0435\u0434\u0441\u0442\u0430\u0432\u0438\u0442\u0435\u043b\u0438 \u0441\u043e\u043b\u043d\u0435\u0447\u043d\u043e\u0433\u043e \u0437\u043d\u0430\u043a\u0430 \u2013 \u043c\u0430\u0442\u0435\u0440\u0438\u0430\u043b\u0438\u0441\u0442\u044b, \u0434\u043b\u044f \u043d\u0438\u0445 \u043a\u0440\u0430\u0439\u043d\u0435 \u0432\u0430\u0436\u0435\u043d \u0434\u043e\u0441\u0442\u0430\u0442\u043e\u043a. \u041e\u0434\u043d\u0430\u043a\u043e \u043e\u043d\u0438 \u0449\u0435\u0434\u0440\u044b \u0438 [&hellip;]<\/p>\n","protected":false},"author":1,"featured_media":0,"parent":687,"menu_order":0,"comment_status":"closed","ping_status":"closed","template":"","meta":{"footnotes":""},"class_list":["post-703","page","type-page","status-publish","hentry"],"_links":{"self":[{"href":"https:\/\/insermi.com\/ro\/wp-json\/wp\/v2\/pages\/703","targetHints":{"allow":["GET"]}}],"collection":[{"href":"https:\/\/insermi.com\/ro\/wp-json\/wp\/v2\/pages"}],"about":[{"href":"https:\/\/insermi.com\/ro\/wp-json\/wp\/v2\/types\/page"}],"author":[{"embeddable":true,"href":"https:\/\/insermi.com\/ro\/wp-json\/wp\/v2\/users\/1"}],"replies":[{"embeddable":true,"href":"https:\/\/insermi.com\/ro\/wp-json\/wp\/v2\/comments?post=703"}],"version-history":[{"count":0,"href":"https:\/\/insermi.com\/ro\/wp-json\/wp\/v2\/pages\/703\/revisions"}],"up":[{"embeddable":true,"href":"https:\/\/insermi.com\/ro\/wp-json\/wp\/v2\/pages\/687"}],"wp:attachment":[{"href":"https:\/\/insermi.com\/ro\/wp-json\/wp\/v2\/media?parent=703"}],"curies":[{"name":"wp","href":"https:\/\/api.w.org\/{rel}","templated":true}]}}