{"id":699,"date":"2016-04-03T19:14:41","date_gmt":"2016-04-03T17:14:41","guid":{"rendered":"https:\/\/insermi.com\/?page_id=699"},"modified":"2025-10-07T09:47:30","modified_gmt":"2025-10-07T06:47:30","slug":"kakoj-kamen-podhodit-kozerogu","status":"publish","type":"page","link":"https:\/\/insermi.com\/ro\/kamni-po-znakam-zodiaka\/kakoj-kamen-podhodit-kozerogu\/","title":{"rendered":"Ce piatr\u0103 se potrive\u0219te Capricornului"},"content":{"rendered":"<h1 style=\"text-align: center;\"><span style=\"color: #000000;\"><strong>Capricorn<\/strong><\/span><\/h1>\n<p>Capricornul este un semn rezistent la influen\u021bele exterioare, harnic, judicios, responsabil \u0219i perseverent. Dragostea pentru conducere el nu o are din cauza dorin\u021bei de putere, ci pentru c\u0103 se consider\u0103 mai bun dec\u00e2t mul\u021bi. Aceast\u0103 stim\u0103 de sine umflat\u0103 nu este un pic de frumuse\u021be a reprezentan\u021bilor acestui semn, \u00een plus, adesea \u00eei deprim\u0103 pe al\u021bii. Cu toate acestea, Capricornii va ajuta \u00een atingerea obiectivului.<\/p>\n<p>Capricornul este un semn hot\u0103r\u00e2t, are suficient\u0103 for\u021b\u0103 \u0219i credin\u021b\u0103 pentru a merge spre scop pentru o perioad\u0103 destul de lung\u0103. Precau\u021bia \u0219i pruden\u021ba sunt printre principalele calit\u0103\u021bi ale acestui semn. Persoanele n\u0103scute sub semnul Capricornului, au tendin\u021ba de a analiza \u0219i reflecta, \u00ee\u0219i g\u00e2ndesc cu aten\u021bie planurile.<\/p>\n<p>C\u00e2nd vine vorba de munca Capricornului sau de planurile sale, el d\u0103 dovad\u0103 de un egoism de invidiat, dar pentru oamenii apropia\u021bi Capricornul este extrem de generos \u0219i \u00eentotdeauna f\u0103r\u0103 ezitare gata s\u0103 alerge \u00een ajutor. Reprezentan\u021bii acestei zodii ascund prost dragostea \u0219i devotamentul fa\u021b\u0103 de familie.<\/p>\n<p><span style=\"color: #000000;\"><strong> Alegerea pietrei \u00een func\u021bie de data na\u0219terii <\/strong><\/span><\/p>\n<p>Patronul Capricornilor din prima decad\u0103 - de la 22 decembrie la 2 ianuarie - este Jupiter. Reprezentan\u021bii acestei decade trec prin via\u021b\u0103 cu \u00eencredere \u0219i calm, pe parcurs s\u0103p\u00e2nd cuno\u0219tin\u021be materiale \u0219i utile. Capricornii au \u00eentotdeauna propria lor p\u0103rere despre orice \u0219i sunt ajuta\u021bi de pietre semipre\u021bioase destul de puternice: agat, serpentin\u0103, cristal de st\u00e2nc\u0103, ametist, jasp de s\u00e2nge, malachit \u0219i ochi de tigru.<\/p>\n<p>A doua decad\u0103 dureaz\u0103 de la 3 la 13 ianuarie. Capricornii apar\u021bin\u00e2nd celei de-a doua decade \u0219tiu cum s\u0103-i entuziasmeze pe cei din jur. Cu toate acestea, dup\u0103 ce \u0219i-au pierdut stimulentele pentru activitate, se pot transforma \u00een ni\u0219te oameni plictisitori \u0219i casnici. Heliotropul, sardonyxul, calcedonia, onixul, opalul \u0219i crisoprana pot aprinde un foc \u00een Capricorn \u0219i le pot da un imbold spre ac\u021biune.<\/p>\n<p>Persoanele n\u0103scute \u00eentre 14 \u0219i 20 ianuarie apar\u021bin Capricornilor din a treia decad\u0103. Ei sunt patrona\u021bi de Soare. Capricornii din decada a treia au nevoie de pietre care \u00eei pot energiza. Safirul, opalul, turmalina, granatul, rubinul, alexandritul, zirconul \u0219i hiacintul \u00eei vor ajuta \u00een munca fructuoas\u0103, pe care reprezentan\u021bii acestei zodii o iubesc at\u00e2t de mult, \u0219i nu \u00eei vor l\u0103sa s\u0103-\u0219i piard\u0103 ardoarea \u00een procesul de activitate.<\/p>\n<p><span style=\"color: #000000;\"><strong> Pietre talisman pentru Capricorn <\/strong><\/span><\/p>\n<p>Opal va insufla \u00eencredere Capricornului, \u00eel va \u00eenv\u0103\u021ba s\u0103 \u00ee\u0219i extrag\u0103 for\u021bele \u0219i \u00eel va face pe reprezentantul acestui semn mai interesant. Opalul va elimina \u0219i va sl\u0103bi unele tr\u0103s\u0103turi de caracter nepl\u0103cute ale acestui semn zodiacal: plictiseala, egoismul, tendin\u021ba spre depresie. Gema va insufla \u00eencredere \u00een Capricorn \u0219i \u00eel va calma. Opalul va \u00eenv\u0103\u021ba s\u0103 \u00ee\u0219i trag\u0103 for\u021ba din comunicarea cu oamenii \u0219i va face reprezentantul acestui semn mai interesant.<\/p>\n<p>Capricornului, ca semn care aspir\u0103 la culmile prosperit\u0103\u021bii \u0219i puterii financiare, i se va potrivi rubinul. Acesta va da determinare \u0219i curaj, va ajuta la c\u00e2\u0219tigarea respectului \u0219i \u00eencrederii echipei. Gema va proteja de invidie, va proteja de violen\u021b\u0103. Mineralul va ajuta la crearea \u0219i p\u0103strarea unei familii, va aduce dragoste, d\u0103 fericire. Dac\u0103 Capricornul ofer\u0103 rubin cuiva care \u00eei este profund simpatic, piatra va aprinde un sentiment reciproc.<\/p>\n<p>Malachitul are capacitatea de a cre\u0219te puterea spiritual\u0103. Capricornii care doresc s\u0103 cucereasc\u0103 culmile cunoa\u0219terii \u0219tiin\u021bifice ar trebui s\u0103 poarte malachit.<\/p>\n<p>Hyacinth va scoate la iveal\u0103 tot ce este mai bun din proprietarul s\u0103u: determinare, perseveren\u021b\u0103 \u0219i r\u0103bdare. Aceast\u0103 gem\u0103 v\u0103 va ajuta \u00een timpul urm\u0103torului e\u0219ec: \u00eel va \u00eenveseli pe Capricorn \u0219i \u00eel va men\u021bine vesel.<\/p>\n<p>Piatra de onix poate aduce noroc Capricornului Proteja\u021bi-v\u0103 de atacurile du\u0219manilor \u0219i atrage\u021bi norocul cu onix. Acest mineral va avea un efect de \u00eent\u0103rire asupra sistemului nervos. Onixul \u00eentr-un inel \u00eei va da Capricornului for\u021be pentru a-\u0219i ap\u0103ra interesele. Piatra pre\u021bioas\u0103 va sc\u0103pa de insomnie, anxietate \u0219i fric\u0103.<\/p>\n<p>Zirconul reu\u0219e\u0219te s\u0103 dea \u00eencredere \u00een sine \u0219i optimism. Aceast\u0103 piatr\u0103 va dezvolta intui\u021bia Capricornului.<\/p>\n<p>Jadul este una dintre cele mai puternice pietre amulet\u0103 pentru Capricorn. \u00cei ajut\u0103 \u00een special pe cei care vor s\u0103 schimbe ceva \u00een via\u021ba lor \u0219i pe cei care sunt \u00eendr\u0103gosti\u021bi. Capricornilor care au deviat de la calea cea bun\u0103, jadul le va da un semn prin schimbarea culorii sale \u00eentr-una mai \u00eenchis\u0103.<\/p>\n<p><span style=\"color: #000000;\"><strong> Pietre pentru femeile Capricorn <\/strong><\/span><\/p>\n<p>Agatul ofer\u0103 femeii Capricorn longevitate \u0219i s\u0103n\u0103tate, protejeaz\u0103 de pericole \u0219i b\u00e2rfe, energizeaz\u0103 Granatul ajut\u0103 femeia Capricorn s\u0103 se deschid\u0103, o \u00eenva\u021b\u0103 s\u0103-\u0219i arate sentimentele \u0219i o elibereaz\u0103 de captivitatea opiniei publice. Aceast\u0103 piatr\u0103 pre\u021bioas\u0103 va da o bun\u0103 dispozi\u021bie, va da putere pentru a atinge scopul dorit \u0219i va determina o solu\u021bie \u00een\u021beleapt\u0103 la problem\u0103.<\/p>\n<p>Cel mai potrivit talisman pentru tinerele fete Capricorn nec\u0103s\u0103torite este cornalina. Piatra va ajuta la relaxare \u0219i calmare (are un efect pozitiv asupra sistemului nervos). Piatra va ajuta la p\u0103strarea tinere\u021bii, va ajuta la p\u0103strarea tinere\u021bii \u0219i frumuse\u021bii, d\u0103 noroc \u00een dragoste. Proprietarul acestei pietre va ob\u021bine capacitatea \u0219i puterea de a-\u0219i \u00eendeplini cele mai \u00eendr\u0103zne\u021be dorin\u021be.<\/p>\n<p>Aceast\u0103 piatr\u0103 pre\u021bioas\u0103 \u00eel va \u00eenv\u0103\u021ba pe posesor s\u0103 nu caute trucuri \u00een fiecare cuv\u00e2nt rostit, \u00eei va spune \u00een ce oameni s\u0103 aib\u0103 \u00eencredere. Cristalul de st\u00e2nc\u0103 va face femeia Capricorn mai bl\u00e2nd\u0103, emotiv\u0103 \u0219i sociabil\u0103.<\/p>\n<p>Agatul ofer\u0103 femeii Capricorn longevitate \u0219i s\u0103n\u0103tate, o protejeaz\u0103 de pericole \u0219i b\u00e2rfe, o hr\u0103ne\u0219te cu energie. Gema este capabil\u0103 s\u0103 o fac\u0103 pe proprietar\u0103 mai sexy, interesant\u0103 \u0219i atractiv\u0103 \u00een ochii sexului opus. Agatul protejeaz\u0103 familia de s\u0103r\u0103cie \u0219i certuri, stabile\u0219te comunicarea \u00eentre genera\u021bii. Talismanul va ajuta la atingerea \u00een\u0103l\u021bimilor \u00een carier\u0103.<\/p>\n<p><span style=\"color: #000000;\"><strong> Pietre pentru b\u0103rba\u021bii Capricorn <\/strong><\/span><\/p>\n<p>Rauchtopaz va spori g\u00e2ndirea logic\u0103 \u0219i abilit\u0103\u021bile intelectuale ale b\u0103rbatului Capricorn Rauchtopaz va func\u021biona bine cu b\u0103rbatul Capricorn. Piatra pre\u021bioas\u0103 va spori g\u00e2ndirea logic\u0103 \u0219i abilit\u0103\u021bile intelectuale. Rauhtopaz \u00eel va face pe Capricorn mai pu\u021bin gelos, bigot, va reduce cantitatea de egoism. Piatra este capabil\u0103 s\u0103 amelioreze stresul \u0219i s\u0103 ajusteze proprietarul la percep\u021bia de noi informa\u021bii.<\/p>\n<p>Omul Capricorn pentru a deveni un adev\u0103rat lider, \u0219eful echipei este \u00eempiedicat de arogan\u021ba \u0219i reticen\u021ba extern\u0103. Onixul va face aceste tr\u0103s\u0103turi mai pu\u021bin evidente, va ajuta s\u0103 devin\u0103 proprietarul s\u0103u mai binevoitor \u0219i mai receptiv. Talismanul \u00eel va proteja pe Capricorn de pericole, accidente \u0219i dezastre.<\/p>\n<p>Cristopazul \u00eei va ajuta pe b\u0103rba\u021bii Capricorn asocia\u021bi cu afacerile: piatra va da determinare \u0219i curaj pentru a introduce reforme \u00een organiza\u021bia lor, ajut\u00e2ndu-i s\u0103 se adapteze la lumea comer\u021bului, unde schimb\u0103rile apar \u00een mod regulat. Talismanul are capacitatea de a spori energia fizic\u0103 \u0219i de a \u00eent\u0103ri at\u00e2t s\u0103n\u0103tatea, c\u00e2t \u0219i spiritul. Bijuteriile cu aceast\u0103 piatr\u0103 vor proteja \u00eempotriva conspira\u021biilor, a ochiului r\u0103u \u0219i a stric\u0103ciunilor. Cristopazul \u00eei va aduce b\u0103rbatului Capricorn recunoa\u0219terea de care are nevoie.<\/p>\n<p><span style=\"color: #000000;\"><strong> Pietre care sunt contraindicate Capricornilor <\/strong><\/span><\/p>\n<p>Capricornul ar face bine s\u0103 nu se ocupe de piatra citrin. Capricornul este opusul Racului, deci nu ar trebui s\u0103 poarte pietre potrivite pentru Rac. Acestea sunt toate pietre opace \u0219i albe. \u00cen plus, Capricornului nu i se recomand\u0103 s\u0103 poarte beril, aventurin\u0103, perle, smarald, piatr\u0103 de lun\u0103, crisolit \u0219i turcoaz. O femeie Capricorn care poart\u0103 perle risc\u0103 s\u0103 devin\u0103 nefericit\u0103 \u00een dragoste.<\/p>\n<p>Capricornilor nu li se recomand\u0103 s\u0103 poarte safir: aceast\u0103 piatr\u0103 \u00eel va transforma pe reprezentantul acestui semn \u00eentr-un cinic, conservator \u0219i retrograd. Safirul nu va face dec\u00e2t s\u0103 ia energia Capricornului f\u0103r\u0103 a da nimic \u00een schimb.<\/p>\n<p>Citrinul este o piatr\u0103 a entuziasmului \u0219i a viciului. \u00cei va ar\u0103ta Capricornului direc\u021bia gre\u0219it\u0103, din care apoi reprezentantul acestui semn este pu\u021bin probabil s\u0103 mai poat\u0103 cobor\u00ee. Citrinul va transforma inten\u021bia \u0219i calculul Capricornului \u00een \u00eenc\u0103p\u0103\u021b\u00e2nare nejustificat\u0103, \u00een\u0219el\u0103ciune \u0219i viclenie.<\/p>\n<p>Smaraldul \u00eel transform\u0103 pe misteriosul \u0219i secretosul Capricorn \u00eentr-un adev\u0103rat pustnic, care \u00ee\u0219i va pierde interesul pentru orice \u0219i va merge ad\u00e2nc \u00een experien\u021bele sale. Reprezentan\u021bilor acestui semn le lipse\u0219te energia senzual\u0103 \u0219i intui\u021bia pentru a folosi smaraldul ca talisman \u0219i amulet\u0103. Piatra va scoate din Capricorn acele emo\u021bii \u0219i sentimente, pe care le are deja \u00een cantitate redus\u0103.<\/p>","protected":false},"excerpt":{"rendered":"<p>\u041a\u043e\u0437\u0435\u0440\u043e\u0433 \u041a\u043e\u0437\u0435\u0440\u043e\u0433 \u2013 \u0437\u043d\u0430\u043a, \u0443\u0441\u0442\u043e\u0439\u0447\u0438\u0432\u044b\u0439 \u043a \u0432\u043b\u0438\u044f\u043d\u0438\u044f\u043c \u0438\u0437\u0432\u043d\u0435, \u0442\u0440\u0443\u0434\u043e\u043b\u044e\u0431\u0438\u0432\u044b\u0439, \u0440\u0430\u0441\u0441\u0443\u0434\u0438\u0442\u0435\u043b\u044c\u043d\u044b\u0439, \u043e\u0442\u0432\u0435\u0442\u0441\u0442\u0432\u0435\u043d\u043d\u044b\u0439 \u0438 \u0443\u043f\u043e\u0440\u043d\u044b\u0439. \u041b\u044e\u0431\u043e\u0432\u044c \u043a \u0440\u0443\u043a\u043e\u0432\u043e\u0434\u0441\u0442\u0432\u0443 \u0443 \u043d\u0435\u0433\u043e \u043d\u0435 \u0438\u0437-\u0437\u0430 \u0436\u0435\u043b\u0430\u043d\u0438\u044f \u0432\u043b\u0430\u0441\u0442\u0438, \u0430 \u0438\u0437-\u0437\u0430 \u0442\u043e\u0433\u043e, \u0447\u0442\u043e \u043e\u043d \u0441\u0447\u0438\u0442\u0430\u0435\u0442 \u0441\u0435\u0431\u044f \u043b\u0443\u0447\u0448\u0435 \u043c\u043d\u043e\u0433\u0438\u0445. \u0422\u0430\u043a\u0430\u044f \u0437\u0430\u0432\u044b\u0448\u0435\u043d\u043d\u0430\u044f \u0441\u0430\u043c\u043e\u043e\u0446\u0435\u043d\u043a\u0430 \u043d\u0438\u0447\u0443\u0442\u044c \u043d\u0435 \u043a\u0440\u0430\u0441\u0438\u0442 \u043f\u0440\u0435\u0434\u0441\u0442\u0430\u0432\u0438\u0442\u0435\u043b\u0435\u0439 \u044d\u0442\u043e\u0433\u043e \u0437\u043d\u0430\u043a\u0430, \u043a \u0442\u043e\u043c\u0443 \u0436\u0435 \u043e\u043d\u0430 \u043d\u0435\u0440\u0435\u0434\u043a\u043e \u0443\u0433\u043d\u0435\u0442\u0430\u0435\u0442 \u043e\u043a\u0440\u0443\u0436\u0430\u044e\u0449\u0438\u0445. \u041e\u0434\u043d\u0430\u043a\u043e \u041a\u043e\u0437\u0435\u0440\u043e\u0433\u0430\u043c \u0438\u043c\u0435\u043d\u043d\u043e \u043e\u043d\u0430 \u043e\u043a\u0430\u0436\u0435\u0442 \u043f\u043e\u043c\u043e\u0449\u044c \u0432 \u0434\u043e\u0441\u0442\u0438\u0436\u0435\u043d\u0438\u0438 [&hellip;]<\/p>\n","protected":false},"author":1,"featured_media":0,"parent":687,"menu_order":0,"comment_status":"closed","ping_status":"closed","template":"","meta":{"footnotes":""},"class_list":["post-699","page","type-page","status-publish","hentry"],"_links":{"self":[{"href":"https:\/\/insermi.com\/ro\/wp-json\/wp\/v2\/pages\/699","targetHints":{"allow":["GET"]}}],"collection":[{"href":"https:\/\/insermi.com\/ro\/wp-json\/wp\/v2\/pages"}],"about":[{"href":"https:\/\/insermi.com\/ro\/wp-json\/wp\/v2\/types\/page"}],"author":[{"embeddable":true,"href":"https:\/\/insermi.com\/ro\/wp-json\/wp\/v2\/users\/1"}],"replies":[{"embeddable":true,"href":"https:\/\/insermi.com\/ro\/wp-json\/wp\/v2\/comments?post=699"}],"version-history":[{"count":0,"href":"https:\/\/insermi.com\/ro\/wp-json\/wp\/v2\/pages\/699\/revisions"}],"up":[{"embeddable":true,"href":"https:\/\/insermi.com\/ro\/wp-json\/wp\/v2\/pages\/687"}],"wp:attachment":[{"href":"https:\/\/insermi.com\/ro\/wp-json\/wp\/v2\/media?parent=699"}],"curies":[{"name":"wp","href":"https:\/\/api.w.org\/{rel}","templated":true}]}}