{"id":696,"date":"2016-04-03T19:08:44","date_gmt":"2016-04-03T17:08:44","guid":{"rendered":"https:\/\/insermi.com\/?page_id=696"},"modified":"2025-10-07T09:47:22","modified_gmt":"2025-10-07T06:47:22","slug":"kakoj-kamen-podhodit-devam","status":"publish","type":"page","link":"https:\/\/insermi.com\/ro\/kamni-po-znakam-zodiaka\/kakoj-kamen-podhodit-devam\/","title":{"rendered":"Ce piatr\u0103 se potrive\u0219te Fecioarei"},"content":{"rendered":"<h1 style=\"text-align: center;\"><span style=\"color: #000000;\"><strong>Fecioar\u0103<\/strong><\/span><\/h1>\n<p>Fecioarele sunt extrem de pedante \u0219i cele mai tocilare dintre toate semnele zodiacale. Sunt perfec\u021bioni\u0219ti p\u00e2n\u0103 \u00een m\u0103duva oaselor. \u00cen procesul de finalizare a unei sarcini, Fecioarele vor tortura pe toat\u0103 lumea, inclusiv pe ele \u00eensele, dar munca va fi f\u0103cut\u0103 la timp \u0219i \u00een cel mai bun mod posibil.<\/p>\n<p>Fecioarele sunt \u00een mod natural inteligente \u0219i ingenioase, reprezentan\u021bii acestui semn nu au probleme cu memoria. \u00cen acela\u0219i timp, ei au dorin\u021ba de a-\u0219i reface zilnic bagajul de cuno\u0219tin\u021be. Acest semn are suficient\u0103 s\u00e2rguin\u021b\u0103 pentru a cuceri v\u00e2rfuri \u0219i suficient\u0103 modestie pentru a p\u0103stra t\u0103cerea \u00een leg\u0103tur\u0103 cu acest lucru.<\/p>\n<p>B\u0103rba\u021bii Fecioar\u0103 sunt extrem de conservatori. Ei sunt foarte reticen\u021bi \u00een a-\u0219i schimba obiceiurile \u0219i planurile. Reprezentan\u021bii acestei zodii au un sim\u021b practic rar, cenzureaz\u0103 lenea, dezordinea, nepunctualitatea \u0219i nu le place s\u0103 \u00ee\u0219i piard\u0103 timpul.<\/p>\n<p>Reprezentan\u021bii semnului Fecioarei cred c\u0103 este mai pl\u0103cut \u0219i, cel mai important, mai util s\u0103 petreac\u0103 timp singuri, de\u0219i sunt capabili s\u0103 comunice interesant.<\/p>\n<p>Printre virtu\u021bile Fecioarei se num\u0103r\u0103 calit\u0103\u021bi precum sim\u021bul practic, pruden\u021ba, educa\u021bia, onestitatea, dragostea pentru cunoa\u0219tere, capacitatea de a simpatiza, s\u00e2rguin\u021ba \u0219i spiritul. Ca dezavantaje pot fi desemnate cerin\u021bele supraestimate fa\u021b\u0103 de sine \u0219i fa\u021b\u0103 de ceilal\u021bi, fastidiozitatea, meschin\u0103ria, categoricul, zg\u00e2rcenia, iritabilitatea \u0219i conservatorismul uneori peste limite.<\/p>\n<p><span style=\"color: #000000;\"><strong> Alegerea unei pietre \u00een func\u021bie de data na\u0219terii (deceniul) <\/strong><\/span><\/p>\n<p>\u00cen func\u021bie de semnul zodiacal, safirul este foarte potrivit pentru Fecioar\u0103. Fecioara din prima decad\u0103 (de la 24 la 2 septembrie) se va supune Soarelui. Armonia cu mediul \u0219i pacea personal\u0103 a min\u021bii \u00een ace\u0219ti reprezentan\u021bi ai semnului mai presus de toate. Fecioara primului deceniu conservatoare: schimbarea \u00een via\u021b\u0103 - nu elementul lor. Pentru Fecioara din primul deceniu, urm\u0103toarele pietre sunt potrivite: jasp, piatra lunii, cornelian, lapis lazuli, agat, cristal de st\u00e2nc\u0103, aventurin\u0103, ametist, malachit \u0219i jad.<\/p>\n<p>Fecioara, a c\u0103rei dat\u0103 de na\u0219tere este de la 3 la 11 septembrie, este guvernat\u0103 de Venus. Principala valoare a acestor oameni este propria lor lume interioar\u0103 \u0219i ei lupt\u0103 neobosit pentru neatinsul ei. Pietrele Fecioarelor secretoase \u0219i bl\u00e2nde din a doua decad\u0103: cuar\u021b rutil, calcedonie, heliotrop, crisopras\u0103, jadit, sardonyx, perle, citrin \u0219i onix.<\/p>\n<p>Protejate de Mercur, Fecioarele din a treia decad\u0103 (de la 13 la 23 septembrie) sunt t\u0103cute \u0219i timide. Pietre precum smaraldul, crisolitul, safirul, granatul \u0219i topazul \u00eei vor ajuta pe reprezentan\u021bii acestui semn s\u0103 \u00ee\u0219i dep\u0103\u0219easc\u0103 pasivitatea \u0219i, adesea, lenea.<\/p>\n<p><span style=\"color: #000000;\"><strong> Pietre \u0219i talismane pentru Fecioar\u0103 <\/strong><\/span><\/p>\n<p>Jadul poate conferi Fecioarelor omenie, pu\u021bin\u0103 nebunie \u0219i impruden\u021b\u0103. Jadul este o piatr\u0103 a puterii \u0219i a perfec\u021biunii \u00een toate. Aceast\u0103 piatr\u0103 le va aduce reprezentan\u021bilor zodiei Fecioarei succes \u00een dragoste \u0219i noroc \u00een afaceri. Jadul reac\u021bioneaz\u0103 foarte sensibil la schimb\u0103rile de dispozi\u021bie ale proprietarului s\u0103u \u2013 la cea mai mic\u0103 modificare, piatra se \u00eentunec\u0103.<\/p>\n<p>Perlele vor aduce stabilitate financiar\u0103 \u0219i prosperitate \u00een via\u021ba Fecioarei. Aceast\u0103 piatr\u0103 va \u00eenmuia caracterul dur \u0219i ne\u00eenduplecat al reprezentan\u021bilor acestui semn zodiacal. Cu toate acestea, Fecioara cu aceast\u0103 piatr\u0103 ar trebui s\u0103 fie mai atent\u0103: persoanelor nesigure, slabe aceast\u0103 piatr\u0103 le va aduce numai nenorociri. Perlele nu ar trebui s\u0103 fie purtate de acei reprezentan\u021bi ai semnului, ale c\u0103ror activit\u0103\u021bi sunt asociate cu c\u0103l\u0103toriile \u0219i copiii. Perlele vor ajuta persoanele a c\u0103ror profesie este legat\u0103 de risc \u0219i persoanele care au o afacere.<\/p>\n<p>Cornalina a fost de mult timp un simbol, un talisman al iubirii fericite. Pentru reprezentan\u021bii zodiei Fecioarei, aceast\u0103 piatr\u0103 poate s\u0103-i fac\u0103 mai buni, mai indulgen\u021bi \u0219i mai milostivi, precum \u0219i s\u0103 le dezvolte intui\u021bia. Cornalina \u00eei va proteja de invidie \u0219i de \u201edeochi\u201d \u0219i \u00eei va feri de influen\u021bele for\u021belor \u00eentunecate. Aceast\u0103 piatr\u0103 va ajuta la organizarea eficient\u0103 a activit\u0103\u021bilor, evit\u00e2nd pierderea inutil\u0103 a timpului.<\/p>\n<p>\u00cen Rusia, malachitul era considerat un simbol al \u00eemplinirii dorin\u021belor. Pentru Fecioare, aceast\u0103 piatr\u0103 le va ajuta s\u0103 scape de timiditate \u0219i indecizie, precum \u0219i s\u0103 se elibereze de energia negativ\u0103 acumulat\u0103. Malachitul poate calma sistemul nervos \u0219i ajut\u0103 la eliberarea tensiunii dup\u0103 o zi grea de munc\u0103.<\/p>\n<p>Topazul galben va ajuta Fecioara s\u0103 \u00ee\u0219i activeze abilit\u0103\u021bile creative. Aceast\u0103 piatr\u0103 va da optimism, va alunga temerile, va ajuta la calmarea furiei \u0219i a urii. Fecioarele care poart\u0103 topaz sunt mai prietenoase \u0219i mai atente la ceilal\u021bi. Reprezentan\u021bii acestui semn topaz vor ajuta la concentrare, vor fi mai aten\u021bi \u0219i mai observatori. Piatra ilumin\u0103rii interioare - topazul - va deschide inimile Fecioarelor c\u0103tre lume.<\/p>\n<p><span style=\"color: #000000;\"><strong> Pietre pentru femeile Fecioar\u0103 <\/strong><\/span><\/p>\n<p>Un talisman bun este un inel cu smarald pentru femeia Fecioar\u0103. Puterea crisoprazului este mai mare dac\u0103 este montat \u00een argint. Aurul \u0219i jadul reprezint\u0103 o combina\u021bie nedorit\u0103, deoarece \u00een acest caz jadul \u00ee\u0219i pierde puterea. \u00cen coliere \u0219i br\u0103\u021b\u0103ri, perla are un efect mai puternic. Malachitul, montat \u00een argint sau cupru, va aduce femeii Fecioar\u0103 un mare folos.<\/p>\n<p>Cea mai puternic\u0103 amulet\u0103 \u0219i talisman pentru Fecioar\u0103 este un inel de argint pe degetul mijlociu \u00eencrustat cu smaralde sau safire.<\/p>\n<p>Aventurinul poate oferi femeii Fecioar\u0103 bun\u0103 dispozi\u021bie \u0219i emo\u021bii pozitive, precum \u0219i s\u0103 o ajute s\u0103 scape de afec\u021biuni. Cerceii cu agat o vor face pe femeia Fecioar\u0103 mai bl\u00e2nd\u0103 \u0219i mai protejat\u0103 \u00eempotriva \u00eent\u00e2mpl\u0103rilor nepl\u0103cute. Selenitul \u00eentr-un inel poate fi de ajutor \u00een perioadele de stres \u0219i ofer\u0103 prospe\u021bime \u0219i tinere\u021be. Femeia Fecioar\u0103 va aprecia ajutorul jadului \u2013 acesta poate armoniza at\u00e2t via\u021ba personal\u0103, c\u00e2t \u0219i s\u0103n\u0103tatea. Crisoprazul va contribui la succesul \u00een studii. O bijuterie cu safir va ajuta \u00een prevenirea \u0219i combaterea problemelor renale.<br \/>\nCuprins.<\/p>\n<p><span style=\"color: #000000;\"><strong> Pietre pentru b\u0103rba\u021bii Fecioar\u0103 <\/strong><\/span><\/p>\n<p>Crisolitul \u00eei va \u00eenv\u0103\u021ba pe b\u0103rba\u021bii Fecioar\u0103 s\u0103 fie mai pu\u021bin categorici, s\u0103-\u0219i sporeasc\u0103 atractivitatea \u00een ochii societ\u0103\u021bii \u0219i s\u0103 scape de conservatorismul excesiv, care \u00eei \u00eempiedic\u0103 pe reprezentan\u021bii acestei zodii s\u0103 mearg\u0103 \u00eenainte. Aceast\u0103 piatr\u0103 va promova dezvoltarea intelectual\u0103, \u00eenv\u0103\u021barea \u0219i dob\u00e2ndirea de noi abilit\u0103\u021bi \u0219i cuno\u0219tin\u021be. Crisolitul va ajuta Fecioara s\u0103 se dovedeasc\u0103 pe sine.<\/p>\n<p>Jasperul va ajuta Fecioara s\u0103 men\u021bin\u0103 rela\u021bii bune \u00een familie. Aceea\u0219i piatr\u0103 va putea \u00eenv\u0103\u021ba sexul puternic din aceast\u0103 zodie s\u0103 tr\u0103iasc\u0103 \u00een pace cu ceilal\u021bi \u0219i s\u0103-i tr\u0103deze pentru aceast\u0103 putere. Jasperul va fi capabil s\u0103 fac\u0103 Fecioara plictisitoare \u0219i vorb\u0103rea\u021b\u0103 mai \u00een\u021beleapt\u0103 \u0219i mai atractiv\u0103 \u0219i, de asemenea, va ajuta la \u00eenv\u0103\u021bare \u0219i la cre\u0219terea intelectual\u0103.<\/p>\n<p>Safirul nu va permite b\u0103rba\u021bilor Fecioar\u0103 s\u0103 se \u00eencrunte \u0219i s\u0103 se pl\u00e2ng\u0103 \u00een mod constant, ceea ce \u00eei va face mai interesan\u021bi \u0219i mai atractivi \u00een ochii celorlal\u021bi. Aceast\u0103 piatr\u0103 este, de asemenea, capabil\u0103 s\u0103 ajute reprezentan\u021bii acestui semn \u00een \u00eenv\u0103\u021barea de lucruri noi.<\/p>\n<p>Lapis lazuli va ajuta Fecioara \u00een activit\u0103\u021bile practice, precum \u0219i \u00een comunicarea cu oamenii din jur. Aceast\u0103 piatr\u0103 \u00eei va \u00eencuraja pe reprezentan\u021bii acestei zodii s\u0103 devin\u0103 mai deschi\u0219i \u00een rela\u021biile cu persoanele apropiate - rude, prieteni \u0219i cealalt\u0103 jum\u0103tate. Lapis lazuli va fi capabil s\u0103 aplaneze ne\u00een\u021belegerile care apar ca urmare a unor valori \u0219i perspective prea diferite. Cu ajutorul acestei pietre Fecioara va putea s\u0103 asculte p\u0103rerea celorlal\u021bi, s\u0103 devin\u0103 mai sociabil\u0103 \u0219i mai vesel\u0103. De asemenea, aceast\u0103 piatr\u0103 poate aduce noroc \u00een afaceri.<\/p>\n<p><span style=\"color: #000000;\"><strong> Pietre care sunt contraindicate semnului Fecioarei <\/strong><\/span><\/p>\n<p>Rubinul este contraindicat pentru semnul zodiacal Fecioar\u0103 Unul dintre cei mai aprigi du\u0219mani ai acestei zodii este rubinul ro\u0219u aprins. Adesea, aceast\u0103 piatr\u0103 aduce doar negativitate, neaduc\u00e2nd nici un strop de energie pozitiv\u0103. Turmalina \u0219i obsidianul pot atrage probleme \u0219i necazuri \u00een via\u021ba Fecioarei, precum \u0219i spori nu cele mai favorabile calit\u0103\u021bi de caracter ale persoanelor n\u0103scute sub acest semn. Bijuteriile cu turcoaz de orice nuan\u021b\u0103 sunt contraindicate pentru Fecioar\u0103. Fecioar\u0103 indezirabil\u0103 haematita. Aceast\u0103 piatr\u0103 are o energie prea puternic\u0103.<\/p>\n<p>Fecioarele nu ar trebui s\u0103 poarte pietre prea str\u0103lucitoare \u2013 acest lucru contrazice modestia \u00eenn\u0103scut\u0103 a persoanelor din acest semn zodiacal. Prin urmare, pietre precum onixul, sideful, labradoritul \u0219i obsidianul nu le vor fi pe plac.<\/p>","protected":false},"excerpt":{"rendered":"<p>\u0414\u0435\u0432\u0430 \u0414\u0435\u0432\u044b \u2013 \u043a\u0440\u0430\u0439\u043d\u0435 \u043f\u0435\u0434\u0430\u043d\u0442\u0438\u0447\u043d\u044b\u0435 \u0438 \u0441\u0430\u043c\u044b\u0435 \u0437\u0430\u043d\u0443\u0434\u043d\u044b\u0435 \u043d\u0430\u0442\u0443\u0440\u044b \u0438\u0437 \u0432\u0441\u0435\u0445 \u0437\u043d\u0430\u043a\u043e\u0432 \u0417\u043e\u0434\u0438\u0430\u043a\u0430. \u041f\u0435\u0440\u0444\u0435\u043a\u0446\u0438\u043e\u043d\u0438\u0441\u0442\u044b \u0434\u043e \u043c\u043e\u0437\u0433\u0430 \u043a\u043e\u0441\u0442\u0435\u0439. \u0412 \u043f\u0440\u043e\u0446\u0435\u0441\u0441\u0435 \u0432\u044b\u043f\u043e\u043b\u043d\u0435\u043d\u0438\u044f \u0437\u0430\u0434\u0430\u043d\u0438\u044f \u0414\u0435\u0432\u044b \u0437\u0430\u043c\u0443\u0447\u0430\u044e\u0442 \u0432\u0441\u0435\u0445, \u0432 \u0442\u043e\u043c \u0447\u0438\u0441\u043b\u0435 \u0438 \u0441\u0435\u0431\u044f, \u043d\u043e \u0440\u0430\u0431\u043e\u0442\u0443 \u0432\u044b\u043f\u043e\u043b\u043d\u044f\u0442 \u0432 \u0441\u0440\u043e\u043a \u0438 \u0441\u0430\u043c\u044b\u043c \u043d\u0430\u0438\u043b\u0443\u0447\u0448\u0438\u043c \u043e\u0431\u0440\u0430\u0437\u043e\u043c. \u0414\u0435\u0432\u044b \u043e\u0442 \u043f\u0440\u0438\u0440\u043e\u0434\u044b \u0443\u043c\u043d\u044b \u0438 \u043e\u0441\u0442\u0440\u043e\u0443\u043c\u043d\u044b, \u0443 \u043f\u0440\u0435\u0434\u0441\u0442\u0430\u0432\u0438\u0442\u0435\u043b\u0435\u0439 \u044d\u0442\u043e\u0433\u043e \u0437\u043d\u0430\u043a\u0430 \u043d\u0435\u0442 \u043f\u0440\u043e\u0431\u043b\u0435\u043c \u0441 \u043f\u0430\u043c\u044f\u0442\u044c\u044e. \u041f\u0440\u0438 \u044d\u0442\u043e\u043c \u0443 [&hellip;]<\/p>\n","protected":false},"author":1,"featured_media":0,"parent":687,"menu_order":0,"comment_status":"closed","ping_status":"closed","template":"","meta":{"footnotes":""},"class_list":["post-696","page","type-page","status-publish","hentry"],"_links":{"self":[{"href":"https:\/\/insermi.com\/ro\/wp-json\/wp\/v2\/pages\/696","targetHints":{"allow":["GET"]}}],"collection":[{"href":"https:\/\/insermi.com\/ro\/wp-json\/wp\/v2\/pages"}],"about":[{"href":"https:\/\/insermi.com\/ro\/wp-json\/wp\/v2\/types\/page"}],"author":[{"embeddable":true,"href":"https:\/\/insermi.com\/ro\/wp-json\/wp\/v2\/users\/1"}],"replies":[{"embeddable":true,"href":"https:\/\/insermi.com\/ro\/wp-json\/wp\/v2\/comments?post=696"}],"version-history":[{"count":0,"href":"https:\/\/insermi.com\/ro\/wp-json\/wp\/v2\/pages\/696\/revisions"}],"up":[{"embeddable":true,"href":"https:\/\/insermi.com\/ro\/wp-json\/wp\/v2\/pages\/687"}],"wp:attachment":[{"href":"https:\/\/insermi.com\/ro\/wp-json\/wp\/v2\/media?parent=696"}],"curies":[{"name":"wp","href":"https:\/\/api.w.org\/{rel}","templated":true}]}}