{"id":691,"date":"2016-04-03T18:54:06","date_gmt":"2016-04-03T16:54:06","guid":{"rendered":"https:\/\/insermi.com\/?page_id=691"},"modified":"2025-10-07T09:45:06","modified_gmt":"2025-10-07T06:45:06","slug":"kakie-kamni-podhodyat-ovnam","status":"publish","type":"page","link":"https:\/\/insermi.com\/ro\/kamni-po-znakam-zodiaka\/kakie-kamni-podhodyat-ovnam\/","title":{"rendered":"Ce pietre sunt potrivite pentru Berbec"},"content":{"rendered":"<h1 style=\"text-align: center;\"><strong><span style=\"color: #000000;\">Berbec<\/span><\/strong><\/h1>\n<p style=\"text-align: left;\">Puterea sacr\u0103 a pietrelor semipre\u021bioase este recunoscut\u0103 de to\u021bi astrologii \u0219i este luat\u0103 \u00een considerare chiar \u0219i de cei mai \u00eenfoca\u021bi nihili\u0219ti. Opiniile cu privire la ac\u021biunea specific\u0103 a fiec\u0103rui mineral natural \u00een anumite condi\u021bii pot fi diferite, dar influen\u021ba pietrei asupra reprezentantului unui anumit semn zodiacal este dincolo de orice \u00eendoial\u0103. Una \u0219i aceea\u0219i piatr\u0103 poate \u00eentr-o persoan\u0103 s\u0103 dezvolte calit\u0103\u021bi pozitive, iar \u00een alta doar s\u0103 le suprime. Pentru a nu-\u021bi face f\u0103r\u0103 s\u0103 \u0219tii un cadou d\u0103un\u0103tor \u021bie sau unei persoane dragi, este mai bine s\u0103 afli ce pietre vor deveni un talisman, care sunt simple bijuterii \u0219i care vor aduce numai r\u0103u.<\/p>\n<p>O persoan\u0103 n\u0103scut\u0103 sub semnul Berbecului se distinge prin \u00eencredere \u00een sine \u0219i \u00een corectitudinea propriilor judec\u0103\u021bi, prin perseveren\u021b\u0103 \u00een atingerea scopurilor, o mare capacitate de munc\u0103 \u0219i o atitudine activ\u0103 fa\u021b\u0103 de via\u021b\u0103. Berbecii sunt energici \u0219i sociabili, iubesc aten\u021bia \u0219i \u0219tiu cum s\u0103-\u0219i creeze o bun\u0103 reputa\u021bie. Sunt \u00eendr\u0103gi\u021bi pentru optimismul lor, credin\u021ba \u00een viitor \u0219i sinceritate. Totu\u0219i, orgoliul Berbecului poate ajunge u\u0219or p\u00e2n\u0103 la egoism lipsit de tact, iar emo\u021bionalitatea \u0219i impulsivitatea excesiv\u0103 \u00eei \u00eempiedic\u0103 adesea s\u0103 duc\u0103 la bun sf\u00e2r\u0219it ceea ce \u00eencep.<\/p>\n<p>Piatra-talisman a Berbecului nu trebuie s\u0103 fie \u00een conflict cu lumea interioar\u0103 a purt\u0103torului, dar ar trebui s\u0103 tempereze tr\u0103s\u0103turile negative care \u00eei afecteaz\u0103 via\u021ba social\u0103 sau personal\u0103. Astrologii recomand\u0103 Berbecilor, semn de foc, pietre cu o energie puternic\u0103: rubinul \u0219i diamantul, precum \u0219i zirconul \u0219i citrinul. Utilizarea altor minerale ca talismane de protec\u021bie depinde de particularit\u0103\u021bile individuale \u0219i de data na\u0219terii.<\/p>\n<p><span style=\"color: #000000;\"><strong> Alegerea pietrei \u00een func\u021bie de data na\u0219terii <\/strong><\/span><\/p>\n<p>Pentru Berbeci, cristalul de st\u00e2nc\u0103 (cuar\u021bul transparent) este foarte potrivit. \u00cen func\u021bie de data na\u0219terii, Berbecii pot fi patrona\u021bi de Marte (21.03\u201331.03), Soare (01.04\u201311.04) sau Venus (12.04\u201320.04), form\u00e2nd trei tipuri de personalit\u0103\u021bi:\n\n-cei ambi\u021bio\u0219i \u0219i egocentrici,\n\n-cei nobili \u0219i devota\u021bi familiei,\n\n-cei pasionali \u0219i romantici aventurieri.\n\nTo\u021bi au tr\u0103s\u0103turile tipice ale Berbecului, dar cu intensit\u0103\u021bi diferite.<\/p>\n<p>Pentru cei afla\u021bi sub influen\u021ba lui Marte sunt potrivite pietrele precum agat, cuar\u021b, jasp, ochi de tigru, serpentin, cristal de st\u00e2nc\u0103, carneol, amazonit \u0219i hematit.\nPentru Berbecii solari sunt recomandate sardonixul, ochiul de pisic\u0103, heliotropul, chihlimbarul \u0219i perla.\nPentru cei afla\u021bi sub influen\u021ba lui Venus, se potrivesc perfect diamantul, granatul, zirconul, rubinul \u0219i safirul.<\/p>\n<p>Astrologii au p\u0103reri diferite cu privire la pietrele cele mai potrivite acestui semn, iar temperamentul fiec\u0103ruia este greu de analizat. De aceea, aceste recomand\u0103ri nu sunt stricte, ci orientative.<\/p>\n<p><span style=\"color: #000000;\"><strong> Piatra talisman pentru Berbec <\/strong><\/span><\/p>\n<p>Pentru Berbeci, piatra ideal\u0103 este diamantul. La alegerea talismanului perfect trebuie \u021binut cont c\u0103 nuan\u021bele solare \u2014 ro\u0219u, galben \u0219i portocaliu \u2014 amplific\u0103 energia semnului de foc, iar verdele, albastrul \u0219i azuriul \u00eempiedic\u0103 dezvoltarea excesiv\u0103 a tr\u0103s\u0103turilor negative.<\/p>\n<p>Astfel, dac\u0103 unele tr\u0103s\u0103turi ale semnului se manifest\u0103 prea acut \u0219i poart\u0103 o conota\u021bie negativ\u0103, este mai bine s\u0103 alege\u021bi pietre cu colorit verde, albastru, albastru deschis sau incolore.<\/p>\n<p>Rubinul s\u00e2ngeriu ofer\u0103 for\u021b\u0103 vital\u0103 pentru atingerea obiectivelor, stimuleaz\u0103 activitatea mental\u0103 \u0219i ajut\u0103 la refacerea rapid\u0103 a energiei. Nuantele mai deschise de rubin au acelea\u0219i propriet\u0103\u021bi, dar tempereaz\u0103 agresivitatea \u0219i impulsivitatea. Diamantul transparent \u0219i dur confer\u0103 \u00eencredere \u0219i \u00eent\u0103re\u0219te caracterul, \u00eens\u0103 nu este potrivit ca talisman pentru fetele tinere nec\u0103s\u0103torite.<\/p>\n<p>Agatul ca talisman este potrivit pentru studen\u021bii n\u0103scu\u021bi sub semnul Berbecului. Ajut\u0103 la concentrarea aten\u021biei asupra studiilor, dezvolt\u0103 disciplina \u0219i reduce ner\u0103bdarea.<\/p>\n<p>Berbecii tind adesea s\u0103 ri\u0219te f\u0103r\u0103 a-\u0219i evalua corect posibilit\u0103\u021bile, de aceea le este util\u0103 o piatr\u0103 protectoare precum misteriosul labradorit. Pentru a reduce agresivitatea \u0219i asprimea \u00een rela\u021biile apropiate, este recomandat ametistul.<\/p>\n<p><span style=\"color: #000000;\"><strong> Pietre pentru femeile Berbec <\/strong><\/span><\/p>\n<p>Pentru femeile Berbec este potrivit granatul. Reprezentantele expresive ale zodiei pot purta diamante, granate, rubine, ametiste \u0219i cuar\u021b fumuriu.\nDiamantul verde simbolizeaz\u0103 feminitatea \u0219i maternitatea.\nGranatul pasional ajut\u0103 la g\u0103sirea iubirii \u0219i armoniei.\nAmetistul \u2014 piatra fidelit\u0103\u021bii \u2014 dezvolt\u0103 intui\u021bia feminin\u0103, dar pentru Berbeci este recomandat doar \u00een nuan\u021b\u0103 liliachie.\nCuar\u021bul fumuriu ajut\u0103 la p\u0103strarea iubirii \u00een cuplu.<\/p>\n<p>Este bine pentru femeile tinere s\u0103 poarte zircon transparent, \u00een timp ce zirconul galben este de preferat pentru femeile mature. Aceast\u0103 piatr\u0103 d\u0103 putere \u0219i salveaz\u0103 de depresie.<\/p>\n<p>Jaspul ro\u0219u este o alegere bun\u0103 pentru femeile de carier\u0103 \u0219i de afaceri, deoarece le ajut\u0103 s\u0103 \u00ee\u0219i planifice ziua \u0219i s\u0103 \u00ee\u0219i distribuie energiile \u00een a\u0219a fel \u00eenc\u00e2t s\u0103 r\u0103m\u00e2n\u0103 suficient timp pentru a crea o cas\u0103 confortabil\u0103 \u0219i tandre\u021be pentru cei dragi. La urma urmei, femeile Berbec sunt complet cufundate \u00een munc\u0103, uit\u00e2nd de familie.<\/p>\n<p><span style=\"color: #000000;\"><strong> Pietre pentru b\u0103rba\u021bii Berbec <\/strong><\/span><\/p>\n<p>Rubinul este potrivit pentru b\u0103rbatul Berbec, conform semnului zodiacal. Pentru to\u021bi reprezentan\u021bii acestui semn se caracterizeaz\u0103 prin dezvoltarea calit\u0103\u021bilor de lider. La b\u0103rba\u021bi aceast\u0103 tr\u0103s\u0103tur\u0103 de caracter este mai pronun\u021bat\u0103, ei prelu\u00e2nd \u00eentotdeauna pozi\u021bia de comandant \u0219i organizator. Un bun talisman pentru lideri va fi rubinul, precum \u0219i granatul.<\/p>\n<p>Alegerea monturii pentru piatr\u0103 trebuie tratat\u0103 cu responsabilitate. Aurul \u0219i platina sunt inadmisibile pentru energia Berbecului.<\/p>\n<p>Dac\u0103 un b\u0103rbat aspir\u0103 la v\u00e2rful ierarhiei profesionale \u0219i vrea s\u0103 se realizeze \u00eentr-o anumit\u0103 activitate, este mai bine pentru el s\u0103 poarte o piatr\u0103 pe degetul ar\u0103t\u0103tor. Pentru b\u0103rba\u021bii romantici care caut\u0103 dragostea adev\u0103rat\u0103, este mai bine s\u0103 cumpere o bijuterie sub forma unei amulete sau a unui pandantiv. Pentru b\u0103rba\u021bii duri \u0219i irascibili, se recomand\u0103 s\u0103 poarte ametist, care amelioreaz\u0103 furia \u0219i ajut\u0103 la stabilirea rela\u021biilor \u00een familie. Propriet\u0103\u021bile sale sunt \u00eent\u0103rite \u00eentr-o montur\u0103 de argint. Conform legendei, aceast\u0103 piatr\u0103 protejeaz\u0103 de intoxica\u021bia cu alcool, p\u0103str\u00e2nd mintea limpede.<\/p>\n<p>Puterea suplimentar\u0103 dob\u00e2nde\u0219te orice piatr\u0103, dac\u0103 are o gravur\u0103 cu imaginea berbecului, bufni\u021bei, lupului sau runei.<\/p>\n<p><span style=\"color: #000000;\"><strong> Pietre care sunt contraindicate pentru Berbec <\/strong><\/span><\/p>\n<p>Piatra opal este contraindicat\u0103 Berbecului dup\u0103 semnul zodiacal. Este foarte posibil ca printre pietrele pre\u021bioase preferate Berbecul s\u0103 nu g\u0103seasc\u0103 o piatr\u0103 pe placul s\u0103u. \u00cen astfel de cazuri, este mai bine s\u0103 \u00ee\u021bi ascul\u021bi intui\u021bia \u0219i s\u0103 alegi ceea ce va fi pe placul t\u0103u. Cu toate acestea, exist\u0103 pietre care ar trebui s\u0103 fie evitate de Berbec. Acestea sunt acele minerale naturale care sunt atribuite Balan\u021bei: coral, opal, lapis lazuli, crisolit, malachit, beril. Produsele din rodonit\u0103 \u0219i aventurin\u0103 sunt contraindicate.<\/p>\n<p>Pentru reprezentan\u021bii impulsivi \u0219i agresivi ai semnului este de dorit s\u0103 alege\u021bi un rubin de nuan\u021be deschise sau transparent.<\/p>\n<p>Nu este de dorit ca Berbecul s\u0103 poarte pietre de nuan\u021be reci, care simbolizeaz\u0103 elementul ap\u0103. Astfel de bijuterii vor intra \u00een conflict cu natura \u00eenfl\u0103c\u0103rat\u0103 a purt\u0103torului \u0219i \u00eei vor \u00eenc\u0103lca armonia. Pietrele de culoare neagr\u0103, verde \u00eenchis \u0219i albastru \u00eenchis nu corespund caracterului deschis al Berbecului.<\/p>\n<p>Chiar \u0219i studiind sfaturile astrologilor, este greu s\u0103 alegi o singur\u0103 piatr\u0103-talisman. Nici nu este necesar. \u00cen diferite perioade ale vie\u021bii \u0219i \u00een situa\u021bii diferite, pot fi utile energii diferite. Este bine s\u0103 ai mai multe bijuterii, dar unele trebuie purtate separat, deoarece anumite pietre puternice (precum rubinul) nu tolereaz\u0103 prezen\u021ba altora, \u00een timp ce altele se combin\u0103 armonios, amplific\u00e2ndu-\u0219i efectul.<\/p>\n<p>Alegerea unui suvenir sau a unei bijuterii din piatr\u0103 natural\u0103 dup\u0103 semnul zodiacal ar trebui s\u0103 fie pe mai multe niveluri. O persoan\u0103, ca o piatr\u0103 pre\u021bioas\u0103, are o structur\u0103 intern\u0103 complex\u0103, care se manifest\u0103 \u00een moduri diferite \u00een procesul vie\u021bii. \u00cen prima etap\u0103 ar trebui s\u0103 se elimine acele pietre care sunt contraindicate. \u00cen a doua etap\u0103, se aleg cele care ar ajuta la dezvoltarea oric\u0103ror calit\u0103\u021bi de caracter, ar servi drept sprijin \u0219i suport. Dup\u0103 aceea, cernem culorile \u0219i nuan\u021bele nepotrivite. Urm\u0103toarea etap\u0103 este percep\u021bia vizual\u0103. Nimeni nu poate fi obligat s\u0103 poarte ceva ce nu-i place. Acest lucru va provoca deja contradic\u021bii interne. C\u00e2nd sunt alese pietrele care sunt pl\u0103cute \u00een aparen\u021b\u0103, pute\u021bi \u00eencepe un studiu detaliat al influen\u021bei fiec\u0103rei pietre asupra reprezentan\u021bilor unui anumit semn zodiacal, lu\u00e2nd \u00een considerare sexul.<\/p>\n<p>O bijuterie din piatr\u0103 natural\u0103 este un cadou original, dar care necesit\u0103 mult\u0103 aten\u021bie. Este greu s\u0103 ghice\u0219ti preferin\u021bele cuiva, a\u0219a c\u0103 nu este bine s\u0103 cumperi primul lucru care \u00ee\u021bi apare \u00een fa\u021b\u0103. To\u021bi Berbecii apreciaz\u0103 aten\u021bia acordat\u0103 detaliilor, iar un cadou ales cu grij\u0103 nu \u00eei va l\u0103sa indiferen\u021bi. Totu\u0219i, dac\u0103 alegerea este gre\u0219it\u0103, Berbecul direct \u0219i sincer nu se va sfii s\u0103 spun\u0103 exact ce crede.<\/p>","protected":false},"excerpt":{"rendered":"<p>\u041e\u0432\u0435\u043d \u0421\u0430\u043a\u0440\u0430\u043b\u044c\u043d\u0430\u044f \u0441\u0438\u043b\u0430 \u0441\u0430\u043c\u043e\u0446\u0432\u0435\u0442\u043e\u0432 \u043f\u0440\u0438\u0437\u043d\u0430\u0435\u0442\u0441\u044f \u0432\u0441\u0435\u043c\u0438 \u0430\u0441\u0442\u0440\u043e\u043b\u043e\u0433\u0430\u043c\u0438 \u0438 \u0431\u0435\u0440\u0435\u0442\u0441\u044f \u043d\u0430 \u0437\u0430\u043c\u0435\u0442\u043a\u0443 \u0434\u0430\u0436\u0435 \u043e\u0442\u044a\u044f\u0432\u043b\u0435\u043d\u043d\u044b\u043c\u0438 \u043d\u0438\u0433\u0438\u043b\u0438\u0441\u0442\u0430\u043c\u0438. \u041c\u043d\u0435\u043d\u0438\u044f \u043e \u0441\u043f\u0435\u0446\u0438\u0444\u0438\u0447\u0435\u0441\u043a\u043e\u043c \u0434\u0435\u0439\u0441\u0442\u0432\u0438\u0438 \u043a\u0430\u0436\u0434\u043e\u0433\u043e \u043f\u0440\u0438\u0440\u043e\u0434\u043d\u043e\u0433\u043e \u043c\u0438\u043d\u0435\u0440\u0430\u043b\u0430 \u0432 \u043e\u043f\u0440\u0435\u0434\u0435\u043b\u0435\u043d\u043d\u044b\u0445 \u0443\u0441\u043b\u043e\u0432\u0438\u044f\u0445 \u043c\u043e\u0433\u0443\u0442 \u0440\u0430\u0441\u0445\u043e\u0434\u0438\u0442\u044c\u0441\u044f, \u043d\u043e \u0432\u043b\u0438\u044f\u043d\u0438\u0435 \u043a\u0430\u043c\u043d\u044f \u043d\u0430 \u043f\u0440\u0435\u0434\u0441\u0442\u0430\u0432\u0438\u0442\u0435\u043b\u044f \u043a\u043e\u043d\u043a\u0440\u0435\u0442\u043d\u043e\u0433\u043e \u0437\u043d\u0430\u043a\u0430 \u0437\u043e\u0434\u0438\u0430\u043a\u0430 \u043d\u0435 \u043f\u043e\u0434\u043b\u0435\u0436\u0438\u0442 \u0441\u043e\u043c\u043d\u0435\u043d\u0438\u044e. \u041e\u0434\u0438\u043d \u0438 \u0442\u043e\u0442 \u0436\u0435 \u043a\u0430\u043c\u0435\u043d\u044c \u043c\u043e\u0436\u0435\u0442 \u0443 \u043e\u0434\u043d\u043e\u0433\u043e \u0447\u0435\u043b\u043e\u0432\u0435\u043a\u0430 \u0440\u0430\u0437\u0432\u0438\u0432\u0430\u0442\u044c \u043f\u043e\u043b\u043e\u0436\u0438\u0442\u0435\u043b\u044c\u043d\u044b\u0435 \u043a\u0430\u0447\u0435\u0441\u0442\u0432\u0430, \u0430 \u0443 \u0434\u0440\u0443\u0433\u043e\u0433\u043e \u0442\u043e\u043b\u044c\u043a\u043e \u043f\u043e\u0434\u0430\u0432\u043b\u044f\u0442\u044c \u0438\u0445. [&hellip;]<\/p>\n","protected":false},"author":1,"featured_media":0,"parent":687,"menu_order":0,"comment_status":"closed","ping_status":"closed","template":"","meta":{"footnotes":""},"class_list":["post-691","page","type-page","status-publish","hentry"],"_links":{"self":[{"href":"https:\/\/insermi.com\/ro\/wp-json\/wp\/v2\/pages\/691","targetHints":{"allow":["GET"]}}],"collection":[{"href":"https:\/\/insermi.com\/ro\/wp-json\/wp\/v2\/pages"}],"about":[{"href":"https:\/\/insermi.com\/ro\/wp-json\/wp\/v2\/types\/page"}],"author":[{"embeddable":true,"href":"https:\/\/insermi.com\/ro\/wp-json\/wp\/v2\/users\/1"}],"replies":[{"embeddable":true,"href":"https:\/\/insermi.com\/ro\/wp-json\/wp\/v2\/comments?post=691"}],"version-history":[{"count":0,"href":"https:\/\/insermi.com\/ro\/wp-json\/wp\/v2\/pages\/691\/revisions"}],"up":[{"embeddable":true,"href":"https:\/\/insermi.com\/ro\/wp-json\/wp\/v2\/pages\/687"}],"wp:attachment":[{"href":"https:\/\/insermi.com\/ro\/wp-json\/wp\/v2\/media?parent=691"}],"curies":[{"name":"wp","href":"https:\/\/api.w.org\/{rel}","templated":true}]}}