{"id":69,"date":"2016-02-03T00:12:23","date_gmt":"2016-02-02T22:12:23","guid":{"rendered":"https:\/\/insermi.com\/?page_id=69"},"modified":"2016-02-03T00:12:23","modified_gmt":"2016-02-02T22:12:23","slug":"granat","status":"publish","type":"page","link":"https:\/\/insermi.com\/ro\/o-kamnyah\/granat\/","title":{"rendered":"Granat"},"content":{"rendered":"<p><a href=\"https:\/\/insermi.com\/wp-content\/uploads\/2015\/12\/granat1.jpg\" rel=\"attachment wp-att-1029\"><img fetchpriority=\"high\" decoding=\"async\" src=\"https:\/\/insermi.com\/wp-content\/uploads\/2015\/12\/granat1-300x300.jpg\" alt=\"\u0433\u0440\u0430\u043d\u0430\u04421\" width=\"300\" height=\"300\" class=\"alignnone size-medium wp-image-1029\" title=\"\"><\/a>    <a href=\"https:\/\/insermi.com\/wp-content\/uploads\/2015\/12\/granat2.jpg\" rel=\"attachment wp-att-1030\"><img decoding=\"async\" src=\"https:\/\/insermi.com\/wp-content\/uploads\/2015\/12\/granat2-300x300.jpg\" alt=\"\u0433\u0440\u0430\u043d\u0430\u04422\" width=\"300\" height=\"300\" class=\"alignnone size-medium wp-image-1030\" title=\"\"><\/a><\/p>\n<p>Granatul este un mineralotosilicat cu o structur\u0103 insular\u0103. Granatul \u0219i-a primit numele de la cuv\u00e2ntul latin \"bagranurn\".  Mineralul are multe variet\u0103\u021bi \u0219i, \u00een consecin\u021b\u0103, multe denumiri: granatul Ural, shorlomite, becheta, carbuncle, worm \u0219i wenis. \u00cen plus, unele minerale similare, cum ar fi granatul de Boemia sau piropa, grossularul, almandinul \u0219i spessarinul sunt, de asemenea, numite granate. \u00cen ceea ce prive\u0219te culoarea, este disponibil \u00een ro\u0219u-maroniu, ro\u0219u, verde \u0219i albastru. Cristalul este aproape complet transparent sau complet translucid. Principalele z\u0103c\u0103minte de granat se g\u0103sesc \u00een Australia, Rusia, Africa, Argentina, SUA, Madagascar \u0219i Sri Lanka.<\/p>\n<p><strong>Granat: propriet\u0103\u021bi medicinale<\/strong><\/p>\n<p>Granatul este utilizat \u00een mod tradi\u021bional \u00een tratamentul bron\u0219itei \u0219i al pl\u0103m\u00e2nilor.  \u00cen acest scop, se poart\u0103 \u00een jurul g\u00e2tului sub forma unui pandantiv din granat sau m\u0103rgele \u00eencrustate \u00een argint. Dac\u0103 granatul este introdus \u00een aur \u0219i purtat sub form\u0103 de inel pe m\u00e2na dreapt\u0103, pe degetul mijlociu, poate vindeca durerile de g\u00e2t, amigdalita, poate sc\u0103dea temperatura \u0219i poate sc\u0103pa de migrenele constante.<\/p>\n<p><strong>Granat: propriet\u0103\u021bi magice<\/strong><\/p>\n<p>Granatul este un mineral ale c\u0103rui propriet\u0103\u021bi magice au fost observate \u00eenc\u0103 din antichitate. De exemplu, se credea c\u0103 o persoan\u0103 care poart\u0103 bijuterii din granat pe corp este capabil\u0103 s\u0103 controleze oamenii \u0219i s\u0103 \u00eei supun\u0103.  \u0218i, de asemenea, granatul era purtat de fetele care doreau s\u0103 se c\u0103s\u0103toreasc\u0103 mai repede, deoarece se credea c\u0103 aceast\u0103 piatr\u0103 este capabil\u0103 s\u0103 aduc\u0103 dragostea. \u00cen Evul Mediu, \u00een Europa, bijuteriile din granat erau purtate doar de b\u0103rba\u021bi, deoarece se credea c\u0103 \u00eei poate proteja de r\u0103ni \u0219i de r\u0103ni \u00een r\u0103zboi \u0219i \u00een c\u0103l\u0103toriile lungi.<\/p>\n<p><strong>Amulete \u0219i talismane din granat<\/strong><\/p>\n<p>Dar, cu toate acestea, principala sa proprietate este \u00eenc\u0103 considerat\u0103 a fi capacitatea sa de a aduce noroc, dragoste \u0219i bucurie din orice meserie. Dac\u0103 o persoan\u0103 care poart\u0103 bijuterii cu granat este energic\u0103 din fire, emotiv\u0103 \u0219i pasional\u0103, atunci granatul \u00ee\u0219i m\u0103re\u0219te poten\u021bialul de multe ori \u0219i aduce noroc \u00een toate demersurile. Granatul ro\u0219u poate face orice femeie judicioas\u0103, \u00een\u021beleapt\u0103 \u0219i re\u021binut\u0103. Granatul verde este patronul oamenilor de afaceri \u0219i al comercian\u021bilor. \u00cei va \u00eenv\u0103\u021ba s\u0103 \u021bin\u0103 cont de timp \u0219i s\u0103 \u00eel distribuie corect.<\/p>\n<p>Dac\u0103 vorbim despre semnele zodiacale, atunci bijuteriile din granat ar trebui cump\u0103rate de persoanele n\u0103scute sub semnul Capricornului. Acesta va fi un bun ajutor \u0219i Leului \u0219i S\u0103get\u0103torului. Dar Berbecul flashy, care se retrage rapid, granatul nu se va potrivi.  Mineralul are nevoie de hran\u0103 emo\u021bional\u0103 constant\u0103, pe care Berbecul nu o poate oferi \u00een mod constant.  Cu toate acestea, periodic, Berbecului \u00eei este permis s\u0103 poarte bijuterii din granat. Granatul verde are un efect benefic asupra V\u0103rs\u0103torilor \u0219i Balan\u021belor.<\/p>\n<p>Bijuteriile din granat sunt strict interzise a fi purtate de persoanele slabe de voin\u021b\u0103, nervoase, rezervate \u0219i invidioase. \u0218i, de asemenea, persoanele n\u0103scute sub semnul Racului \u0219i al Pe\u0219tilor.<\/p>","protected":false},"excerpt":{"rendered":"<p>\u0413\u0440\u0430\u043d\u0430\u0442\u043e\u043c \u043d\u0430\u0437\u044b\u0432\u0430\u044e\u0442 \u043c\u0438\u043d\u0435\u0440\u0430\u043b\u043e\u0442\u043e\u0441\u0438\u043b\u0438\u043a\u0430\u0442\u0430, \u0438\u043c\u0435\u044e\u0449\u0435\u0433\u043e \u043e\u0441\u0442\u0440\u043e\u0432\u043d\u0443\u044e \u0441\u0442\u0440\u0443\u043a\u0442\u0443\u0440\u0443. \u0421\u0432\u043e\u0435 \u043d\u0430\u0437\u0432\u0430\u043d\u0438\u0435 \u0433\u0440\u0430\u043d\u0430\u0442 \u043f\u043e\u043b\u0443\u0447\u0438\u043b \u043e\u0442 \u043b\u0430\u0442\u0438\u043d\u0441\u043a\u043e\u0433\u043e \u0441\u043b\u043e\u0432\u0430 \u00abbagranurn\u00bb. \u041c\u0438\u043d\u0435\u0440\u0430\u043b \u0438\u043c\u0435\u0435\u0442 \u043c\u043d\u043e\u0436\u0435\u0441\u0442\u0432\u043e \u0440\u0430\u0437\u043d\u043e\u0432\u0438\u0434\u043d\u043e\u0441\u0442\u0435\u0439, \u0438, \u043a\u0430\u043a \u0441\u043b\u0435\u0434\u0441\u0442\u0432\u0438\u0435, \u043c\u043d\u043e\u0433\u043e \u0438\u043c\u0435\u043d: \u0443\u0440\u0430\u043b\u044c\u0441\u043a\u0438\u0439 \u0433\u0440\u0430\u043d\u0430\u0442, \u0448\u043e\u0440\u043b\u043e\u043c\u0438\u0442, \u0431\u0435\u0447\u0435\u0442\u0430, \u043a\u0430\u0440\u0431\u0443\u043d\u043a\u0443\u043b, \u0447\u0435\u0440\u0432\u0435\u0446 \u0438 \u0432\u0435\u043d\u0438\u0441\u0430. \u041a\u0440\u043e\u043c\u0435 \u0442\u043e\u0433\u043e, \u043d\u0435\u043a\u043e\u0442\u043e\u0440\u044b\u0435 \u0441\u0445\u043e\u0436\u0438\u0435 \u043f\u043e \u0441\u0442\u0440\u0443\u043a\u0442\u0443\u0440\u0435 \u043c\u0438\u043d\u0435\u0440\u0430\u043b\u044b, \u0442\u0430\u043a\u0438\u0435 \u043a\u0430\u043a \u0447\u0435\u0448\u0441\u043a\u0438\u0439 \u0433\u0440\u0430\u043d\u0430\u0442 \u0438\u043b\u0438 \u043f\u0438\u0440\u043e\u043f, \u0433\u0440\u043e\u0441\u0441\u0443\u043b\u044f\u0440, \u0430\u043b\u044c\u043c\u0430\u043d\u0434\u0438\u043d \u0438 \u0441\u043f\u0435\u0441\u0441\u0430\u0440\u0438\u043d \u0442\u0430\u043a\u0436\u0435 \u043d\u0430\u0437\u044b\u0432\u0430\u044e\u0442 \u0433\u0440\u0430\u043d\u0430\u0442\u0430\u043c\u0438. \u041f\u043e \u0446\u0432\u0435\u0442\u0443, \u043e\u043d \u0431\u044b\u0432\u0430\u0435\u0442 [&hellip;]<\/p>\n","protected":false},"author":1,"featured_media":0,"parent":35,"menu_order":0,"comment_status":"closed","ping_status":"closed","template":"","meta":{"footnotes":""},"class_list":["post-69","page","type-page","status-publish","hentry"],"_links":{"self":[{"href":"https:\/\/insermi.com\/ro\/wp-json\/wp\/v2\/pages\/69","targetHints":{"allow":["GET"]}}],"collection":[{"href":"https:\/\/insermi.com\/ro\/wp-json\/wp\/v2\/pages"}],"about":[{"href":"https:\/\/insermi.com\/ro\/wp-json\/wp\/v2\/types\/page"}],"author":[{"embeddable":true,"href":"https:\/\/insermi.com\/ro\/wp-json\/wp\/v2\/users\/1"}],"replies":[{"embeddable":true,"href":"https:\/\/insermi.com\/ro\/wp-json\/wp\/v2\/comments?post=69"}],"version-history":[{"count":0,"href":"https:\/\/insermi.com\/ro\/wp-json\/wp\/v2\/pages\/69\/revisions"}],"up":[{"embeddable":true,"href":"https:\/\/insermi.com\/ro\/wp-json\/wp\/v2\/pages\/35"}],"wp:attachment":[{"href":"https:\/\/insermi.com\/ro\/wp-json\/wp\/v2\/media?parent=69"}],"curies":[{"name":"wp","href":"https:\/\/api.w.org\/{rel}","templated":true}]}}