{"id":67,"date":"2016-02-03T00:11:58","date_gmt":"2016-02-02T22:11:58","guid":{"rendered":"https:\/\/insermi.com\/?page_id=67"},"modified":"2016-02-03T00:11:58","modified_gmt":"2016-02-02T22:11:58","slug":"gornyj-hrustal","status":"publish","type":"page","link":"https:\/\/insermi.com\/ro\/o-kamnyah\/gornyj-hrustal\/","title":{"rendered":"Cristal de st\u00e2nc\u0103"},"content":{"rendered":"<p><a href=\"https:\/\/insermi.com\/wp-content\/uploads\/2015\/12\/Gornyj-hrustal1.jpg\" rel=\"attachment wp-att-696\"><img fetchpriority=\"high\" decoding=\"async\" src=\"https:\/\/insermi.com\/wp-content\/uploads\/2015\/12\/Gornyj-hrustal1-300x300.jpg\" alt=\"\u0413\u043e\u0440\u043d\u044b\u0439 \u0445\u0440\u0443\u0441\u0442\u0430\u043b\u044c1\" width=\"300\" height=\"300\" class=\"alignnone size-medium wp-image-696\" title=\"\"><\/a>   <a href=\"https:\/\/insermi.com\/wp-content\/uploads\/2015\/12\/Gornyj-hrustal2.jpg\" rel=\"attachment wp-att-697\"><img decoding=\"async\" src=\"https:\/\/insermi.com\/wp-content\/uploads\/2015\/12\/Gornyj-hrustal2-300x300.jpg\" alt=\"\u0413\u043e\u0440\u043d\u044b\u0439 \u0445\u0440\u0443\u0441\u0442\u0430\u043b\u044c2\" width=\"300\" height=\"300\" class=\"alignnone size-medium wp-image-697\" title=\"\"><\/a><\/p>\n<p>Cristalul de st\u00e2nc\u0103 este un mineral de oxid de siliciu. Se crede c\u0103 \u0219i-a primit numele de la cuv\u00e2ntul grecesc \"krystallos\", care \u00eenseamn\u0103 \"cristal\". \u00centr-adev\u0103r, \u00een natur\u0103 cristalul de st\u00e2nc\u0103 cre\u0219te sub form\u0103 de cristale, care se pot aduna \u00een druze - grupuri de cristale. \u00cen plus fa\u021b\u0103 de acest nume comun, se mai nume\u0219te diamant boem sau arab.  Transparen\u021ba uimitoare a mineralului a f\u0103cut posibil ca multe genera\u021bii de bijutieri s\u0103 realizeze cele mai frumoase bijuterii din cristal de st\u00e2nc\u0103, care a fost apreciat \u00een toate timpurile. Cele mai mari z\u0103c\u0103minte de cristal de st\u00e2nc\u0103 sunt situate \u00een Ungaria, Rusia, Brazilia, Sri Lanka \u0219i Madagascar.<\/p>\n<p><strong>Cristal de st\u00e2nc\u0103: propriet\u0103\u021bi terapeutice<\/strong><\/p>\n<p>Se \u0219tie c\u0103 cristalul de st\u00e2nc\u0103 era folosit \u00een Grecia Antic\u0103 \u0219i Tibet pentru dezinfectarea \u0219i vindecarea c\u00e2t mai rapid\u0103 a r\u0103nilor. Un cristal sau o druz\u0103 de cristal de st\u00e2nc\u0103 din ap\u0103 pur\u0103 se punea pe ran\u0103, iar pacientul era scos afar\u0103. Razele soarelui treceau prin cristal \u0219i rana se vindeca mai repede. Secretul posibilit\u0103\u021bilor miraculoase ale cristalului de st\u00e2nc\u0103 a fost dezv\u0103luit nu cu mult timp \u00een urm\u0103 de oamenii de \u0219tiin\u021b\u0103. Se pare c\u0103 razele UV, trec\u00e2nd prin cristal, se refract\u0103 \u00een acesta, av\u00e2nd cel mai puternic efect antiseptic.<\/p>\n<p><strong>Cristal de st\u00e2nc\u0103: propriet\u0103\u021bi magice<\/strong><\/p>\n<p>\u00cen antichitate, cristalul de st\u00e2nc\u0103 era considerat un mineral capabil s\u0103 ofere posesorului s\u0103u darul clarviziunii. Iar dac\u0103 \u00eel pune\u021bi sub pern\u0103 \u00een timp ce dormi\u021bi, poate ameliora insomnia, co\u0219marurile \u0219i temerile nerezonabile. Un inel din cristal de st\u00e2nc\u0103, montat \u00een argint, nu numai c\u0103 \u00ee\u0219i poate proteja proprietarul de insola\u021bie sau de insola\u021bie, dar nici nu \u00eel va l\u0103sa s\u0103 \u00eenghe\u021be \u00een frigul n\u0103prasnic. Cu toate acestea, exist\u0103 mai multe tipuri de cristal de st\u00e2nc\u0103 \u00een natur\u0103 \u0219i fiecare dintre ele are propriul s\u0103u efect special asupra unei persoane.<\/p>\n<p>De exemplu, cristalul de st\u00e2nc\u0103 fumuriu, care se mai nume\u0219te \u0219i marion, treze\u0219te Muza \u0219i promoveaz\u0103 creativitatea. Cu toate acestea, purtarea sa pentru o perioad\u0103 lung\u0103 de timp poate distorsiona percep\u021bia proprietarului bijuteriilor din cristal de st\u00e2nc\u0103 asupra realit\u0103\u021bii. Prin urmare, ar trebui s\u0103 i se acorde cu siguran\u021b\u0103 o pauz\u0103.<\/p>\n<p><strong>Amulete \u0219i talismane din cristal de st\u00e2nc\u0103<\/strong><\/p>\n<p>Bijuteriile din cristal de st\u00e2nc\u0103 sunt perfect potrivite ca talisman sau amulet\u0103 pentru persoanele n\u0103scute sub urm\u0103toarele semne zodiacale: Balan\u021b\u0103, Gemeni, V\u0103rs\u0103tori, precum \u0219i Scorpion, Pe\u0219ti \u0219i Rac.  Capricornilor, V\u0103rs\u0103torului \u0219i Fecioarei li se recomand\u0103 s\u0103 poarte bijuterii din cristal de st\u00e2nc\u0103 afumat doar dac\u0103 sufer\u0103 de alcoolism sau dependen\u021b\u0103 de droguri.  Bijuteriile din cristal de st\u00e2nc\u0103 afumat sunt contraindicate persoanelor n\u0103scute sub semnul Capricornului \u0219i al S\u0103get\u0103torului. Acestea au \u00een mod natural o imagina\u021bie minunat\u0103, iar cristalele de cristal le pot transforma \u00een adev\u0103ra\u021bi mincino\u0219i. Bijuteriile din cristal de st\u00e2nc\u0103 negru pot fi purtate f\u0103r\u0103 team\u0103 \u0219i f\u0103r\u0103 limit\u0103 de timp doar de persoanele n\u0103scute sub semnul Scorpionului.<\/p>\n<p>Pute\u021bi citi despre influen\u021ba cristalului de st\u00e2nc\u0103 cu incluziuni sau a cristalului p\u0103ros asupra unei persoane \u00een sec\u021biunea corespunz\u0103toare din magazinul nostru. Bijuteriile realizate din cristal de st\u00e2nc\u0103 de nuan\u021b\u0103 verzuie ajut\u0103 la g\u0103sirea p\u0103cii \u0219i lini\u0219tii, la \u00eembun\u0103t\u0103\u021birea s\u0103n\u0103t\u0103\u021bii.  Bijuteriile realizate din cristal de st\u00e2nc\u0103 transparent, p\u0103ros \u0219i cristale de nuan\u021b\u0103 verzuie pot fi purtate de oricine. Ele aduc noroc \u0219i bucurie, dau confort mental, ajut\u0103 \u00een rela\u021biile amoroase.<\/p>","protected":false},"excerpt":{"rendered":"<p>\u0413\u043e\u0440\u043d\u044b\u0439 \u0445\u0440\u0443\u0441\u0442\u0430\u043b\u0435\u043c \u043d\u0430\u0437\u044b\u0432\u0430\u044e\u0442 \u043c\u0438\u043d\u0435\u0440\u0430\u043b \u043e\u043a\u0441\u0438\u0434\u0430 \u043a\u0440\u0435\u043c\u043d\u0438\u044f. \u0421\u0447\u0438\u0442\u0430\u0435\u0442\u0441\u044f, \u0447\u0442\u043e \u0441\u0432\u043e\u0435 \u0438\u043c\u044f \u043e\u043d \u043f\u043e\u043b\u0443\u0447\u0438\u043b \u043e\u0442 \u0433\u0440\u0435\u0447\u0435\u0441\u043a\u043e\u0433\u043e \u0441\u043b\u043e\u0432\u0430 \u00abkrystallos\u00bb, \u0447\u0442\u043e \u043e\u0437\u043d\u0430\u0447\u0430\u0435\u0442 \u00ab\u043a\u0440\u0438\u0441\u0442\u0430\u043b\u043b\u00bb. \u0418 \u0434\u0435\u0439\u0441\u0442\u0432\u0438\u0442\u0435\u043b\u044c\u043d\u043e, \u0432 \u043f\u0440\u0438\u0440\u043e\u0434\u0435 \u0433\u043e\u0440\u043d\u044b\u0439 \u0445\u0440\u0443\u0441\u0442\u0430\u043b\u044c \u0440\u0430\u0441\u0442\u0435\u0442 \u0432 \u0444\u043e\u0440\u043c\u0435 \u043a\u0440\u0438\u0441\u0442\u0430\u043b\u043b\u0430, \u043a\u043e\u0442\u043e\u0440\u044b\u0435 \u043c\u043e\u0433\u0443\u0442 \u0441\u043e\u0431\u0438\u0440\u0430\u0442\u044c\u0441\u044f \u0432 \u0434\u0440\u0443\u0437\u044b \u2013 \u0441\u043a\u043e\u043f\u043b\u0435\u043d\u0438\u044f \u043a\u0440\u0438\u0441\u0442\u0430\u043b\u043b\u043e\u0432. \u041a\u0440\u043e\u043c\u0435 \u0442\u0430\u043a\u043e\u0433\u043e \u0440\u0430\u0441\u043f\u0440\u043e\u0441\u0442\u0440\u0430\u043d\u0435\u043d\u043d\u043e\u0433\u043e \u0438\u043c\u0435\u043d\u0438 \u0435\u0433\u043e \u0442\u0430\u043a\u0436\u0435 \u043d\u0430\u0437\u044b\u0432\u0430\u044e\u0442 \u0431\u043e\u0433\u0435\u043c\u0441\u043a\u0438\u043c \u0438\u043b\u0438 \u0430\u0440\u0430\u0431\u0441\u043a\u0438\u043c \u0430\u043b\u043c\u0430\u0437\u043e\u043c. \u0423\u0434\u0438\u0432\u0438\u0442\u0435\u043b\u044c\u043d\u0430\u044f \u043f\u0440\u043e\u0437\u0440\u0430\u0447\u043d\u043e\u0441\u0442\u044c \u043c\u0438\u043d\u0435\u0440\u0430\u043b\u0430 \u0434\u0430\u043b\u0430 \u0432\u043e\u0437\u043c\u043e\u0436\u043d\u043e\u0441\u0442\u044c \u043c\u043d\u043e\u0433\u0438\u043c \u043f\u043e\u043a\u043e\u043b\u0435\u043d\u0438\u044f\u043c [&hellip;]<\/p>\n","protected":false},"author":1,"featured_media":0,"parent":35,"menu_order":0,"comment_status":"closed","ping_status":"closed","template":"","meta":{"footnotes":""},"class_list":["post-67","page","type-page","status-publish","hentry"],"_links":{"self":[{"href":"https:\/\/insermi.com\/ro\/wp-json\/wp\/v2\/pages\/67","targetHints":{"allow":["GET"]}}],"collection":[{"href":"https:\/\/insermi.com\/ro\/wp-json\/wp\/v2\/pages"}],"about":[{"href":"https:\/\/insermi.com\/ro\/wp-json\/wp\/v2\/types\/page"}],"author":[{"embeddable":true,"href":"https:\/\/insermi.com\/ro\/wp-json\/wp\/v2\/users\/1"}],"replies":[{"embeddable":true,"href":"https:\/\/insermi.com\/ro\/wp-json\/wp\/v2\/comments?post=67"}],"version-history":[{"count":0,"href":"https:\/\/insermi.com\/ro\/wp-json\/wp\/v2\/pages\/67\/revisions"}],"up":[{"embeddable":true,"href":"https:\/\/insermi.com\/ro\/wp-json\/wp\/v2\/pages\/35"}],"wp:attachment":[{"href":"https:\/\/insermi.com\/ro\/wp-json\/wp\/v2\/media?parent=67"}],"curies":[{"name":"wp","href":"https:\/\/api.w.org\/{rel}","templated":true}]}}