{"id":669,"date":"2016-04-03T17:24:35","date_gmt":"2016-04-03T15:24:35","guid":{"rendered":"https:\/\/insermi.com\/?page_id=669"},"modified":"2016-04-03T17:55:10","modified_gmt":"2016-04-03T15:55:10","slug":"unakit","status":"publish","type":"page","link":"https:\/\/insermi.com\/ro\/o-kamnyah\/unakit\/","title":{"rendered":"Unakit"},"content":{"rendered":"<p><a href=\"https:\/\/insermi.com\/wp-content\/uploads\/2016\/04\/Unakit1.jpg\" rel=\"attachment wp-att-718\"><img fetchpriority=\"high\" decoding=\"async\" src=\"https:\/\/insermi.com\/wp-content\/uploads\/2016\/04\/Unakit1.jpg\" alt=\"\u0423\u043d\u0430\u043a\u0438\u04421\" width=\"300\" height=\"300\" class=\"alignnone size-medium wp-image-718\" title=\"\"><\/a>    <a href=\"https:\/\/insermi.com\/wp-content\/uploads\/2016\/04\/Unakit2.jpg\" rel=\"attachment wp-att-724\"><img decoding=\"async\" src=\"https:\/\/insermi.com\/wp-content\/uploads\/2016\/04\/Unakit2.jpg\" alt=\"\u0423\u043d\u0430\u043a\u0438\u04422\" width=\"300\" height=\"300\" class=\"alignnone size-medium wp-image-724\" title=\"\"><\/a><\/p>\n<p>\u00cen natur\u0103 exist\u0103 multe minerale ale c\u0103ror propriet\u0103\u021bi le-au permis s\u0103 fie utilizate \u00een multe domenii ale vie\u021bii umane. Deosebit de atractive sunt rocile cu culori neobi\u0219nuite \u0219i calit\u0103\u021bi tehnologice bune. Unakite apar\u021bine f\u0103r\u0103 \u00eendoial\u0103 acestora. Piatra Unakite \u0219i propriet\u0103\u021bile sale magice \u0219i vindec\u0103toare Pentru prima dat\u0103, coloritul s\u0103u neobi\u0219nuit a fost observat \u00een Mun\u021bii Unakas, situa\u021bi \u00een Statele Unite \u00een statul Carolina de Nord. Prin numele acestor mun\u021bi, mineralul \u0219i-a primit numele. Acest lucru s-a \u00eent\u00e2mplat la sf\u00e2r\u0219itul secolului al XIX-lea.<\/p>\n<p>Baza rocii este granitul, modificat sub influen\u021ba apelor magmatice de ad\u00e2ncime cu con\u021binut ridicat de calciu. Ca urmare, magneziul \u0219i potasiul au fost deplasate, iar golurile rezultate au fost umplute cu mineralul epidot, \u00een care sunt transformate mica \u0219i hornblenda granitului. Epidota afecteaz\u0103 semnificativ culoarea neobi\u0219nuit\u0103 a unakitei \u0219i \u00eei confer\u0103 o textur\u0103 pronun\u021bat\u0103, mai des de culoare verde-bog. \u00cen plus fa\u021b\u0103 de epidot\u0103, mineralul include feldspat de calciu, care are o colorare roz, ro\u0219u-maroniu sau albicioas\u0103 sub form\u0103 de incluziuni particulare \u00een modelul pietrei. De asemenea, cuar\u021bul incolor sau gri este prezent \u00een roc\u0103. Culoarea depinde \u00een mare m\u0103sur\u0103 de procentul componentelor constitutive. Predominan\u021ba uneia sau alteia dintre componentele constitutive schimb\u0103 culoarea de la brun-verzui la ro\u0219u-ro\u0219cat.<\/p>\n<p>Roca Unakite este masiv\u0103 \u0219i dens\u0103 \u0219i aproape nu are fisuri, fiind un monolit. Fiind de origine granit\u0103, are toate propriet\u0103\u021bile acestei pietre durabile. \u00cen ceea ce prive\u0219te duritatea, mineralul variaz\u0103 \u00eentre 6 \u0219i 7 unit\u0103\u021bi ale scalei Mohs. Densitatea este cuprins\u0103 \u00eentre 2,55 g\/cm3 \u0219i 2,85 g\/cm3. Compozi\u021bia sa chimic\u0103 include calciu, fier, aluminiu, oxid de siliciu \u0219i ioni hidroxid.<\/p>\n<p><strong> Depozite minerale <\/strong><\/p>\n<p>Roca Unakite este prezent\u0103 nu numai \u00een Statele Unite, unde este abundent\u0103 pe malurile Lacului Superior sub form\u0103 de pietricele \u0219i diverse bolovani, precum \u0219i \u00een v\u0103ile de la cobor\u00e2rea din Blue Ridge Mountains. De asemenea, se g\u0103se\u0219te \u00een Rusia, \u00een principal \u00een Peninsula Kola, dar \u0219i \u00een Africa de Sud, Brazilia, Sierra Leone, Irlanda \u0219i China. \u00cen aceste \u021b\u0103ri este utilizat pe scar\u0103 larg\u0103 ca material de \u00eenfrunzire \u0219i ornamental, precum \u0219i pentru confec\u021bionarea de bijuterii de fantezie ieftine \u00een domeniul bijuteriilor.<\/p>\n<p><strong> Propriet\u0103\u021bi medicinale <\/strong><\/p>\n<p>Anumite calit\u0103\u021bi terapeutice ale mineralului au fost identificate cu mult timp \u00een urm\u0103. Nu este un panaceu pentru vindecarea oric\u0103rei boli, dar ajut\u0103 la vindecarea multor boli \u0219i previne apari\u021bia lor. Mai ales vindec\u0103torii pe scar\u0103 larg\u0103 folosesc unakite pentru a afecta corpul feminin atunci c\u00e2nd exist\u0103 dificult\u0103\u021bi \u00een conceperea unei sarcini. De asemenea, este folosit\u0103 pentru a sc\u0103pa de obezitate \u0219i supraponderalitate, deoarece ajut\u0103 la arderea straturilor de gr\u0103sime din organism.<\/p>\n<p>Bilele de Unakite protejeaz\u0103 \u00eempotriva bolilor virale, fiind deosebit de eficiente \u00een timpul epidemiilor de grip\u0103.<\/p>\n<p>Are un efect pozitiv asupra sistemului nervos, stabiliz\u00e2ndu-i starea \u0219i ac\u021bion\u00e2nd calmant. Produsele realizate din ea nu sunt recomandate pentru a fi transferate altei persoane, amuleta sau bijuteriile fantezie trebuie purtate doar de o singur\u0103 persoan\u0103 cu energia sa, pentru care aceast\u0103 piatr\u0103 va deveni un fel de amulet\u0103.<\/p>\n<p>Masoarele Unakite au devenit recent r\u0103sp\u00e2ndite. Acestea sunt utilizate pentru eliminarea umfl\u0103turilor, accelerarea tratamentului v\u00e2n\u0103t\u0103ilor, hematoamelor, pentru ameliorarea durerii \u00een sciatic\u0103, \u00een tratamentul complex al proceselor inflamatorii.<\/p>\n<p><strong> Propriet\u0103\u021bi magice <\/strong><\/p>\n<p>Influen\u021ba pietrelor semipre\u021bioase \u0219i pre\u021bioase asupra corpului uman a fost cunoscut\u0103 \u00eenc\u0103 din antichitate. Propriet\u0103\u021bile lor magice nu sunt respinse nici m\u0103car din punct de vedere \u0219tiin\u021bific. Se crede, de asemenea, c\u0103 Unakite are un anumit efect magic asupra oamenilor. Ajut\u0103 la stabilirea armoniei interioare a unei persoane cu ea \u00eens\u0103\u0219i, neutralizeaz\u0103 influen\u021ba negativ\u0103 a mediului, ceea ce este deosebit de important \u00een via\u021ba aglomerat\u0103 de ast\u0103zi. O persoan\u0103 armonioas\u0103 este \u00eencrez\u0103toare \u00een for\u021bele \u0219i convingerile sale, iar acest lucru contribuie \u00eentotdeauna la succes.<\/p>\n<p>Este util s\u0103 aib\u0103 unakite pentru cei care nu pot spune adio trecutului care interfereaz\u0103 cu via\u021ba, pentru a sc\u0103pa de dor \u0219i triste\u021be, stare depresiv\u0103. Un obiect realizat din ea ajut\u0103 la \u00eenc\u0103rcarea cu energie pozitiv\u0103, oferind for\u021b\u0103 suplimentar\u0103 pentru a se dezvolta \u00een continuare, vizeaz\u0103 dep\u0103\u0219irea obstacolelor, atingerea obiectivelor \u0219i insufl\u0103 credin\u021ba \u00eentr-un viitor luminos, \u00eent\u0103re\u0219te \u00eencrederea \u00een sine a unei persoane.<\/p>\n<p><strong> Amulete \u0219i talismane din citrin<\/strong><\/p>\n<p>Astrologii refer\u0103 piatra la mineralele care patroneaz\u0103 persoanele din zodia Scorpionului. Femeile din aceast\u0103 zodie, purt\u00e2nd bijuterii din unakite sau av\u00e2nd orice amulet\u0103 f\u0103cut\u0103 din ea, dob\u00e2ndesc un fel de farmec \u0219i mister, iar b\u0103rba\u021bii Scorpion pe care \u00eei face mai \u00eencrez\u0103tori \u0219i mai hot\u0103r\u00e2\u021bi \u0219i, de asemenea, ajut\u0103 la dep\u0103\u0219irea complexelor. Unakita nu d\u0103uneaz\u0103 celorlalte semne, ad\u0103ug\u00e2ndu-le energie pozitiv\u0103 \u0219i independen\u021b\u0103.<\/p>","protected":false},"excerpt":{"rendered":"<p>\u0412 \u043f\u0440\u0438\u0440\u043e\u0434\u0435 \u0441\u0443\u0449\u0435\u0441\u0442\u0432\u0443\u0435\u0442 \u043c\u043d\u043e\u0436\u0435\u0441\u0442\u0432\u043e \u043c\u0438\u043d\u0435\u0440\u0430\u043b\u043e\u0432, \u0441\u0432\u043e\u0439\u0441\u0442\u0432\u0430 \u043a\u043e\u0442\u043e\u0440\u044b\u0445 \u043f\u043e\u0437\u0432\u043e\u043b\u0438\u043b\u0438 \u0438\u0441\u043f\u043e\u043b\u044c\u0437\u043e\u0432\u0430\u0442\u044c \u0438\u0445 \u0432\u043e \u043c\u043d\u043e\u0433\u0438\u0445 \u0441\u0444\u0435\u0440\u0430\u0445 \u0436\u0438\u0437\u043d\u0438 \u0447\u0435\u043b\u043e\u0432\u0435\u043a\u0430. \u041e\u0441\u043e\u0431\u0435\u043d\u043d\u043e \u043f\u0440\u0438\u0432\u043b\u0435\u043a\u0430\u0442\u0435\u043b\u044c\u043d\u044b \u043f\u043e\u0440\u043e\u0434\u044b, \u0438\u043c\u0435\u044e\u0449\u0438\u0435 \u043d\u0435\u043e\u0431\u044b\u0447\u043d\u044b\u0435 \u043e\u043a\u0440\u0430\u0441\u043a\u0438 \u0438 \u0445\u043e\u0440\u043e\u0448\u0438\u0435 \u0442\u0435\u0445\u043d\u043e\u043b\u043e\u0433\u0438\u0447\u0435\u0441\u043a\u0438\u0435 \u043a\u0430\u0447\u0435\u0441\u0442\u0432\u0430. \u041a \u043d\u0438\u043c, \u043d\u0435\u0441\u043e\u043c\u043d\u0435\u043d\u043d\u043e, \u043e\u0442\u043d\u043e\u0441\u0438\u0442\u0441\u044f \u0443\u043d\u0430\u043a\u0438\u0442. \u041a\u0430\u043c\u0435\u043d\u044c \u0443\u043d\u0430\u043a\u0438\u0442 \u0438 \u0435\u0433\u043e \u043c\u0430\u0433\u0438\u0447\u0435\u0441\u043a\u0438\u0435 \u0438 \u043b\u0435\u0447\u0435\u0431\u043d\u044b\u0435 \u0441\u0432\u043e\u0439\u0441\u0442\u0432\u0430 \u0412\u043f\u0435\u0440\u0432\u044b\u0435 \u043d\u0430 \u0435\u0433\u043e \u043d\u0435\u043e\u0431\u044b\u0447\u043d\u0443\u044e \u043e\u043a\u0440\u0430\u0441\u043a\u0443 \u043e\u0431\u0440\u0430\u0442\u0438\u043b\u0438 \u0432\u043d\u0438\u043c\u0430\u043d\u0438\u0435 \u0432 \u0433\u043e\u0440\u0430\u0445 \u0423\u043d\u0430\u043a\u0430\u0441, \u0440\u0430\u0441\u043f\u043e\u043b\u043e\u0436\u0435\u043d\u043d\u044b\u0445 \u0432 \u0421\u0428\u0410 \u0432 \u0448\u0442\u0430\u0442\u0435 \u0421\u0435\u0432\u0435\u0440\u043d\u0430\u044f \u041a\u043e\u0440\u043e\u043b\u0438\u043d\u0430. [&hellip;]<\/p>\n","protected":false},"author":1,"featured_media":0,"parent":35,"menu_order":0,"comment_status":"closed","ping_status":"closed","template":"","meta":{"footnotes":""},"class_list":["post-669","page","type-page","status-publish","hentry"],"_links":{"self":[{"href":"https:\/\/insermi.com\/ro\/wp-json\/wp\/v2\/pages\/669","targetHints":{"allow":["GET"]}}],"collection":[{"href":"https:\/\/insermi.com\/ro\/wp-json\/wp\/v2\/pages"}],"about":[{"href":"https:\/\/insermi.com\/ro\/wp-json\/wp\/v2\/types\/page"}],"author":[{"embeddable":true,"href":"https:\/\/insermi.com\/ro\/wp-json\/wp\/v2\/users\/1"}],"replies":[{"embeddable":true,"href":"https:\/\/insermi.com\/ro\/wp-json\/wp\/v2\/comments?post=669"}],"version-history":[{"count":0,"href":"https:\/\/insermi.com\/ro\/wp-json\/wp\/v2\/pages\/669\/revisions"}],"up":[{"embeddable":true,"href":"https:\/\/insermi.com\/ro\/wp-json\/wp\/v2\/pages\/35"}],"wp:attachment":[{"href":"https:\/\/insermi.com\/ro\/wp-json\/wp\/v2\/media?parent=669"}],"curies":[{"name":"wp","href":"https:\/\/api.w.org\/{rel}","templated":true}]}}