{"id":65,"date":"2016-02-03T00:11:34","date_gmt":"2016-02-02T22:11:34","guid":{"rendered":"https:\/\/insermi.com\/?page_id=65"},"modified":"2016-02-03T00:11:34","modified_gmt":"2016-02-02T22:11:34","slug":"goluboj-agat","status":"publish","type":"page","link":"https:\/\/insermi.com\/ro\/o-kamnyah\/goluboj-agat\/","title":{"rendered":"Agat albastru"},"content":{"rendered":"<p><a href=\"https:\/\/insermi.com\/wp-content\/uploads\/2015\/12\/Goluboj-agat1.jpg\" rel=\"attachment wp-att-764\"><img fetchpriority=\"high\" decoding=\"async\" src=\"https:\/\/insermi.com\/wp-content\/uploads\/2015\/12\/Goluboj-agat1.jpg\" alt=\"\u0413\u043e\u043b\u0443\u0431\u043e\u0439 \u0430\u0433\u0430\u04421\" width=\"300\" height=\"300\" class=\"alignnone size-medium wp-image-764\" title=\"\"><\/a>     <a href=\"https:\/\/insermi.com\/wp-content\/uploads\/2015\/12\/Goluboj-agat2.jpg\" rel=\"attachment wp-att-765\"><img decoding=\"async\" src=\"https:\/\/insermi.com\/wp-content\/uploads\/2015\/12\/Goluboj-agat2-300x300.jpg\" alt=\"\u0413\u043e\u043b\u0443\u0431\u043e\u0439 \u0430\u0433\u0430\u04422\" width=\"300\" height=\"300\" class=\"alignnone size-medium wp-image-765\" title=\"\"><\/a><\/p>\n<p>Agatul albastru sau safirina este numele dat agatului de culoare albastru deschis, un tip de calcedonie cu p\u0103r sub\u021bire. Peste tot se g\u0103sesc fosile de agat albastru, care sunt mai ales placeri. Este un mineral destul de comun, deoarece s-a format ca urmare a activit\u0103\u021bii vulcanice sau, mai degrab\u0103, \u00een cavit\u0103\u021bile vulcanice.  <\/p>\n<p><strong>Agat albastru: propriet\u0103\u021bi medicinale<\/strong><\/p>\n<p>Agatul albastru este citit ca un mineral care poate \u00eembun\u0103t\u0103\u021bi starea glandei tiroide p\u00e2n\u0103 la recuperarea sa complet\u0103. \u00cen plus, agatul albastru este considerat un mineral armonizator: creeaz\u0103 o aur\u0103 protectoare mobil\u0103 care nu poate fi penetrat\u0103 nici m\u0103car de vibra\u021biile electromagnetice create de aparatele electrocasnice pornite.  De asemenea, \u00eembun\u0103t\u0103\u021be\u0219te starea psihic\u0103, ridic\u0103 dispozi\u021bia \u0219i creeaz\u0103 un efect general de \u00eembun\u0103t\u0103\u021bire a s\u0103n\u0103t\u0103\u021bii. Unii cred c\u0103 agatul albastru poate chiar corecta muta\u021biile ADN-ului (!).<\/p>\n<p><strong>Agat albastru: propriet\u0103\u021bi magice<\/strong><\/p>\n<p>Agatul albastru este o stare universal\u0103 de armonie, at\u00e2t \u00een interiorul, c\u00e2t \u0219i \u00een spa\u021biul din jurul purt\u0103torului bijuteriilor cu agat albastru.  Creeaz\u0103 \u0219i men\u021bine energia pozitiv\u0103 \u0219i ofer\u0103 un sentiment de libertate \u0219i puritate.  Se crede c\u0103 este capabil\u0103 s\u0103 sporeasc\u0103 de multe ori creativitatea \u0219i s\u0103 aduc\u0103 pace, lini\u0219te \u0219i dragoste \u00een via\u021ba iubitorului de bijuterii cu agat albastru.<\/p>\n<p><strong>Amulete \u0219i talismane din agat albastru<\/strong><\/p>\n<p>Bijuteriile cu agat albastru sunt considerate un talisman excelent pentru persoanele n\u0103scute sub semnul V\u0103rs\u0103torului, Fecioarei \u0219i Gemenilor. Este patronat\u0103 de planete precum Uranus, Venus \u0219i Luna. De aceea, confer\u0103 calm, echilibru \u0219i dragoste celor care apreciaz\u0103 bijuteriile din agat albastru. Agatul albastru, \u00eens\u0103, nu este potrivit pentru toat\u0103 lumea. Cei n\u0103scu\u021bi sub semnul Leului \u0219i al Capricornului ar trebui s\u0103 refuze acest mineral magnific.<\/p>","protected":false},"excerpt":{"rendered":"<p>\u0413\u043e\u043b\u0443\u0431\u043e\u0439 \u0430\u0433\u0430\u0442 \u0438\u043b\u0438 \u0441\u0430\u043f\u0444\u0438\u0440\u0438\u043d\u2013 \u0438\u043c\u0435\u043d\u043d\u043e \u0442\u0430\u043a\u043e\u0435 \u043d\u0430\u0437\u0432\u0430\u043d\u0438\u0435 \u043f\u043e\u043b\u0443\u0447\u0438\u043b \u0430\u0433\u0430\u0442 \u0441\u0432\u0435\u0442\u043b\u043e-\u0433\u043e\u043b\u0443\u0431\u043e\u0433\u043e \u0446\u0432\u0435\u0442\u0430 \u2013 \u0440\u0430\u0437\u043d\u043e\u0432\u0438\u0434\u043d\u043e\u0441\u0442\u044c \u0442\u043e\u043d\u043a\u043e\u0432\u043e\u043b\u043e\u0441\u043a\u043e\u0432\u043e\u0433\u043e \u0445\u0430\u043b\u0446\u0435\u0434\u043e\u043d\u0430. \u0418\u0441\u043a\u043e\u043f\u0430\u0435\u043c\u044b\u0435 \u0433\u043e\u043b\u0443\u0431\u043e\u0433\u043e \u0430\u0433\u0430\u0442\u0430, \u0430 \u044d\u0442\u043e \u0432 \u043e\u0441\u043d\u043e\u0432\u043d\u043e\u043c \u0440\u043e\u0441\u0441\u044b\u043f\u0438, \u043d\u0430\u0445\u043e\u0434\u044f\u0442 \u043f\u043e\u0432\u0441\u0435\u043c\u0435\u0441\u0442\u043d\u043e. \u042d\u0442\u043e \u0434\u043e\u0432\u043e\u043b\u044c\u043d\u043e \u0440\u0430\u0441\u043f\u0440\u043e\u0441\u0442\u0440\u0430\u043d\u0435\u043d\u043d\u044b\u0439 \u043c\u0438\u043d\u0435\u0440\u0430\u043b, \u0442\u0430\u043a \u043a\u0430\u043a \u043e\u043d \u043e\u0431\u0440\u0430\u0437\u043e\u0432\u0430\u043b\u0441\u044f \u0432 \u0440\u0435\u0437\u0443\u043b\u044c\u0442\u0430\u0442\u0435 \u0434\u0435\u044f\u0442\u0435\u043b\u044c\u043d\u043e\u0441\u0442\u0438 \u0432\u0443\u043b\u043a\u0430\u043d\u043e\u0432, \u0430 \u0432\u0435\u0440\u043d\u0435\u0435 \u0432 \u0432\u0443\u043b\u043a\u0430\u043d\u0438\u0447\u0435\u0441\u043a\u0438\u0445 \u043f\u043e\u043b\u043e\u0441\u0442\u044f\u0445. \u0413\u043e\u043b\u0443\u0431\u043e\u0439 \u0430\u0433\u0430\u0442: \u043b\u0435\u0447\u0435\u0431\u043d\u044b\u0435 \u0441\u0432\u043e\u0439\u0441\u0442\u0432\u0430 \u0413\u043e\u043b\u0443\u0431\u043e\u0439 \u0430\u0433\u0430\u0442 \u0447\u0438\u0442\u0430\u044e\u0442 \u043c\u0438\u043d\u0435\u0440\u0430\u043b\u043e\u043c, \u0441\u043f\u043e\u0441\u043e\u0431\u043d\u044b\u043c \u0443\u043b\u0443\u0447\u0448\u0438\u0442\u044c \u0441\u043e\u0441\u0442\u043e\u044f\u043d\u0438\u0435 \u0449\u0438\u0442\u043e\u0432\u0438\u0434\u043d\u043e\u0439 \u0436\u0435\u043b\u0435\u0437\u044b [&hellip;]<\/p>\n","protected":false},"author":1,"featured_media":0,"parent":35,"menu_order":0,"comment_status":"closed","ping_status":"closed","template":"","meta":{"footnotes":""},"class_list":["post-65","page","type-page","status-publish","hentry"],"_links":{"self":[{"href":"https:\/\/insermi.com\/ro\/wp-json\/wp\/v2\/pages\/65","targetHints":{"allow":["GET"]}}],"collection":[{"href":"https:\/\/insermi.com\/ro\/wp-json\/wp\/v2\/pages"}],"about":[{"href":"https:\/\/insermi.com\/ro\/wp-json\/wp\/v2\/types\/page"}],"author":[{"embeddable":true,"href":"https:\/\/insermi.com\/ro\/wp-json\/wp\/v2\/users\/1"}],"replies":[{"embeddable":true,"href":"https:\/\/insermi.com\/ro\/wp-json\/wp\/v2\/comments?post=65"}],"version-history":[{"count":0,"href":"https:\/\/insermi.com\/ro\/wp-json\/wp\/v2\/pages\/65\/revisions"}],"up":[{"embeddable":true,"href":"https:\/\/insermi.com\/ro\/wp-json\/wp\/v2\/pages\/35"}],"wp:attachment":[{"href":"https:\/\/insermi.com\/ro\/wp-json\/wp\/v2\/media?parent=65"}],"curies":[{"name":"wp","href":"https:\/\/api.w.org\/{rel}","templated":true}]}}