{"id":60,"date":"2016-02-02T23:51:00","date_gmt":"2016-02-02T21:51:00","guid":{"rendered":"https:\/\/insermi.com\/?page_id=60"},"modified":"2016-02-02T23:51:00","modified_gmt":"2016-02-02T21:51:00","slug":"gematit","status":"publish","type":"page","link":"https:\/\/insermi.com\/ro\/o-kamnyah\/gematit\/","title":{"rendered":"Hematit"},"content":{"rendered":"<p><a href=\"https:\/\/insermi.com\/wp-content\/uploads\/2015\/12\/Gematit2.jpg\" rel=\"attachment wp-att-686\"><img fetchpriority=\"high\" decoding=\"async\" src=\"https:\/\/insermi.com\/wp-content\/uploads\/2015\/12\/Gematit2.jpg\" alt=\"\u0413\u0435\u043c\u0430\u0442\u0438\u04422\" width=\"300\" height=\"300\" class=\"alignnone size-large wp-image-686\" title=\"\"><\/a>   <a href=\"https:\/\/insermi.com\/wp-content\/uploads\/2015\/12\/Gematit1.jpg\" rel=\"attachment wp-att-687\"><img decoding=\"async\" src=\"https:\/\/insermi.com\/wp-content\/uploads\/2015\/12\/Gematit1.jpg\" alt=\"\u0413\u0435\u043c\u0430\u0442\u0438\u04421\" width=\"300\" height=\"300\" class=\"alignnone size-large wp-image-687\" title=\"\"><\/a><\/p>\n<p>Haematitul este un mineral de fier. Este un mineral strategic, deoarece alc\u0103tuie\u0219te unul dintre cele mai importante minereuri pentru omenire - minereul de fier. \u00cen traducere din greac\u0103 \"haimatos\" \u00eenseamn\u0103 \"s\u00e2nge\".  A primit acest nume datorit\u0103 turnurii sale particulare maro-ro\u0219u-negru, care seam\u0103n\u0103 cu culoarea unei pic\u0103turi de s\u00e2nge care se solidific\u0103.  Hematita mai este cunoscut\u0103 \u0219i sub alte denumiri: piatr\u0103 de fier ro\u0219ie, sanguin\u0103, piatr\u0103 de s\u00e2nge \u0219i rinichi ro\u0219u. Mineralul are o culoare ro\u0219u-maroniu, rareori complet neagr\u0103, cu un u\u0219or luciu metalic. Cele mai puternice z\u0103c\u0103minte de hematit din prezent sunt considerate a fi \u00een Ucraina, SUA, Elve\u021bia, Rusia \u0219i Italia.<\/p>\n<p><strong>Hematit: propriet\u0103\u021bi medicinale<\/strong><\/p>\n<p>Hematita a fost \u00eentotdeauna considerat\u0103 o piatr\u0103 purificatoare a s\u00e2ngelui, capabil\u0103 s\u0103 \u00eent\u0103reasc\u0103 \u0219i s\u0103 refac\u0103 rinichii, ficatul \u0219i splina. Pentru un efect terapeutic maxim, exper\u021bii recomand\u0103 a\u0219ezarea unor buc\u0103\u021bi de hematit pe un punct dureros.<\/p>\n<p><strong>Hematit: propriet\u0103\u021bi magice<\/strong><\/p>\n<p>Hematita a fost \u00eentotdeauna considerat\u0103 cea mai puternic\u0103 amulet\u0103 magic\u0103. Puterea sa a fost folosit\u0103 \u00een scopuri proprii de c\u0103tre magicienii Egiptului Antic, preo\u021bii lui Isis, care purtau bijuterii din hematit\u0103 pentru a-i proteja de for\u021bele \u00eentunecate. \u00cen Roma antic\u0103, hematita era, de asemenea, considerat\u0103 un talisman puternic. Legionarii erau siguri c\u0103 iau cu ei pe drum o bucat\u0103 \u0219lefuit\u0103 din acest mineral, deoarece credeau c\u0103 d\u0103 putere, curaj \u0219i vitejie \u00een lupt\u0103. \u00cen literatura magic\u0103, hematita ocup\u0103, de asemenea, un loc important, fiind un atribut obligatoriu pentru invocarea spiritelor elementelor \u0219i protejarea magicianului de for\u021bele din alte lumi. Hematita, conform legendei, este capabil\u0103 s\u0103 protejeze de orice atac din Astral.<\/p>\n<p><strong>Amulete \u0219i talismane din hematit<\/strong><\/p>\n<p>Bijuteriile din haematit\u0103 sunt o amulet\u0103 excelent\u0103 pentru b\u0103rba\u021bi, \u00een special pentru r\u0103zboinici. \u0218i, de asemenea, pentru femeile care de\u021bin func\u021bii de conducere. Pentru ei tr\u0103deaz\u0103 curaj \u0219i ajut\u0103 la dep\u0103\u0219irea rezisten\u021bei, at\u00e2t interne, c\u00e2t \u0219i externe. Bijuteriile cu hematit\u0103 vor ajuta \u0219i la cre\u0219terea profesional\u0103, ajut\u00e2nd la eviden\u021bierea celor importante \u0219i la l\u0103sarea la o parte a celor neimportante. Iar un talisman din hematit\u0103 poate fi montat doar \u00een argint sau alt metal. Nu este recomandat s\u0103 se pun\u0103 hematit \u00een aur. Bijuteriile realizate din hematit sub forma unui inel pot aduce fericire. Singurul \"dar\": \u00een acest scop, ar trebui s\u0103 fie purtat de b\u0103rba\u021bi pe degetul ar\u0103t\u0103tor al m\u00e2inii drepte, iar de femei - pe degetul ar\u0103t\u0103tor al m\u00e2inii st\u00e2ngi.<\/p>\n<p>Dac\u0103 vorbim despre semnele zodiacale, atunci hematita este mineralul cel mai potrivit \u0219i mai util pentru persoanele n\u0103scute sub semnul Scorpionului \u0219i Racului. Nu se recomand\u0103 categoric purtarea bijuteriilor din hematit pentru persoanele n\u0103scute sub semnul Pe\u0219tilor, Fecioarei \u0219i Gemenilor. Dac\u0103 e\u0219ti pasionat de magie, atunci bijuteriile frumoase \u0219i rafinate din hematit ar trebui s\u0103 devin\u0103 cartea ta de vizit\u0103.<\/p>","protected":false},"excerpt":{"rendered":"<p>\u0413\u0435\u043c\u0430\u0442\u0438\u0442\u043e\u043c \u043d\u0430\u0437\u044b\u0432\u0430\u044e\u0442 \u043c\u0438\u043d\u0435\u0440\u0430\u043b \u0436\u0435\u043b\u0435\u0437\u0430. \u041e\u043d \u044f\u0432\u043b\u044f\u0435\u0442\u0441\u044f \u0441\u0442\u0440\u0430\u0442\u0435\u0433\u0438\u0447\u0435\u0441\u043a\u0438\u043c \u043c\u0438\u043d\u0435\u0440\u0430\u043b\u043e\u043c, \u0442\u0430\u043a \u0441\u043e\u0441\u0442\u0430\u0432\u043b\u044f\u0435\u0442 \u043e\u0434\u043d\u0443 \u0438\u0437 \u0441\u0430\u043c\u044b\u0445 \u0432\u0430\u0436\u043d\u044b\u0445 \u0440\u0443\u0434 \u0434\u043b\u044f \u0447\u0435\u043b\u043e\u0432\u0435\u0447\u0435\u0441\u0442\u0432\u0430 \u2013 \u0436\u0435\u043b\u0435\u0437\u043d\u0443\u044e. \u0412 \u043f\u0435\u0440\u0435\u0432\u043e\u0434\u0435 \u0441 \u0433\u0440\u0435\u0447\u0435\u0441\u043a\u043e\u0433\u043e \u00abhaimatos\u00bb \u043e\u0437\u043d\u0430\u0447\u0430\u0435\u0442 \u00ab\u043a\u0440\u043e\u0432\u044c\u00bb. \u0422\u0430\u043a\u043e\u0435 \u0438\u043c\u044f \u043e\u043d \u043f\u043e\u043b\u0443\u0447\u0438\u043b \u0431\u043b\u0430\u0433\u043e\u0434\u0430\u0440\u044f \u0441\u0432\u043e\u0435\u043e\u0431\u0440\u0430\u0437\u043d\u043e\u043c\u0443 \u0431\u0443\u0440\u043e-\u043a\u0440\u0430\u0441\u043d\u043e-\u0447\u0435\u0440\u043d\u043e\u043c\u0443 \u043e\u0442\u043b\u0438\u0432\u0443, \u043a\u043e\u0442\u043e\u0440\u044b\u0439 \u0447\u0435\u043c-\u0442\u043e \u043d\u0430\u043f\u043e\u043c\u0438\u043d\u0430\u0435\u0442 \u0446\u0432\u0435\u0442 \u0437\u0430\u0441\u0442\u044b\u0432\u0430\u044e\u0449\u0435\u0439 \u043a\u0430\u043f\u043b\u0438 \u043a\u0440\u043e\u0432\u0438. \u0418\u0437\u0432\u0435\u0441\u0442\u0435\u043d \u0433\u0435\u043c\u0430\u0442\u0438\u0442 \u0438 \u043f\u043e\u0434 \u0434\u0440\u0443\u0433\u0438\u043c\u0438 \u0438\u043c\u0435\u043d\u0430\u043c\u0438: \u043a\u0440\u0430\u0441\u043d\u044b\u0439 \u0436\u0435\u043b\u0435\u0437\u043d\u044f\u043a, \u0441\u0430\u043d\u0433\u0432\u0438\u043d, \u043a\u0440\u043e\u0432\u0430\u0432\u0438\u043a \u0438 \u043a\u0440\u0430\u0441\u043d\u043e\u0439 \u043f\u043e\u0447\u043a\u0438. \u041c\u0438\u043d\u0435\u0440\u0430\u043b [&hellip;]<\/p>\n","protected":false},"author":1,"featured_media":0,"parent":35,"menu_order":0,"comment_status":"closed","ping_status":"closed","template":"","meta":{"footnotes":""},"class_list":["post-60","page","type-page","status-publish","hentry"],"_links":{"self":[{"href":"https:\/\/insermi.com\/ro\/wp-json\/wp\/v2\/pages\/60","targetHints":{"allow":["GET"]}}],"collection":[{"href":"https:\/\/insermi.com\/ro\/wp-json\/wp\/v2\/pages"}],"about":[{"href":"https:\/\/insermi.com\/ro\/wp-json\/wp\/v2\/types\/page"}],"author":[{"embeddable":true,"href":"https:\/\/insermi.com\/ro\/wp-json\/wp\/v2\/users\/1"}],"replies":[{"embeddable":true,"href":"https:\/\/insermi.com\/ro\/wp-json\/wp\/v2\/comments?post=60"}],"version-history":[{"count":0,"href":"https:\/\/insermi.com\/ro\/wp-json\/wp\/v2\/pages\/60\/revisions"}],"up":[{"embeddable":true,"href":"https:\/\/insermi.com\/ro\/wp-json\/wp\/v2\/pages\/35"}],"wp:attachment":[{"href":"https:\/\/insermi.com\/ro\/wp-json\/wp\/v2\/media?parent=60"}],"curies":[{"name":"wp","href":"https:\/\/api.w.org\/{rel}","templated":true}]}}