{"id":50,"date":"2016-02-02T23:47:51","date_gmt":"2016-02-02T21:47:51","guid":{"rendered":"https:\/\/insermi.com\/?page_id=50"},"modified":"2016-02-02T23:47:51","modified_gmt":"2016-02-02T21:47:51","slug":"ametist","status":"publish","type":"page","link":"https:\/\/insermi.com\/ro\/o-kamnyah\/ametist\/","title":{"rendered":"Ametist"},"content":{"rendered":"<p><a href=\"https:\/\/insermi.com\/wp-content\/uploads\/2015\/12\/Ametist2.jpg\" rel=\"attachment wp-att-673\"><img fetchpriority=\"high\" decoding=\"async\" src=\"https:\/\/insermi.com\/wp-content\/uploads\/2015\/12\/Ametist2-300x300.jpg\" alt=\"\u0410\u043c\u0435\u0442\u0438\u0441\u04422\" width=\"300\" height=\"300\" class=\"alignnone size-medium wp-image-673\" title=\"\"><\/a>    <a href=\"https:\/\/insermi.com\/wp-content\/uploads\/2015\/12\/Ametist1.jpg\" rel=\"attachment wp-att-669\"><img decoding=\"async\" src=\"https:\/\/insermi.com\/wp-content\/uploads\/2015\/12\/Ametist1.jpg\" alt=\"\u0410\u043c\u0435\u0442\u0438\u0441\u04421\" width=\"300\" height=\"300\" class=\"alignnone size-medium wp-image-669\" title=\"\"><\/a><\/p>\n<p>Ametistul este un tip de cuar\u021b, dar are o uimitoare nuan\u021b\u0103 violet datorit\u0103 prezen\u021bei fierului \u00een mineral. Culoarea cuar\u021bului poate varia de la lila deschis la violet intens, dar piatra are transparen\u021ba perfect\u0103 caracteristic\u0103 cristalului de st\u00e2nc\u0103.<br \/>\nAst\u0103zi, ametistul este foarte frecvent utilizat \u00een industria bijuteriilor \u0219i este valoros pentru cei care colec\u021bioneaz\u0103 minerale.<\/p>\n<p><strong>Ametist: propriet\u0103\u021bi medicinale<\/strong><\/p>\n<p>Cu toate acestea, trebuie \u021binut cont de faptul c\u0103 aceast\u0103 piatr\u0103 nu este at\u00e2t de simpl\u0103 precum pare la prima vedere. Din timpuri imemoriale, ametistul a fost folosit ca un remediu excelent pentru durerile de cap \u0219i insomnie. Ajut\u0103 s\u0103 fac\u0103 fa\u021b\u0103 bolilor de ficat, rinichi \u0219i inim\u0103, restabile\u0219te metabolismul perturbat. \u00cen plus, cump\u0103ra\u021bi ametist este recomandat persoanelor care sufer\u0103 de diverse boli de piele \u0219i de frig. P\u00e2n\u0103 \u00een prezent, mul\u021bi vindec\u0103tori populari folosesc ametistul ca un antipiretic eficient, prepar\u00e2nd ap\u0103 vindec\u0103toare special\u0103, \u00een care timp de c\u00e2teva ore coboar\u0103 aceast\u0103 piatr\u0103. Ametistului i se atribuie \u0219i capacitatea de a neutraliza diverse otr\u0103vuri. \u00cen acest scop, piatra ar trebui s\u0103 fie cobor\u00e2t\u0103 \u00eentr-un pahar cu o b\u0103utur\u0103 timp de c\u00e2teva minute.<\/p>\n<p><strong>Ametist: propriet\u0103\u021bi magice<\/strong><\/p>\n<p>Propriet\u0103\u021bile magice ale ametistului sunt, de asemenea, destul de remarcabile. Se crede c\u0103 aceast\u0103 piatr\u0103 v\u0103 permite s\u0103 v\u0103 p\u0103stra\u021bi mintea treaz\u0103 \u00een orice situa\u021bie. Prin urmare, este \u00eentotdeauna recomandat s\u0103 fie purtat de cei care abuzeaz\u0103 de b\u0103uturi alcoolice. Ametistul este, de asemenea, considerat un simbol al iubirii eterne \u0219i este adesea numit piatra v\u0103duvei - proprietarul unei astfel de bijuterii va r\u0103m\u00e2ne fidel alesului ei, chiar dac\u0103 acesta nu mai este \u00een via\u021b\u0103. Cu toate acestea, ametistul este adesea folosit ca piatr\u0103 de farmec, ajut\u00e2nd la c\u00e2\u0219tigarea inimii at\u00e2t a b\u0103rba\u021bilor, c\u00e2t \u0219i a femeilor. De aceea, \u00een Orient, bijuteriile cu ametist sunt d\u0103ruite doar celor care sunt cu adev\u0103rat iubi\u021bi. \u00cen plus, se crede c\u0103 ametistul este o piatr\u0103 a pacificatorilor. Proprietarul s\u0103u este protejat de tot felul de situa\u021bii conflictuale \u0219i foarte rar se ceart\u0103 cu oamenii din jurul s\u0103u. De asemenea, se crede c\u0103 datorit\u0103 ametistului oamenii pot citi g\u00e2ndurile du\u0219manilor lor \u0219i astfel pot evita problemele.<\/p>\n<p><strong>Amulete \u0219i talismane din cristal de st\u00e2nc\u0103<\/strong><\/p>\n<p>Ametistul este folosit ca amulet\u0103 de cei care vor s\u0103 se protejeze de ochiul r\u0103u sau de incanta\u021bii. Bijuteriile cu ametist sunt recomandate a fi purtate de femeile \u00eens\u0103rcinate, deoarece protejeaz\u0103 energetic viitorul copil de boli. \u00cen plus, ametistul poate armoniza via\u021ba de familie dac\u0103 este purtat constant ca bijuterie \u00eentr-o ram\u0103 de argint.<\/p>\n<p>Atunci c\u00e2nd alege\u021bi o piatr\u0103 \u00een func\u021bie de semnul zodiacal, trebuie luat \u00een considerare faptul c\u0103 ametistul este cel mai potrivit pentru V\u0103rs\u0103tori, Gemeni \u0219i Balan\u021b\u0103, oferindu-le energie \u0219i s\u0103n\u0103tate mintal\u0103. \u00cens\u0103 Taurii \u0219i Leii pot deveni cu u\u0219urin\u021b\u0103 o victim\u0103 a ametistului, deoarece le r\u0103pe\u0219te puterea, provoac\u0103 tulbur\u0103ri digestive \u0219i depresie profund\u0103.<\/p>","protected":false},"excerpt":{"rendered":"<p>\u0410\u043c\u0435\u0442\u0438\u0441\u0442 \u044f\u0432\u043b\u044f\u0435\u0442\u0441\u044f \u0440\u0430\u0437\u043d\u043e\u0432\u0438\u0434\u043d\u043e\u0441\u0442\u044c\u044e \u043a\u0432\u0430\u0440\u0446\u0430, \u043d\u043e \u043f\u0440\u0438 \u044d\u0442\u043e\u043c \u043e\u0431\u043b\u0430\u0434\u0430\u0435\u0442 \u0443\u0434\u0438\u0432\u0438\u0442\u0435\u043b\u044c\u043d\u044b\u043c \u0444\u0438\u043e\u043b\u0435\u0442\u043e\u0432\u044b\u043c \u043e\u0442\u0442\u0435\u043d\u043a\u043e\u043c, \u0447\u0442\u043e \u043e\u0431\u0443\u0441\u043b\u043e\u0432\u043b\u0435\u043d\u043e \u043d\u0430\u043b\u0438\u0447\u0438\u0435\u043c \u0432 \u0441\u043e\u0441\u0442\u0430\u0432\u0435 \u043c\u0438\u043d\u0435\u0440\u0430\u043b\u0430 \u0436\u0435\u043b\u0435\u0437\u0430. \u0426\u0432\u0435\u0442 \u043a\u0432\u0430\u0440\u0446\u0430 \u043c\u043e\u0436\u0435\u0442 \u0432\u0430\u0440\u044c\u0438\u0440\u043e\u0432\u0430\u0442\u044c\u0441\u044f \u043e\u0442 \u0431\u043b\u0435\u0434\u043d\u043e-\u0441\u0438\u0440\u0435\u043d\u0435\u0432\u043e\u0433\u043e \u0434\u043e \u0433\u043b\u0443\u0431\u043e\u043a\u043e\u0433\u043e \u0444\u0438\u043e\u043b\u0435\u0442\u043e\u0432\u043e\u0433\u043e, \u043e\u0434\u043d\u0430\u043a\u043e \u043a\u0430\u043c\u0435\u043d\u044c \u043e\u0442\u043b\u0438\u0447\u0430\u0435\u0442\u0441\u044f \u0438\u0434\u0435\u0430\u043b\u044c\u043d\u043e\u0439 \u043f\u0440\u043e\u0437\u0440\u0430\u0447\u043d\u043e\u0441\u0442\u044c\u044e, \u043a\u043e\u0442\u043e\u0440\u0430\u044f \u0445\u0430\u0440\u0430\u043a\u0442\u0435\u0440\u043d\u0430 \u0434\u043b\u044f \u0433\u043e\u0440\u043d\u043e\u0433\u043e \u0445\u0440\u0443\u0441\u0442\u0430\u043b\u044f. \u0421\u0435\u0433\u043e\u0434\u043d\u044f \u0430\u043c\u0435\u0442\u0438\u0441\u0442 \u043e\u0447\u0435\u043d\u044c \u0447\u0430\u0441\u0442\u043e \u0438\u0441\u043f\u043e\u043b\u044c\u0437\u0443\u0435\u0442\u0441\u044f \u0432 \u044e\u0432\u0435\u043b\u0438\u0440\u043d\u043e\u0439 \u043f\u0440\u043e\u043c\u044b\u0448\u043b\u0435\u043d\u043d\u043e\u0441\u0442\u0438 \u0438 \u043f\u0440\u0435\u0434\u0441\u0442\u0430\u0432\u043b\u044f\u0435\u0442 \u0446\u0435\u043d\u043d\u043e\u0441\u0442\u044c \u0434\u043b\u044f \u0442\u0435\u0445, \u043a\u0442\u043e \u043a\u043e\u043b\u043b\u0435\u043a\u0446\u0438\u043e\u043d\u0438\u0440\u0443\u0435\u0442 \u043c\u0438\u043d\u0435\u0440\u0430\u043b\u044b. \u0410\u043c\u0435\u0442\u0438\u0441\u0442: \u043b\u0435\u0447\u0435\u0431\u043d\u044b\u0435 [&hellip;]<\/p>\n","protected":false},"author":1,"featured_media":0,"parent":35,"menu_order":0,"comment_status":"closed","ping_status":"closed","template":"","meta":{"footnotes":""},"class_list":["post-50","page","type-page","status-publish","hentry"],"_links":{"self":[{"href":"https:\/\/insermi.com\/ro\/wp-json\/wp\/v2\/pages\/50","targetHints":{"allow":["GET"]}}],"collection":[{"href":"https:\/\/insermi.com\/ro\/wp-json\/wp\/v2\/pages"}],"about":[{"href":"https:\/\/insermi.com\/ro\/wp-json\/wp\/v2\/types\/page"}],"author":[{"embeddable":true,"href":"https:\/\/insermi.com\/ro\/wp-json\/wp\/v2\/users\/1"}],"replies":[{"embeddable":true,"href":"https:\/\/insermi.com\/ro\/wp-json\/wp\/v2\/comments?post=50"}],"version-history":[{"count":0,"href":"https:\/\/insermi.com\/ro\/wp-json\/wp\/v2\/pages\/50\/revisions"}],"up":[{"embeddable":true,"href":"https:\/\/insermi.com\/ro\/wp-json\/wp\/v2\/pages\/35"}],"wp:attachment":[{"href":"https:\/\/insermi.com\/ro\/wp-json\/wp\/v2\/media?parent=50"}],"curies":[{"name":"wp","href":"https:\/\/api.w.org\/{rel}","templated":true}]}}