{"id":48,"date":"2016-02-02T23:47:26","date_gmt":"2016-02-02T21:47:26","guid":{"rendered":"https:\/\/insermi.com\/?page_id=48"},"modified":"2016-02-02T23:47:26","modified_gmt":"2016-02-02T21:47:26","slug":"akvamarin","status":"publish","type":"page","link":"https:\/\/insermi.com\/ro\/o-kamnyah\/akvamarin\/","title":{"rendered":"Acvamarin"},"content":{"rendered":"<p><a href=\"https:\/\/insermi.com\/wp-content\/uploads\/2015\/12\/Akvamarin1.jpg\" rel=\"attachment wp-att-718\"><img fetchpriority=\"high\" decoding=\"async\" src=\"https:\/\/insermi.com\/wp-content\/uploads\/2015\/12\/Akvamarin1.jpg\" alt=\"\u0410\u043a\u0432\u0430\u043c\u0430\u0440\u0438\u043d1\" width=\"300\" height=\"300\" class=\"alignnone size-medium wp-image-718\" title=\"\"><\/a>    <a href=\"https:\/\/insermi.com\/wp-content\/uploads\/2015\/12\/Akvamarin2.jpg\" rel=\"attachment wp-att-724\"><img decoding=\"async\" src=\"https:\/\/insermi.com\/wp-content\/uploads\/2015\/12\/Akvamarin2.jpg\" alt=\"\u0410\u043a\u0432\u0430\u043c\u0430\u0440\u0438\u043d2\" width=\"300\" height=\"300\" class=\"alignnone size-medium wp-image-724\" title=\"\"><\/a><\/p>\n<p>Aceast\u0103 piatr\u0103 transparent\u0103 \u0219i surprinz\u0103tor de frumoas\u0103, care este una dintre variet\u0103\u021bile de beriliu, \u0219i-a primit numele datorit\u0103 culorii sale albastre neobi\u0219nuite, care aminte\u0219te de un val de mare. Cu toate acestea, nuan\u021bele sale pot fi foarte variate, de la albastru-cenu\u0219iu la albastru intens, ceea ce se datoreaz\u0103 prezen\u021bei diferitelor substan\u021be chimice, \u00een principal fier, \u00een compozi\u021bia mineralului.<\/p>\n<p>Locul de na\u0219tere al acvamarinului este Brazilia, dar ast\u0103zi au fost descoperite depozite mari de aceast\u0103 piatr\u0103 \u00een Rusia, Madagascar, Africa de Sud, Tanzania, India Australia \u0219i Mozambic. \u00cen natur\u0103, acest mineral se g\u0103se\u0219te sub form\u0103 de cristale columnare destul de mari, c\u0103rora dup\u0103 prelucrare li se poate da orice form\u0103. Cele mai scumpe \u0219i mai solicitate \u00een produc\u021bia de bijuterii sunt pietrele fa\u021betate de form\u0103 sferic\u0103 sau oval\u0103 care c\u00e2nt\u0103resc cel pu\u021bin 3 carate \u0219i au o nuan\u021b\u0103 de albastru intens.<\/p>\n<p><strong>Acvamarin: propriet\u0103\u021bi medicinale<\/strong><\/p>\n<p>Ast\u0103zi, acvamarinul este utilizat pe scar\u0103 larg\u0103 \u00een fabricarea tuturor tipurilor de bijuterii, care se disting prin rafinamentul \u0219i elegan\u021ba lor. Cu toate acestea, din timpuri imemoriale, acvamarinul a fost cunoscut pentru propriet\u0103\u021bile sale medicinale, care amelioreaz\u0103 perfect durerile de cap \u0219i restabile\u0219te imunitatea, \u00eembun\u0103t\u0103\u021be\u0219te metabolismul \u00een organism, amelioreaz\u0103 oboseala \u0219i normalizeaz\u0103 somnul. Cump\u0103ra\u021bi bijuterii cu acvamarin este recomandat celor care sufer\u0103 de diverse boli de piele, sunt predispu\u0219i la depresie \u0219i tulbur\u0103ri nervoase. Pentru cei care sufer\u0103 de boli tiroidiene, cel mai bine este s\u0103 cump\u0103ra\u021bi acvamarin sub form\u0103 de pandantiv, care ar trebui s\u0103 fie purtat \u00eentotdeauna pe un lan\u021b scurt.<\/p>\n<p><strong>Acvamarin: propriet\u0103\u021bi magice<\/strong><\/p>\n<p>\u00cen plus, acvamarinul are propriet\u0103\u021bi magice foarte puternice. \u00cen cele mai vechi timpuri, se credea c\u0103 aceast\u0103 piatr\u0103 este capabil\u0103 s\u0103 expun\u0103 \u00een\u0219el\u0103ciunea, s\u0103 protejeze de tulbur\u0103ri mentale \u0219i anxietate. Acvamarinul este, de asemenea, un mijloc de a \u00eembl\u00e2nzi elementul ap\u0103. Se crede c\u0103 o persoan\u0103 care posed\u0103 aceast\u0103 piatr\u0103 nu va deveni niciodat\u0103 o victim\u0103 a naufragiului \u0219i nu se va \u00eeneca, chiar dac\u0103 nu \u0219tie s\u0103 \u00eenoate. Acvamarinul este considerat a fi o piatr\u0103 a \u00een\u021belepciunii, care este capabil\u0103 s\u0103 r\u0103ceasc\u0103 ardoarea unei persoane, pentru a o proteja de ac\u021biunile nechibzuite. Propriet\u0103\u021bile magice ale acvamarinului includ capacitatea sa de a prezice furtunile. Dac\u0103 piatra \u00ee\u0219i schimb\u0103 brusc culoarea, devenind \u00een loc de albastru verde aprins, este un simbol al unei furtuni iminente. Culoarea acvamarinului se poate schimba \u0219i din cauza st\u0103rii de spirit a purt\u0103torului, deoarece piatra este foarte sensibil\u0103 la anxietate, agresivitate, furie sau g\u00e2nduri insidioase.<\/p>\n<p><strong>Amulete \u0219i talismane din acvamarin<\/strong><\/p>\n<p>Acvamarinul a fost folosit mult timp ca o amulet\u0103 de \u00eencredere pentru marinari. Este, de asemenea, patronul filosofilor \u0219i g\u00e2nditorilor, exploratorilor \u0219i c\u0103l\u0103torilor. Aceast\u0103 piatr\u0103 ajut\u0103 foarte repede la restabilirea echilibrului mental, \u00eenva\u021b\u0103 s\u0103 ierte u\u0219or infractorii \u0219i protejeaz\u0103 \u00eempotriva \u00een\u0219el\u0103ciunii. \u00cen acela\u0219i timp, \u00een\u0219el\u0103torilor aceast\u0103 piatr\u0103 le promite probleme \u0219i diverse tipuri de necazuri. Nu este recomandat s\u0103 poarte bijuterii cu acvamarin \u0219i persoanele foarte juc\u0103u\u0219e, deoarece \u00een acest caz piatra reprezint\u0103 o amenin\u021bare serioas\u0103 pentru via\u021ba \u0219i s\u0103n\u0103tatea lor.<\/p>\n<p>Atunci c\u00e2nd alege\u021bi o piatr\u0103 \u00een func\u021bie de semnul zodiacal, merit\u0103 s\u0103 lua\u021bi \u00een considerare faptul c\u0103 acvamarinul este patronat de Rac \u0219i Pe\u0219ti. \u00cen plus, este favorabil\u0103 persoanelor care sunt patronate de elementul ap\u0103 \u0219i de planeta Neptun.<\/p>","protected":false},"excerpt":{"rendered":"<p>\u0421\u0432\u043e\u0435 \u043d\u0430\u0437\u0432\u0430\u043d\u0438\u0435 \u044d\u0442\u043e\u0442 \u043f\u0440\u043e\u0437\u0440\u0430\u0447\u043d\u044b\u0439 \u0438 \u0443\u0434\u0438\u0432\u0438\u0442\u0435\u043b\u044c\u043d\u043e \u043a\u0440\u0430\u0441\u0438\u0432\u044b\u0439 \u043a\u0430\u043c\u0435\u043d\u044c, \u044f\u0432\u043b\u044f\u044e\u0449\u0438\u0439\u0441\u044f \u043e\u0434\u043d\u043e\u0439 \u0438\u0437 \u0440\u0430\u0437\u043d\u043e\u0432\u0438\u0434\u043d\u043e\u0441\u0442\u0435\u0439 \u0431\u0435\u0440\u0438\u043b\u043b\u0430, \u043f\u043e\u043b\u0443\u0447\u0438\u043b \u0438\u0437-\u0437\u0430 \u0441\u0432\u043e\u0435\u0433\u043e \u043d\u0435\u043e\u0431\u044b\u0447\u043d\u043e\u0433\u043e \u0433\u043e\u043b\u0443\u0431\u043e\u0433\u043e \u0446\u0432\u0435\u0442\u0430, \u043d\u0430\u043f\u043e\u043c\u0438\u043d\u0430\u044e\u0449\u0435\u0433\u043e \u043c\u043e\u0440\u0441\u043a\u0443\u044e \u0432\u043e\u043b\u043d\u0443. \u0412\u043f\u0440\u043e\u0447\u0435\u043c, \u0435\u0433\u043e \u043e\u0442\u0442\u0435\u043d\u043a\u0438 \u043c\u043e\u0433\u0443\u0442 \u0431\u044b\u0442\u044c \u0441\u0430\u043c\u044b\u043c\u0438 \u0440\u0430\u0437\u043d\u043e\u043e\u0431\u0440\u0430\u0437\u043d\u044b\u043c\u0438, \u043e\u0442 \u0441\u0435\u0440\u043e\u0432\u0430\u0442\u043e-\u0433\u043e\u043b\u0443\u0431\u043e\u0433\u043e \u0434\u043e \u043d\u0430\u0441\u044b\u0449\u0435\u043d\u043d\u043e\u0433\u043e \u0441\u0438\u043d\u0435\u0433\u043e, \u0447\u0442\u043e \u043e\u0431\u0443\u0441\u043b\u043e\u0432\u043b\u0435\u043d\u043e \u043d\u0430\u043b\u0438\u0447\u0438\u0435\u043c \u0432 \u0441\u043e\u0441\u0442\u0430\u0432\u0435 \u043c\u0438\u043d\u0435\u0440\u0430\u043b\u0430 \u0440\u0430\u0437\u043b\u0438\u0447\u043d\u044b\u0445 \u0445\u0438\u043c\u0438\u0447\u0435\u0441\u043a\u0438\u0445 \u0432\u0435\u0449\u0435\u0441\u0442\u0432, \u0438, \u0432 \u043f\u0435\u0440\u0432\u0443\u044e \u043e\u0447\u0435\u0440\u0435\u0434\u044c, \u0436\u0435\u043b\u0435\u0437\u0430. \u0420\u043e\u0434\u0438\u043d\u043e\u0439 \u0430\u043a\u0432\u0430\u043c\u0430\u0440\u0438\u043d\u0430 \u044f\u0432\u043b\u044f\u0435\u0442\u0441\u044f \u0411\u0440\u0430\u0437\u0438\u043b\u0438\u044f, \u043e\u0434\u043d\u0430\u043a\u043e \u043d\u0430 \u0441\u0435\u0433\u043e\u0434\u043d\u044f\u0448\u043d\u0438\u0439 [&hellip;]<\/p>\n","protected":false},"author":1,"featured_media":0,"parent":35,"menu_order":0,"comment_status":"closed","ping_status":"closed","template":"","meta":{"footnotes":""},"class_list":["post-48","page","type-page","status-publish","hentry"],"_links":{"self":[{"href":"https:\/\/insermi.com\/ro\/wp-json\/wp\/v2\/pages\/48","targetHints":{"allow":["GET"]}}],"collection":[{"href":"https:\/\/insermi.com\/ro\/wp-json\/wp\/v2\/pages"}],"about":[{"href":"https:\/\/insermi.com\/ro\/wp-json\/wp\/v2\/types\/page"}],"author":[{"embeddable":true,"href":"https:\/\/insermi.com\/ro\/wp-json\/wp\/v2\/users\/1"}],"replies":[{"embeddable":true,"href":"https:\/\/insermi.com\/ro\/wp-json\/wp\/v2\/comments?post=48"}],"version-history":[{"count":0,"href":"https:\/\/insermi.com\/ro\/wp-json\/wp\/v2\/pages\/48\/revisions"}],"up":[{"embeddable":true,"href":"https:\/\/insermi.com\/ro\/wp-json\/wp\/v2\/pages\/35"}],"wp:attachment":[{"href":"https:\/\/insermi.com\/ro\/wp-json\/wp\/v2\/media?parent=48"}],"curies":[{"name":"wp","href":"https:\/\/api.w.org\/{rel}","templated":true}]}}