{"id":14728,"date":"2025-11-03T18:48:38","date_gmt":"2025-11-03T16:48:38","guid":{"rendered":"https:\/\/insermi.com\/?page_id=14728"},"modified":"2025-11-03T19:12:51","modified_gmt":"2025-11-03T17:12:51","slug":"kamen-yashma","status":"publish","type":"page","link":"https:\/\/insermi.com\/ro\/o-kamnyah\/kamen-yashma\/","title":{"rendered":"\u041a\u0430\u043c\u0435\u043d\u044c \u042f\u0448\u043c\u0430"},"content":{"rendered":"<p><a href=\"https:\/\/insermi.com\/wp-content\/uploads\/2015\/12\/YAshma1.jpg\" rel=\"attachment wp-att-907\"><img fetchpriority=\"high\" decoding=\"async\" class=\"alignnone size-medium wp-image-907\" src=\"https:\/\/insermi.com\/wp-content\/uploads\/2015\/12\/YAshma1.jpg\" alt=\"\u042f\u0448\u043c\u04301\" width=\"300\" height=\"230\" title=\"\"><\/a> <a href=\"https:\/\/insermi.com\/wp-content\/uploads\/2015\/12\/YAshma2.jpg\" rel=\"attachment wp-att-908\"><img decoding=\"async\" class=\"alignnone size-medium wp-image-908\" src=\"https:\/\/insermi.com\/wp-content\/uploads\/2015\/12\/YAshma2.jpg\" alt=\"\u042f\u0448\u043c\u04302\" width=\"300\" height=\"230\" title=\"\"><\/a><\/p>\n<p>&nbsp;<\/p>\n<p>Jaspul este o roc\u0103 mixt\u0103 compus\u0103 din cuar\u021b, siliciu, calcedonie \u0219i diverse impurit\u0103\u021bi minerale care determin\u0103 culoarea pietrei. Cel mai adesea, jaspul maro se \u00eent\u00eelne\u0219te cu linii albe, ro\u0219ii \u0219i maro \u00eenchis. Cu toate acestea, ast\u0103zi exist\u0103 z\u0103c\u0103minte din care se extrage jasp portocaliu, verde, ro\u0219u, albastru \u0219i chiar violet.<\/p>\n<p>Aceast\u0103 piatr\u0103 este semipre\u021bioas\u0103 \u0219i este ideal\u0103 pentru crearea bijuteriilor, precum \u0219i a diverselor me\u0219te\u0219uguri decorative. \u00cen plus, din timpuri imemoriale, jaspul a fost folosit pentru decora\u021biuni interioare \u0219i diverse articole de interior, inclusiv oglinzi, veioze, vaze etc.<\/p>\n<p><strong> Jasp: propriet\u0103\u021bi medicinale <\/strong><\/p>\n<p>\u00cen Orient, atitudinea fa\u021b\u0103 de jasp este foarte reveren\u021bioas\u0103 \u0219i respectuoas\u0103, deoarece simbolizeaz\u0103 s\u0103n\u0103tatea \u0219i prosperitatea. Nu \u00eent\u00e2mpl\u0103tor, \u00een Japonia, un mesager care trebuia s\u0103 transmit\u0103 un mesaj important a legat aceast\u0103 piatr\u0103 de ramura unui copac azdusa, declar\u00e2nd astfel c\u0103 nu avea inten\u021bii rele \u0219i cer\u00e2nd s\u0103 \u00ee\u0219i p\u0103streze via\u021ba. \u00cen plus, jaspul are propriet\u0103\u021bi curative pronun\u021bate, ajut\u00e2nd la oprirea s\u00e2nger\u0103rilor, la sc\u0103parea de co\u0219maruri \u0219i la restabilirea echilibrului mental. Procurarea de jasp ro\u0219u este recomandat femeilor care sufer\u0103 de diverse boli ale organelor de reproducere, inclusiv infertilitate. Jaspul ajut\u0103, de asemenea, s\u0103 fac\u0103 fa\u021b\u0103 bolilor de stomac, restabile\u0219te memoria, amelioreaz\u0103 atacurile de febr\u0103 \u0219i este chiar capabil s\u0103 scape pacientul de epilepsie.<\/p>\n<p><strong> Jasp: propriet\u0103\u021bi magice <\/strong><\/p>\n<p>Propriet\u0103\u021bile magice ale jaspului nu sunt \u00eenc\u0103 pe deplin cunoscute. Cu toate acestea, \u00een antichitate, era o onoare pentru cei care practicau ocultismul s\u0103 cumpere bijuterii din jasp, deoarece aceast\u0103 piatr\u0103 ajuta la ob\u021binerea darului previziunii. \u00cen plus, se credea c\u0103 jaspul poate cur\u0103\u021ba g\u00e2ndurile \u0219i sufletul de g\u00e2ndurile \u00eentunecate \u0219i poate direc\u021biona energia uman\u0103 \u00een direc\u021bia corect\u0103. Acesta este motivul pentru care bijuteriile din jasp erau adesea purtate de copiii mici care erau capricio\u0219i, nu doreau s\u0103 se supun\u0103 adul\u021bilor \u0219i intrau constant \u00een pove\u0219ti nepl\u0103cute din cauza propriei curiozit\u0103\u021bi.<\/p>\n<p>\u00cen plus, jaspul este una dintre cele mai puternice amulete pentru iubi\u021bi. Potrivit credin\u021belor, aceast\u0103 piatr\u0103 \u00eei ajut\u0103 pe oameni s\u0103 p\u0103streze sentimentele reciproce ale oamenilor timp de zeci de ani, \u00eei protejeaz\u0103 de tenta\u021biile sexuale \u0219i de ochiul r\u0103u. Jasperul este, de asemenea, o piatr\u0103 a vie\u021bii \u0219i este capabil s\u0103 protejeze o persoan\u0103 dac\u0103 cineva vrea s\u0103 o omoare cu ajutorul magiei negre.<\/p>\n<p><strong> Amulete \u0219i talismane din jasp <\/strong><\/p>\n<p>Atunci c\u00e2nd alegi\u021bi o piatr\u0103 \u00een func\u021bie de zodie, re\u021bine\u021bi c\u0103 jaspul este legat energetic de planetele Mercur \u0219i Jupiter. Prin urmare, este ideal pentru Fecioar\u0103, Taur \u0219i S\u0103get\u0103tor, ajut\u00e2ndu-i s\u0103 c\u00e2\u0219tige \u00eencredere \u00een sine \u0219i \u00een\u021belepciune. Cu toate acestea, Berbecului \u0219i Gemenilor nu li se recomand\u0103 s\u0103 poarte bijuterii din jasp.<\/p>\n<p>&nbsp;<\/p>","protected":false},"excerpt":{"rendered":"<p>&nbsp; \u042f\u0448\u043c\u0430 \u043f\u0440\u0435\u0434\u0441\u0442\u0430\u0432\u043b\u044f\u0435\u0442 \u0441\u043e\u0431\u043e\u0439 \u0441\u043c\u0435\u0448\u0430\u043d\u043d\u0443\u044e \u0433\u043e\u0440\u043d\u0443\u044e \u043f\u043e\u0440\u043e\u0434\u0443, \u0432 \u0441\u043e\u0441\u0442\u0430\u0432 \u043a\u043e\u0442\u043e\u0440\u043e\u0439 \u0432\u0445\u043e\u0434\u044f\u0442 \u043a\u0432\u0430\u0440\u0446, \u043a\u0440\u0435\u043c\u043d\u0435\u0437\u0435\u043c, \u0445\u0430\u043b\u0446\u0435\u0434\u043e\u043d \u0438 \u0440\u0430\u0437\u043b\u0438\u0447\u043d\u044b\u0435 \u043f\u0440\u0438\u043c\u0435\u0441\u0438 \u043c\u0438\u043d\u0435\u0440\u0430\u043b\u043e\u0432, \u043a\u043e\u0442\u043e\u0440\u044b\u0435 \u043e\u0431\u0443\u0441\u043b\u0430\u0432\u043b\u0438\u0432\u0430\u044e\u0442 \u0446\u0432\u0435\u0442 \u043a\u0430\u043c\u043d\u044f. \u0427\u0430\u0449\u0435 \u0432\u0441\u0435\u0433\u043e \u0432\u0441\u0442\u0440\u0435\u0447\u0430\u0435\u0442\u0441\u044f \u043a\u043e\u0440\u0438\u0447\u043d\u0435\u0432\u0430\u044f \u044f\u0448\u043c\u0430 \u0441 \u0431\u0435\u043b\u044b\u043c\u0438, \u0440\u044b\u0436\u0438\u043c\u0438 \u0438 \u0442\u0435\u043c\u043d\u043e-\u043a\u043e\u0440\u0438\u0447\u043d\u0435\u0432\u044b\u043c\u0438 \u043f\u0440\u043e\u0436\u0438\u043b\u043a\u0430\u043c\u0438. \u041e\u0434\u043d\u0430\u043a\u043e \u043d\u0430 \u0441\u0435\u0433\u043e\u0434\u043d\u044f\u0448\u043d\u0438\u0439 \u0434\u0435\u043d\u044c \u0441\u0443\u0449\u0435\u0441\u0442\u0432\u0443\u044e\u0442 \u043c\u0435\u0441\u0442\u043e\u0440\u043e\u0436\u0434\u0435\u043d\u0438\u044f, \u0433\u0434\u0435 \u0434\u043e\u0431\u044b\u0432\u0430\u0435\u0442\u0441\u044f \u043e\u0440\u0430\u043d\u0436\u0435\u0432\u0430\u044f, \u0437\u0435\u043b\u0435\u043d\u0430\u044f, \u043a\u0440\u0430\u0441\u043d\u0430\u044f, \u0433\u043e\u043b\u0443\u0431\u0430\u044f \u0438 \u0434\u0430\u0436\u0435 \u0444\u0438\u043e\u043b\u0435\u0442\u043e\u0432\u0430\u044f \u044f\u0448\u043c\u0430. \u042d\u0442\u043e\u0442 \u043a\u0430\u043c\u0435\u043d\u044c \u044f\u0432\u043b\u044f\u0435\u0442\u0441\u044f \u043f\u043e\u043b\u0443\u0434\u0440\u0430\u0433\u043e\u0446\u0435\u043d\u043d\u044b\u043c \u0438 \u0438\u0434\u0435\u0430\u043b\u044c\u043d\u043e [&hellip;]<\/p>\n","protected":false},"author":1,"featured_media":0,"parent":35,"menu_order":0,"comment_status":"closed","ping_status":"closed","template":"","meta":{"footnotes":""},"class_list":["post-14728","page","type-page","status-publish","hentry"],"_links":{"self":[{"href":"https:\/\/insermi.com\/ro\/wp-json\/wp\/v2\/pages\/14728","targetHints":{"allow":["GET"]}}],"collection":[{"href":"https:\/\/insermi.com\/ro\/wp-json\/wp\/v2\/pages"}],"about":[{"href":"https:\/\/insermi.com\/ro\/wp-json\/wp\/v2\/types\/page"}],"author":[{"embeddable":true,"href":"https:\/\/insermi.com\/ro\/wp-json\/wp\/v2\/users\/1"}],"replies":[{"embeddable":true,"href":"https:\/\/insermi.com\/ro\/wp-json\/wp\/v2\/comments?post=14728"}],"version-history":[{"count":0,"href":"https:\/\/insermi.com\/ro\/wp-json\/wp\/v2\/pages\/14728\/revisions"}],"up":[{"embeddable":true,"href":"https:\/\/insermi.com\/ro\/wp-json\/wp\/v2\/pages\/35"}],"wp:attachment":[{"href":"https:\/\/insermi.com\/ro\/wp-json\/wp\/v2\/media?parent=14728"}],"curies":[{"name":"wp","href":"https:\/\/api.w.org\/{rel}","templated":true}]}}