{"id":119,"date":"2016-02-03T00:22:21","date_gmt":"2016-02-02T22:22:21","guid":{"rendered":"https:\/\/insermi.com\/?page_id=119"},"modified":"2016-02-03T00:22:21","modified_gmt":"2016-02-02T22:22:21","slug":"yantar","status":"publish","type":"page","link":"https:\/\/insermi.com\/ro\/o-kamnyah\/yantar\/","title":{"rendered":"Chihlimbar"},"content":{"rendered":"<p><a href=\"https:\/\/insermi.com\/wp-content\/uploads\/2015\/12\/YAntar1.jpg\" rel=\"attachment wp-att-902\"><img fetchpriority=\"high\" decoding=\"async\" src=\"https:\/\/insermi.com\/wp-content\/uploads\/2015\/12\/YAntar1.jpg\" alt=\"\u042f\u043d\u0442\u0430\u0440\u044c1\" width=\"300\" height=\"230\" class=\"alignnone size-medium wp-image-902\" title=\"\"><\/a>     <a href=\"https:\/\/insermi.com\/wp-content\/uploads\/2015\/12\/YAntar2.jpg\" rel=\"attachment wp-att-903\"><img decoding=\"async\" src=\"https:\/\/insermi.com\/wp-content\/uploads\/2015\/12\/YAntar2.jpg\" alt=\"\u042f\u043d\u0442\u0430\u0440\u044c2\" width=\"300\" height=\"230\" class=\"alignnone size-medium wp-image-903\" title=\"\"><\/a><\/p>\n<p>Ambra este una dintre cele mai frumoase pietre naturale, care se formeaz\u0103 prin solidificarea r\u0103\u0219inii de copac. Chihlimbarul ro\u0219u-maroniu este cel mai comun, dar nuan\u021bele acestei pietre pot varia de la galben pal la negru. Cele mai valoroase pietre sunt cele care sunt complet transparente \u0219i au vene ro\u0219iatice.<\/p>\n<p>Ast\u0103zi, chihlimbarul este utilizat cu succes \u00een industria bijuteriilor. Piatra poate fi \u0219lefuit\u0103 foarte bine, astfel \u00eenc\u00e2t este folosit\u0103 nu numai pentru a confec\u021biona diverse bijuterii, ci \u0219i accesorii, cum ar fi mu\u0219tiuci de pip\u0103, suporturi pentru trabucuri \u0219i instrumente de scris. Din timpuri imemoriale, chihlimbarul a fost folosit pentru decora\u021biuni interioare. Un exemplu \u00een acest sens este legendara Camer\u0103 de chihlimbar, oferit\u0103 \u021barului Petru cel Mare de c\u0103tre regele Frederic I al Prusiei \u0219i disp\u0103rut\u0103 f\u0103r\u0103 urm\u0103 \u00een timpul celui de-al Doilea R\u0103zboi Mondial.<\/p>\n<p><strong>Chihlimbar: propriet\u0103\u021bi medicinale<\/strong><\/p>\n<p>Chiar \u0219i \u00een antichitate, chihlimbarul era folosit pentru a trata diverse boli. Se credea c\u0103, dac\u0103 aceast\u0103 piatr\u0103 este purtat\u0103 constant \u00een buzunarul pantalonilor, va ajuta la sc\u0103derea insuficien\u021bei renale. Cump\u0103rarea chihlimbarului era recomandat\u0103 \u0219i celor cu boli respiratorii, r\u0103celi frecvente, tulbur\u0103ri tiroidiene, boli ale ochilor, urechilor \u0219i g\u00e2tului. De asemenea, chihlimbarul ajut\u0103 la \u00eembun\u0103t\u0103\u021birea apetitului \u0219i a somnului, activeaz\u0103 for\u021bele vitale ale organismului \u0219i ajut\u0103 la cur\u0103\u021barea acestuia de toxine. Cump\u0103ra\u021bi bijuterii din chihlimbar sub form\u0103 de diadem\u0103 este recomandat\u0103 celor care sunt predispu\u0219i la dureri de cap frecvente \u0219i sunt foarte sensibili la schimb\u0103rile de vreme.<\/p>\n<p><strong>Chihlimbar: propriet\u0103\u021bi magice<\/strong><\/p>\n<p>Conform credin\u021belor, chihlimbarul are propriet\u0103\u021bi magice unice. Prin urmare, nu este surprinz\u0103tor faptul c\u0103 aceast\u0103 piatr\u0103 este \u00eenc\u0103 folosit\u0103 at\u00e2t \u00een ritualurile de magie alb\u0103, c\u00e2t \u0219i \u00een cele de magie neagr\u0103. Bilele de chihlimbar sunt recomandate a fi purtate de mamele care al\u0103pteaz\u0103 - se crede c\u0103 ele \u00eenzestreaz\u0103 copilul cu energia Soarelui \u0219i formeaz\u0103 un caracter maleabil. \u00cen plus, chihlimbarul este capabil s\u0103 aline aproape orice persoan\u0103 aflat\u0103 \u00een doliu, trebuie doar s\u0103 purta\u021bi constant aceast\u0103 piatr\u0103 cu dvs. \u0219i, \u00een timp, orice durere mental\u0103 va disp\u0103rea, l\u0103s\u00e2nd loc bucuriei \u0219i optimismului.<\/p>\n<p><strong>Amulete \u0219i talismane din chihlimbar<\/strong><\/p>\n<p>Chihlimbarul este adesea folosit ca amulet\u0103 pentru a alunga spiritele rele. Se recomand\u0103 s\u0103 coase\u021bi aceast\u0103 piatr\u0103 \u00eentr-o pern\u0103, astfel \u00eenc\u00e2t somnul s\u0103 fie calm \u0219i senin, precum \u0219i s\u0103 o p\u0103stra\u021bi \u00eentotdeauna \u00een cas\u0103, ceea ce va proteja casa de foc \u0219i fulgere. \u00cen plus, chihlimbarul protejeaz\u0103 de tr\u0103dare \u0219i de tr\u0103darea du\u0219manilor.<\/p>\n<p>Aceast\u0103 piatr\u0103 se potrive\u0219te cel mai bine Leilor, oferindu-le o protec\u021bie energetic\u0103 excelent\u0103, ajut\u00e2ndu-i s\u0103-\u0219i dezvolte intui\u021bia \u0219i darul previziunii. \u00cen acela\u0219i timp, chihlimbarul poate aduce ghinion Scorpionilor \u0219i Capricornilor.<\/p>","protected":false},"excerpt":{"rendered":"<p>\u042f\u043d\u0442\u0430\u0440\u044c \u044f\u0432\u043b\u044f\u0435\u0442\u0441\u044f \u043e\u0434\u043d\u0438\u043c \u0438\u0437 \u0441\u0430\u043c\u044b\u0445 \u043a\u0440\u0430\u0441\u0438\u0432\u044b\u0445 \u043d\u0430\u0442\u0443\u0440\u0430\u043b\u044c\u043d\u044b\u0445 \u043a\u0430\u043c\u043d\u0435\u0439, \u043a\u043e\u0442\u043e\u0440\u044b\u0439 \u043e\u0431\u0440\u0430\u0437\u043e\u0432\u044b\u0432\u0430\u0435\u0442\u0441\u044f \u043f\u0443\u0442\u0435\u043c \u0437\u0430\u0441\u0442\u044b\u0432\u0430\u043d\u0438\u044f \u0434\u0440\u0435\u0432\u0435\u0441\u043d\u043e\u0439 \u0441\u043c\u043e\u043b\u044b. \u041d\u0430\u0438\u0431\u043e\u043b\u0435\u0435 \u0447\u0430\u0441\u0442\u043e \u0432\u0441\u0442\u0440\u0435\u0447\u0430\u0435\u0442\u0441\u044f \u043a\u0440\u0430\u0441\u043d\u043e-\u043a\u043e\u0440\u0438\u0447\u043d\u0435\u0432\u044b\u0439 \u044f\u043d\u0442\u0430\u0440\u044c, \u043e\u0434\u043d\u0430\u043a\u043e \u043e\u0442\u0442\u0435\u043d\u043a\u0438 \u044d\u0442\u043e\u0433\u043e \u043a\u0430\u043c\u043d\u044f \u043c\u043e\u0433\u0443\u0442 \u0432\u0430\u0440\u044c\u0438\u0440\u043e\u0432\u0430\u0442\u044c\u0441\u044f \u043e\u0442 \u0431\u043b\u0435\u0434\u043d\u043e-\u0436\u0435\u043b\u0442\u043e\u0433\u043e \u0434\u043e \u0447\u0435\u0440\u043d\u043e\u0433\u043e. \u0421\u0430\u043c\u044b\u043c\u0438 \u0446\u0435\u043d\u043d\u044b\u043c\u0438 \u043a\u0430\u043c\u043d\u044f\u043c\u0438 \u0441\u0447\u0438\u0442\u0430\u044e\u0442\u0441\u044f \u0442\u0435, \u043a\u043e\u0442\u043e\u0440\u044b\u0435 \u043f\u043e\u043b\u043d\u043e\u0441\u0442\u044c\u044e \u043f\u0440\u043e\u0437\u0440\u0430\u0447\u043d\u044b \u0438 \u0438\u043c\u0435\u044e\u0442 \u043a\u0440\u0430\u0441\u043d\u043e\u0432\u0430\u0442\u044b\u0435 \u043f\u0440\u043e\u0436\u0438\u043b\u043a\u0438. \u0421\u0435\u0433\u043e\u0434\u043d\u044f \u044f\u043d\u0442\u0430\u0440\u044c \u0441 \u0443\u0441\u043f\u0435\u0445\u043e\u043c \u0438\u0441\u043f\u043e\u043b\u044c\u0437\u0443\u0435\u0442\u0441\u044f \u0432 \u044e\u0432\u0435\u043b\u0438\u0440\u043d\u043e\u0439 \u043f\u0440\u043e\u043c\u044b\u0448\u043b\u0435\u043d\u043d\u043e\u0441\u0442\u0438. \u041a\u0430\u043c\u0435\u043d\u044c \u043e\u0447\u0435\u043d\u044c \u0445\u043e\u0440\u043e\u0448\u043e \u043f\u043e\u0434\u0434\u0430\u0435\u0442\u0441\u044f \u0448\u043b\u0438\u0444\u043e\u0432\u043a\u0435, \u043f\u043e\u044d\u0442\u043e\u043c\u0443 [&hellip;]<\/p>\n","protected":false},"author":1,"featured_media":0,"parent":35,"menu_order":0,"comment_status":"closed","ping_status":"closed","template":"","meta":{"footnotes":""},"class_list":["post-119","page","type-page","status-publish","hentry"],"_links":{"self":[{"href":"https:\/\/insermi.com\/ro\/wp-json\/wp\/v2\/pages\/119","targetHints":{"allow":["GET"]}}],"collection":[{"href":"https:\/\/insermi.com\/ro\/wp-json\/wp\/v2\/pages"}],"about":[{"href":"https:\/\/insermi.com\/ro\/wp-json\/wp\/v2\/types\/page"}],"author":[{"embeddable":true,"href":"https:\/\/insermi.com\/ro\/wp-json\/wp\/v2\/users\/1"}],"replies":[{"embeddable":true,"href":"https:\/\/insermi.com\/ro\/wp-json\/wp\/v2\/comments?post=119"}],"version-history":[{"count":0,"href":"https:\/\/insermi.com\/ro\/wp-json\/wp\/v2\/pages\/119\/revisions"}],"up":[{"embeddable":true,"href":"https:\/\/insermi.com\/ro\/wp-json\/wp\/v2\/pages\/35"}],"wp:attachment":[{"href":"https:\/\/insermi.com\/ro\/wp-json\/wp\/v2\/media?parent=119"}],"curies":[{"name":"wp","href":"https:\/\/api.w.org\/{rel}","templated":true}]}}