{"id":117,"date":"2016-02-03T00:21:44","date_gmt":"2016-02-02T22:21:44","guid":{"rendered":"https:\/\/insermi.com\/?page_id=117"},"modified":"2016-04-03T17:15:10","modified_gmt":"2016-04-03T15:15:10","slug":"shungit","status":"publish","type":"page","link":"https:\/\/insermi.com\/ro\/o-kamnyah\/shungit\/","title":{"rendered":"\u0218ungit"},"content":{"rendered":"<p><a href=\"https:\/\/insermi.com\/wp-content\/uploads\/2015\/12\/SHungit1.jpg\" rel=\"attachment wp-att-897\"><img fetchpriority=\"high\" decoding=\"async\" src=\"https:\/\/insermi.com\/wp-content\/uploads\/2015\/12\/SHungit1-300x233.jpg\" alt=\"\u0428\u0443\u043d\u0433\u0438\u04421\" width=\"300\" height=\"233\" class=\"alignnone size-medium wp-image-897\" title=\"\"><\/a>     <a href=\"https:\/\/insermi.com\/wp-content\/uploads\/2015\/12\/SHungit2.jpg\" rel=\"attachment wp-att-898\"><img decoding=\"async\" src=\"https:\/\/insermi.com\/wp-content\/uploads\/2015\/12\/SHungit2-300x233.jpg\" alt=\"\u0428\u0443\u043d\u0433\u0438\u04422\" width=\"300\" height=\"233\" class=\"alignnone size-medium wp-image-898\" title=\"\"><\/a><\/p>\n<p>\u0218ungit este o roc\u0103 de tranzi\u021bie \u00eentre antracit \u0219i grafit, care seam\u0103n\u0103 cu c\u0103rbunele \u00een aspect, dar are o rezisten\u021b\u0103 mult mai mare. Aceast\u0103 piatr\u0103 unic\u0103, adesea denumit\u0103 \u0219ist de c\u0103rbune, \u0219i-a primit numele datorit\u0103 satului Shunga de pe insula Kizhi, unde au fost descoperite pentru prima dat\u0103 z\u0103c\u0103minte din acest mineral natural.<\/p>\n<p><strong> \u0218ungit: propriet\u0103\u021bi terapeutice <\/strong><\/p>\n<p>Ast\u0103zi, \u0219ungita este adesea folosit\u0103 at\u00e2t \u00een construc\u021bii, c\u00e2t \u0219i \u00een produc\u021bia de bijuterii. Cu toate acestea, cea mai r\u0103sp\u00e2ndit\u0103 utilizare a acestei pietre este \u00een medicina alternativ\u0103, deoarece are propriet\u0103\u021bi vindec\u0103toare cu adev\u0103rat magnifice. Cu ajutorul shungitei pute\u021bi purifica cu u\u0219urin\u021b\u0103 apa de diverse impurit\u0103\u021bi \u0219i microorganisme, deoarece este un antiseptic natural universal. Cump\u0103ra\u021bi shungite este recomandat celor care sufer\u0103 de boli de piele \u0219i alergii, au probleme cu sistemul digestiv \u0219i organele respiratorii. Apa trecut\u0103 printr-un filtru f\u0103cut din shungite este folosit\u0103 pentru tratarea r\u0103celilor \u0219i sp\u0103larea r\u0103nilor supurate. \u00cen plus, se recomand\u0103 s\u0103 o bea regulat cei care sufer\u0103 de hipertensiune arterial\u0103, diabet, dureri articulare \u0219i paradontoz\u0103.<\/p>\n<p><strong> \u0218ungit: propriet\u0103\u021bi magice <\/strong><\/p>\n<p>Propriet\u0103\u021bile magice ale shungitei sunt, de asemenea, unice \u00een felul lor. Dac\u0103 cump\u0103ra\u021bi o bijuterie din shungit \u0219i o purta\u021bi constant f\u0103r\u0103 s\u0103 o scoate\u021bi, pute\u021bi ob\u021bine lini\u0219te sufleteasc\u0103, pute\u021bi sc\u0103pa de temperament \u0219i de atacurile incontrolabile de agresivitate. \u00cen plus, se crede c\u0103 shungitul aduce noroc \u00een afacerile comerciale, a\u0219a c\u0103 este recomandat s\u0103 \u00eel lua\u021bi cu dvs. la negocierile de afaceri \u0219i s\u0103 \u00eel p\u0103stra\u021bi cu dvs. \u00een timpul tranzac\u021biilor financiare.<\/p>\n<p><strong> Amulete \u0219i talismane din \u0219ungit <\/strong><\/p>\n<p>Din timpuri imemoriale, shungitul a fost folosit pentru a confec\u021biona diverse talismane \u0219i amulete. Se crede c\u0103 bilele rotunde de shungit, dac\u0103 sunt \u021binute constant \u00een capul patului, contribuie la \u00eent\u0103rirea leg\u0103turilor conjugale. Piramidele de shungite protejeaz\u0103 perfect casa de spiritele rele \u0219i de for\u021bele din alte lumi. Iar cuburile de shungit sunt de obicei d\u0103ruite celor dragi pentru noroc, deoarece \u00ee\u0219i vor proteja \u00een mod fiabil proprietarul de viclenia r\u0103uvoitorilor, de ochiul r\u0103u \u0219i de invidie.<\/p>\n<p>Aceast\u0103 piatr\u0103 zodiacal\u0103 \u00eei favorizeaz\u0103 pe S\u0103get\u0103tori, Berbeci \u0219i Lei, oferindu-le \u00eencredere \u0219i protej\u00e2ndu-i de ac\u021biuni nechibzuite. \u00cen schimb, Fecioarei, Balan\u021bei \u0219i Capricornilor nu li se recomand\u0103 s\u0103 foloseasc\u0103 shungita ca talisman, deoarece \u00eei poate face irascibili, impruden\u021bi \u0219i agresivi. Pe\u0219tii \u00eens\u0103, care au o natur\u0103 creativ\u0103, shungitul \u00eei transform\u0103 \u00een pragmatici, capabili s\u0103 calculeze fiecare pas \u0219i s\u0103 evite astfel gre\u0219elile atunci c\u00e2nd pornesc \u00eentr-o nou\u0103 aventur\u0103 \u00een via\u021b\u0103.<\/p>\n<p>Ast\u0103zi, acest mineral natural este extrem de popular, astfel \u00eenc\u00e2t mul\u021bi oameni prefer\u0103 s\u0103 cumpere shungite \u00een vrac, folosindu-l nu numai ca o amulet\u0103, ci \u0219i ca un preparat medicinal unic.<\/p>","protected":false},"excerpt":{"rendered":"<p>\u0428\u0443\u043d\u0433\u0438\u0442 \u043f\u0440\u0435\u0434\u0441\u0442\u0430\u0432\u043b\u044f\u0435\u0442 \u0441\u043e\u0431\u043e\u0439 \u043f\u0435\u0440\u0435\u0445\u043e\u0434\u043d\u0443\u044e \u0433\u043e\u0440\u043d\u0443\u044e \u043f\u043e\u0440\u043e\u0434\u0443 \u043c\u0435\u0436\u0434\u0443 \u0430\u043d\u0442\u0440\u0430\u0446\u0438\u0442\u043e\u043c \u0438 \u0433\u0440\u0430\u0444\u0438\u0442\u043e\u043c, \u0432\u043d\u0435\u0448\u043d\u0435 \u043d\u0430\u043f\u043e\u043c\u0438\u043d\u0430\u044f \u0443\u0433\u043e\u043b\u044c, \u043d\u043e \u043e\u0431\u043b\u0430\u0434\u0430\u044f \u0433\u043e\u0440\u0430\u0437\u0434\u043e \u0431\u043e\u043b\u044c\u0448\u0435\u0439 \u043f\u0440\u043e\u0447\u043d\u043e\u0441\u0442\u044c\u044e. \u0421\u0432\u043e\u0435 \u043d\u0430\u0437\u0432\u0430\u043d\u0438\u0435 \u044d\u0442\u043e\u0442 \u0443\u043d\u0438\u043a\u0430\u043b\u044c\u043d\u044b\u0439 \u043a\u0430\u043c\u0435\u043d\u044c, \u043a\u043e\u0442\u043e\u0440\u044b\u0439 \u0447\u0430\u0441\u0442\u043e \u0438\u043c\u0435\u043d\u0443\u044e\u0442 \u0443\u0433\u043b\u0438\u0441\u0442\u044b\u043c \u0441\u043b\u0430\u043d\u0446\u0435\u043c, \u043f\u043e\u043b\u0443\u0447\u0438\u043b \u0431\u043b\u0430\u0433\u043e\u0434\u0430\u0440\u044f \u0441\u0435\u043b\u0435\u043d\u0438\u044e \u0428\u0443\u043d\u044c\u0433\u0430 \u043d\u0430 \u043e\u0441\u0442\u0440\u043e\u0432\u0435 \u041a\u0438\u0436\u0438, \u0433\u0434\u0435 \u0432\u043f\u0435\u0440\u0432\u044b\u0435 \u0431\u044b\u043b\u0438 \u043e\u0431\u043d\u0430\u0440\u0443\u0436\u0435\u043d\u044b \u0437\u0430\u043b\u0435\u0436\u0438 \u044d\u0442\u043e\u0433\u043e \u043f\u0440\u0438\u0440\u043e\u0434\u043d\u043e\u0433\u043e \u0438\u0441\u043a\u043e\u043f\u0430\u0435\u043c\u043e\u0433\u043e. \u0428\u0443\u043d\u0433\u0438\u0442: \u043b\u0435\u0447\u0435\u0431\u043d\u044b\u0435 \u0441\u0432\u043e\u0439\u0441\u0442\u0432\u0430 \u0421\u0435\u0433\u043e\u0434\u043d\u044f \u0448\u0443\u043d\u0433\u0438\u0442 \u0447\u0430\u0441\u0442\u043e \u0438\u0441\u043f\u043e\u043b\u044c\u0437\u0443\u0435\u0442\u0441\u044f \u043a\u0430\u043a \u0432 \u0441\u0442\u0440\u043e\u0438\u0442\u0435\u043b\u044c\u0441\u0442\u0432\u0435, \u0442\u0430\u043a \u0438 [&hellip;]<\/p>\n","protected":false},"author":1,"featured_media":0,"parent":35,"menu_order":0,"comment_status":"closed","ping_status":"closed","template":"","meta":{"footnotes":""},"class_list":["post-117","page","type-page","status-publish","hentry"],"_links":{"self":[{"href":"https:\/\/insermi.com\/ro\/wp-json\/wp\/v2\/pages\/117","targetHints":{"allow":["GET"]}}],"collection":[{"href":"https:\/\/insermi.com\/ro\/wp-json\/wp\/v2\/pages"}],"about":[{"href":"https:\/\/insermi.com\/ro\/wp-json\/wp\/v2\/types\/page"}],"author":[{"embeddable":true,"href":"https:\/\/insermi.com\/ro\/wp-json\/wp\/v2\/users\/1"}],"replies":[{"embeddable":true,"href":"https:\/\/insermi.com\/ro\/wp-json\/wp\/v2\/comments?post=117"}],"version-history":[{"count":0,"href":"https:\/\/insermi.com\/ro\/wp-json\/wp\/v2\/pages\/117\/revisions"}],"up":[{"embeddable":true,"href":"https:\/\/insermi.com\/ro\/wp-json\/wp\/v2\/pages\/35"}],"wp:attachment":[{"href":"https:\/\/insermi.com\/ro\/wp-json\/wp\/v2\/media?parent=117"}],"curies":[{"name":"wp","href":"https:\/\/api.w.org\/{rel}","templated":true}]}}