{"id":113,"date":"2016-02-03T00:21:02","date_gmt":"2016-02-02T22:21:02","guid":{"rendered":"https:\/\/insermi.com\/?page_id=113"},"modified":"2016-02-03T00:21:02","modified_gmt":"2016-02-02T22:21:02","slug":"tsitrin","status":"publish","type":"page","link":"https:\/\/insermi.com\/ro\/o-kamnyah\/tsitrin\/","title":{"rendered":"Citrin"},"content":{"rendered":"<p><a href=\"https:\/\/insermi.com\/wp-content\/uploads\/2015\/12\/TSitrin2.jpg\" rel=\"attachment wp-att-886\"><img fetchpriority=\"high\" decoding=\"async\" src=\"https:\/\/insermi.com\/wp-content\/uploads\/2015\/12\/TSitrin2.jpg\" alt=\"\u0426\u0438\u0442\u0440\u0438\u043d2\" width=\"300\" height=\"225\" class=\"alignnone size-medium wp-image-886\" title=\"\"><\/a>     <a href=\"https:\/\/insermi.com\/wp-content\/uploads\/2015\/12\/TSitrin1.jpg\" rel=\"attachment wp-att-887\"><img decoding=\"async\" src=\"https:\/\/insermi.com\/wp-content\/uploads\/2015\/12\/TSitrin1.jpg\" alt=\"\u0426\u0438\u0442\u0440\u0438\u043d1\" width=\"300\" height=\"225\" class=\"alignnone size-medium wp-image-887\" title=\"\"><\/a><\/p>\n<p>Acest mineral transparent de culoare galben\u0103 \u00ee\u0219i trage numele de la l\u0103m\u00e2ie. Citrinul apar\u021bine grupului silica\u021bilor, dar este adesea denumit cuar\u021b auriu, cristal de st\u00e2nc\u0103 galben sau topaz spaniol. Citrinul poate varia \u00een culoare de la galben pal la maro deschis. Se crede c\u0103, cu c\u00e2t piatra este mai \u00eenchis\u0103 la culoare, cu at\u00e2t este mai valoroas\u0103. \u00cen prezent, acest mineral este utilizat pe scar\u0103 larg\u0103 \u00een industria bijuteriilor \u0219i nu este greu s\u0103 cumperi o bijuterie din citrin. \u00cen unele cazuri, piatra este utilizat\u0103 pentru finisarea diverselor accesorii, inclusiv sicrie, suporturi pentru trabucuri \u0219i instrumente de scris.<\/p>\n<p><strong>Citrin: propriet\u0103\u021bi medicinale<\/strong><\/p>\n<p>Propriet\u0103\u021bile terapeutice ale citrinului erau cunoscute \u00eenc\u0103 din India antic\u0103. Cu ajutorul acestei pietre, medicii vr\u0103jitori au reu\u0219it s\u0103 restabileasc\u0103 func\u021biile sistemului digestiv \u0219i ale creierului. \u00cen plus, cumpara citrin este recomandat pentru cei care doresc s\u0103 consolideze imunitatea, precum \u0219i s\u0103 scape de r\u0103celi frecvente, dureri de cap \u0219i sl\u0103biciune general\u0103 a corpului.<\/p>\n<p><strong>Citrin: propriet\u0103\u021bi magice<\/strong><\/p>\n<p>Propriet\u0103\u021bile magice ale citrinului sunt foarte unice \u0219i deosebite. Se crede c\u0103 aceast\u0103 piatr\u0103 aduce noroc predicatorilor, politicienilor \u0219i oratorilor, deoarece \u00eei face mai elocven\u021bi \u0219i le d\u0103 capacitatea de a convinge oamenii. \u00cen plus, citrinul - piatra tri\u0219orilor, care cu ajutorul s\u0103u \u00eenving cu u\u0219urin\u021b\u0103 victimele credulilor \u00een jocurile de noroc. \u00cen general, \u00een \u0219tiin\u021bele oculte citrinul atribuit calit\u0103\u021bilor contradictorii. Poate servi drept conductor al magiei albe \u0219i negre, amplific\u00e2ndu-\u0219i efectul de zeci de ori. \u00cen acela\u0219i timp, citrinul este recomandat s\u0103 poarte \u00een mod constant oameni creativi, deoarece piatra le permite s\u0103 extind\u0103 limitele viziunii asupra lumii.<\/p>\n<p><strong>Amulete \u0219i talismane din citrin<\/strong><\/p>\n<p>Ca amulet\u0103, citrinul este de obicei folosit dac\u0103 proprietarul s\u0103u trebuie s\u0103 se protejeze de influen\u021ba for\u021belor \u00eentunecate. \u00cen acela\u0219i timp, se crede c\u0103 citrinul femeilor aduce echilibru mental \u0219i ajut\u0103 la dezvoltarea intui\u021biei, iar b\u0103rba\u021bii v\u0103 vor permite s\u0103 deveni\u021bi mai de succes \u00een afacerile comerciale. \u00cen plus, citrinul este o amulet\u0103 excelent\u0103 pentru cei care merg \u00eentr-o c\u0103l\u0103torie lung\u0103.<\/p>\n<p>Citrinul este patronat de planeta P\u0103m\u00e2nt, astfel c\u0103 piatra permite purt\u0103torului s\u0103u s\u0103 devin\u0103 mai calm \u0219i mai echilibrat, f\u0103r\u0103 a-\u0219i pierde judecata chiar \u0219i \u00een situa\u021bii critice. \u00centre timp, aceast\u0103 piatr\u0103 este cea mai potrivit\u0103 pentru Gemeni, ajut\u00e2ndu-i s\u0103 fac\u0103 fa\u021b\u0103 dualit\u0103\u021bii propriei lor naturi. \u00cens\u0103 nu este recomandat cancero\u0219ilor \u0219i s\u0103get\u0103torilor s\u0103 poarte tot timpul bijuterii din citrin, deoarece piatra \u00eei poate transforma \u00een melancolici, lipsindu-i de vitalitate \u0219i energie.<\/p>","protected":false},"excerpt":{"rendered":"<p>\u042d\u0442\u043e\u0442 \u043f\u0440\u043e\u0437\u0440\u0430\u0447\u043d\u044b\u0439 \u043c\u0438\u043d\u0435\u0440\u0430\u043b \u0436\u0435\u043b\u0442\u043e\u0433\u043e \u0446\u0432\u0435\u0442\u0430 \u043f\u043e\u043b\u0443\u0447\u0438\u043b \u0441\u0432\u043e\u0435 \u043d\u0430\u0437\u0432\u0430\u043d\u0438\u0435 \u0431\u043b\u0430\u0433\u043e\u0434\u0430\u0440\u044f \u043b\u0438\u043c\u043e\u043d\u0443. \u0426\u0438\u0442\u0440\u0438\u043d \u043e\u0442\u043d\u043e\u0441\u0438\u0442\u0441\u044f \u043a \u0433\u0440\u0443\u043f\u043f\u0435 \u0441\u0438\u043b\u0438\u043a\u0430\u0442\u043e\u0432, \u043d\u043e \u043e\u0447\u0435\u043d\u044c \u0447\u0430\u0441\u0442\u043e \u0435\u0433\u043e \u043d\u0430\u0437\u044b\u0432\u0430\u044e\u0442 \u0437\u043e\u043b\u043e\u0442\u0438\u0441\u0442\u044b\u043c \u043a\u0432\u0430\u0440\u0446\u0435\u043c, \u0436\u0435\u043b\u0442\u044b\u043c \u0433\u043e\u0440\u043d\u044b\u043c \u0445\u0440\u0443\u0441\u0442\u0430\u043b\u0435\u043c \u043b\u0438\u0431\u043e \u0438\u0441\u043f\u0430\u043d\u0441\u043a\u0438\u043c \u0442\u043e\u043f\u0430\u0437\u043e\u043c. \u041e\u0442\u0442\u0435\u043d\u043a\u0438 \u0446\u0438\u0442\u0440\u0438\u043d\u0430 \u043c\u043e\u0433\u0443\u0442 \u0432\u0430\u0440\u044c\u0438\u0440\u043e\u0432\u0430\u0442\u044c\u0441\u044f \u043e\u0442 \u0431\u043b\u0435\u0434\u043d\u043e-\u0436\u0435\u043b\u0442\u043e\u0433\u043e \u0434\u043e \u0441\u0432\u0435\u0442\u043b\u043e-\u043a\u043e\u0440\u0438\u0447\u043d\u0435\u0432\u043e\u0433\u043e. \u0421\u0447\u0438\u0442\u0430\u0435\u0442\u0441\u044f, \u0447\u0442\u043e \u0447\u0435\u043c \u0442\u0435\u043c\u043d\u0435\u0435 \u043a\u0430\u043c\u0435\u043d\u044c, \u0442\u0435\u043c \u0431\u043e\u043b\u044c\u0448\u0443\u044e \u0446\u0435\u043d\u043d\u043e\u0441\u0442\u044c \u043e\u043d \u043f\u0440\u0435\u0434\u0441\u0442\u0430\u0432\u043b\u044f\u0435\u0442. \u0421\u0435\u0433\u043e\u0434\u043d\u044f \u044d\u0442\u043e\u0442 \u043c\u0438\u043d\u0435\u0440\u0430\u043b \u0448\u0438\u0440\u043e\u043a\u043e \u0438\u0441\u043f\u043e\u043b\u044c\u0437\u0443\u0435\u0442\u0441\u044f \u0432 \u044e\u0432\u0435\u043b\u0438\u0440\u043d\u043e\u0439 \u043f\u0440\u043e\u043c\u044b\u0448\u043b\u0435\u043d\u043d\u043e\u0441\u0442\u0438, \u0438 [&hellip;]<\/p>\n","protected":false},"author":1,"featured_media":0,"parent":35,"menu_order":0,"comment_status":"closed","ping_status":"closed","template":"","meta":{"footnotes":""},"class_list":["post-113","page","type-page","status-publish","hentry"],"_links":{"self":[{"href":"https:\/\/insermi.com\/ro\/wp-json\/wp\/v2\/pages\/113","targetHints":{"allow":["GET"]}}],"collection":[{"href":"https:\/\/insermi.com\/ro\/wp-json\/wp\/v2\/pages"}],"about":[{"href":"https:\/\/insermi.com\/ro\/wp-json\/wp\/v2\/types\/page"}],"author":[{"embeddable":true,"href":"https:\/\/insermi.com\/ro\/wp-json\/wp\/v2\/users\/1"}],"replies":[{"embeddable":true,"href":"https:\/\/insermi.com\/ro\/wp-json\/wp\/v2\/comments?post=113"}],"version-history":[{"count":0,"href":"https:\/\/insermi.com\/ro\/wp-json\/wp\/v2\/pages\/113\/revisions"}],"up":[{"embeddable":true,"href":"https:\/\/insermi.com\/ro\/wp-json\/wp\/v2\/pages\/35"}],"wp:attachment":[{"href":"https:\/\/insermi.com\/ro\/wp-json\/wp\/v2\/media?parent=113"}],"curies":[{"name":"wp","href":"https:\/\/api.w.org\/{rel}","templated":true}]}}