{"id":111,"date":"2016-02-03T00:20:35","date_gmt":"2016-02-02T22:20:35","guid":{"rendered":"https:\/\/insermi.com\/?page_id=111"},"modified":"2016-02-03T00:20:35","modified_gmt":"2016-02-02T22:20:35","slug":"hrizopraz","status":"publish","type":"page","link":"https:\/\/insermi.com\/ro\/o-kamnyah\/hrizopraz\/","title":{"rendered":"Crisopraz"},"content":{"rendered":"<p><a href=\"https:\/\/insermi.com\/wp-content\/uploads\/2015\/12\/Hrizopraz1.jpg\" rel=\"attachment wp-att-881\"><img fetchpriority=\"high\" decoding=\"async\" src=\"https:\/\/insermi.com\/wp-content\/uploads\/2015\/12\/Hrizopraz1-300x225.jpg\" alt=\"\u0425\u0440\u0438\u0437\u043e\u043f\u0440\u0430\u04371\" width=\"300\" height=\"225\" class=\"alignnone size-medium wp-image-881\" title=\"\"><\/a>     <a href=\"https:\/\/insermi.com\/wp-content\/uploads\/2015\/12\/Hrizopraz2.jpg\" rel=\"attachment wp-att-882\"><img decoding=\"async\" src=\"https:\/\/insermi.com\/wp-content\/uploads\/2015\/12\/Hrizopraz2-300x225.jpg\" alt=\"\u0425\u0440\u0438\u0437\u043e\u043f\u0440\u0430\u04372\" width=\"300\" height=\"225\" class=\"alignnone size-medium wp-image-882\" title=\"\"><\/a><\/p>\n<p>Aceast\u0103 piatr\u0103 pre\u021bioas\u0103, denumit\u0103 adesea arcul de aur, face parte din grupul calcedonului \u0219i este una dintre variet\u0103\u021bile de cuar\u021b. Crisopraza translucid\u0103 con\u021bine incluziuni de oxid de siliciu, astfel \u00eenc\u00e2t culoarea sa poate varia de la albastru \u0219i salat\u0103 la verde intens. Prin urmare, nu este surprinz\u0103tor faptul c\u0103 Crisopraz este adesea confundat\u0103 cu smaraldul. Se crede c\u0103, cu c\u00e2t este mai intens\u0103 colorarea pietrei, cu at\u00e2t aceasta este mai valoroas\u0103.<\/p>\n<p>\u00cen industria bijuteriilor, crioprasa este la mare c\u0103utare \u0219i este utilizat\u0103 \u00een produc\u021bia de diverse bijuterii, combin\u00e2ndu-se perfect cu aurul \u0219i platina.<\/p>\n<p><strong>Crisopraz: propriet\u0103\u021bi medicinale<\/strong><\/p>\n<p>Potrivit legendelor antice, crisopraza are propriet\u0103\u021bi excelente de vindecare \u0219i este capabil\u0103 s\u0103 u\u0219ureze proprietarul s\u0103u de diverse boli oculare. \u00cen plus, se recomand\u0103 s\u0103 cump\u0103ra\u021bi chrysoprase pentru cei care sufer\u0103 de boli ale sistemului cardiovascular \u0219i sunt expu\u0219i la efectele negative ale furtunilor magnetice. Se crede c\u0103 aceast\u0103 piatr\u0103 este, de asemenea, capabil\u0103 s\u0103 restabileasc\u0103 puterea dup\u0103 o boal\u0103 grav\u0103, iar apa \u00een care a z\u0103cut timp de mai multe ore, serve\u0219te ca un remediu excelent pentru r\u0103celi. Cunosc\u0103torii sus\u021bin c\u0103 merit\u0103 s\u0103 cump\u0103ra\u021bi bijuterii cu crisopras\u0103 \u0219i pentru persoanele care sufer\u0103 de insomnie din cauza co\u0219marurilor. Este suficient s\u0103 pune\u021bi aceast\u0103 piatr\u0103 sub pern\u0103 pentru a sc\u0103pa odat\u0103 pentru totdeauna de visele nepl\u0103cute.<\/p>\n<p><strong>Crisopraz: propriet\u0103\u021bi magice<\/strong><\/p>\n<p>Propriet\u0103\u021bile magice ale crizoprasei includ capacitatea acestei pietre de a oferi noroc unei persoane. Se crede c\u0103 inelele cu crisopras\u0103 aduc succesul \u00een demersurile comerciale, iar pandantivele cu crisopras\u0103 ajut\u0103 la rezolvarea celor mai dificile probleme. \u00cen plus, chrysoprase ajut\u0103 oamenii de \u0219tiin\u021b\u0103 \u0219i exploratorii, c\u0103l\u0103torii \u0219i descoperitorii. \u00cen general, aceast\u0103 piatr\u0103 este considerat\u0103 un simbol al persoanelor hot\u0103r\u00e2te care se str\u0103duiesc s\u0103 fac\u0103 noi descoperiri. Dar s\u0103 o ave\u021bi cu dvs. nu va face r\u0103u \u0219i oamenilor de afaceri care au decis s\u0103 fac\u0103 o afacere profitabil\u0103, deoarece crisoprana \u00eei poate proteja de \u00een\u0219el\u0103ciune. Cu toate acestea, merit\u0103 s\u0103 ne amintim c\u0103 aceast\u0103 piatr\u0103 poate face r\u0103u oamenilor care nu au puritate de g\u00e2ndire \u0219i vor s\u0103 fac\u0103 r\u0103u cuiva.<\/p>\n<p><strong>Amulete \u0219i talismane din crisopraz\u0103<\/strong><\/p>\n<p>Din timpuri imemoriale, crisoprana a fost folosit\u0103 ca amulet\u0103, protej\u00e2ndu-\u0219i purt\u0103torii de ochiul r\u0103u \u0219i invidie. Aceast\u0103 piatr\u0103 are o proprietate uimitoare - dac\u0103 o persoan\u0103 este amenin\u021bat\u0103 de pericol, crisoprana devine tulbure. Prin urmare, este adesea folosit\u0103 ca un indicator care poate avertiza asupra unor posibile probleme.<\/p>\n<p>Pentru cei care aleg o piatr\u0103 \u00een func\u021bie de semnul lor zodiacal, merit\u0103 s\u0103 ne amintim c\u0103 chrysoprase este un simbol al V\u0103rs\u0103torilor, protej\u00e2ndu-i de viclenia du\u0219manilor lor, precum \u0219i oferindu-le curaj \u0219i putere. \u00cen acela\u0219i timp, Scorpionilor, Fecioarelor \u0219i Berbecilor nu li se recomand\u0103 s\u0103 poarte tot timpul crizopras\u0103.<\/p>","protected":false},"excerpt":{"rendered":"<p>\u042d\u0442\u043e\u0442 \u0434\u0440\u0430\u0433\u043e\u0446\u0435\u043d\u043d\u044b\u0439 \u043a\u0430\u043c\u0435\u043d\u044c, \u0447\u0430\u0441\u0442\u043e \u0438\u043c\u0435\u043d\u0443\u0435\u043c\u044b\u0439 \u0437\u043e\u043b\u043e\u0442\u044b\u043c \u043b\u0443\u043a\u043e\u043c, \u043e\u0442\u043d\u043e\u0441\u0438\u0442\u0441\u044f \u043a \u0433\u0440\u0443\u043f\u043f\u0435 \u0445\u0430\u043b\u0446\u0435\u0434\u043e\u043d\u043e\u0432 \u0438 \u044f\u0432\u043b\u044f\u0435\u0442\u0441\u044f \u043e\u0434\u043d\u043e\u0439 \u0438\u0437 \u0440\u0430\u0437\u043d\u043e\u0432\u0438\u0434\u043d\u043e\u0441\u0442\u0435\u0439 \u043a\u0432\u0430\u0440\u0446\u0430. \u041f\u043e\u043b\u0443\u043f\u0440\u043e\u0437\u0440\u0430\u0447\u043d\u044b\u0439 \u0445\u0440\u0438\u0437\u043e\u043f\u0440\u0430\u0437 \u0441\u043e\u0434\u0435\u0440\u0436\u0438\u0442 \u0432\u043a\u043b\u044e\u0447\u0435\u043d\u0438\u044f \u043e\u043a\u0441\u0438\u0434\u0430 \u043a\u0440\u0435\u043c\u043d\u0438\u044f, \u043f\u043e\u044d\u0442\u043e\u043c\u0443 \u0435\u0433\u043e \u0446\u0432\u0435\u0442 \u043c\u043e\u0436\u0435\u0442 \u0432\u0430\u0440\u044c\u0438\u0440\u043e\u0432\u0430\u0442\u044c\u0441\u044f \u043e\u0442 \u0433\u043e\u043b\u0443\u0431\u043e\u0433\u043e \u0438 \u0441\u0430\u043b\u0430\u0442\u043d\u043e\u0433\u043e \u0434\u043e \u043d\u0430\u0441\u044b\u0449\u0435\u043d\u043d\u043e\u0433\u043e \u0437\u0435\u043b\u0435\u043d\u043e\u0433\u043e. \u041f\u043e\u044d\u0442\u043e\u043c\u0443 \u043d\u0435\u0443\u0434\u0438\u0432\u0438\u0442\u0435\u043b\u044c\u043d\u043e, \u0447\u0442\u043e \u0445\u0440\u0438\u0437\u043e\u043f\u0440\u0430\u0437 \u0447\u0430\u0441\u0442\u043e \u043f\u0443\u0442\u0430\u044e\u0442 \u0441 \u0438\u0437\u0443\u043c\u0440\u0443\u0434\u043e\u043c. \u0421\u0447\u0438\u0442\u0430\u0435\u0442\u0441\u044f, \u0447\u0442\u043e \u0447\u0435\u043c \u043d\u0430\u0441\u044b\u0449\u0435\u043d\u043d\u0435\u0435 \u043e\u043a\u0440\u0430\u0441\u043a\u0430 \u043a\u0430\u043c\u043d\u044f, \u0442\u0435\u043c \u043e\u043d \u0446\u0435\u043d\u043d\u0435\u0435. \u0412 \u044e\u0432\u0435\u043b\u0438\u0440\u043d\u043e\u0439 \u043f\u0440\u043e\u043c\u044b\u0448\u043b\u0435\u043d\u043d\u043e\u0441\u0442\u0438 [&hellip;]<\/p>\n","protected":false},"author":1,"featured_media":0,"parent":35,"menu_order":0,"comment_status":"closed","ping_status":"closed","template":"","meta":{"footnotes":""},"class_list":["post-111","page","type-page","status-publish","hentry"],"_links":{"self":[{"href":"https:\/\/insermi.com\/ro\/wp-json\/wp\/v2\/pages\/111","targetHints":{"allow":["GET"]}}],"collection":[{"href":"https:\/\/insermi.com\/ro\/wp-json\/wp\/v2\/pages"}],"about":[{"href":"https:\/\/insermi.com\/ro\/wp-json\/wp\/v2\/types\/page"}],"author":[{"embeddable":true,"href":"https:\/\/insermi.com\/ro\/wp-json\/wp\/v2\/users\/1"}],"replies":[{"embeddable":true,"href":"https:\/\/insermi.com\/ro\/wp-json\/wp\/v2\/comments?post=111"}],"version-history":[{"count":0,"href":"https:\/\/insermi.com\/ro\/wp-json\/wp\/v2\/pages\/111\/revisions"}],"up":[{"embeddable":true,"href":"https:\/\/insermi.com\/ro\/wp-json\/wp\/v2\/pages\/35"}],"wp:attachment":[{"href":"https:\/\/insermi.com\/ro\/wp-json\/wp\/v2\/media?parent=111"}],"curies":[{"name":"wp","href":"https:\/\/api.w.org\/{rel}","templated":true}]}}