{"id":101,"date":"2016-02-03T00:18:48","date_gmt":"2016-02-02T22:18:48","guid":{"rendered":"https:\/\/insermi.com\/?page_id=101"},"modified":"2016-04-03T17:11:47","modified_gmt":"2016-04-03T15:11:47","slug":"sokolinyj-glaz","status":"publish","type":"page","link":"https:\/\/insermi.com\/ro\/o-kamnyah\/sokolinyj-glaz\/","title":{"rendered":"Ochi de \u0219oim"},"content":{"rendered":"<p><a href=\"https:\/\/insermi.com\/wp-content\/uploads\/2015\/12\/Sokolinyj-glaz1.jpg\" rel=\"attachment wp-att-855\"><img fetchpriority=\"high\" decoding=\"async\" src=\"https:\/\/insermi.com\/wp-content\/uploads\/2015\/12\/Sokolinyj-glaz1-300x180.jpg\" alt=\"\u0421\u043e\u043a\u043e\u043b\u0438\u043d\u044b\u0439 \u0433\u043b\u0430\u04371\" width=\"300\" height=\"180\" class=\"alignnone size-medium wp-image-855\" title=\"\"><\/a>      <a href=\"https:\/\/insermi.com\/wp-content\/uploads\/2015\/12\/Sokolinyj-glaz2.jpg\" rel=\"attachment wp-att-856\"><img decoding=\"async\" src=\"https:\/\/insermi.com\/wp-content\/uploads\/2015\/12\/Sokolinyj-glaz2-300x180.jpg\" alt=\"\u0421\u043e\u043a\u043e\u043b\u0438\u043d\u044b\u0439 \u0433\u043b\u0430\u04372\" width=\"300\" height=\"180\" class=\"alignnone size-medium wp-image-856\" title=\"\"><\/a><\/p>\n<p>Ochiul de \u0219oim este cel mai str\u0103lucitor reprezentant al unui grup destul de rar de cuar\u021b de ochi. P\u00e2n\u0103 \u00een prezent, sunt cunoscute doar c\u00e2teva z\u0103c\u0103minte mari de ochi de \u0219oim, care se afl\u0103 \u00een Rusia, Africa de Sud, India \u0219i Republica Ceh\u0103. De aceea, este considerat un mare succes s\u0103 cump\u0103ra\u021bi bijuterii cu ochi de \u0219oim.<\/p>\n<p>Aceast\u0103 piatr\u0103 are un luciu natural caracteristic, iar nuan\u021bele sale pot varia de la albastru la gri \u00eenchis. Din timpuri imemoriale, ochiul de \u0219oim a fost folosit \u00een bijuterii \u0219i, de asemenea, este folosit pentru a realiza diverse obiecte de artizanat \u0219i suveniruri. \u00cen India, \u00eens\u0103, este tratat\u0103 cu mare respect, fiind echivalat\u0103 cu diamantele \u0219i smaraldele, deoarece se spune c\u0103 ochiul de \u0219oim este un simbol al zeului Brahma.<\/p>\n<p><strong>Ochi de \u0219oim: propriet\u0103\u021bi medicinale<\/strong><\/p>\n<p>Propriet\u0103\u021bile terapeutice ale ochiului de \u0219oim sunt greu de supraestimat - aceast\u0103 piatr\u0103 poate face minuni, ridic\u00e2nd din pat chiar \u0219i cei mai dispera\u021bi pacien\u021bi. Cump\u0103ra\u021bi ochi de \u0219oim, \u00een primul r\u00e2nd, pentru cei care sufer\u0103 de tulbur\u0103ri ale sistemului digestiv, sunt supu\u0219i stresului \u0219i depresiei. \u00cen plus, se crede c\u0103 ochiul de \u0219oim ajut\u0103 la vindecarea r\u0103nilor \u0219i vindecarea leziunilor fizice grave, inclusiv fracturi \u0219i rupturi ale organelor interne.<\/p>\n<p><strong>Ochi de \u0219oim: propriet\u0103\u021bi magice<\/strong><\/p>\n<p>Pietrele de cuar\u021b pentru ochi au puteri magice uimitoare, iar ochiul de \u0219oim nu face excep\u021bie. \u00cel ajut\u0103 pe proprietarul s\u0103u s\u0103 \u00ee\u0219i ating\u0103 cu u\u0219urin\u021b\u0103 obiectivele, \u00eei aduce noroc \u00een rela\u021biile financiare \u0219i amoroase, precum \u0219i activeaz\u0103 abilit\u0103\u021bile mentale \u0219i ascute viziunea asupra lumii. Proprietarul ochiului de \u0219oim dob\u00e2nde\u0219te \u00een timp o sensibilitate uimitoare \u0219i poate chiar s\u0103 prevad\u0103 viitorul, ceea ce \u00eei permite s\u0103 ia \u00eentotdeauna deciziile corecte \u0219i s\u0103 evite problemele.<\/p>\n<p><strong>Amulete \u0219i talismane din ochi de \u0219oim<\/strong><\/p>\n<p>Ca amulet\u0103, ochiul de \u0219oim este adesea folosit pentru a proteja casa de for\u021be din alte lumi. Aceast\u0103 piatr\u0103 promoveaz\u0103 armonia familiei \u0219i bun\u0103starea financiar\u0103, ajut\u0103 la evitarea stric\u0103ciunilor \u0219i a ochiului r\u0103u. \u00cen plus, ochiul de \u0219oim este adesea cusut \u00een perna copiilor, astfel \u00eenc\u00e2t somnul lor s\u0103 fie calm \u0219i senin. Se crede c\u0103 ochiul de \u0219oim este un talisman al r\u0103zboinicilor, d\u00e2ndu-le putere \u00een timpul luptei, protej\u00e2ndu-i de moarte \u0219i r\u0103ni. Prin urmare, se recomand\u0103 purtarea acestuia ca pandantiv pentru persoanele cu profesii periculoase. Exist\u0103, de asemenea, credin\u021ba c\u0103 datorit\u0103 ochiului de \u0219oim pute\u021bi determina f\u0103r\u0103 echivoc cine se afl\u0103 \u00een fa\u021ba dumneavoastr\u0103 - un prieten sau un inamic. Dac\u0103 o persoan\u0103 cu g\u00e2nduri \u0219i inten\u021bii \u00eentunecate atinge aceast\u0103 piatr\u0103, va primi o lovitur\u0103 energetic\u0103 puternic\u0103 \u0219i se va gr\u0103bi s\u0103 p\u0103r\u0103seasc\u0103 locuin\u021ba dumneavoastr\u0103.<\/p>\n<p>Aceast\u0103 piatr\u0103 este cea mai potrivit\u0103 pentru Capricorni \u0219i V\u0103rs\u0103tori, ajut\u00e2ndu-i s\u0103 \u00ee\u0219i gestioneze sentimentele \u0219i emo\u021biile. \u00cen plus, S\u0103get\u0103torii \u0219i Leii pot purta ochi de \u0219oim, dar Fecioara \u0219i Scorpionul ar trebui s\u0103 se ab\u021bin\u0103 de la cump\u0103rarea unor astfel de bijuterii, care le vor da un sentiment constant de disconfort.<\/p>","protected":false},"excerpt":{"rendered":"<p>\u0421\u043e\u043a\u043e\u043b\u0438\u043d\u044b\u0439 \u0433\u043b\u0430\u0437 \u044f\u0432\u043b\u044f\u0435\u0442\u0441\u044f \u044f\u0440\u0447\u0430\u0439\u0448\u0438\u043c \u043f\u0440\u0435\u0434\u0441\u0442\u0430\u0432\u0438\u0442\u0435\u043b\u0435\u043c \u0434\u043e\u0441\u0442\u0430\u0442\u043e\u0447\u043d\u043e \u0440\u0435\u0434\u043a\u043e\u0439 \u0433\u0440\u0443\u043f\u043f\u044b \u0433\u043b\u0430\u0437\u043a\u043e\u0432\u044b\u0445 \u043a\u0432\u0430\u0440\u0446\u0435\u0432. \u041d\u0430 \u0441\u0435\u0433\u043e\u0434\u043d\u044f\u0448\u043d\u0438\u0439 \u0434\u0435\u043d\u044c \u0438\u0437\u0432\u0435\u0441\u0442\u043d\u043e \u043b\u0438\u0448\u044c \u043d\u0435\u0441\u043a\u043e\u043b\u044c\u043a\u043e \u043a\u0440\u0443\u043f\u043d\u044b\u0445 \u043c\u0435\u0441\u0442\u043e\u0440\u043e\u0436\u0434\u0435\u043d\u0438\u0439 \u0441\u043e\u043a\u043e\u043b\u0438\u043d\u043e\u0433\u043e \u0433\u043b\u0430\u0437\u0430, \u043a\u043e\u0442\u043e\u0440\u044b\u0435 \u043d\u0430\u0445\u043e\u0434\u044f\u0442\u0441\u044f \u0432 \u0420\u043e\u0441\u0441\u0438\u0438, \u042e\u0410\u0420, \u0418\u043d\u0434\u0438\u0438 \u0438 \u0427\u0435\u0445\u0438\u0438. \u041f\u043e\u044d\u0442\u043e\u043c\u0443 \u043a\u0443\u043f\u0438\u0442\u044c \u0443\u043a\u0440\u0430\u0448\u0435\u043d\u0438\u044f \u0438\u0437 \u0441\u043e\u043a\u043e\u043b\u0438\u043d\u043e\u0433\u043e \u0433\u043b\u0430\u0437\u0430 \u0441\u0447\u0438\u0442\u0430\u0435\u0442\u0441\u044f \u0431\u043e\u043b\u044c\u0448\u043e\u0439 \u0443\u0434\u0430\u0447\u0435\u0439. \u042d\u0442\u043e\u0442 \u043a\u0430\u043c\u0435\u043d\u044c \u0438\u043c\u0435\u0435\u0442 \u0445\u0430\u0440\u0430\u043a\u0442\u0435\u0440\u043d\u044b\u0439 \u043f\u0440\u0438\u0440\u043e\u0434\u043d\u044b\u0439 \u0431\u043b\u0435\u0441\u043a, \u0430 \u0435\u0433\u043e \u043e\u0442\u0442\u0435\u043d\u043a\u0438 \u043c\u043e\u0433\u0443\u0442 \u0432\u0430\u0440\u044c\u0438\u0440\u043e\u0432\u0430\u0442\u044c\u0441\u044f \u043e\u0442 \u0433\u043e\u043b\u0443\u0431\u043e\u0433\u043e \u0434\u043e \u0442\u0435\u043c\u043d\u043e \u0441\u0435\u0440\u043e\u0433\u043e. \u0421 \u043d\u0435\u0437\u0430\u043f\u0430\u043c\u044f\u0442\u043d\u044b\u0445 [&hellip;]<\/p>\n","protected":false},"author":1,"featured_media":0,"parent":35,"menu_order":0,"comment_status":"closed","ping_status":"closed","template":"","meta":{"footnotes":""},"class_list":["post-101","page","type-page","status-publish","hentry"],"_links":{"self":[{"href":"https:\/\/insermi.com\/ro\/wp-json\/wp\/v2\/pages\/101","targetHints":{"allow":["GET"]}}],"collection":[{"href":"https:\/\/insermi.com\/ro\/wp-json\/wp\/v2\/pages"}],"about":[{"href":"https:\/\/insermi.com\/ro\/wp-json\/wp\/v2\/types\/page"}],"author":[{"embeddable":true,"href":"https:\/\/insermi.com\/ro\/wp-json\/wp\/v2\/users\/1"}],"replies":[{"embeddable":true,"href":"https:\/\/insermi.com\/ro\/wp-json\/wp\/v2\/comments?post=101"}],"version-history":[{"count":0,"href":"https:\/\/insermi.com\/ro\/wp-json\/wp\/v2\/pages\/101\/revisions"}],"up":[{"embeddable":true,"href":"https:\/\/insermi.com\/ro\/wp-json\/wp\/v2\/pages\/35"}],"wp:attachment":[{"href":"https:\/\/insermi.com\/ro\/wp-json\/wp\/v2\/media?parent=101"}],"curies":[{"name":"wp","href":"https:\/\/api.w.org\/{rel}","templated":true}]}}