{"id":1009,"date":"2023-04-29T18:33:09","date_gmt":"2023-04-29T15:33:09","guid":{"rendered":"https:\/\/insermi.com\/?page_id=1009"},"modified":"2025-10-24T21:22:59","modified_gmt":"2025-10-24T18:22:59","slug":"oplata-i-dostavka","status":"publish","type":"page","link":"https:\/\/insermi.com\/ro\/oplata-i-dostavka\/","title":{"rendered":"Plata \u0219i livrarea"},"content":{"rendered":"<div id=\"pl-1009\" class=\"panel-layout\">\n<div id=\"pg-1009-0\" class=\"panel-grid panel-no-style\">\n<div id=\"pgc-1009-0-0\" class=\"panel-grid-cell\" data-weight=\"1\">\n<div id=\"panel-1009-0-0-0\" class=\"so-panel widget widget_sow-editor panel-first-child panel-last-child\" data-index=\"0\">\n<div class=\"so-widget-sow-editor so-widget-sow-editor-base\">\n<div class=\"siteorigin-widget-tinymce textwidget\">\n<p><span style=\"color: #000000;\"><strong>Livrarea \u00een ora\u0219 este gratuit\u0103!<\/strong><\/span><\/p>\n<p class=\"so-widget-sow-editor so-widget-sow-editor-base\"><span style=\"color: #000000;\"><strong>Plata se efectueaz\u0103 dup\u0103 livrare, at\u00e2t numerar, c\u00e2t \u0219i prin transfer bancar!<\/strong><\/span><\/p>\n<p class=\"so-widget-sow-editor so-widget-sow-editor-base\"><span style=\"color: #000000;\"><strong>Ad\u0103uga\u021bi produsele dvs. preferate \u00een co\u0219<\/strong><\/span><\/p>\n<\/div>\n<p class=\"siteorigin-widget-tinymce textwidget\"><span style=\"color: #000000;\"><strong>Confirma\u021bi comanda ap\u0103s\u00e2nd butonul \u201eFinalizare comand\u0103\u201d.<\/strong><\/span><\/p>\n<p class=\"siteorigin-widget-tinymce textwidget\"><span style=\"color: #000000;\"><strong>Completa\u021bi toate c\u00e2mpurile (nume, prenume, num\u0103r de telefon, adres\u0103 etc.) la \u00eenscriere.<\/strong><\/span><\/p>\n<p class=\"siteorigin-widget-tinymce textwidget\"><strong style=\"color: #000000;\">A\u0219tepta\u021bi... Vom lua leg\u0103tura cu dumneavoastr\u0103 \u00een scurt timp.<\/strong><\/p>\n<p class=\"siteorigin-widget-tinymce textwidget\"><strong style=\"color: #000000;\">De asemenea, pute\u021bi plasa o comand\u0103 <a href=\"https:\/\/insermi.com\/ro\/kontakty\/\">contact\u00e2ndu-ne<\/a> prin orice modalitate v\u0103 este convenabil\u0103<\/strong><\/p>\n<\/div>\n<h4><\/h4>\n<\/div>\n<\/div>\n<\/div>\n<\/div>","protected":false},"excerpt":{"rendered":"<p>\u0414\u043e\u0441\u0442\u0430\u0432\u043a\u0430 \u043f\u043e \u0433\u043e\u0440\u043e\u0434\u0443 \u0431\u0435\u0441\u043f\u043b\u0430\u0442\u043d\u0430\u044f! \u041e\u043f\u043b\u0430\u0442\u0430 \u043f\u0440\u043e\u0438\u0437\u0432\u043e\u0434\u0438\u0442\u0441\u044f \u043f\u043e\u0441\u043b\u0435 \u0434\u043e\u0441\u0442\u0430\u0432\u043a\u0438, \u043a\u0430\u043a \u043d\u0430\u043b\u0438\u0447\u043d\u044b\u043c \u0442\u0430\u043a \u0438 \u0431\u0435\u0437\u043d\u0430\u043b\u0438\u0447\u043d\u044b\u043c \u0440\u0430\u0441\u0447\u0435\u0442\u043e\u043c! \u0414\u043e\u0431\u0430\u0432\u044c\u0442\u0435 \u043f\u043e\u043d\u0440\u0430\u0432\u0438\u0432\u0448\u0438\u0435\u0441\u044f \u0412\u0430\u043c \u0438\u0437\u0434\u0435\u043b\u0438\u044f \u0432 \u043a\u043e\u0440\u0437\u0438\u043d\u0443 \u041f\u043e\u0434\u0442\u0432\u0435\u0440\u0434\u0438\u0442\u0435 \u0412\u0430\u0448 \u0437\u0430\u043a\u0430\u0437 \u043d\u0430\u0436\u0430\u0432 \u043d\u0430 \u043a\u043d\u043e\u043f\u043a\u0443 \u041e\u0444\u043e\u0440\u043c\u043b\u0435\u043d\u0438\u0435 \u0417\u0430\u043a\u0430\u0437\u0430 \u041f\u0440\u0438 \u043e\u0444\u043e\u0440\u043c\u043b\u0435\u043d\u0438\u0438 \u0437\u0430\u043f\u043e\u043b\u043d\u0438\u0442\u0435 \u0432\u0441\u0435 \u043f\u043e\u043b\u044f (\u0438\u043c\u044f, \u0444\u0430\u043c\u0438\u043b\u0438\u044f, \u0442\u0435\u043b\u0435\u0444\u043e\u043d, \u0430\u0434\u0440\u0435\u0441 \u0438 \u0442\u0430\u043a \u0434\u0430\u043b\u0435\u0435). \u041e\u0436\u0438\u0434\u0430\u0439\u0442\u0435&#8230;\u00a0 \u0412 \u0431\u043b\u0438\u0436\u0430\u0439\u0448\u0435\u0435 \u0432\u0440\u0435\u043c\u044f \u043c\u044b \u0441 \u0432\u0430\u043c\u0438 \u0441\u0432\u044f\u0436\u0435\u043c\u0441\u044f. \u0422\u0430\u043a\u0436\u0435 \u0432\u044b \u043c\u043e\u0436\u0435\u0442\u0435 \u0441\u0434\u0435\u043b\u0430\u0442\u044c \u0437\u0430\u043a\u0430\u0437 \u0441\u0432\u044f\u0437\u0430\u0432\u0448\u0438\u0441\u044c \u0441 [&hellip;]<\/p>\n","protected":false},"author":1,"featured_media":0,"parent":0,"menu_order":0,"comment_status":"closed","ping_status":"closed","template":"","meta":{"footnotes":""},"class_list":["post-1009","page","type-page","status-publish","hentry"],"_links":{"self":[{"href":"https:\/\/insermi.com\/ro\/wp-json\/wp\/v2\/pages\/1009","targetHints":{"allow":["GET"]}}],"collection":[{"href":"https:\/\/insermi.com\/ro\/wp-json\/wp\/v2\/pages"}],"about":[{"href":"https:\/\/insermi.com\/ro\/wp-json\/wp\/v2\/types\/page"}],"author":[{"embeddable":true,"href":"https:\/\/insermi.com\/ro\/wp-json\/wp\/v2\/users\/1"}],"replies":[{"embeddable":true,"href":"https:\/\/insermi.com\/ro\/wp-json\/wp\/v2\/comments?post=1009"}],"version-history":[{"count":0,"href":"https:\/\/insermi.com\/ro\/wp-json\/wp\/v2\/pages\/1009\/revisions"}],"wp:attachment":[{"href":"https:\/\/insermi.com\/ro\/wp-json\/wp\/v2\/media?parent=1009"}],"curies":[{"name":"wp","href":"https:\/\/api.w.org\/{rel}","templated":true}]}}